{"id":15950,"date":"2020-08-18T07:02:35","date_gmt":"2020-08-18T05:02:35","guid":{"rendered":"https:\/\/stufvenas.se\/the-restaurant\/christmas-dinner-at-kalmar-strait\/the-history-of-the-swedish-christmas-food\/"},"modified":"2024-06-20T10:39:51","modified_gmt":"2024-06-20T08:39:51","slug":"the-history-of-the-swedish-christmas-food","status":"publish","type":"page","link":"https:\/\/stufvenas.se\/en\/the-restaurant\/christmas-dinner-at-kalmar-strait\/the-history-of-the-swedish-christmas-food\/","title":{"rendered":"The history of the Swedish Christmas food"},"content":{"rendered":"\t\t<div data-elementor-type=\"wp-page\" data-elementor-id=\"15950\" class=\"elementor elementor-15950 elementor-6387\" data-elementor-post-type=\"page\">\n\t\t\t\t\t\t<section class=\"elementor-section elementor-top-section elementor-element elementor-element-be6f27f elementor-section-full_width elementor-section-height-min-height elementor-section-items-stretch elementor-section-height-default\" data-id=\"be6f27f\" data-element_type=\"section\" data-e-type=\"section\">\n\t\t\t\t\t\t<div class=\"elementor-container elementor-column-gap-default\">\n\t\t\t\t\t<div class=\"elementor-column elementor-col-100 elementor-top-column elementor-element elementor-element-a1aba4b\" data-id=\"a1aba4b\" data-element_type=\"column\" data-e-type=\"column\" data-settings=\"{&quot;background_background&quot;:&quot;classic&quot;}\">\n\t\t\t<div class=\"elementor-widget-wrap elementor-element-populated\">\n\t\t\t\t\t<div class=\"elementor-background-overlay\"><\/div>\n\t\t\t\t\t\t<section class=\"elementor-section elementor-inner-section elementor-element elementor-element-78c37ec elementor-section-full_width elementor-section-height-min-height elementor-section-height-default\" data-id=\"78c37ec\" data-element_type=\"section\" data-e-type=\"section\">\n\t\t\t\t\t\t<div class=\"elementor-container elementor-column-gap-default\">\n\t\t\t\t\t<div class=\"elementor-column elementor-col-50 elementor-inner-column elementor-element elementor-element-9882da8\" data-id=\"9882da8\" data-element_type=\"column\" data-e-type=\"column\">\n\t\t\t<div class=\"elementor-widget-wrap elementor-element-populated\">\n\t\t\t\t\t\t<div class=\"elementor-element elementor-element-059383c elementor-widget elementor-widget-heading\" data-id=\"059383c\" data-element_type=\"widget\" data-e-type=\"widget\" data-widget_type=\"heading.default\">\n\t\t\t\t<div class=\"elementor-widget-container\">\n\t\t\t\t\t<h1 class=\"elementor-heading-title elementor-size-default\">Classic Christmas Dinner at Stufven\u00e4s G\u00e4stgifveri<\/h1>\t\t\t\t<\/div>\n\t\t\t\t<\/div>\n\t\t\t\t<div class=\"elementor-element elementor-element-99c92c0 elementor-widget elementor-widget-heading\" data-id=\"99c92c0\" data-element_type=\"widget\" data-e-type=\"widget\" data-widget_type=\"heading.default\">\n\t\t\t\t<div class=\"elementor-widget-container\">\n\t\t\t\t\t<h2 class=\"elementor-heading-title elementor-size-default\">The History of the Christmas Foods<\/h2>\t\t\t\t<\/div>\n\t\t\t\t<\/div>\n\t\t\t\t<div class=\"elementor-element elementor-element-bec91a4 elementor-widget elementor-widget-image\" data-id=\"bec91a4\" data-element_type=\"widget\" data-e-type=\"widget\" data-widget_type=\"image.default\">\n\t\t\t\t<div class=\"elementor-widget-container\">\n\t\t\t\t\t\t\t\t\t\t\t\t\t\t\t<img decoding=\"async\" width=\"26\" height=\"27\" src=\"https:\/\/stufvenas.se\/wp-content\/uploads\/2019\/06\/Stufvenas-Gastgifveri-UI-Pil.svg\" class=\"attachment-large size-large wp-image-2358\" alt=\"\" \/>\t\t\t\t\t\t\t\t\t\t\t\t\t\t\t<\/div>\n\t\t\t\t<\/div>\n\t\t\t\t\t<\/div>\n\t\t<\/div>\n\t\t\t\t<div class=\"elementor-column elementor-col-50 elementor-inner-column elementor-element elementor-element-36207e2\" data-id=\"36207e2\" data-element_type=\"column\" data-e-type=\"column\">\n\t\t\t<div class=\"elementor-widget-wrap\">\n\t\t\t\t\t\t\t<\/div>\n\t\t<\/div>\n\t\t\t\t\t<\/div>\n\t\t<\/section>\n\t\t\t\t\t<\/div>\n\t\t<\/div>\n\t\t\t\t\t<\/div>\n\t\t<\/section>\n\t\t\t\t<section class=\"elementor-section elementor-top-section elementor-element elementor-element-7d3aa1b elementor-section-boxed elementor-section-height-default elementor-section-height-default\" data-id=\"7d3aa1b\" data-element_type=\"section\" data-e-type=\"section\">\n\t\t\t\t\t\t<div class=\"elementor-container elementor-column-gap-default\">\n\t\t\t\t\t<div class=\"elementor-column elementor-col-50 elementor-top-column elementor-element elementor-element-ca374ed\" data-id=\"ca374ed\" data-element_type=\"column\" data-e-type=\"column\">\n\t\t\t<div class=\"elementor-widget-wrap elementor-element-populated\">\n\t\t\t\t\t\t<div class=\"elementor-element elementor-element-a19d0a2 elementor-widget elementor-widget-heading\" data-id=\"a19d0a2\" data-element_type=\"widget\" data-e-type=\"widget\" data-widget_type=\"heading.default\">\n\t\t\t\t<div class=\"elementor-widget-container\">\n\t\t\t\t\t<h2 class=\"elementor-heading-title elementor-size-default\">The History of the Christmas Foods<\/h2>\t\t\t\t<\/div>\n\t\t\t\t<\/div>\n\t\t\t\t<div class=\"elementor-element elementor-element-49a6364 Underline-Link elementor-widget elementor-widget-text-editor\" data-id=\"49a6364\" data-element_type=\"widget\" data-e-type=\"widget\" data-widget_type=\"text-editor.default\">\n\t\t\t\t<div class=\"elementor-widget-container\">\n\t\t\t\t\t\t\t\t\t<p><strong>At Stufven\u00e4s G\u00e4stgifveri, we aim to preserve the traditional Sm\u00e5land Christmas dishes during the classic Christmas dinner. Some dishes have historical origins while others are more modern.<\/strong><\/p>\n\t\t\t\t\t\t\t\t<\/div>\n\t\t\t\t<\/div>\n\t\t\t\t<div class=\"elementor-element elementor-element-bca5eea elementor-widget elementor-widget-text-editor\" data-id=\"bca5eea\" data-element_type=\"widget\" data-e-type=\"widget\" data-widget_type=\"text-editor.default\">\n\t\t\t\t<div class=\"elementor-widget-container\">\n\t\t\t\t\t\t\t\t\t<p>We have created two different quality labels so that you, as our guest, can have the best dining experience with us.<\/p>\n<p>Enjoy your meal!<\/p>\n\t\t\t\t\t\t\t\t<\/div>\n\t\t\t\t<\/div>\n\t\t\t\t\t<\/div>\n\t\t<\/div>\n\t\t\t\t<div class=\"elementor-column elementor-col-50 elementor-top-column elementor-element elementor-element-7e4ff0f\" data-id=\"7e4ff0f\" data-element_type=\"column\" data-e-type=\"column\">\n\t\t\t<div class=\"elementor-widget-wrap elementor-element-populated\">\n\t\t\t\t\t\t<section class=\"elementor-section elementor-inner-section elementor-element elementor-element-86092ee elementor-section-boxed elementor-section-height-default elementor-section-height-default\" data-id=\"86092ee\" data-element_type=\"section\" data-e-type=\"section\" data-settings=\"{&quot;background_background&quot;:&quot;classic&quot;}\">\n\t\t\t\t\t\t<div class=\"elementor-container elementor-column-gap-default\">\n\t\t\t\t\t<div class=\"elementor-column elementor-col-50 elementor-inner-column elementor-element elementor-element-653f5cb\" data-id=\"653f5cb\" data-element_type=\"column\" data-e-type=\"column\">\n\t\t\t<div class=\"elementor-widget-wrap elementor-element-populated\">\n\t\t\t\t\t\t<div class=\"elementor-element elementor-element-3bebd3b elementor-widget elementor-widget-image\" data-id=\"3bebd3b\" data-element_type=\"widget\" data-e-type=\"widget\" data-widget_type=\"image.default\">\n\t\t\t\t<div class=\"elementor-widget-container\">\n\t\t\t\t\t\t\t\t\t\t\t\t\t\t\t<img fetchpriority=\"high\" decoding=\"async\" width=\"1055\" height=\"1020\" src=\"https:\/\/stufvenas.se\/wp-content\/uploads\/2019\/09\/Stufvenas-Gastgifveri-Grafik-MadeBy-1.svg\" class=\"attachment-large size-large wp-image-3167\" alt=\"\" \/>\t\t\t\t\t\t\t\t\t\t\t\t\t\t\t<\/div>\n\t\t\t\t<\/div>\n\t\t\t\t\t<\/div>\n\t\t<\/div>\n\t\t\t\t<div class=\"elementor-column elementor-col-50 elementor-inner-column elementor-element elementor-element-e08a517\" data-id=\"e08a517\" data-element_type=\"column\" data-e-type=\"column\">\n\t\t\t<div class=\"elementor-widget-wrap elementor-element-populated\">\n\t\t\t\t\t\t<div class=\"elementor-element elementor-element-6a0b156 elementor-widget elementor-widget-text-editor\" data-id=\"6a0b156\" data-element_type=\"widget\" data-e-type=\"widget\" data-widget_type=\"text-editor.default\">\n\t\t\t\t<div class=\"elementor-widget-container\">\n\t\t\t\t\t\t\t\t\t<p>Made by Stufven\u00e4s is our own quality label indicating which food is prepared from scratch, with carefully selected ingredients, in our kitchen by our skilled kitchen team.<\/p>\n\t\t\t\t\t\t\t\t<\/div>\n\t\t\t\t<\/div>\n\t\t\t\t\t<\/div>\n\t\t<\/div>\n\t\t\t\t\t<\/div>\n\t\t<\/section>\n\t\t\t\t<section class=\"elementor-section elementor-inner-section elementor-element elementor-element-6b11f9c elementor-section-boxed elementor-section-height-default elementor-section-height-default\" data-id=\"6b11f9c\" data-element_type=\"section\" data-e-type=\"section\" data-settings=\"{&quot;background_background&quot;:&quot;classic&quot;}\">\n\t\t\t\t\t\t<div class=\"elementor-container elementor-column-gap-default\">\n\t\t\t\t\t<div class=\"elementor-column elementor-col-50 elementor-inner-column elementor-element elementor-element-1ee15c3\" data-id=\"1ee15c3\" data-element_type=\"column\" data-e-type=\"column\">\n\t\t\t<div class=\"elementor-widget-wrap elementor-element-populated\">\n\t\t\t\t\t\t<div class=\"elementor-element elementor-element-14cafcc elementor-widget elementor-widget-image\" data-id=\"14cafcc\" data-element_type=\"widget\" data-e-type=\"widget\" data-widget_type=\"image.default\">\n\t\t\t\t<div class=\"elementor-widget-container\">\n\t\t\t\t\t\t\t\t\t\t\t\t\t\t\t<img decoding=\"async\" width=\"472\" height=\"472\" src=\"https:\/\/stufvenas.se\/wp-content\/uploads\/2023\/12\/Closeby_logotyp.png\" class=\"attachment-large size-large wp-image-22843\" alt=\"\" srcset=\"https:\/\/stufvenas.se\/wp-content\/uploads\/2023\/12\/Closeby_logotyp.png 472w, https:\/\/stufvenas.se\/wp-content\/uploads\/2023\/12\/Closeby_logotyp-400x400.png 400w\" sizes=\"(max-width: 472px) 100vw, 472px\" \/>\t\t\t\t\t\t\t\t\t\t\t\t\t\t\t<\/div>\n\t\t\t\t<\/div>\n\t\t\t\t\t<\/div>\n\t\t<\/div>\n\t\t\t\t<div class=\"elementor-column elementor-col-50 elementor-inner-column elementor-element elementor-element-78b292e\" data-id=\"78b292e\" data-element_type=\"column\" data-e-type=\"column\">\n\t\t\t<div class=\"elementor-widget-wrap elementor-element-populated\">\n\t\t\t\t\t\t<div class=\"elementor-element elementor-element-8ccb9fc elementor-widget elementor-widget-text-editor\" data-id=\"8ccb9fc\" data-element_type=\"widget\" data-e-type=\"widget\" data-widget_type=\"text-editor.default\">\n\t\t\t\t<div class=\"elementor-widget-container\">\n\t\t\t\t\t\t\t\t\t<p>Close by Stufven\u00e4s is our quality label for really good and carefully selected locally produced products and ingredients.<\/p>\n\t\t\t\t\t\t\t\t<\/div>\n\t\t\t\t<\/div>\n\t\t\t\t\t<\/div>\n\t\t<\/div>\n\t\t\t\t\t<\/div>\n\t\t<\/section>\n\t\t\t\t\t<\/div>\n\t\t<\/div>\n\t\t\t\t\t<\/div>\n\t\t<\/section>\n\t\t\t\t<section class=\"elementor-section elementor-top-section elementor-element elementor-element-e6f0e57 elementor-section-boxed elementor-section-height-default elementor-section-height-default\" data-id=\"e6f0e57\" data-element_type=\"section\" data-e-type=\"section\">\n\t\t\t\t\t\t<div class=\"elementor-container elementor-column-gap-default\">\n\t\t\t\t\t<div class=\"elementor-column elementor-col-50 elementor-top-column elementor-element elementor-element-757366e\" data-id=\"757366e\" data-element_type=\"column\" data-e-type=\"column\">\n\t\t\t<div class=\"elementor-widget-wrap elementor-element-populated\">\n\t\t\t\t\t\t<section class=\"elementor-section elementor-inner-section elementor-element elementor-element-2f817dc elementor-section-boxed elementor-section-height-default elementor-section-height-default\" data-id=\"2f817dc\" data-element_type=\"section\" data-e-type=\"section\" data-settings=\"{&quot;background_background&quot;:&quot;classic&quot;}\">\n\t\t\t\t\t\t<div class=\"elementor-container elementor-column-gap-default\">\n\t\t\t\t\t<div class=\"elementor-column elementor-col-100 elementor-inner-column elementor-element elementor-element-ad7383e\" data-id=\"ad7383e\" data-element_type=\"column\" data-e-type=\"column\">\n\t\t\t<div class=\"elementor-widget-wrap elementor-element-populated\">\n\t\t\t\t\t\t<div class=\"elementor-element elementor-element-449f0f8 Underline-Link elementor-widget elementor-widget-text-editor\" data-id=\"449f0f8\" data-element_type=\"widget\" data-e-type=\"widget\" data-widget_type=\"text-editor.default\">\n\t\t\t\t<div class=\"elementor-widget-container\">\n\t\t\t\t\t\t\t\t\t<h3><strong>Christmas Bread<\/strong><\/h3>\n<p>Christmas bread differed significantly from the bread eaten daily. Primarily, it was baked as loaf bread. Additionally, wort was used as the dough liquid, and if one was well-off, dried fruits such as apples, figs, and raisins were added. The bread was also flavored with syrup, cloves, cinnamon, and cardamom.<\/p>\n<h3><strong>Dipping Bread in the Pot<\/strong><\/h3>\n<p>The countdown to Christmas is called &#8220;the day before dipping day.&#8221; During Christmas preparations, it was practical to quickly dip some bread in the broth from the Christmas ham, which often stood on the stove. Originally, dipping bread in the pot was not a typical Christmas dish but something necessary to soften old, hard bread so it could be eaten. Almost like today&#8217;s fondue.<\/p>\n<h3><strong>Porridge<\/strong><\/h3>\n<p>Christmas porridge was practical festive food when the family gathered to eat together. Porridge was not only a main dish at Christmas but also during mowing and harvest feasts. However, in the past, people did not eat rice porridge but barley porridge.<\/p>\n<h3><strong>Pickled Herring and Baltic Herring<\/strong><\/h3>\n<p>Today&#8217;s pickled herring originates from the salted herring that was eaten daily in the past. Salted Baltic herring was on the table almost every day in the Sm\u00e5land villages back then. It was eaten much more often than meat. So, a worn-out everyday dish has, with the help of spices, sauces, and various flavorings, been transformed into a delicacy in our time.<\/p>\n<h3><strong>Christmas Drinks<\/strong><\/h3>\n<p>The oldest Scandinavian term for Christmas celebrations was &#8220;to drink Christmas.&#8221; The Christmas beer had to be of the best quality. As a precursor to our modern-day Christmas dining at restaurants, there was the village farmers&#8217; pre-Christmas feast, where people went around the farms tasting each other&#8217;s Christmas beer. Since home brewing ceased, various mixed drinks like &#8220;mumma&#8221; have emerged. The most famous and beloved is Julmust, which was launched in 1910.<\/p>\n<p>Gl\u00f6gg has existed since the Middle Ages and was created because the wine had to be spiced to mask its poor quality. It was then heated to kill mold and other impurities. But it wasn&#8217;t until the late 19th century that it was mentioned as a specific Christmas drink. Nowadays, gl\u00f6gg is a warming year-round drink.<\/p>\n<h3><strong>Christmas Candy<\/strong><\/h3>\n<p>Hazelnuts and apples have a long tradition as Christmas candy in Sm\u00e5land. Exotic fruits such as figs, dates, raisins, foreign nuts, and chocolate and marzipan figures came when colonial trade developed during the 19th century.<\/p>\n\t\t\t\t\t\t\t\t<\/div>\n\t\t\t\t<\/div>\n\t\t\t\t\t<\/div>\n\t\t<\/div>\n\t\t\t\t\t<\/div>\n\t\t<\/section>\n\t\t\t\t\t<\/div>\n\t\t<\/div>\n\t\t\t\t<div class=\"elementor-column elementor-col-50 elementor-top-column elementor-element elementor-element-52cd1dc\" data-id=\"52cd1dc\" data-element_type=\"column\" data-e-type=\"column\">\n\t\t\t<div class=\"elementor-widget-wrap elementor-element-populated\">\n\t\t\t\t\t\t<section class=\"elementor-section elementor-inner-section elementor-element elementor-element-8d26b5a elementor-section-boxed elementor-section-height-default elementor-section-height-default\" data-id=\"8d26b5a\" data-element_type=\"section\" data-e-type=\"section\" data-settings=\"{&quot;background_background&quot;:&quot;classic&quot;}\">\n\t\t\t\t\t\t<div class=\"elementor-container elementor-column-gap-default\">\n\t\t\t\t\t<div class=\"elementor-column elementor-col-100 elementor-inner-column elementor-element elementor-element-4ef7972\" data-id=\"4ef7972\" data-element_type=\"column\" data-e-type=\"column\">\n\t\t\t<div class=\"elementor-widget-wrap elementor-element-populated\">\n\t\t\t\t\t\t<div class=\"elementor-element elementor-element-da05403 Underline-Link elementor-widget elementor-widget-text-editor\" data-id=\"da05403\" data-element_type=\"widget\" data-e-type=\"widget\" data-widget_type=\"text-editor.default\">\n\t\t\t\t<div class=\"elementor-widget-container\">\n\t\t\t\t\t\t\t\t\t<h3><strong>Christmas Ham<\/strong><\/h3>\n<p>The reason we eat so much pork during Christmas is that during the self-sufficiency era, people only ate salted meat during the rest of the year. But during the large autumn slaughter, one or two pigs were usually saved and slaughtered just before Christmas and enjoyed fresh, considered a great delicacy. However, Christmas ham was not part of the Christmas table in the farming society. The hams were usually saved until summer and cut into smaller pieces. Most of the pork was boiled in the past, and the fatty broth was used, for example, for dipping bread in the pot. Christmas ham dates back to the late 17th century but was primarily eaten by the upper classes.<\/p>\n<h3><strong>Jansson&#8217;s Temptation<\/strong><\/h3>\n<p>According to some sources, the dish is attributed to the opera singer Per Adolf &#8220;Pelle&#8221; Janzon in the 19th century. He became known for serving a &#8220;six&#8221; with beer, schnapps, and anchovy casserole, which supposedly gave rise to the name Jansson&#8217;s Temptation for this type of casserole. He may have been inspired by anchovy dishes with similar content. However, the dish&#8217;s name was not widely accepted until 40 years after Janzon&#8217;s death, well into the 20th century.<\/p>\n<h3><strong>Meatballs<\/strong><\/h3>\n<p>Our most Swedish national dish. But meatballs exist all over the world under different names and flavors. Today, it is most common to fry our meatballs, but in the 18th and 19th centuries, they were boiled like frikadeller. It is quite a modern phenomenon to grind meat into mince. However, finely chopped meat for sausages and other dishes is historically a common method to utilize all parts of the animal and make it easier for people with poor dental health.<\/p>\n<h3><strong>Lutefisk<\/strong><\/h3>\n<p>Lutefisk, also called stockfish, was a Christmas dish in many Sm\u00e5land homes. Fresh fish was hard to come by during winter. In the past, lutefisk was eaten as dried fish. Thin slices were cut and pounded to make them more chewable and dipped in butter.<\/p>\n\t\t\t\t\t\t\t\t<\/div>\n\t\t\t\t<\/div>\n\t\t\t\t\t<\/div>\n\t\t<\/div>\n\t\t\t\t\t<\/div>\n\t\t<\/section>\n\t\t\t\t<div class=\"elementor-element elementor-element-1d89711 Underline-Link elementor-widget elementor-widget-text-editor\" data-id=\"1d89711\" data-element_type=\"widget\" data-e-type=\"widget\" data-widget_type=\"text-editor.default\">\n\t\t\t\t<div class=\"elementor-widget-container\">\n\t\t\t\t\t\t\t\t\t<p><em>Source: Smaken av \u00f6stra Sm\u00e5land &amp; \u00d6land, Nationalencyklopedin, Nordiska museet<\/em><\/p>\n\t\t\t\t\t\t\t\t<\/div>\n\t\t\t\t<\/div>\n\t\t\t\t\t<\/div>\n\t\t<\/div>\n\t\t\t\t\t<\/div>\n\t\t<\/section>\n\t\t\t\t<\/div>\n\t\t","protected":false},"excerpt":{"rendered":"<p>Classic Christmas Dinner at Stufven\u00e4s G\u00e4stgifveri The History of the Christmas Foods The History of the Christmas Foods At Stufven\u00e4s G\u00e4stgifveri, we aim to preserve the traditional Sm\u00e5land Christmas dishes during the classic Christmas dinner. Some dishes have historical origins while others are more modern. We have created two different quality labels so that you, [&hellip;]<\/p>\n","protected":false},"author":3,"featured_media":6361,"parent":15912,"menu_order":2,"comment_status":"closed","ping_status":"closed","template":"elementor_header_footer","meta":{"_acf_changed":false,"content-type":"","footnotes":""},"class_list":["post-15950","page","type-page","status-publish","has-post-thumbnail","hentry"],"acf":[],"_links":{"self":[{"href":"https:\/\/stufvenas.se\/en\/wp-json\/wp\/v2\/pages\/15950","targetHints":{"allow":["GET"]}}],"collection":[{"href":"https:\/\/stufvenas.se\/en\/wp-json\/wp\/v2\/pages"}],"about":[{"href":"https:\/\/stufvenas.se\/en\/wp-json\/wp\/v2\/types\/page"}],"author":[{"embeddable":true,"href":"https:\/\/stufvenas.se\/en\/wp-json\/wp\/v2\/users\/3"}],"replies":[{"embeddable":true,"href":"https:\/\/stufvenas.se\/en\/wp-json\/wp\/v2\/comments?post=15950"}],"version-history":[{"count":0,"href":"https:\/\/stufvenas.se\/en\/wp-json\/wp\/v2\/pages\/15950\/revisions"}],"up":[{"embeddable":true,"href":"https:\/\/stufvenas.se\/en\/wp-json\/wp\/v2\/pages\/15912"}],"wp:featuredmedia":[{"embeddable":true,"href":"https:\/\/stufvenas.se\/en\/wp-json\/wp\/v2\/media\/6361"}],"wp:attachment":[{"href":"https:\/\/stufvenas.se\/en\/wp-json\/wp\/v2\/media?parent=15950"}],"curies":[{"name":"wp","href":"https:\/\/api.w.org\/{rel}","templated":true}]}}