{"id":15948,"date":"2019-06-17T14:34:47","date_gmt":"2019-06-17T12:34:47","guid":{"rendered":"https:\/\/stufvenas.se\/work-with-us\/"},"modified":"2025-03-26T09:29:55","modified_gmt":"2025-03-26T08:29:55","slug":"work-with-us","status":"publish","type":"page","link":"https:\/\/stufvenas.se\/en\/about-stufvenas-gastgifveri\/work-with-us\/","title":{"rendered":"Work with us"},"content":{"rendered":"\t\t<div data-elementor-type=\"wp-post\" data-elementor-id=\"15948\" class=\"elementor elementor-15948 elementor-265\" data-elementor-post-type=\"page\">\n\t\t\t\t\t\t<section class=\"elementor-section elementor-top-section elementor-element elementor-element-978fbf6 elementor-section-full_width elementor-section-height-min-height elementor-section-items-stretch elementor-section-height-default\" data-id=\"978fbf6\" data-element_type=\"section\" data-e-type=\"section\" data-settings=\"{&quot;background_background&quot;:&quot;classic&quot;}\">\n\t\t\t\t\t\t\t<div class=\"elementor-background-overlay\"><\/div>\n\t\t\t\t\t\t\t<div class=\"elementor-container elementor-column-gap-default\">\n\t\t\t\t\t<div class=\"elementor-column elementor-col-100 elementor-top-column elementor-element elementor-element-1d28bca\" data-id=\"1d28bca\" data-element_type=\"column\" data-e-type=\"column\">\n\t\t\t<div class=\"elementor-widget-wrap elementor-element-populated\">\n\t\t\t\t\t\t<section class=\"elementor-section elementor-inner-section elementor-element elementor-element-23e1095 elementor-section-full_width elementor-section-height-min-height elementor-section-height-default\" data-id=\"23e1095\" data-element_type=\"section\" data-e-type=\"section\">\n\t\t\t\t\t\t<div class=\"elementor-container elementor-column-gap-default\">\n\t\t\t\t\t<div class=\"elementor-column elementor-col-50 elementor-inner-column elementor-element elementor-element-6dd1dca\" data-id=\"6dd1dca\" data-element_type=\"column\" data-e-type=\"column\">\n\t\t\t<div class=\"elementor-widget-wrap elementor-element-populated\">\n\t\t\t\t\t\t<div class=\"elementor-element elementor-element-f6d6cd7 elementor-widget elementor-widget-heading\" data-id=\"f6d6cd7\" data-element_type=\"widget\" data-e-type=\"widget\" data-widget_type=\"heading.default\">\n\t\t\t\t<div class=\"elementor-widget-container\">\n\t\t\t\t\t<h1 class=\"elementor-heading-title elementor-size-default\">TEAM STUFVEN\u00c4S<\/h1>\t\t\t\t<\/div>\n\t\t\t\t<\/div>\n\t\t\t\t<div class=\"elementor-element elementor-element-9cbfd60 elementor-widget elementor-widget-heading\" data-id=\"9cbfd60\" data-element_type=\"widget\" data-e-type=\"widget\" data-widget_type=\"heading.default\">\n\t\t\t\t<div class=\"elementor-widget-container\">\n\t\t\t\t\t<h2 class=\"elementor-heading-title elementor-size-default\">Work with Us<\/h2>\t\t\t\t<\/div>\n\t\t\t\t<\/div>\n\t\t\t\t<div class=\"elementor-element elementor-element-6cdc7a0 elementor-widget elementor-widget-image\" data-id=\"6cdc7a0\" data-element_type=\"widget\" data-e-type=\"widget\" data-widget_type=\"image.default\">\n\t\t\t\t<div class=\"elementor-widget-container\">\n\t\t\t\t\t\t\t\t\t\t\t\t\t\t\t<img decoding=\"async\" width=\"26\" height=\"27\" src=\"https:\/\/stufvenas.se\/wp-content\/uploads\/2019\/06\/Stufvenas-Gastgifveri-UI-Pil.svg\" class=\"attachment-large size-large wp-image-2358\" alt=\"\" \/>\t\t\t\t\t\t\t\t\t\t\t\t\t\t\t<\/div>\n\t\t\t\t<\/div>\n\t\t\t\t\t<\/div>\n\t\t<\/div>\n\t\t\t\t<div class=\"elementor-column elementor-col-50 elementor-inner-column elementor-element elementor-element-5f7c4f5\" data-id=\"5f7c4f5\" data-element_type=\"column\" data-e-type=\"column\">\n\t\t\t<div class=\"elementor-widget-wrap\">\n\t\t\t\t\t\t\t<\/div>\n\t\t<\/div>\n\t\t\t\t\t<\/div>\n\t\t<\/section>\n\t\t\t\t\t<\/div>\n\t\t<\/div>\n\t\t\t\t\t<\/div>\n\t\t<\/section>\n\t\t\t\t<section class=\"elementor-section elementor-top-section elementor-element elementor-element-ecfa83a elementor-section-height-min-height elementor-hidden-tablet elementor-hidden-mobile elementor-section-boxed elementor-section-height-default elementor-section-items-middle\" data-id=\"ecfa83a\" data-element_type=\"section\" data-e-type=\"section\" data-settings=\"{&quot;background_background&quot;:&quot;classic&quot;}\">\n\t\t\t\t\t\t<div class=\"elementor-container elementor-column-gap-default\">\n\t\t\t\t\t<div class=\"elementor-column elementor-col-100 elementor-top-column elementor-element elementor-element-eb20f6b\" data-id=\"eb20f6b\" data-element_type=\"column\" data-e-type=\"column\">\n\t\t\t<div class=\"elementor-widget-wrap elementor-element-populated\">\n\t\t\t\t\t\t<div class=\"elementor-element elementor-element-acac815 elementor-nav-menu__align-center elementor-hidden-tablet elementor-hidden-mobile elementor-nav-menu--dropdown-tablet elementor-nav-menu__text-align-aside elementor-nav-menu--toggle elementor-nav-menu--burger elementor-widget elementor-widget-nav-menu\" data-id=\"acac815\" data-element_type=\"widget\" data-e-type=\"widget\" data-settings=\"{&quot;layout&quot;:&quot;horizontal&quot;,&quot;submenu_icon&quot;:{&quot;value&quot;:&quot;&lt;i class=\\&quot;fas fa-caret-down\\&quot; aria-hidden=\\&quot;true\\&quot;&gt;&lt;\\\/i&gt;&quot;,&quot;library&quot;:&quot;fa-solid&quot;},&quot;toggle&quot;:&quot;burger&quot;}\" data-widget_type=\"nav-menu.default\">\n\t\t\t\t<div class=\"elementor-widget-container\">\n\t\t\t\t\t\t\t\t<nav aria-label=\"Meny\" class=\"elementor-nav-menu--main elementor-nav-menu__container elementor-nav-menu--layout-horizontal e--pointer-none\">\n\t\t\t\t<ul id=\"menu-1-acac815\" class=\"elementor-nav-menu\"><li class=\"menu-item menu-item-type-post_type menu-item-object-page menu-item-1591\"><a href=\"https:\/\/stufvenas.se\/om-stufvenas-gastgiveri\/\" class=\"elementor-item\">About Stufven\u00e4s G\u00e4stgifveri<\/a><\/li>\n<li class=\"menu-item menu-item-type-post_type menu-item-object-page menu-item-292\"><a href=\"https:\/\/stufvenas.se\/om-stufvenas-gastgiveri\/miljoarbete\/\" class=\"elementor-item\">Environmental work<\/a><\/li>\n<li class=\"menu-item menu-item-type-post_type menu-item-object-page menu-item-293\"><a href=\"https:\/\/stufvenas.se\/om-stufvenas-gastgiveri\/jobba-hos-oss\/\" class=\"elementor-item\">Work with us<\/a><\/li>\n<li class=\"menu-item menu-item-type-post_type menu-item-object-page menu-item-294\"><a href=\"https:\/\/stufvenas.se\/om-stufvenas-gastgiveri\/historia\/\" class=\"elementor-item\">History<\/a><\/li>\n<li class=\"menu-item menu-item-type-post_type menu-item-object-page menu-item-24853\"><a href=\"https:\/\/stufvenas.se\/sekretesspolicy-eu\/\" class=\"elementor-item\">Privacy Policy (EU)<\/a><\/li>\n<li class=\"menu-item menu-item-type-post_type menu-item-object-page menu-item-24854\"><a href=\"https:\/\/stufvenas.se\/cookie-policy-eu\/\" class=\"elementor-item\">Cookie Policy (EU)<\/a><\/li>\n<li class=\"menu-item menu-item-type-post_type menu-item-object-page menu-item-1034\"><a href=\"https:\/\/stufvenas.se\/kontakta-oss\/\" class=\"elementor-item\">Contact us<\/a><\/li>\n<\/ul>\t\t\t<\/nav>\n\t\t\t\t\t<div class=\"elementor-menu-toggle\" role=\"button\" tabindex=\"0\" aria-label=\"Menu Toggle\" aria-expanded=\"false\">\n\t\t\t<i aria-hidden=\"true\" role=\"presentation\" class=\"elementor-menu-toggle__icon--open eicon-menu-bar\"><\/i><i aria-hidden=\"true\" role=\"presentation\" class=\"elementor-menu-toggle__icon--close eicon-close\"><\/i>\t\t<\/div>\n\t\t\t\t\t<nav class=\"elementor-nav-menu--dropdown elementor-nav-menu__container\" aria-hidden=\"true\">\n\t\t\t\t<ul id=\"menu-2-acac815\" class=\"elementor-nav-menu\"><li class=\"menu-item menu-item-type-post_type menu-item-object-page menu-item-1591\"><a href=\"https:\/\/stufvenas.se\/om-stufvenas-gastgiveri\/\" class=\"elementor-item\" tabindex=\"-1\">About Stufven\u00e4s G\u00e4stgifveri<\/a><\/li>\n<li class=\"menu-item menu-item-type-post_type menu-item-object-page menu-item-292\"><a href=\"https:\/\/stufvenas.se\/om-stufvenas-gastgiveri\/miljoarbete\/\" class=\"elementor-item\" tabindex=\"-1\">Environmental work<\/a><\/li>\n<li class=\"menu-item menu-item-type-post_type menu-item-object-page menu-item-293\"><a href=\"https:\/\/stufvenas.se\/om-stufvenas-gastgiveri\/jobba-hos-oss\/\" class=\"elementor-item\" tabindex=\"-1\">Work with us<\/a><\/li>\n<li class=\"menu-item menu-item-type-post_type menu-item-object-page menu-item-294\"><a href=\"https:\/\/stufvenas.se\/om-stufvenas-gastgiveri\/historia\/\" class=\"elementor-item\" tabindex=\"-1\">History<\/a><\/li>\n<li class=\"menu-item menu-item-type-post_type menu-item-object-page menu-item-24853\"><a href=\"https:\/\/stufvenas.se\/sekretesspolicy-eu\/\" class=\"elementor-item\" tabindex=\"-1\">Privacy Policy (EU)<\/a><\/li>\n<li class=\"menu-item menu-item-type-post_type menu-item-object-page menu-item-24854\"><a href=\"https:\/\/stufvenas.se\/cookie-policy-eu\/\" class=\"elementor-item\" tabindex=\"-1\">Cookie Policy (EU)<\/a><\/li>\n<li class=\"menu-item menu-item-type-post_type menu-item-object-page menu-item-1034\"><a href=\"https:\/\/stufvenas.se\/kontakta-oss\/\" class=\"elementor-item\" tabindex=\"-1\">Contact us<\/a><\/li>\n<\/ul>\t\t\t<\/nav>\n\t\t\t\t\t\t<\/div>\n\t\t\t\t<\/div>\n\t\t\t\t\t<\/div>\n\t\t<\/div>\n\t\t\t\t\t<\/div>\n\t\t<\/section>\n\t\t\t\t<section class=\"elementor-section elementor-top-section elementor-element elementor-element-521eeee elementor-section-boxed elementor-section-height-default elementor-section-height-default\" data-id=\"521eeee\" data-element_type=\"section\" data-e-type=\"section\">\n\t\t\t\t\t\t<div class=\"elementor-container elementor-column-gap-default\">\n\t\t\t\t\t<div class=\"elementor-column elementor-col-100 elementor-top-column elementor-element elementor-element-5e1edd7\" data-id=\"5e1edd7\" data-element_type=\"column\" data-e-type=\"column\">\n\t\t\t<div class=\"elementor-widget-wrap elementor-element-populated\">\n\t\t\t\t\t\t<div class=\"elementor-element elementor-element-ae4fc80 elementor-widget elementor-widget-heading\" data-id=\"ae4fc80\" data-element_type=\"widget\" data-e-type=\"widget\" data-widget_type=\"heading.default\">\n\t\t\t\t<div class=\"elementor-widget-container\">\n\t\t\t\t\t<h2 class=\"elementor-heading-title elementor-size-default\">Now we are looking for staff to Team Stufven\u00e4s<\/h2>\t\t\t\t<\/div>\n\t\t\t\t<\/div>\n\t\t\t\t<div class=\"elementor-element elementor-element-8b81def Underline-Link elementor-widget__width-initial elementor-widget elementor-widget-text-editor\" data-id=\"8b81def\" data-element_type=\"widget\" data-e-type=\"widget\" data-widget_type=\"text-editor.default\">\n\t\t\t\t<div class=\"elementor-widget-container\">\n\t\t\t\t\t\t\t\t\t<p><strong>We are always looking for brave, loving, happy, and engaged employees to join Team Stufven\u00e4s.<\/strong><\/p>\n<p>We are also happy to receive interns from high school level and above.<\/p>\n<p>You are always welcome to send a personal letter and CV to Marcus Thell, CEO, at <a href=\"mailto:marcus@stufvenas.se\" rel=\"noopener\">marcus@stufvenas.se<\/a><\/p>\n<p>Good luck, and we look forward to your application<span style=\"font-size: 1rem;\">!<\/span><\/p>\n<p style=\"text-align: center;\"><span style=\"text-align: center;\">&#8230;&#8230;&#8230;&#8230;&#8230;&#8230;&#8230;&#8230;&#8230;&#8230;&#8230;&#8230;&#8230;&#8230;&#8230;&#8230;&#8230;&#8230;&#8230;&#8230;&#8230;&#8230;&#8230;&#8230;&#8230;&#8230;&#8230;&#8230;&#8230;&#8230;&#8230;&#8230;..<\/span><span style=\"font-size: 1rem;\"><br \/>\n<\/span><\/p>\n<p>As an employee with us, you become part of the wonderful and family-oriented Stufven\u00e4s team. Together with the management and supervisors, we focus on providing a world-class guest experience and hospitality. Our core values are courage, love, joy, and engagement.<\/p>\n<p>As an employer, we care about our employees, which is why we have a low staff turnover. Our goal is to develop our employees according to their needs and desire to improve and expand their skills. We encourage creativity among our employees, giving them the courage to improve and be proud of what they create. With the right goals and inspiration, our employees dare to step outside their comfort zones.<\/p>\n<p>Every employee&#8217;s contribution is important. We work towards clear goals and focus on creating a business with high service levels and efficiency. We work for gender equality and diversity.<\/p>\n<p>We want to be an attractive workplace where employees can grow and develop both professionally and personally. We offer a good working environment where all employees thrive, develop, and take pride in their work. We promote health and strive for a balance between work and leisure for all employees.<\/p>\n\t\t\t\t\t\t\t\t<\/div>\n\t\t\t\t<\/div>\n\t\t\t\t\t<\/div>\n\t\t<\/div>\n\t\t\t\t\t<\/div>\n\t\t<\/section>\n\t\t\t\t<\/div>\n\t\t","protected":false},"excerpt":{"rendered":"<p>TEAM STUFVEN\u00c4S Work with Us Now we are looking for staff to Team Stufven\u00e4s We are always looking for brave, loving, happy, and engaged employees to join Team Stufven\u00e4s. We are also happy to receive interns from high school level and above. You are always welcome to send a personal letter and CV to Marcus [&hellip;]<\/p>\n","protected":false},"author":6,"featured_media":0,"parent":15989,"menu_order":1,"comment_status":"closed","ping_status":"closed","template":"elementor_header_footer","meta":{"_acf_changed":false,"content-type":"","footnotes":""},"class_list":["post-15948","page","type-page","status-publish","hentry"],"acf":[],"_links":{"self":[{"href":"https:\/\/stufvenas.se\/en\/wp-json\/wp\/v2\/pages\/15948","targetHints":{"allow":["GET"]}}],"collection":[{"href":"https:\/\/stufvenas.se\/en\/wp-json\/wp\/v2\/pages"}],"about":[{"href":"https:\/\/stufvenas.se\/en\/wp-json\/wp\/v2\/types\/page"}],"author":[{"embeddable":true,"href":"https:\/\/stufvenas.se\/en\/wp-json\/wp\/v2\/users\/6"}],"replies":[{"embeddable":true,"href":"https:\/\/stufvenas.se\/en\/wp-json\/wp\/v2\/comments?post=15948"}],"version-history":[{"count":0,"href":"https:\/\/stufvenas.se\/en\/wp-json\/wp\/v2\/pages\/15948\/revisions"}],"up":[{"embeddable":true,"href":"https:\/\/stufvenas.se\/en\/wp-json\/wp\/v2\/pages\/15989"}],"wp:attachment":[{"href":"https:\/\/stufvenas.se\/en\/wp-json\/wp\/v2\/media?parent=15948"}],"curies":[{"name":"wp","href":"https:\/\/api.w.org\/{rel}","templated":true}]}}