{"id":15942,"date":"2019-05-28T12:51:08","date_gmt":"2019-05-28T10:51:08","guid":{"rendered":"https:\/\/stufvenas.se\/contact-us\/"},"modified":"2025-04-14T20:55:34","modified_gmt":"2025-04-14T18:55:34","slug":"contact-us","status":"publish","type":"page","link":"https:\/\/stufvenas.se\/en\/contact-us\/","title":{"rendered":"Contact us"},"content":{"rendered":"\t\t<div data-elementor-type=\"wp-post\" data-elementor-id=\"15942\" class=\"elementor elementor-15942 elementor-99\" data-elementor-post-type=\"page\">\n\t\t\t\t\t\t<section class=\"elementor-section elementor-top-section elementor-element elementor-element-9111eef elementor-section-full_width elementor-section-height-min-height elementor-section-items-stretch elementor-section-height-default\" data-id=\"9111eef\" data-element_type=\"section\" data-e-type=\"section\" data-settings=\"{&quot;background_background&quot;:&quot;classic&quot;}\">\n\t\t\t\t\t\t\t<div class=\"elementor-background-overlay\"><\/div>\n\t\t\t\t\t\t\t<div class=\"elementor-container elementor-column-gap-default\">\n\t\t\t\t\t<div class=\"elementor-column elementor-col-100 elementor-top-column elementor-element elementor-element-a4db002\" data-id=\"a4db002\" data-element_type=\"column\" data-e-type=\"column\">\n\t\t\t<div class=\"elementor-widget-wrap elementor-element-populated\">\n\t\t\t\t\t\t<section class=\"elementor-section elementor-inner-section elementor-element elementor-element-49a48cf elementor-section-full_width elementor-section-height-min-height elementor-section-height-default\" data-id=\"49a48cf\" data-element_type=\"section\" data-e-type=\"section\">\n\t\t\t\t\t\t<div class=\"elementor-container elementor-column-gap-default\">\n\t\t\t\t\t<div class=\"elementor-column elementor-col-50 elementor-inner-column elementor-element elementor-element-e45ef81\" data-id=\"e45ef81\" data-element_type=\"column\" data-e-type=\"column\">\n\t\t\t<div class=\"elementor-widget-wrap elementor-element-populated\">\n\t\t\t\t\t\t<div class=\"elementor-element elementor-element-ac120c0 elementor-widget elementor-widget-heading\" data-id=\"ac120c0\" data-element_type=\"widget\" data-e-type=\"widget\" data-widget_type=\"heading.default\">\n\t\t\t\t<div class=\"elementor-widget-container\">\n\t\t\t\t\t<h1 class=\"elementor-heading-title elementor-size-default\">Welcome to<\/h1>\t\t\t\t<\/div>\n\t\t\t\t<\/div>\n\t\t\t\t<div class=\"elementor-element elementor-element-3c38fae elementor-widget elementor-widget-heading\" data-id=\"3c38fae\" data-element_type=\"widget\" data-e-type=\"widget\" data-widget_type=\"heading.default\">\n\t\t\t\t<div class=\"elementor-widget-container\">\n\t\t\t\t\t<h2 class=\"elementor-heading-title elementor-size-default\">Contact us<\/h2>\t\t\t\t<\/div>\n\t\t\t\t<\/div>\n\t\t\t\t<div class=\"elementor-element elementor-element-0796192 elementor-widget elementor-widget-image\" data-id=\"0796192\" data-element_type=\"widget\" data-e-type=\"widget\" data-widget_type=\"image.default\">\n\t\t\t\t<div class=\"elementor-widget-container\">\n\t\t\t\t\t\t\t\t\t\t\t\t\t\t\t<img decoding=\"async\" width=\"26\" height=\"27\" src=\"https:\/\/stufvenas.se\/wp-content\/uploads\/2019\/06\/Stufvenas-Gastgifveri-UI-Pil.svg\" class=\"attachment-large size-large wp-image-2358\" alt=\"\" \/>\t\t\t\t\t\t\t\t\t\t\t\t\t\t\t<\/div>\n\t\t\t\t<\/div>\n\t\t\t\t\t<\/div>\n\t\t<\/div>\n\t\t\t\t<div class=\"elementor-column elementor-col-50 elementor-inner-column elementor-element elementor-element-15ad745\" data-id=\"15ad745\" data-element_type=\"column\" data-e-type=\"column\">\n\t\t\t<div class=\"elementor-widget-wrap\">\n\t\t\t\t\t\t\t<\/div>\n\t\t<\/div>\n\t\t\t\t\t<\/div>\n\t\t<\/section>\n\t\t\t\t\t<\/div>\n\t\t<\/div>\n\t\t\t\t\t<\/div>\n\t\t<\/section>\n\t\t\t\t<section class=\"elementor-section elementor-top-section elementor-element elementor-element-05fa804 elementor-section-height-min-height elementor-hidden-tablet elementor-hidden-mobile elementor-section-boxed elementor-section-height-default elementor-section-items-middle\" data-id=\"05fa804\" data-element_type=\"section\" data-e-type=\"section\" data-settings=\"{&quot;background_background&quot;:&quot;classic&quot;}\">\n\t\t\t\t\t\t<div class=\"elementor-container elementor-column-gap-default\">\n\t\t\t\t\t<div class=\"elementor-column elementor-col-100 elementor-top-column elementor-element elementor-element-c469ade\" data-id=\"c469ade\" data-element_type=\"column\" data-e-type=\"column\">\n\t\t\t<div class=\"elementor-widget-wrap elementor-element-populated\">\n\t\t\t\t\t\t<div class=\"elementor-element elementor-element-2a3261d elementor-nav-menu__align-center elementor-hidden-tablet elementor-hidden-mobile elementor-nav-menu--dropdown-tablet elementor-nav-menu__text-align-aside elementor-nav-menu--toggle elementor-nav-menu--burger elementor-widget elementor-widget-nav-menu\" data-id=\"2a3261d\" data-element_type=\"widget\" data-e-type=\"widget\" data-settings=\"{&quot;layout&quot;:&quot;horizontal&quot;,&quot;submenu_icon&quot;:{&quot;value&quot;:&quot;&lt;i class=\\&quot;fas fa-caret-down\\&quot; aria-hidden=\\&quot;true\\&quot;&gt;&lt;\\\/i&gt;&quot;,&quot;library&quot;:&quot;fa-solid&quot;},&quot;toggle&quot;:&quot;burger&quot;}\" data-widget_type=\"nav-menu.default\">\n\t\t\t\t<div class=\"elementor-widget-container\">\n\t\t\t\t\t\t\t\t<nav aria-label=\"Meny\" class=\"elementor-nav-menu--main elementor-nav-menu__container elementor-nav-menu--layout-horizontal e--pointer-none\">\n\t\t\t\t<ul id=\"menu-1-2a3261d\" class=\"elementor-nav-menu\"><li class=\"menu-item menu-item-type-post_type menu-item-object-page menu-item-1591\"><a href=\"https:\/\/stufvenas.se\/om-stufvenas-gastgiveri\/\" class=\"elementor-item\">About Stufven\u00e4s G\u00e4stgifveri<\/a><\/li>\n<li class=\"menu-item menu-item-type-post_type menu-item-object-page menu-item-292\"><a href=\"https:\/\/stufvenas.se\/om-stufvenas-gastgiveri\/miljoarbete\/\" class=\"elementor-item\">Environmental work<\/a><\/li>\n<li class=\"menu-item menu-item-type-post_type menu-item-object-page menu-item-293\"><a href=\"https:\/\/stufvenas.se\/om-stufvenas-gastgiveri\/jobba-hos-oss\/\" class=\"elementor-item\">Work with us<\/a><\/li>\n<li class=\"menu-item menu-item-type-post_type menu-item-object-page menu-item-294\"><a href=\"https:\/\/stufvenas.se\/om-stufvenas-gastgiveri\/historia\/\" class=\"elementor-item\">History<\/a><\/li>\n<li class=\"menu-item menu-item-type-post_type menu-item-object-page menu-item-24853\"><a href=\"https:\/\/stufvenas.se\/sekretesspolicy-eu\/\" class=\"elementor-item\">Privacy Policy (EU)<\/a><\/li>\n<li class=\"menu-item menu-item-type-post_type menu-item-object-page menu-item-24854\"><a href=\"https:\/\/stufvenas.se\/cookie-policy-eu\/\" class=\"elementor-item\">Cookie Policy (EU)<\/a><\/li>\n<li class=\"menu-item menu-item-type-post_type menu-item-object-page menu-item-1034\"><a href=\"https:\/\/stufvenas.se\/kontakta-oss\/\" class=\"elementor-item\">Contact us<\/a><\/li>\n<\/ul>\t\t\t<\/nav>\n\t\t\t\t\t<div class=\"elementor-menu-toggle\" role=\"button\" tabindex=\"0\" aria-label=\"Menu Toggle\" aria-expanded=\"false\">\n\t\t\t<i aria-hidden=\"true\" role=\"presentation\" class=\"elementor-menu-toggle__icon--open eicon-menu-bar\"><\/i><i aria-hidden=\"true\" role=\"presentation\" class=\"elementor-menu-toggle__icon--close eicon-close\"><\/i>\t\t<\/div>\n\t\t\t\t\t<nav class=\"elementor-nav-menu--dropdown elementor-nav-menu__container\" aria-hidden=\"true\">\n\t\t\t\t<ul id=\"menu-2-2a3261d\" class=\"elementor-nav-menu\"><li class=\"menu-item menu-item-type-post_type menu-item-object-page menu-item-1591\"><a href=\"https:\/\/stufvenas.se\/om-stufvenas-gastgiveri\/\" class=\"elementor-item\" tabindex=\"-1\">About Stufven\u00e4s G\u00e4stgifveri<\/a><\/li>\n<li class=\"menu-item menu-item-type-post_type menu-item-object-page menu-item-292\"><a href=\"https:\/\/stufvenas.se\/om-stufvenas-gastgiveri\/miljoarbete\/\" class=\"elementor-item\" tabindex=\"-1\">Environmental work<\/a><\/li>\n<li class=\"menu-item menu-item-type-post_type menu-item-object-page menu-item-293\"><a href=\"https:\/\/stufvenas.se\/om-stufvenas-gastgiveri\/jobba-hos-oss\/\" class=\"elementor-item\" tabindex=\"-1\">Work with us<\/a><\/li>\n<li class=\"menu-item menu-item-type-post_type menu-item-object-page menu-item-294\"><a href=\"https:\/\/stufvenas.se\/om-stufvenas-gastgiveri\/historia\/\" class=\"elementor-item\" tabindex=\"-1\">History<\/a><\/li>\n<li class=\"menu-item menu-item-type-post_type menu-item-object-page menu-item-24853\"><a href=\"https:\/\/stufvenas.se\/sekretesspolicy-eu\/\" class=\"elementor-item\" tabindex=\"-1\">Privacy Policy (EU)<\/a><\/li>\n<li class=\"menu-item menu-item-type-post_type menu-item-object-page menu-item-24854\"><a href=\"https:\/\/stufvenas.se\/cookie-policy-eu\/\" class=\"elementor-item\" tabindex=\"-1\">Cookie Policy (EU)<\/a><\/li>\n<li class=\"menu-item menu-item-type-post_type menu-item-object-page menu-item-1034\"><a href=\"https:\/\/stufvenas.se\/kontakta-oss\/\" class=\"elementor-item\" tabindex=\"-1\">Contact us<\/a><\/li>\n<\/ul>\t\t\t<\/nav>\n\t\t\t\t\t\t<\/div>\n\t\t\t\t<\/div>\n\t\t\t\t\t<\/div>\n\t\t<\/div>\n\t\t\t\t\t<\/div>\n\t\t<\/section>\n\t\t\t\t<section class=\"elementor-section elementor-top-section elementor-element elementor-element-79422a4 elementor-reverse-mobile elementor-section-boxed elementor-section-height-default elementor-section-height-default\" data-id=\"79422a4\" data-element_type=\"section\" data-e-type=\"section\">\n\t\t\t\t\t\t<div class=\"elementor-container elementor-column-gap-default\">\n\t\t\t\t\t<div class=\"elementor-column elementor-col-50 elementor-top-column elementor-element elementor-element-3b61e05\" data-id=\"3b61e05\" data-element_type=\"column\" data-e-type=\"column\">\n\t\t\t<div class=\"elementor-widget-wrap elementor-element-populated\">\n\t\t\t\t\t\t<div class=\"elementor-element elementor-element-6b8315b elementor-widget-divider--view-line elementor-widget elementor-widget-divider\" data-id=\"6b8315b\" data-element_type=\"widget\" data-e-type=\"widget\" data-widget_type=\"divider.default\">\n\t\t\t\t<div class=\"elementor-widget-container\">\n\t\t\t\t\t\t\t<div class=\"elementor-divider\">\n\t\t\t<span class=\"elementor-divider-separator\">\n\t\t\t\t\t\t<\/span>\n\t\t<\/div>\n\t\t\t\t\t\t<\/div>\n\t\t\t\t<\/div>\n\t\t\t\t<div class=\"elementor-element elementor-element-645ab05 elementor-widget elementor-widget-heading\" data-id=\"645ab05\" data-element_type=\"widget\" data-e-type=\"widget\" data-widget_type=\"heading.default\">\n\t\t\t\t<div class=\"elementor-widget-container\">\n\t\t\t\t\t<h2 class=\"elementor-heading-title elementor-size-default\">Links for social media<\/h2>\t\t\t\t<\/div>\n\t\t\t\t<\/div>\n\t\t\t\t<div class=\"elementor-element elementor-element-5b7cee4 elementor-widget elementor-widget-button\" data-id=\"5b7cee4\" data-element_type=\"widget\" data-e-type=\"widget\" data-widget_type=\"button.default\">\n\t\t\t\t<div class=\"elementor-widget-container\">\n\t\t\t\t\t\t\t\t\t<div class=\"elementor-button-wrapper\">\n\t\t\t\t\t<a class=\"elementor-button elementor-button-link elementor-size-sm\" href=\"https:\/\/www.facebook.com\/Stufvenas\/\" target=\"_blank\" rel=\"noopener\">\n\t\t\t\t\t\t<span class=\"elementor-button-content-wrapper\">\n\t\t\t\t\t\t\t\t\t<span class=\"elementor-button-text\">Facebook<\/span>\n\t\t\t\t\t<\/span>\n\t\t\t\t\t<\/a>\n\t\t\t\t<\/div>\n\t\t\t\t\t\t\t\t<\/div>\n\t\t\t\t<\/div>\n\t\t\t\t<div class=\"elementor-element elementor-element-3f55a22 elementor-widget elementor-widget-button\" data-id=\"3f55a22\" data-element_type=\"widget\" data-e-type=\"widget\" data-widget_type=\"button.default\">\n\t\t\t\t<div class=\"elementor-widget-container\">\n\t\t\t\t\t\t\t\t\t<div class=\"elementor-button-wrapper\">\n\t\t\t\t\t<a class=\"elementor-button elementor-button-link elementor-size-sm\" href=\"https:\/\/www.instagram.com\/stufvenasgastgifveri\/\" target=\"_blank\" rel=\"noopener\">\n\t\t\t\t\t\t<span class=\"elementor-button-content-wrapper\">\n\t\t\t\t\t\t\t\t\t<span class=\"elementor-button-text\">Instagram<\/span>\n\t\t\t\t\t<\/span>\n\t\t\t\t\t<\/a>\n\t\t\t\t<\/div>\n\t\t\t\t\t\t\t\t<\/div>\n\t\t\t\t<\/div>\n\t\t\t\t\t<\/div>\n\t\t<\/div>\n\t\t\t\t<div class=\"elementor-column elementor-col-50 elementor-top-column elementor-element elementor-element-fc773e4\" data-id=\"fc773e4\" data-element_type=\"column\" data-e-type=\"column\">\n\t\t\t<div class=\"elementor-widget-wrap elementor-element-populated\">\n\t\t\t\t\t\t<section class=\"elementor-section elementor-inner-section elementor-element elementor-element-5bdfbc8 elementor-section-boxed elementor-section-height-default elementor-section-height-default\" data-id=\"5bdfbc8\" data-element_type=\"section\" data-e-type=\"section\">\n\t\t\t\t\t\t<div class=\"elementor-container elementor-column-gap-default\">\n\t\t\t\t\t<div class=\"elementor-column elementor-col-50 elementor-inner-column elementor-element elementor-element-3790730\" data-id=\"3790730\" data-element_type=\"column\" data-e-type=\"column\">\n\t\t\t<div class=\"elementor-widget-wrap elementor-element-populated\">\n\t\t\t\t\t\t<div class=\"elementor-element elementor-element-9451f43 Underline-Link elementor-widget elementor-widget-text-editor\" data-id=\"9451f43\" data-element_type=\"widget\" data-e-type=\"widget\" data-widget_type=\"text-editor.default\">\n\t\t\t\t<div class=\"elementor-widget-container\">\n\t\t\t\t\t\t\t\t\t<h3>Stufven\u00e4s G\u00e4stgifveri AB<\/h3>\n<p>Stufven\u00e4sv\u00e4gen 1, SE-385 97 S\u00f6der\u00e5kra<br \/><a href=\"tel:+46 (0) 486-219 00\">+46 (0) 486-219 00<\/a><br \/>VAT SE556642-674701<br \/>IBAN SE298000081695 974 785 895-0<br \/>SWIFT CODE Swedsess<br \/>BANK Swedbank<\/p>\n\t\t\t\t\t\t\t\t<\/div>\n\t\t\t\t<\/div>\n\t\t\t\t<div class=\"elementor-element elementor-element-23a7d56 Underline-Link elementor-widget elementor-widget-text-editor\" data-id=\"23a7d56\" data-element_type=\"widget\" data-e-type=\"widget\" data-widget_type=\"text-editor.default\">\n\t\t\t\t<div class=\"elementor-widget-container\">\n\t\t\t\t\t\t\t\t\t<h3>Frontdesk<\/h3>\n<p><span style=\"letter-spacing: 0.2px;\">Elin Persson, <\/span>Frontdesk Manager<br \/><a href=\"mailto:elin@stufvenas.se\" target=\"_blank\" rel=\"noopener\">elin@stufvenas.se<\/a><\/p>\n<p><a style=\"font-size: 1rem; background-color: #f2f3f4;\" href=\"tel:+46 (0) 486-219 00\">+46 (0) 486-219 00<\/a><br \/><a style=\"background-color: #f2f3f4; font-size: 1rem;\" href=\"mailto:info@stufvenas.se\">info@stufvenas.se<\/a><\/p>\n\t\t\t\t\t\t\t\t<\/div>\n\t\t\t\t<\/div>\n\t\t\t\t<div class=\"elementor-element elementor-element-6994363 Underline-Link elementor-widget elementor-widget-text-editor\" data-id=\"6994363\" data-element_type=\"widget\" data-e-type=\"widget\" data-widget_type=\"text-editor.default\">\n\t\t\t\t<div class=\"elementor-widget-container\">\n\t\t\t\t\t\t\t\t\t<h3>Hotel<\/h3>\n<p>Henda Repiso Jimenez, Housewife<br \/><a href=\"http:\/\/tel:+46 (0) 486-219 00\" target=\"_blank\" rel=\"noopener\">+46 (0) 486-219 00<\/a><br \/><a href=\"mailto:henda@stufvenas.se\">henda@stufvenas.se<\/a><\/p>\n\t\t\t\t\t\t\t\t<\/div>\n\t\t\t\t<\/div>\n\t\t\t\t<div class=\"elementor-element elementor-element-4e71b44 Underline-Link elementor-widget elementor-widget-text-editor\" data-id=\"4e71b44\" data-element_type=\"widget\" data-e-type=\"widget\" data-widget_type=\"text-editor.default\">\n\t\t\t\t<div class=\"elementor-widget-container\">\n\t\t\t\t\t\t\t\t\t<h3>Stufven\u00e4s Spa<\/h3>\n<p>Cajsa Gr\u00f6hn, Spa Manager<br \/><a href=\"mailto:cajsa@stufvenas.se\" target=\"_blank\" rel=\"noopener\">cajsa@stufvenas.se<\/a><\/p>\n<p><a style=\"background-color: #f2f3f4; letter-spacing: 0.2px;\" href=\"tel:+46 (0) 486-219 12\">+46 (0) 486-219 12<\/a><br \/><a style=\"font-family: var( --e-global-typography-text-font-family ), Sans-serif; font-weight: var( --e-global-typography-text-font-weight ); background-color: #f2f3f4; font-size: 1em; letter-spacing: 0.2px;\" href=\"mailto:spa@stufvenas.se\" target=\"_blank\" rel=\"noopener\">spa@stufvenas.se<\/a><\/p>\n\t\t\t\t\t\t\t\t<\/div>\n\t\t\t\t<\/div>\n\t\t\t\t<div class=\"elementor-element elementor-element-791eb5c Underline-Link elementor-widget elementor-widget-text-editor\" data-id=\"791eb5c\" data-element_type=\"widget\" data-e-type=\"widget\" data-widget_type=\"text-editor.default\">\n\t\t\t\t<div class=\"elementor-widget-container\">\n\t\t\t\t\t\t\t\t\t<h3>Kitchen<\/h3>\n<p><span style=\"letter-spacing: 0.2px;\">Anton <\/span><span style=\"letter-spacing: 0.2px;\">Lundqvist, Kitchen Manager<\/span><br style=\"letter-spacing: 0.2px;\" \/><a style=\"background-color: #f2f3f4; letter-spacing: 0.2px;\" href=\"tel:+46 (0) 486-219 00\">+46 (0) 486-219 00<\/a><a href=\"http:\/\/tel:+46 (0) 486-219 00\" target=\"_blank\" rel=\"noopener\"><br \/>\n<\/a><a style=\"font-family: var( --e-global-typography-text-font-family ), Sans-serif; font-weight: var( --e-global-typography-text-font-weight ); font-size: 1em; letter-spacing: 0.2px; background-color: #f2f3f4;\" href=\"mailto:anton@stufvenas.se\" target=\"_blank\" rel=\"noopener\">anton@stufvenas.se<\/a><\/p>\n\t\t\t\t\t\t\t\t<\/div>\n\t\t\t\t<\/div>\n\t\t\t\t\t<\/div>\n\t\t<\/div>\n\t\t\t\t<div class=\"elementor-column elementor-col-50 elementor-inner-column elementor-element elementor-element-62dee01\" data-id=\"62dee01\" data-element_type=\"column\" data-e-type=\"column\">\n\t\t\t<div class=\"elementor-widget-wrap elementor-element-populated\">\n\t\t\t\t\t\t<div class=\"elementor-element elementor-element-494fd19 Underline-Link elementor-widget elementor-widget-text-editor\" data-id=\"494fd19\" data-element_type=\"widget\" data-e-type=\"widget\" data-widget_type=\"text-editor.default\">\n\t\t\t\t<div class=\"elementor-widget-container\">\n\t\t\t\t\t\t\t\t\t<h3>CEO<\/h3>\n<p>Marcus Thell<br \/><a href=\"http:\/\/tel:+46 (0) 486-219 01\" target=\"_blank\" rel=\"noopener\">+46 (0) 486-219 01\u00a0<\/a><br \/><a href=\"mailto:marcus@stufvenas.se\" target=\"_blank\" rel=\"noopener\">marcus@stufvenas.se<\/a><\/p>\n\t\t\t\t\t\t\t\t<\/div>\n\t\t\t\t<\/div>\n\t\t\t\t<div class=\"elementor-element elementor-element-00b0d53 Underline-Link elementor-widget elementor-widget-text-editor\" data-id=\"00b0d53\" data-element_type=\"widget\" data-e-type=\"widget\" data-widget_type=\"text-editor.default\">\n\t\t\t\t<div class=\"elementor-widget-container\">\n\t\t\t\t\t\t\t\t\t<h3>Marketing Director<\/h3>\n<p>Anna Lejerhed Emrin<br \/><a href=\"tel:+46 (0) 486-219 05\">+46 (0) 486-219 05<\/a><br \/><a href=\"mailto:anna@stufvenas.se\" target=\"_blank\" rel=\"noopener\">anna@stufvenas.se<\/a><\/p>\n\t\t\t\t\t\t\t\t<\/div>\n\t\t\t\t<\/div>\n\t\t\t\t<div class=\"elementor-element elementor-element-f3e07db Underline-Link elementor-widget elementor-widget-text-editor\" data-id=\"f3e07db\" data-element_type=\"widget\" data-e-type=\"widget\" data-widget_type=\"text-editor.default\">\n\t\t\t\t<div class=\"elementor-widget-container\">\n\t\t\t\t\t\t\t\t\t<h3>Restaurant<\/h3>\n<p>Toni Berg, Restaurant Manager<br \/><a href=\"mailto:toni@stufvenas.se\">toni@stufvenas.se<\/a><\/p>\n\t\t\t\t\t\t\t\t<\/div>\n\t\t\t\t<\/div>\n\t\t\t\t<div class=\"elementor-element elementor-element-0d1ce68 Underline-Link elementor-widget elementor-widget-text-editor\" data-id=\"0d1ce68\" data-element_type=\"widget\" data-e-type=\"widget\" data-widget_type=\"text-editor.default\">\n\t\t\t\t<div class=\"elementor-widget-container\">\n\t\t\t\t\t\t\t\t\t<h3>Property\/Janitor<\/h3>\n<p>Jonas Wijk<br \/><a style=\"background-color: #f2f3f4; letter-spacing: 0.2px;\" href=\"tel:+46 (0) 486-219 00\">+46 (0) 486-219 00<\/a><br \/><a style=\"font-family: var( --e-global-typography-text-font-family ), Sans-serif; font-weight: var( --e-global-typography-text-font-weight ); background-color: #f2f3f4; font-size: 1em; letter-spacing: 0.2px;\" href=\"mailto:vaktis@stufvenas.se\" target=\"_blank\" rel=\"noopener\">vaktis@stufvenas.se<\/a><\/p>\n\t\t\t\t\t\t\t\t<\/div>\n\t\t\t\t<\/div>\n\t\t\t\t<div class=\"elementor-element elementor-element-6e73751 Underline-Link elementor-widget elementor-widget-text-editor\" data-id=\"6e73751\" data-element_type=\"widget\" data-e-type=\"widget\" data-widget_type=\"text-editor.default\">\n\t\t\t\t<div class=\"elementor-widget-container\">\n\t\t\t\t\t\t\t\t\t<h3>Koordinates<\/h3>\n<p>56.465851<\/p>\n<p>16.132282<\/p>\n\t\t\t\t\t\t\t\t<\/div>\n\t\t\t\t<\/div>\n\t\t\t\t\t<\/div>\n\t\t<\/div>\n\t\t\t\t\t<\/div>\n\t\t<\/section>\n\t\t\t\t\t<\/div>\n\t\t<\/div>\n\t\t\t\t\t<\/div>\n\t\t<\/section>\n\t\t\t\t<section class=\"elementor-section elementor-top-section elementor-element elementor-element-a2fad0a elementor-section-full_width elementor-section-height-default elementor-section-height-default\" data-id=\"a2fad0a\" data-element_type=\"section\" data-e-type=\"section\">\n\t\t\t\t\t\t<div class=\"elementor-container elementor-column-gap-default\">\n\t\t\t\t\t<div class=\"elementor-column elementor-col-50 elementor-top-column elementor-element elementor-element-c5de803\" data-id=\"c5de803\" data-element_type=\"column\" data-e-type=\"column\" data-settings=\"{&quot;background_background&quot;:&quot;classic&quot;}\">\n\t\t\t<div class=\"elementor-widget-wrap elementor-element-populated\">\n\t\t\t\t\t\t<div class=\"elementor-element elementor-element-9a35bd4 elementor-widget elementor-widget-heading\" data-id=\"9a35bd4\" data-element_type=\"widget\" data-e-type=\"widget\" data-widget_type=\"heading.default\">\n\t\t\t\t<div class=\"elementor-widget-container\">\n\t\t\t\t\t<h1 class=\"elementor-heading-title elementor-size-default\">Find us<\/h1>\t\t\t\t<\/div>\n\t\t\t\t<\/div>\n\t\t\t\t<div class=\"elementor-element elementor-element-8aad440 elementor-widget elementor-widget-heading\" data-id=\"8aad440\" data-element_type=\"widget\" data-e-type=\"widget\" data-widget_type=\"heading.default\">\n\t\t\t\t<div class=\"elementor-widget-container\">\n\t\t\t\t\t<h2 class=\"elementor-heading-title elementor-size-default\">By bus or train<\/h2>\t\t\t\t<\/div>\n\t\t\t\t<\/div>\n\t\t\t\t<div class=\"elementor-element elementor-element-cdc09e3 elementor-widget elementor-widget-text-editor\" data-id=\"cdc09e3\" data-element_type=\"widget\" data-e-type=\"widget\" data-widget_type=\"text-editor.default\">\n\t\t\t\t<div class=\"elementor-widget-container\">\n\t\t\t\t\t\t\t\t\t<p>From Kalmar central station, take bus number 121 to Bergkvara. We have our own bus stop called Stuven\u00e4s. Then it&#8217;s a 10-minute walk from the road to us.<\/p>\n\t\t\t\t\t\t\t\t<\/div>\n\t\t\t\t<\/div>\n\t\t\t\t<section class=\"elementor-section elementor-inner-section elementor-element elementor-element-d8644fe elementor-section-full_width elementor-section-height-default elementor-section-height-default\" data-id=\"d8644fe\" data-element_type=\"section\" data-e-type=\"section\">\n\t\t\t\t\t\t<div class=\"elementor-container elementor-column-gap-no\">\n\t\t\t\t\t<div class=\"elementor-column elementor-col-100 elementor-inner-column elementor-element elementor-element-500da18\" data-id=\"500da18\" data-element_type=\"column\" data-e-type=\"column\">\n\t\t\t<div class=\"elementor-widget-wrap elementor-element-populated\">\n\t\t\t\t\t\t<div class=\"elementor-element elementor-element-7173a62 elementor-align-right elementor-widget elementor-widget-button\" data-id=\"7173a62\" data-element_type=\"widget\" data-e-type=\"widget\" data-widget_type=\"button.default\">\n\t\t\t\t<div class=\"elementor-widget-container\">\n\t\t\t\t\t\t\t\t\t<div class=\"elementor-button-wrapper\">\n\t\t\t\t\t<a class=\"elementor-button elementor-button-link elementor-size-sm\" href=\"https:\/\/g.page\/stufvenasgastgifveri?share\" target=\"_blank\" rel=\"nofollow\">\n\t\t\t\t\t\t<span class=\"elementor-button-content-wrapper\">\n\t\t\t\t\t\t<span class=\"elementor-button-icon\">\n\t\t\t\t<i aria-hidden=\"true\" class=\"fas fa-arrow-right\"><\/i>\t\t\t<\/span>\n\t\t\t\t\t\t\t\t\t<span class=\"elementor-button-text\">Google Maps<\/span>\n\t\t\t\t\t<\/span>\n\t\t\t\t\t<\/a>\n\t\t\t\t<\/div>\n\t\t\t\t\t\t\t\t<\/div>\n\t\t\t\t<\/div>\n\t\t\t\t\t<\/div>\n\t\t<\/div>\n\t\t\t\t\t<\/div>\n\t\t<\/section>\n\t\t\t\t\t<\/div>\n\t\t<\/div>\n\t\t\t\t<div class=\"elementor-column elementor-col-50 elementor-top-column elementor-element elementor-element-c70e013\" data-id=\"c70e013\" data-element_type=\"column\" data-e-type=\"column\" data-settings=\"{&quot;background_background&quot;:&quot;classic&quot;,&quot;background_motion_fx_motion_fx_scrolling&quot;:&quot;yes&quot;,&quot;background_motion_fx_scale_effect&quot;:&quot;yes&quot;,&quot;background_motion_fx_scale_speed&quot;:{&quot;unit&quot;:&quot;px&quot;,&quot;size&quot;:1,&quot;sizes&quot;:[]},&quot;background_motion_fx_scale_range&quot;:{&quot;unit&quot;:&quot;%&quot;,&quot;size&quot;:&quot;&quot;,&quot;sizes&quot;:{&quot;start&quot;:0,&quot;end&quot;:63}},&quot;background_motion_fx_scale_direction&quot;:&quot;out-in&quot;,&quot;background_motion_fx_devices&quot;:[&quot;desktop&quot;,&quot;tablet&quot;,&quot;mobile&quot;]}\">\n\t\t\t<div class=\"elementor-widget-wrap elementor-element-populated\">\n\t\t\t\t\t\t<div class=\"elementor-element elementor-element-c2ea77c elementor-widget elementor-widget-spacer\" data-id=\"c2ea77c\" data-element_type=\"widget\" data-e-type=\"widget\" data-widget_type=\"spacer.default\">\n\t\t\t\t<div class=\"elementor-widget-container\">\n\t\t\t\t\t\t\t<div class=\"elementor-spacer\">\n\t\t\t<div class=\"elementor-spacer-inner\"><\/div>\n\t\t<\/div>\n\t\t\t\t\t\t<\/div>\n\t\t\t\t<\/div>\n\t\t\t\t\t<\/div>\n\t\t<\/div>\n\t\t\t\t\t<\/div>\n\t\t<\/section>\n\t\t\t\t<\/div>\n\t\t","protected":false},"excerpt":{"rendered":"<p>Welcome to Contact us Links for social media Facebook Instagram Stufven\u00e4s G\u00e4stgifveri AB Stufven\u00e4sv\u00e4gen 1, SE-385 97 S\u00f6der\u00e5kra+46 (0) 486-219 00VAT SE556642-674701IBAN SE298000081695 974 785 895-0SWIFT CODE SwedsessBANK Swedbank Frontdesk Elin Persson, Frontdesk Managerelin@stufvenas.se +46 (0) 486-219 00info@stufvenas.se Hotel Henda Repiso Jimenez, Housewife+46 (0) 486-219 00henda@stufvenas.se Stufven\u00e4s Spa Cajsa Gr\u00f6hn, Spa Managercajsa@stufvenas.se +46 (0) 486-219 [&hellip;]<\/p>\n","protected":false},"author":3,"featured_media":0,"parent":0,"menu_order":100,"comment_status":"closed","ping_status":"closed","template":"elementor_header_footer","meta":{"_acf_changed":false,"content-type":"","footnotes":""},"class_list":["post-15942","page","type-page","status-publish","hentry"],"acf":[],"_links":{"self":[{"href":"https:\/\/stufvenas.se\/en\/wp-json\/wp\/v2\/pages\/15942","targetHints":{"allow":["GET"]}}],"collection":[{"href":"https:\/\/stufvenas.se\/en\/wp-json\/wp\/v2\/pages"}],"about":[{"href":"https:\/\/stufvenas.se\/en\/wp-json\/wp\/v2\/types\/page"}],"author":[{"embeddable":true,"href":"https:\/\/stufvenas.se\/en\/wp-json\/wp\/v2\/users\/3"}],"replies":[{"embeddable":true,"href":"https:\/\/stufvenas.se\/en\/wp-json\/wp\/v2\/comments?post=15942"}],"version-history":[{"count":0,"href":"https:\/\/stufvenas.se\/en\/wp-json\/wp\/v2\/pages\/15942\/revisions"}],"wp:attachment":[{"href":"https:\/\/stufvenas.se\/en\/wp-json\/wp\/v2\/media?parent=15942"}],"curies":[{"name":"wp","href":"https:\/\/api.w.org\/{rel}","templated":true}]}}