{"id":15918,"date":"2020-08-18T07:01:47","date_gmt":"2020-08-18T05:01:47","guid":{"rendered":"https:\/\/stufvenas.se\/the-restaurant\/christmas-dinner-at-kalmar-strait\/stufvenas-christmas-dinner-guide\/"},"modified":"2024-06-20T10:13:11","modified_gmt":"2024-06-20T08:13:11","slug":"stufvenas-christmas-dinner-guide","status":"publish","type":"page","link":"https:\/\/stufvenas.se\/en\/the-restaurant\/christmas-dinner-at-kalmar-strait\/stufvenas-christmas-dinner-guide\/","title":{"rendered":"Stufven\u00e4s Christmas dinner guide"},"content":{"rendered":"\t\t<div data-elementor-type=\"wp-page\" data-elementor-id=\"15918\" class=\"elementor elementor-15918 elementor-6384\" data-elementor-post-type=\"page\">\n\t\t\t\t\t\t<section class=\"elementor-section elementor-top-section elementor-element elementor-element-c89a1e2 elementor-section-full_width elementor-section-height-min-height elementor-section-items-stretch elementor-section-height-default\" data-id=\"c89a1e2\" data-element_type=\"section\" data-e-type=\"section\">\n\t\t\t\t\t\t<div class=\"elementor-container elementor-column-gap-default\">\n\t\t\t\t\t<div class=\"elementor-column elementor-col-100 elementor-top-column elementor-element elementor-element-1b322ef\" data-id=\"1b322ef\" data-element_type=\"column\" data-e-type=\"column\" data-settings=\"{&quot;background_background&quot;:&quot;classic&quot;}\">\n\t\t\t<div class=\"elementor-widget-wrap elementor-element-populated\">\n\t\t\t\t\t<div class=\"elementor-background-overlay\"><\/div>\n\t\t\t\t\t\t<section class=\"elementor-section elementor-inner-section elementor-element elementor-element-4f99033 elementor-section-full_width elementor-section-height-min-height elementor-section-height-default\" data-id=\"4f99033\" data-element_type=\"section\" data-e-type=\"section\">\n\t\t\t\t\t\t<div class=\"elementor-container elementor-column-gap-default\">\n\t\t\t\t\t<div class=\"elementor-column elementor-col-50 elementor-inner-column elementor-element elementor-element-2d91eef\" data-id=\"2d91eef\" data-element_type=\"column\" data-e-type=\"column\">\n\t\t\t<div class=\"elementor-widget-wrap elementor-element-populated\">\n\t\t\t\t\t\t<div class=\"elementor-element elementor-element-edbfa31 elementor-widget elementor-widget-heading\" data-id=\"edbfa31\" data-element_type=\"widget\" data-e-type=\"widget\" data-widget_type=\"heading.default\">\n\t\t\t\t<div class=\"elementor-widget-container\">\n\t\t\t\t\t<h1 class=\"elementor-heading-title elementor-size-default\">Classic Christmas Dinner at Stufven\u00e4s G\u00e4stgifveri<\/h1>\t\t\t\t<\/div>\n\t\t\t\t<\/div>\n\t\t\t\t<div class=\"elementor-element elementor-element-6c3dbf5 elementor-widget elementor-widget-heading\" data-id=\"6c3dbf5\" data-element_type=\"widget\" data-e-type=\"widget\" data-widget_type=\"heading.default\">\n\t\t\t\t<div class=\"elementor-widget-container\">\n\t\t\t\t\t<h2 class=\"elementor-heading-title elementor-size-default\">Stufven\u00e4s Christmas dinner guide<\/h2>\t\t\t\t<\/div>\n\t\t\t\t<\/div>\n\t\t\t\t<div class=\"elementor-element elementor-element-3630616 elementor-widget elementor-widget-image\" data-id=\"3630616\" data-element_type=\"widget\" data-e-type=\"widget\" data-widget_type=\"image.default\">\n\t\t\t\t<div class=\"elementor-widget-container\">\n\t\t\t\t\t\t\t\t\t\t\t\t\t\t\t<img decoding=\"async\" width=\"26\" height=\"27\" src=\"https:\/\/stufvenas.se\/wp-content\/uploads\/2019\/06\/Stufvenas-Gastgifveri-UI-Pil.svg\" class=\"attachment-large size-large wp-image-2358\" alt=\"\" \/>\t\t\t\t\t\t\t\t\t\t\t\t\t\t\t<\/div>\n\t\t\t\t<\/div>\n\t\t\t\t\t<\/div>\n\t\t<\/div>\n\t\t\t\t<div class=\"elementor-column elementor-col-50 elementor-inner-column elementor-element elementor-element-e19f1f7\" data-id=\"e19f1f7\" data-element_type=\"column\" data-e-type=\"column\">\n\t\t\t<div class=\"elementor-widget-wrap\">\n\t\t\t\t\t\t\t<\/div>\n\t\t<\/div>\n\t\t\t\t\t<\/div>\n\t\t<\/section>\n\t\t\t\t\t<\/div>\n\t\t<\/div>\n\t\t\t\t\t<\/div>\n\t\t<\/section>\n\t\t\t\t<section class=\"elementor-section elementor-top-section elementor-element elementor-element-31d8023 elementor-section-boxed elementor-section-height-default elementor-section-height-default\" data-id=\"31d8023\" data-element_type=\"section\" data-e-type=\"section\">\n\t\t\t\t\t\t<div class=\"elementor-container elementor-column-gap-default\">\n\t\t\t\t\t<div class=\"elementor-column elementor-col-50 elementor-top-column elementor-element elementor-element-685ec0f\" data-id=\"685ec0f\" data-element_type=\"column\" data-e-type=\"column\">\n\t\t\t<div class=\"elementor-widget-wrap elementor-element-populated\">\n\t\t\t\t\t\t<div class=\"elementor-element elementor-element-3b40345 elementor-widget elementor-widget-heading\" data-id=\"3b40345\" data-element_type=\"widget\" data-e-type=\"widget\" data-widget_type=\"heading.default\">\n\t\t\t\t<div class=\"elementor-widget-container\">\n\t\t\t\t\t<h2 class=\"elementor-heading-title elementor-size-default\">Our Christmas dinner guide<\/h2>\t\t\t\t<\/div>\n\t\t\t\t<\/div>\n\t\t\t\t<div class=\"elementor-element elementor-element-843cf0a Underline-Link elementor-widget elementor-widget-text-editor\" data-id=\"843cf0a\" data-element_type=\"widget\" data-e-type=\"widget\" data-widget_type=\"text-editor.default\">\n\t\t\t\t<div class=\"elementor-widget-container\">\n\t\t\t\t\t\t\t\t\t<p><strong>A classic and tasty Christmas dinner you want to be able to eat a lot of and taste all the good delicacies. But it requires you to eat for a long time and in the traditional way in seven different steps. Here you get a guide on how to eat a Christmas dinner at Stufven\u00e4s G\u00e4stgifveri to get the best Christmas dinner experience.<\/strong><\/p>\n\t\t\t\t\t\t\t\t<\/div>\n\t\t\t\t<\/div>\n\t\t\t\t<div class=\"elementor-element elementor-element-185e027 elementor-widget elementor-widget-text-editor\" data-id=\"185e027\" data-element_type=\"widget\" data-e-type=\"widget\" data-widget_type=\"text-editor.default\">\n\t\t\t\t<div class=\"elementor-widget-container\">\n\t\t\t\t\t\t\t\t\t<p>We have created two different quality labels so that you, as our guest, can have the best dining experience with us.<\/p>\n<p>Enjoy your meal!<\/p>\n\t\t\t\t\t\t\t\t<\/div>\n\t\t\t\t<\/div>\n\t\t\t\t<section class=\"elementor-section elementor-inner-section elementor-element elementor-element-28c7832 elementor-section-boxed elementor-section-height-default elementor-section-height-default\" data-id=\"28c7832\" data-element_type=\"section\" data-e-type=\"section\" data-settings=\"{&quot;background_background&quot;:&quot;classic&quot;}\">\n\t\t\t\t\t\t<div class=\"elementor-container elementor-column-gap-default\">\n\t\t\t\t\t<div class=\"elementor-column elementor-col-50 elementor-inner-column elementor-element elementor-element-14268ab\" data-id=\"14268ab\" data-element_type=\"column\" data-e-type=\"column\">\n\t\t\t<div class=\"elementor-widget-wrap elementor-element-populated\">\n\t\t\t\t\t\t<div class=\"elementor-element elementor-element-7bede88 elementor-widget elementor-widget-image\" data-id=\"7bede88\" data-element_type=\"widget\" data-e-type=\"widget\" data-widget_type=\"image.default\">\n\t\t\t\t<div class=\"elementor-widget-container\">\n\t\t\t\t\t\t\t\t\t\t\t\t\t\t\t<img fetchpriority=\"high\" decoding=\"async\" width=\"1055\" height=\"1020\" src=\"https:\/\/stufvenas.se\/wp-content\/uploads\/2019\/09\/Stufvenas-Gastgifveri-Grafik-MadeBy-1.svg\" class=\"attachment-large size-large wp-image-3167\" alt=\"\" \/>\t\t\t\t\t\t\t\t\t\t\t\t\t\t\t<\/div>\n\t\t\t\t<\/div>\n\t\t\t\t\t<\/div>\n\t\t<\/div>\n\t\t\t\t<div class=\"elementor-column elementor-col-50 elementor-inner-column elementor-element elementor-element-5d33be6\" data-id=\"5d33be6\" data-element_type=\"column\" data-e-type=\"column\">\n\t\t\t<div class=\"elementor-widget-wrap elementor-element-populated\">\n\t\t\t\t\t\t<div class=\"elementor-element elementor-element-4545f89 elementor-widget elementor-widget-text-editor\" data-id=\"4545f89\" data-element_type=\"widget\" data-e-type=\"widget\" data-widget_type=\"text-editor.default\">\n\t\t\t\t<div class=\"elementor-widget-container\">\n\t\t\t\t\t\t\t\t\t<p>Made by Stufven\u00e4s is our own quality label indicating which food is prepared from scratch, with carefully selected ingredients, in our kitchen by our skilled kitchen team.<\/p>\n\t\t\t\t\t\t\t\t<\/div>\n\t\t\t\t<\/div>\n\t\t\t\t\t<\/div>\n\t\t<\/div>\n\t\t\t\t\t<\/div>\n\t\t<\/section>\n\t\t\t\t<section class=\"elementor-section elementor-inner-section elementor-element elementor-element-6b9f84b elementor-section-boxed elementor-section-height-default elementor-section-height-default\" data-id=\"6b9f84b\" data-element_type=\"section\" data-e-type=\"section\" data-settings=\"{&quot;background_background&quot;:&quot;classic&quot;}\">\n\t\t\t\t\t\t<div class=\"elementor-container elementor-column-gap-default\">\n\t\t\t\t\t<div class=\"elementor-column elementor-col-50 elementor-inner-column elementor-element elementor-element-1176d84\" data-id=\"1176d84\" data-element_type=\"column\" data-e-type=\"column\">\n\t\t\t<div class=\"elementor-widget-wrap elementor-element-populated\">\n\t\t\t\t\t\t<div class=\"elementor-element elementor-element-1463ccb elementor-widget elementor-widget-image\" data-id=\"1463ccb\" data-element_type=\"widget\" data-e-type=\"widget\" data-widget_type=\"image.default\">\n\t\t\t\t<div class=\"elementor-widget-container\">\n\t\t\t\t\t\t\t\t\t\t\t\t\t\t\t<img decoding=\"async\" width=\"472\" height=\"472\" src=\"https:\/\/stufvenas.se\/wp-content\/uploads\/2023\/12\/Closeby_logotyp.png\" class=\"attachment-large size-large wp-image-22843\" alt=\"\" srcset=\"https:\/\/stufvenas.se\/wp-content\/uploads\/2023\/12\/Closeby_logotyp.png 472w, https:\/\/stufvenas.se\/wp-content\/uploads\/2023\/12\/Closeby_logotyp-400x400.png 400w\" sizes=\"(max-width: 472px) 100vw, 472px\" \/>\t\t\t\t\t\t\t\t\t\t\t\t\t\t\t<\/div>\n\t\t\t\t<\/div>\n\t\t\t\t\t<\/div>\n\t\t<\/div>\n\t\t\t\t<div class=\"elementor-column elementor-col-50 elementor-inner-column elementor-element elementor-element-6fde726\" data-id=\"6fde726\" data-element_type=\"column\" data-e-type=\"column\">\n\t\t\t<div class=\"elementor-widget-wrap elementor-element-populated\">\n\t\t\t\t\t\t<div class=\"elementor-element elementor-element-59c3c4b elementor-widget elementor-widget-text-editor\" data-id=\"59c3c4b\" data-element_type=\"widget\" data-e-type=\"widget\" data-widget_type=\"text-editor.default\">\n\t\t\t\t<div class=\"elementor-widget-container\">\n\t\t\t\t\t\t\t\t\t<p>Close by Stufven\u00e4s is our quality label for really good and carefully selected locally produced products and ingredients.<\/p>\n\t\t\t\t\t\t\t\t<\/div>\n\t\t\t\t<\/div>\n\t\t\t\t\t<\/div>\n\t\t<\/div>\n\t\t\t\t\t<\/div>\n\t\t<\/section>\n\t\t\t\t\t<\/div>\n\t\t<\/div>\n\t\t\t\t<div class=\"elementor-column elementor-col-50 elementor-top-column elementor-element elementor-element-538895f\" data-id=\"538895f\" data-element_type=\"column\" data-e-type=\"column\" data-settings=\"{&quot;background_background&quot;:&quot;classic&quot;}\">\n\t\t\t<div class=\"elementor-widget-wrap elementor-element-populated\">\n\t\t\t\t\t\t<div class=\"elementor-element elementor-element-805c70a Underline-Link elementor-widget elementor-widget-text-editor\" data-id=\"805c70a\" data-element_type=\"widget\" data-e-type=\"widget\" data-widget_type=\"text-editor.default\">\n\t\t\t\t<div class=\"elementor-widget-container\">\n\t\t\t\t\t\t\t\t\t<h3>1.<\/h3>\n<p>When you arrive at Stufven\u00e4s G\u00e4stgifveri, the butler will show you to your table. There, we will serve you mulled wine with traditional accompaniments. While you drink your mulled wine, we will take your drink order.<\/p>\n\t\t\t\t\t\t\t\t<\/div>\n\t\t\t\t<\/div>\n\t\t\t\t<div class=\"elementor-element elementor-element-f28fac6 Underline-Link elementor-widget elementor-widget-text-editor\" data-id=\"f28fac6\" data-element_type=\"widget\" data-e-type=\"widget\" data-widget_type=\"text-editor.default\">\n\t\t\t\t<div class=\"elementor-widget-container\">\n\t\t\t\t\t\t\t\t\t<h3>2.<\/h3>\n<p>Then it&#8217;s time for the first plate. Head to the herring table and help yourself to herring with various marinades, boiled potatoes, cheese, and crisp bread. If you like schnapps, it might be a good idea to take the first shot now to get your digestion going.<\/p>\n\t\t\t\t\t\t\t\t<\/div>\n\t\t\t\t<\/div>\n\t\t\t\t<div class=\"elementor-element elementor-element-4e38d47 Underline-Link elementor-widget elementor-widget-text-editor\" data-id=\"4e38d47\" data-element_type=\"widget\" data-e-type=\"widget\" data-widget_type=\"text-editor.default\">\n\t\t\t\t<div class=\"elementor-widget-container\">\n\t\t\t\t\t\t\t\t\t<h3>3.<\/h3>\n<p>On the second plate, you should have the cold fish. Cold-smoked, hot-smoked, and cured salmon, seafood, mackerel, tuna, eel, and p\u00e2t\u00e9s.<\/p>\n\t\t\t\t\t\t\t\t<\/div>\n\t\t\t\t<\/div>\n\t\t\t\t<div class=\"elementor-element elementor-element-487f79e Underline-Link elementor-widget elementor-widget-text-editor\" data-id=\"487f79e\" data-element_type=\"widget\" data-e-type=\"widget\" data-widget_type=\"text-editor.default\">\n\t\t\t\t<div class=\"elementor-widget-container\">\n\t\t\t\t\t\t\t\t\t<h3>4.<\/h3>\n<p>The third plate is for the cold cuts with game, smoked sausages, jellied meats, and p\u00e2t\u00e9s. Don\u2019t forget a ham sandwich with some of our delicious homemade mustards.<\/p>\n\t\t\t\t\t\t\t\t<\/div>\n\t\t\t\t<\/div>\n\t\t\t\t<div class=\"elementor-element elementor-element-d68e47a Underline-Link elementor-widget elementor-widget-text-editor\" data-id=\"d68e47a\" data-element_type=\"widget\" data-e-type=\"widget\" data-widget_type=\"text-editor.default\">\n\t\t\t\t<div class=\"elementor-widget-container\">\n\t\t\t\t\t\t\t\t\t<h3>5.<\/h3>\n<p>Now you can attack the warm dishes with homemade Christmas meatballs, prinskorv, Jansson&#8217;s temptation, brown cabbage, red cabbage, kale, lutfisk, \u201cdopp i grytan\u201d and more.<\/p>\n\t\t\t\t\t\t\t\t<\/div>\n\t\t\t\t<\/div>\n\t\t\t\t<div class=\"elementor-element elementor-element-98d3ce0 Underline-Link elementor-widget elementor-widget-text-editor\" data-id=\"98d3ce0\" data-element_type=\"widget\" data-e-type=\"widget\" data-widget_type=\"text-editor.default\">\n\t\t\t\t<div class=\"elementor-widget-container\">\n\t\t\t\t\t\t\t\t\t<h3>6.<\/h3>\n<p>Dessert always goes down well. In our dessert room, you will find rice pudding, Stufven\u00e4s cheesecake, lemon mousse, panna cotta, chocolate pudding, fruit salad, and our own Sm\u00e5land version of mar\u00e4ngsviss. There is also a cheese platter and crackers.<\/p>\n\t\t\t\t\t\t\t\t<\/div>\n\t\t\t\t<\/div>\n\t\t\t\t<div class=\"elementor-element elementor-element-5e02a82 Underline-Link elementor-widget elementor-widget-text-editor\" data-id=\"5e02a82\" data-element_type=\"widget\" data-e-type=\"widget\" data-widget_type=\"text-editor.default\">\n\t\t\t\t<div class=\"elementor-widget-container\">\n\t\t\t\t\t\t\t\t\t<h3>7.<\/h3>\r\nLast but not least, it\u2019s time to end the meal with coffee, cookies, and Christmas sweets that we make ourselves or that are locally produced.\t\t\t\t\t\t\t\t<\/div>\n\t\t\t\t<\/div>\n\t\t\t\t<div class=\"elementor-element elementor-element-54637d2 Underline-Link elementor-widget elementor-widget-text-editor\" data-id=\"54637d2\" data-element_type=\"widget\" data-e-type=\"widget\" data-widget_type=\"text-editor.default\">\n\t\t\t\t<div class=\"elementor-widget-container\">\n\t\t\t\t\t\t\t\t\t<p>And hopefully, you have eaten slowly, enjoyed the company, and had a truly wonderful Christmas dinner experience with us at Stufven\u00e4s G\u00e4stgifveri, by the Kalmar Strait.<\/p>\n\t\t\t\t\t\t\t\t<\/div>\n\t\t\t\t<\/div>\n\t\t\t\t\t<\/div>\n\t\t<\/div>\n\t\t\t\t\t<\/div>\n\t\t<\/section>\n\t\t\t\t<\/div>\n\t\t","protected":false},"excerpt":{"rendered":"<p>Classic Christmas Dinner at Stufven\u00e4s G\u00e4stgifveri Stufven\u00e4s Christmas dinner guide Our Christmas dinner guide A classic and tasty Christmas dinner you want to be able to eat a lot of and taste all the good delicacies. But it requires you to eat for a long time and in the traditional way in seven different steps. [&hellip;]<\/p>\n","protected":false},"author":3,"featured_media":6357,"parent":15912,"menu_order":1,"comment_status":"closed","ping_status":"closed","template":"elementor_header_footer","meta":{"_acf_changed":false,"content-type":"","footnotes":""},"class_list":["post-15918","page","type-page","status-publish","has-post-thumbnail","hentry"],"acf":[],"_links":{"self":[{"href":"https:\/\/stufvenas.se\/en\/wp-json\/wp\/v2\/pages\/15918","targetHints":{"allow":["GET"]}}],"collection":[{"href":"https:\/\/stufvenas.se\/en\/wp-json\/wp\/v2\/pages"}],"about":[{"href":"https:\/\/stufvenas.se\/en\/wp-json\/wp\/v2\/types\/page"}],"author":[{"embeddable":true,"href":"https:\/\/stufvenas.se\/en\/wp-json\/wp\/v2\/users\/3"}],"replies":[{"embeddable":true,"href":"https:\/\/stufvenas.se\/en\/wp-json\/wp\/v2\/comments?post=15918"}],"version-history":[{"count":0,"href":"https:\/\/stufvenas.se\/en\/wp-json\/wp\/v2\/pages\/15918\/revisions"}],"up":[{"embeddable":true,"href":"https:\/\/stufvenas.se\/en\/wp-json\/wp\/v2\/pages\/15912"}],"wp:featuredmedia":[{"embeddable":true,"href":"https:\/\/stufvenas.se\/en\/wp-json\/wp\/v2\/media\/6357"}],"wp:attachment":[{"href":"https:\/\/stufvenas.se\/en\/wp-json\/wp\/v2\/media?parent=15918"}],"curies":[{"name":"wp","href":"https:\/\/api.w.org\/{rel}","templated":true}]}}