{"id":28769,"date":"2019-02-21T10:21:54","date_gmt":"2019-02-21T09:21:54","guid":{"rendered":"https:\/\/stufvenas.se\/datenschutzrichtlinie\/"},"modified":"2024-12-28T13:11:29","modified_gmt":"2024-12-28T12:11:29","slug":"datenschutzrichtlinie","status":"publish","type":"page","link":"https:\/\/stufvenas.se\/de\/datenschutzrichtlinie\/","title":{"rendered":"Datenschutzrichtlinie"},"content":{"rendered":"\t\t<div data-elementor-type=\"wp-post\" data-elementor-id=\"28769\" class=\"elementor elementor-28769 elementor-3\" data-elementor-post-type=\"page\">\n\t\t\t\t\t\t<section class=\"elementor-section elementor-top-section elementor-element elementor-element-25b8775 elementor-section-full_width elementor-section-height-min-height elementor-section-items-stretch elementor-section-height-default\" data-id=\"25b8775\" data-element_type=\"section\" data-e-type=\"section\" data-settings=\"{&quot;background_background&quot;:&quot;classic&quot;}\">\n\t\t\t\t\t\t\t<div class=\"elementor-background-overlay\"><\/div>\n\t\t\t\t\t\t\t<div class=\"elementor-container elementor-column-gap-default\">\n\t\t\t\t\t<div class=\"elementor-column elementor-col-100 elementor-top-column elementor-element elementor-element-7d2e88f\" data-id=\"7d2e88f\" data-element_type=\"column\" data-e-type=\"column\">\n\t\t\t<div class=\"elementor-widget-wrap elementor-element-populated\">\n\t\t\t\t\t\t<section class=\"elementor-section elementor-inner-section elementor-element elementor-element-c61a1d3 elementor-section-full_width elementor-section-height-min-height elementor-section-height-default\" data-id=\"c61a1d3\" data-element_type=\"section\" data-e-type=\"section\">\n\t\t\t\t\t\t<div class=\"elementor-container elementor-column-gap-default\">\n\t\t\t\t\t<div class=\"elementor-column elementor-col-50 elementor-inner-column elementor-element elementor-element-93cecc5\" data-id=\"93cecc5\" data-element_type=\"column\" data-e-type=\"column\">\n\t\t\t<div class=\"elementor-widget-wrap elementor-element-populated\">\n\t\t\t\t\t\t<div class=\"elementor-element elementor-element-73d7404 elementor-widget elementor-widget-heading\" data-id=\"73d7404\" data-element_type=\"widget\" data-e-type=\"widget\" data-widget_type=\"heading.default\">\n\t\t\t\t<div class=\"elementor-widget-container\">\n\t\t\t\t\t<h1 class=\"elementor-heading-title elementor-size-default\">GDPR<\/h1>\t\t\t\t<\/div>\n\t\t\t\t<\/div>\n\t\t\t\t<div class=\"elementor-element elementor-element-b60428a elementor-widget elementor-widget-heading\" data-id=\"b60428a\" data-element_type=\"widget\" data-e-type=\"widget\" data-widget_type=\"heading.default\">\n\t\t\t\t<div class=\"elementor-widget-container\">\n\t\t\t\t\t<h2 class=\"elementor-heading-title elementor-size-default\">Datenschutzrichtlinie<\/h2>\t\t\t\t<\/div>\n\t\t\t\t<\/div>\n\t\t\t\t<div class=\"elementor-element elementor-element-7dc7e97 elementor-widget elementor-widget-image\" data-id=\"7dc7e97\" data-element_type=\"widget\" data-e-type=\"widget\" data-widget_type=\"image.default\">\n\t\t\t\t<div class=\"elementor-widget-container\">\n\t\t\t\t\t\t\t\t\t\t\t\t\t\t\t<img decoding=\"async\" width=\"26\" height=\"27\" src=\"https:\/\/stufvenas.se\/wp-content\/uploads\/2019\/06\/Stufvenas-Gastgifveri-UI-Pil.svg\" class=\"attachment-large size-large wp-image-184\" alt=\"\" \/>\t\t\t\t\t\t\t\t\t\t\t\t\t\t\t<\/div>\n\t\t\t\t<\/div>\n\t\t\t\t\t<\/div>\n\t\t<\/div>\n\t\t\t\t<div class=\"elementor-column elementor-col-50 elementor-inner-column elementor-element elementor-element-e140665\" data-id=\"e140665\" data-element_type=\"column\" data-e-type=\"column\">\n\t\t\t<div class=\"elementor-widget-wrap\">\n\t\t\t\t\t\t\t<\/div>\n\t\t<\/div>\n\t\t\t\t\t<\/div>\n\t\t<\/section>\n\t\t\t\t\t<\/div>\n\t\t<\/div>\n\t\t\t\t\t<\/div>\n\t\t<\/section>\n\t\t\t\t<section class=\"elementor-section elementor-top-section elementor-element elementor-element-6dff4ed elementor-section-height-min-height elementor-hidden-tablet elementor-hidden-mobile elementor-section-boxed elementor-section-height-default elementor-section-items-middle\" data-id=\"6dff4ed\" data-element_type=\"section\" data-e-type=\"section\" data-settings=\"{&quot;background_background&quot;:&quot;classic&quot;}\">\n\t\t\t\t\t\t<div class=\"elementor-container elementor-column-gap-default\">\n\t\t\t\t\t<div class=\"elementor-column elementor-col-100 elementor-top-column elementor-element elementor-element-9fce504\" data-id=\"9fce504\" data-element_type=\"column\" data-e-type=\"column\">\n\t\t\t<div class=\"elementor-widget-wrap elementor-element-populated\">\n\t\t\t\t\t\t<div class=\"elementor-element elementor-element-93e344c elementor-nav-menu__align-center elementor-hidden-tablet elementor-hidden-mobile elementor-nav-menu--dropdown-tablet elementor-nav-menu__text-align-aside elementor-nav-menu--toggle elementor-nav-menu--burger elementor-widget elementor-widget-nav-menu\" data-id=\"93e344c\" data-element_type=\"widget\" data-e-type=\"widget\" data-settings=\"{&quot;layout&quot;:&quot;horizontal&quot;,&quot;submenu_icon&quot;:{&quot;value&quot;:&quot;&lt;i class=\\&quot;fas fa-caret-down\\&quot; aria-hidden=\\&quot;true\\&quot;&gt;&lt;\\\/i&gt;&quot;,&quot;library&quot;:&quot;fa-solid&quot;},&quot;toggle&quot;:&quot;burger&quot;}\" data-widget_type=\"nav-menu.default\">\n\t\t\t\t<div class=\"elementor-widget-container\">\n\t\t\t\t\t\t\t\t<nav aria-label=\"Men\u00fc\" class=\"elementor-nav-menu--main elementor-nav-menu__container elementor-nav-menu--layout-horizontal e--pointer-none\">\n\t\t\t\t<ul id=\"menu-1-93e344c\" class=\"elementor-nav-menu\"><li class=\"menu-item menu-item-type-post_type menu-item-object-page menu-item-1591\"><a href=\"https:\/\/stufvenas.se\/om-stufvenas-gastgiveri\/\" class=\"elementor-item\">\u00dcber Stufven\u00e4s G\u00e4stgiveri<\/a><\/li>\n<li class=\"menu-item menu-item-type-post_type menu-item-object-page menu-item-292\"><a href=\"https:\/\/stufvenas.se\/om-stufvenas-gastgiveri\/miljoarbete\/\" class=\"elementor-item\">Umweltschutzarbeit<\/a><\/li>\n<li class=\"menu-item menu-item-type-post_type menu-item-object-page menu-item-293\"><a href=\"https:\/\/stufvenas.se\/om-stufvenas-gastgiveri\/jobba-hos-oss\/\" class=\"elementor-item\">Arbeiten Sie mit uns<\/a><\/li>\n<li class=\"menu-item menu-item-type-post_type menu-item-object-page menu-item-294\"><a href=\"https:\/\/stufvenas.se\/om-stufvenas-gastgiveri\/historia\/\" class=\"elementor-item\">Geschichte<\/a><\/li>\n<li class=\"menu-item menu-item-type-post_type menu-item-object-page menu-item-24853\"><a href=\"https:\/\/stufvenas.se\/sekretesspolicy-eu\/\" class=\"elementor-item\">Datenschutzrichtlinie (EU)<\/a><\/li>\n<li class=\"menu-item menu-item-type-post_type menu-item-object-page menu-item-24854\"><a href=\"https:\/\/stufvenas.se\/cookie-policy-eu\/\" class=\"elementor-item\">Cookie-Richtlinie (EU)<\/a><\/li>\n<li class=\"menu-item menu-item-type-post_type menu-item-object-page menu-item-1034\"><a href=\"https:\/\/stufvenas.se\/kontakta-oss\/\" class=\"elementor-item\">Kontaktieren Sie uns<\/a><\/li>\n<\/ul>\t\t\t<\/nav>\n\t\t\t\t\t<div class=\"elementor-menu-toggle\" role=\"button\" tabindex=\"0\" aria-label=\"Men\u00fc Umschalter\" aria-expanded=\"false\">\n\t\t\t<i aria-hidden=\"true\" role=\"presentation\" class=\"elementor-menu-toggle__icon--open eicon-menu-bar\"><\/i><i aria-hidden=\"true\" role=\"presentation\" class=\"elementor-menu-toggle__icon--close eicon-close\"><\/i>\t\t<\/div>\n\t\t\t\t\t<nav class=\"elementor-nav-menu--dropdown elementor-nav-menu__container\" aria-hidden=\"true\">\n\t\t\t\t<ul id=\"menu-2-93e344c\" class=\"elementor-nav-menu\"><li class=\"menu-item menu-item-type-post_type menu-item-object-page menu-item-1591\"><a href=\"https:\/\/stufvenas.se\/om-stufvenas-gastgiveri\/\" class=\"elementor-item\" tabindex=\"-1\">\u00dcber Stufven\u00e4s G\u00e4stgiveri<\/a><\/li>\n<li class=\"menu-item menu-item-type-post_type menu-item-object-page menu-item-292\"><a href=\"https:\/\/stufvenas.se\/om-stufvenas-gastgiveri\/miljoarbete\/\" class=\"elementor-item\" tabindex=\"-1\">Umweltschutzarbeit<\/a><\/li>\n<li class=\"menu-item menu-item-type-post_type menu-item-object-page menu-item-293\"><a href=\"https:\/\/stufvenas.se\/om-stufvenas-gastgiveri\/jobba-hos-oss\/\" class=\"elementor-item\" tabindex=\"-1\">Arbeiten Sie mit uns<\/a><\/li>\n<li class=\"menu-item menu-item-type-post_type menu-item-object-page menu-item-294\"><a href=\"https:\/\/stufvenas.se\/om-stufvenas-gastgiveri\/historia\/\" class=\"elementor-item\" tabindex=\"-1\">Geschichte<\/a><\/li>\n<li class=\"menu-item menu-item-type-post_type menu-item-object-page menu-item-24853\"><a href=\"https:\/\/stufvenas.se\/sekretesspolicy-eu\/\" class=\"elementor-item\" tabindex=\"-1\">Datenschutzrichtlinie (EU)<\/a><\/li>\n<li class=\"menu-item menu-item-type-post_type menu-item-object-page menu-item-24854\"><a href=\"https:\/\/stufvenas.se\/cookie-policy-eu\/\" class=\"elementor-item\" tabindex=\"-1\">Cookie-Richtlinie (EU)<\/a><\/li>\n<li class=\"menu-item menu-item-type-post_type menu-item-object-page menu-item-1034\"><a href=\"https:\/\/stufvenas.se\/kontakta-oss\/\" class=\"elementor-item\" tabindex=\"-1\">Kontaktieren Sie uns<\/a><\/li>\n<\/ul>\t\t\t<\/nav>\n\t\t\t\t\t\t<\/div>\n\t\t\t\t<\/div>\n\t\t\t\t\t<\/div>\n\t\t<\/div>\n\t\t\t\t\t<\/div>\n\t\t<\/section>\n\t\t\t\t<section class=\"elementor-section elementor-top-section elementor-element elementor-element-0f3206a elementor-section-boxed elementor-section-height-default elementor-section-height-default\" data-id=\"0f3206a\" data-element_type=\"section\" data-e-type=\"section\">\n\t\t\t\t\t\t<div class=\"elementor-container elementor-column-gap-default\">\n\t\t\t\t\t<div class=\"elementor-column elementor-col-100 elementor-top-column elementor-element elementor-element-fe2a169\" data-id=\"fe2a169\" data-element_type=\"column\" data-e-type=\"column\">\n\t\t\t<div class=\"elementor-widget-wrap elementor-element-populated\">\n\t\t\t\t\t\t<div class=\"elementor-element elementor-element-3a87bcd elementor-widget elementor-widget-text-editor\" data-id=\"3a87bcd\" data-element_type=\"widget\" data-e-type=\"widget\" id=\"Underline-Link\" data-widget_type=\"text-editor.default\">\n\t\t\t\t<div class=\"elementor-widget-container\">\n\t\t\t\t\t\t\t\t\t<p>Wir \u00fcbernehmen die Verantwortung daf\u00fcr, dass alle personenbezogenen Daten, die Sie uns zur Verf\u00fcgung stellen, ausschlie\u00dflich innerhalb des Datensystems des Unternehmens verwendet und gem\u00e4\u00df der GDPR (Datenschutz-Grundverordnung) verarbeitet werden. Die Daten werden verwendet, um unsere Verpflichtungen Ihnen gegen\u00fcber zu erf\u00fcllen und den bestm\u00f6glichen Service zu bieten.<\/p>\n<p><strong>\u00a71. Verarbeitete Daten und Zweck<\/strong><\/p>\n<p>Wir verarbeiten folgende Datenarten:<\/p>\n<p>\u2014 \u00a71.1 Name der Kontaktperson, Telefonnummer, Adresse und E-Mail-Adresse.<\/p>\n<p>\u2014 \u00a71.2 Buchungen\/K\u00e4ufe.<\/p>\n<p>\u2014 \u00a71.3 Rechnungsdaten und Referenzperson, falls zutreffend.<\/p>\n<p><strong>\u00a72. Kontaktdaten<\/strong><\/p>\n<p>Unsere Kontaktdaten f\u00fcr Anfragen zur Auskunft, L\u00f6schung von Daten oder andere Fragen lauten:<\/p>\n<p>E-Mail: <a rel=\"noopener\">info@stufvenas.se<\/a><\/p>\n<p>Telefon: \u202d+46 70-877 37 11\u202c<\/p>\n<p><strong>\u00a73. Kontaktdaten des Datenschutzbeauftragten<\/strong><\/p>\n<p>Unsere Kontaktdaten f\u00fcr den Datenschutzbeauftragten sind identisch mit den oben genannten Kontaktdaten unter \u00a72.<\/p>\n<p><strong>\u00a74. Unsere Pflichten<\/strong><\/p>\n<p>Wir sind stets verpflichtet, innerhalb von 48 Stunden (an Werktagen) alle angeforderten Daten, Notizen und Informationen bereitzustellen. Ebenso gilt dies f\u00fcr die L\u00f6schung der Daten. Wir geben selbstverst\u00e4ndlich keine Daten an Dritte weiter oder an Personen, die nicht als berechtigte Person f\u00fcr die Daten oder als Lieferanten, die z. B. eine Adresse ben\u00f6tigen, verifiziert sind.<\/p>\n<p>Dar\u00fcber hinaus sind wir verpflichtet, Daten auf Wunsch zu korrigieren und zu aktualisieren. Dies soll so schnell wie m\u00f6glich, sp\u00e4testens jedoch innerhalb von 72 Stunden (an Werktagen), erfolgen. Sollten Sie der Meinung sein, dass wir unseren Pflichten nicht nachkommen, empfehlen wir, sich an die Aufsichtsbeh\u00f6rde zu wenden, falls keine Einigung erzielt wird.<\/p>\n<p>Sie haben das Recht, zu erfahren, wie wir die Daten erhalten haben. Diese Informationen werden wir transparent bereitstellen.<\/p>\n<p><strong>\u00a75. Widerruf der Einwilligung<\/strong><\/p>\n<p>Sie haben als Kunde oder Gesch\u00e4ftspartner jederzeit das Recht, Ihre Einwilligung zu diesem Vertrag zu widerrufen. Wenn Sie dies w\u00fcnschen, senden Sie uns eine E-Mail, in der Sie erkl\u00e4ren, dass Sie Ihre Einwilligung widerrufen m\u00f6chten. Dies tritt sofort in Kraft, und unsere Pflichten gem\u00e4\u00df \u00a74 werden automatisch aktiviert.<\/p>\n<p><strong>\u00a76. Recht auf Vergessenwerden<\/strong><\/p>\n<p>Als Kunde oder Gesch\u00e4ftspartner haben Sie jederzeit das Recht, &#8220;vergessen&#8221; zu werden. Sollten Sie dies w\u00fcnschen, senden Sie uns eine E-Mail und teilen Sie uns mit, dass Sie vergessen werden m\u00f6chten. Dies tritt sofort in Kraft, und unsere Pflichten gem\u00e4\u00df \u00a74 werden automatisch aktiviert.<\/p>\n<p><strong>\u00a77. G\u00fcltigkeitsdauer<\/strong><\/p>\n<p>Durch die Nutzung unserer Website stimmen Sie unserer Richtlinie zu. Diese Zustimmung gilt, bis sie aktiv widerrufen wird oder \u00a75 und \u00a76 aktiviert werden.<\/p>\n<p><strong>\u00a78. Nutzungsrechte<\/strong><\/p>\n<p>In diesem Abschnitt wird beschrieben, wer das Recht hat, die in \u00a71 genannten Daten zu nutzen. Mitarbeiter unseres Unternehmens haben das Recht, die Daten zu verwenden, die zur Erf\u00fcllung ihrer Arbeitsaufgaben erforderlich sind. Die Mitarbeiter haben eine interne Schulung gem\u00e4\u00df \u00a79 erhalten.<\/p>\n<p><strong>\u00a79. Benutzersicherheit<\/strong><\/p>\n<p>Das Personal, das personenbezogene Daten verarbeitet, wird intern und regelm\u00e4\u00dfig geschult, um die menschlichen Fehler so gering wie m\u00f6glich zu halten. Sie werden darin geschult, Daten \u00fcber einen l\u00e4ngeren Zeitraum sorgf\u00e4ltig zu behandeln und wissen, wie sie Kundendaten in unseren Systemen l\u00f6schen k\u00f6nnen.<\/p>\n<p><strong>\u00a710. Technische Sicherheit<\/strong><\/p>\n<p>Alle Daten mit sensiblen Informationen werden digital und mit verschl\u00fcsselter Sicherheit gespeichert.<\/p>\n<p><strong>\u00a711. Formulardaten<\/strong><\/p>\n<p>\u00dcber die Website \u00fcbermittelte Formulare werden digital gespeichert und \u00fcber eine verschl\u00fcsselte Verbindung gesendet. Diese Daten speichern wir, um unseren Service auf h\u00f6chstem Niveau zu halten.<\/p>\n<p><strong>\u00a712. Kundenregister und Bestellungen<\/strong><\/p>\n<p>Um den bestm\u00f6glichen Service zu gew\u00e4hrleisten und Anfragen zu Bestellungen, Reklamationen oder \u00c4hnlichem zu bearbeiten, bewahren wir die entsprechenden Daten auf, bis \u00a75 aktiviert wird.<\/p>\n<p><strong>\u00a713. Wartung<\/strong><\/p>\n<p>Wir \u00fcberpr\u00fcfen und aktualisieren unsere Richtlinie regelm\u00e4\u00dfig, viertelj\u00e4hrlich oder h\u00e4ufiger, falls erforderlich, damit sie stets aktuell und zuverl\u00e4ssig bleibt.<\/p>\n<p>&nbsp;<\/p>\n\t\t\t\t\t\t\t\t<\/div>\n\t\t\t\t<\/div>\n\t\t\t\t\t<\/div>\n\t\t<\/div>\n\t\t\t\t\t<\/div>\n\t\t<\/section>\n\t\t\t\t<\/div>\n\t\t","protected":false},"excerpt":{"rendered":"<p>GDPR Datenschutzrichtlinie Wir \u00fcbernehmen die Verantwortung daf\u00fcr, dass alle personenbezogenen Daten, die Sie uns zur Verf\u00fcgung stellen, ausschlie\u00dflich innerhalb des Datensystems des Unternehmens verwendet und gem\u00e4\u00df der GDPR (Datenschutz-Grundverordnung) verarbeitet werden. Die Daten werden verwendet, um unsere Verpflichtungen Ihnen gegen\u00fcber zu erf\u00fcllen und den bestm\u00f6glichen Service zu bieten. \u00a71. Verarbeitete Daten und Zweck Wir verarbeiten [&hellip;]<\/p>\n","protected":false},"author":3,"featured_media":0,"parent":0,"menu_order":1000,"comment_status":"closed","ping_status":"closed","template":"elementor_header_footer","meta":{"_acf_changed":false,"content-type":"","footnotes":""},"class_list":["post-28769","page","type-page","status-publish","hentry"],"acf":[],"_links":{"self":[{"href":"https:\/\/stufvenas.se\/de\/wp-json\/wp\/v2\/pages\/28769","targetHints":{"allow":["GET"]}}],"collection":[{"href":"https:\/\/stufvenas.se\/de\/wp-json\/wp\/v2\/pages"}],"about":[{"href":"https:\/\/stufvenas.se\/de\/wp-json\/wp\/v2\/types\/page"}],"author":[{"embeddable":true,"href":"https:\/\/stufvenas.se\/de\/wp-json\/wp\/v2\/users\/3"}],"replies":[{"embeddable":true,"href":"https:\/\/stufvenas.se\/de\/wp-json\/wp\/v2\/comments?post=28769"}],"version-history":[{"count":0,"href":"https:\/\/stufvenas.se\/de\/wp-json\/wp\/v2\/pages\/28769\/revisions"}],"wp:attachment":[{"href":"https:\/\/stufvenas.se\/de\/wp-json\/wp\/v2\/media?parent=28769"}],"curies":[{"name":"wp","href":"https:\/\/api.w.org\/{rel}","templated":true}]}}