{"id":28754,"date":"2019-06-17T14:35:01","date_gmt":"2019-06-17T12:35:01","guid":{"rendered":"https:\/\/stufvenas.se\/ueber-stufvenaes-gaestgiveri\/geschichte\/"},"modified":"2024-12-28T11:50:05","modified_gmt":"2024-12-28T10:50:05","slug":"geschichte","status":"publish","type":"page","link":"https:\/\/stufvenas.se\/de\/ueber-stufvenaes-gaestgiveri\/geschichte\/","title":{"rendered":"Geschichte"},"content":{"rendered":"\t\t<div data-elementor-type=\"wp-post\" data-elementor-id=\"28754\" class=\"elementor elementor-28754 elementor-267\" data-elementor-post-type=\"page\">\n\t\t\t\t\t\t<section class=\"elementor-section elementor-top-section elementor-element elementor-element-8cdc799 elementor-section-full_width elementor-section-height-min-height elementor-section-items-stretch elementor-section-height-default\" data-id=\"8cdc799\" data-element_type=\"section\" data-e-type=\"section\" data-settings=\"{&quot;background_background&quot;:&quot;classic&quot;}\">\n\t\t\t\t\t\t\t<div class=\"elementor-background-overlay\"><\/div>\n\t\t\t\t\t\t\t<div class=\"elementor-container elementor-column-gap-default\">\n\t\t\t\t\t<div class=\"elementor-column elementor-col-100 elementor-top-column elementor-element elementor-element-2d11b0b\" data-id=\"2d11b0b\" data-element_type=\"column\" data-e-type=\"column\">\n\t\t\t<div class=\"elementor-widget-wrap elementor-element-populated\">\n\t\t\t\t\t\t<section class=\"elementor-section elementor-inner-section elementor-element elementor-element-1a39157 elementor-section-full_width elementor-section-height-min-height elementor-section-height-default\" data-id=\"1a39157\" data-element_type=\"section\" data-e-type=\"section\">\n\t\t\t\t\t\t<div class=\"elementor-container elementor-column-gap-default\">\n\t\t\t\t\t<div class=\"elementor-column elementor-col-50 elementor-inner-column elementor-element elementor-element-293fc03\" data-id=\"293fc03\" data-element_type=\"column\" data-e-type=\"column\">\n\t\t\t<div class=\"elementor-widget-wrap elementor-element-populated\">\n\t\t\t\t\t\t<div class=\"elementor-element elementor-element-6750f6a elementor-widget elementor-widget-heading\" data-id=\"6750f6a\" data-element_type=\"widget\" data-e-type=\"widget\" data-widget_type=\"heading.default\">\n\t\t\t\t<div class=\"elementor-widget-container\">\n\t\t\t\t\t<h1 class=\"elementor-heading-title elementor-size-default\">Erfahren Sie mehr \u00fcber unsere<\/h1>\t\t\t\t<\/div>\n\t\t\t\t<\/div>\n\t\t\t\t<div class=\"elementor-element elementor-element-a70c65d elementor-widget elementor-widget-heading\" data-id=\"a70c65d\" data-element_type=\"widget\" data-e-type=\"widget\" data-widget_type=\"heading.default\">\n\t\t\t\t<div class=\"elementor-widget-container\">\n\t\t\t\t\t<h2 class=\"elementor-heading-title elementor-size-default\">Geschichte<\/h2>\t\t\t\t<\/div>\n\t\t\t\t<\/div>\n\t\t\t\t<div class=\"elementor-element elementor-element-98b2aeb elementor-widget elementor-widget-image\" data-id=\"98b2aeb\" data-element_type=\"widget\" data-e-type=\"widget\" data-widget_type=\"image.default\">\n\t\t\t\t<div class=\"elementor-widget-container\">\n\t\t\t\t\t\t\t\t\t\t\t\t\t\t\t<img decoding=\"async\" width=\"26\" height=\"27\" src=\"https:\/\/stufvenas.se\/wp-content\/uploads\/2019\/06\/Stufvenas-Gastgifveri-UI-Pil.svg\" class=\"attachment-large size-large wp-image-184\" alt=\"\" \/>\t\t\t\t\t\t\t\t\t\t\t\t\t\t\t<\/div>\n\t\t\t\t<\/div>\n\t\t\t\t\t<\/div>\n\t\t<\/div>\n\t\t\t\t<div class=\"elementor-column elementor-col-50 elementor-inner-column elementor-element elementor-element-0011ce7\" data-id=\"0011ce7\" data-element_type=\"column\" data-e-type=\"column\">\n\t\t\t<div class=\"elementor-widget-wrap\">\n\t\t\t\t\t\t\t<\/div>\n\t\t<\/div>\n\t\t\t\t\t<\/div>\n\t\t<\/section>\n\t\t\t\t\t<\/div>\n\t\t<\/div>\n\t\t\t\t\t<\/div>\n\t\t<\/section>\n\t\t\t\t<section class=\"elementor-section elementor-top-section elementor-element elementor-element-960eafb elementor-section-height-min-height elementor-hidden-tablet elementor-hidden-mobile elementor-section-boxed elementor-section-height-default elementor-section-items-middle\" data-id=\"960eafb\" data-element_type=\"section\" data-e-type=\"section\" data-settings=\"{&quot;background_background&quot;:&quot;classic&quot;}\">\n\t\t\t\t\t\t<div class=\"elementor-container elementor-column-gap-default\">\n\t\t\t\t\t<div class=\"elementor-column elementor-col-100 elementor-top-column elementor-element elementor-element-b2d2305\" data-id=\"b2d2305\" data-element_type=\"column\" data-e-type=\"column\">\n\t\t\t<div class=\"elementor-widget-wrap elementor-element-populated\">\n\t\t\t\t\t\t<div class=\"elementor-element elementor-element-54c910e elementor-nav-menu__align-center elementor-hidden-tablet elementor-hidden-mobile elementor-nav-menu--dropdown-tablet elementor-nav-menu__text-align-aside elementor-nav-menu--toggle elementor-nav-menu--burger elementor-widget elementor-widget-nav-menu\" data-id=\"54c910e\" data-element_type=\"widget\" data-e-type=\"widget\" data-settings=\"{&quot;layout&quot;:&quot;horizontal&quot;,&quot;submenu_icon&quot;:{&quot;value&quot;:&quot;&lt;i class=\\&quot;fas fa-caret-down\\&quot; aria-hidden=\\&quot;true\\&quot;&gt;&lt;\\\/i&gt;&quot;,&quot;library&quot;:&quot;fa-solid&quot;},&quot;toggle&quot;:&quot;burger&quot;}\" data-widget_type=\"nav-menu.default\">\n\t\t\t\t<div class=\"elementor-widget-container\">\n\t\t\t\t\t\t\t\t<nav aria-label=\"Men\u00fc\" class=\"elementor-nav-menu--main elementor-nav-menu__container elementor-nav-menu--layout-horizontal e--pointer-none\">\n\t\t\t\t<ul id=\"menu-1-54c910e\" class=\"elementor-nav-menu\"><li class=\"menu-item menu-item-type-post_type menu-item-object-page menu-item-1591\"><a href=\"https:\/\/stufvenas.se\/om-stufvenas-gastgiveri\/\" class=\"elementor-item\">\u00dcber Stufven\u00e4s G\u00e4stgiveri<\/a><\/li>\n<li class=\"menu-item menu-item-type-post_type menu-item-object-page menu-item-292\"><a href=\"https:\/\/stufvenas.se\/om-stufvenas-gastgiveri\/miljoarbete\/\" class=\"elementor-item\">Umweltschutzarbeit<\/a><\/li>\n<li class=\"menu-item menu-item-type-post_type menu-item-object-page menu-item-293\"><a href=\"https:\/\/stufvenas.se\/om-stufvenas-gastgiveri\/jobba-hos-oss\/\" class=\"elementor-item\">Arbeiten Sie mit uns<\/a><\/li>\n<li class=\"menu-item menu-item-type-post_type menu-item-object-page menu-item-294\"><a href=\"https:\/\/stufvenas.se\/om-stufvenas-gastgiveri\/historia\/\" class=\"elementor-item\">Geschichte<\/a><\/li>\n<li class=\"menu-item menu-item-type-post_type menu-item-object-page menu-item-24853\"><a href=\"https:\/\/stufvenas.se\/sekretesspolicy-eu\/\" class=\"elementor-item\">Datenschutzrichtlinie (EU)<\/a><\/li>\n<li class=\"menu-item menu-item-type-post_type menu-item-object-page menu-item-24854\"><a href=\"https:\/\/stufvenas.se\/cookie-policy-eu\/\" class=\"elementor-item\">Cookie-Richtlinie (EU)<\/a><\/li>\n<li class=\"menu-item menu-item-type-post_type menu-item-object-page menu-item-1034\"><a href=\"https:\/\/stufvenas.se\/kontakta-oss\/\" class=\"elementor-item\">Kontaktieren Sie uns<\/a><\/li>\n<\/ul>\t\t\t<\/nav>\n\t\t\t\t\t<div class=\"elementor-menu-toggle\" role=\"button\" tabindex=\"0\" aria-label=\"Men\u00fc Umschalter\" aria-expanded=\"false\">\n\t\t\t<i aria-hidden=\"true\" role=\"presentation\" class=\"elementor-menu-toggle__icon--open eicon-menu-bar\"><\/i><i aria-hidden=\"true\" role=\"presentation\" class=\"elementor-menu-toggle__icon--close eicon-close\"><\/i>\t\t<\/div>\n\t\t\t\t\t<nav class=\"elementor-nav-menu--dropdown elementor-nav-menu__container\" aria-hidden=\"true\">\n\t\t\t\t<ul id=\"menu-2-54c910e\" class=\"elementor-nav-menu\"><li class=\"menu-item menu-item-type-post_type menu-item-object-page menu-item-1591\"><a href=\"https:\/\/stufvenas.se\/om-stufvenas-gastgiveri\/\" class=\"elementor-item\" tabindex=\"-1\">\u00dcber Stufven\u00e4s G\u00e4stgiveri<\/a><\/li>\n<li class=\"menu-item menu-item-type-post_type menu-item-object-page menu-item-292\"><a href=\"https:\/\/stufvenas.se\/om-stufvenas-gastgiveri\/miljoarbete\/\" class=\"elementor-item\" tabindex=\"-1\">Umweltschutzarbeit<\/a><\/li>\n<li class=\"menu-item menu-item-type-post_type menu-item-object-page menu-item-293\"><a href=\"https:\/\/stufvenas.se\/om-stufvenas-gastgiveri\/jobba-hos-oss\/\" class=\"elementor-item\" tabindex=\"-1\">Arbeiten Sie mit uns<\/a><\/li>\n<li class=\"menu-item menu-item-type-post_type menu-item-object-page menu-item-294\"><a href=\"https:\/\/stufvenas.se\/om-stufvenas-gastgiveri\/historia\/\" class=\"elementor-item\" tabindex=\"-1\">Geschichte<\/a><\/li>\n<li class=\"menu-item menu-item-type-post_type menu-item-object-page menu-item-24853\"><a href=\"https:\/\/stufvenas.se\/sekretesspolicy-eu\/\" class=\"elementor-item\" tabindex=\"-1\">Datenschutzrichtlinie (EU)<\/a><\/li>\n<li class=\"menu-item menu-item-type-post_type menu-item-object-page menu-item-24854\"><a href=\"https:\/\/stufvenas.se\/cookie-policy-eu\/\" class=\"elementor-item\" tabindex=\"-1\">Cookie-Richtlinie (EU)<\/a><\/li>\n<li class=\"menu-item menu-item-type-post_type menu-item-object-page menu-item-1034\"><a href=\"https:\/\/stufvenas.se\/kontakta-oss\/\" class=\"elementor-item\" tabindex=\"-1\">Kontaktieren Sie uns<\/a><\/li>\n<\/ul>\t\t\t<\/nav>\n\t\t\t\t\t\t<\/div>\n\t\t\t\t<\/div>\n\t\t\t\t\t<\/div>\n\t\t<\/div>\n\t\t\t\t\t<\/div>\n\t\t<\/section>\n\t\t\t\t<section class=\"elementor-section elementor-top-section elementor-element elementor-element-7a9c0c1 elementor-section-boxed elementor-section-height-default elementor-section-height-default\" data-id=\"7a9c0c1\" data-element_type=\"section\" data-e-type=\"section\">\n\t\t\t\t\t\t<div class=\"elementor-container elementor-column-gap-default\">\n\t\t\t\t\t<div class=\"elementor-column elementor-col-100 elementor-top-column elementor-element elementor-element-ef361be\" data-id=\"ef361be\" data-element_type=\"column\" data-e-type=\"column\">\n\t\t\t<div class=\"elementor-widget-wrap elementor-element-populated\">\n\t\t\t\t\t\t<div class=\"elementor-element elementor-element-ccea9a5 elementor-widget elementor-widget-heading\" data-id=\"ccea9a5\" data-element_type=\"widget\" data-e-type=\"widget\" data-widget_type=\"heading.default\">\n\t\t\t\t<div class=\"elementor-widget-container\">\n\t\t\t\t\t<h2 class=\"elementor-heading-title elementor-size-default\">Die Geschichte von Stufven\u00e4s G\u00e4stgifveri<\/h2>\t\t\t\t<\/div>\n\t\t\t\t<\/div>\n\t\t\t\t<div class=\"elementor-element elementor-element-8cb7955 elementor-widget elementor-widget-text-editor\" data-id=\"8cb7955\" data-element_type=\"widget\" data-e-type=\"widget\" data-widget_type=\"text-editor.default\">\n\t\t\t\t<div class=\"elementor-widget-container\">\n\t\t\t\t\t\t\t\t\t<p>Der Ort, an dem Stufven\u00e4s liegt, ist eine uralte Siedlungsst\u00e4tte, die vor mehreren tausend Jahren bewohnt wurde. Der Weg durch den Wald hinunter zum Gasthof f\u00fchrt durch ein Gr\u00e4berfeld aus der Bronzezeit und der Eisenzeit. Hier befindet sich auch die Stufven\u00e4s-Quelle, die wohl eine alte Opferquelle war. Am Waldrand verl\u00e4uft in Nord-S\u00fcd-Richtung eine uralte Stra\u00dfe, m\u00f6glicherweise tausend Jahre alt, die weiter nach Fulvik, \u00c5d und P\u00e5bon\u00e4s Borg f\u00fchrt. Unweit des Gasthofs liegt der imposante bronzezeitliche Grabh\u00fcgel Bl\u00e5r\u00f6r. \u00d6stlich von uns steht die m\u00e4chtige Stufven\u00e4s-Eiche, die stark von den St\u00fcrmen der Zeit gezeichnet ist und einen Umfang von 9,7 Metern hat. Diese Eiche gilt als die drittgr\u00f6\u00dfte Eiche Schwedens.<\/p>\n<p>Stufven\u00e4s erscheint erstmals 1546 in den Geschichtsb\u00fcchern, als Gustav Wasa in einem seiner vielen Briefe dem Kronbauern Joen Fierse das Recht gibt, \u201eden Hof Stufven\u00e4s fertigzustellen und auszubauen, den er begonnen hatte.\u201c<\/p>\n<p>1553 befiehlt der K\u00f6nig Joen Fierse, inzwischen Vogt des K\u00f6nigshauses \u00fcber den Bezirk V\u00e4rnaby, auf W\u00e4rnan\u00e4s einen Wirtschaftshof zu errichten und ihm die L\u00e4ndereien S\u00f6dra V\u00e4rnaby, Stufven\u00e4s und N\u00e4ssj\u00f6kvarn zu unterstellen, \u201edie er allesamt bewirtschaften sollte\u201c. Dieser Wirtschaftshof wurde realisiert, und von den sieben K\u00f6nigsh\u00f6fen auf \u00d6land wurden Zuchtvieh wie K\u00fche und Schafe \u00fcbertragen, die sicherlich gro\u00dfen Nutzen in der Gegend brachten, solange der Hof bestand. Doch w\u00e4hrend des Nordischen Siebenj\u00e4hrigen Krieges brannten die D\u00e4nen das Anwesen 1564 nieder, das jedoch von Johan III. wieder aufgebaut wurde.<\/p>\n<p>1626 schenkte Gustav II. Adolf das Kronen-Torpet Stufven\u00e4s dem Industriepionier Johan Glawue, der in Germundslycke bei Halltorp die Glash\u00fctte B\u00f6kenberg gegr\u00fcndet hatte. Johan erhielt damit Zugang zu Laubw\u00e4ldern, die als Brennholz und f\u00fcr die Pottascheproduktion der Glash\u00fctte dienten.<\/p>\n<p>Sp\u00e4ter kam Stufven\u00e4s erneut in den Besitz von W\u00e4rnan\u00e4s, und 1798 wurde das heutige Stufven\u00e4s von Carl Mannerskantz auf W\u00e4rnan\u00e4s errichtet, der die Zeichnungen selbst angefertigt hatte. Stufven\u00e4s diente damals als G\u00e4stehaus f\u00fcr Carls Schwester, wenn sie zu Besuch kam.<\/p>\n<p>1802 heiratete Carl Mannerskantz&#8217; Nichte Beata Elisabeth Beckstadius, die Tochter eines Pfarrers aus Arby, den Major und Rittmeister der Sm\u00e5l\u00e4ndischen Dragoner, Claes Eric Silversparre. Sie war 17 Jahre alt, er fast 40. Das Paar zog nach Stufven\u00e4s und bekam drei S\u00f6hne und vier T\u00f6chter. Die S\u00f6hne starben jung, zwei T\u00f6chter heirateten, w\u00e4hrend zwei ihr ganzes Leben auf Stufven\u00e4s verbrachten. Der Rittmeister starb 1819, w\u00e4hrend Beata bis 91 Jahre alt wurde und 1877 verstarb. Die j\u00fcngste Tochter, Fr\u00e4ulein Charlotte, die letzte Silversparre auf Stufven\u00e4s, lebte bis 1902. Von ihr erz\u00e4hlt man, dass sie als \u201eihre Gnaden\u201c angesprochen werden wollte. Besuchte sie jemanden, fuhr sie in einer mit Pferden bespannten Kutsche mit Kutscher. Beim Aussteigen wurde ein Teppich f\u00fcr sie ausgerollt, damit ihr bodenlanger Rock nicht beschmutzt wurde.<\/p>\n<p>1884 wurde Stufven\u00e4s von Carl Hemmingsson gepachtet. Hemmingsson wurde in Link\u00f6ping geboren und kam 1867 als Verwalter nach W\u00e4rnan\u00e4s. Er heiratete Anna Sofia Handfast, und zusammen bekamen sie die Kinder Anna, Ebba, Signe und Axel. Ein weiterer Sohn starb leider im Kindesalter. Carl pachtete Stufven\u00e4s 30 Jahre lang, danach \u00fcbernahm sein Sohn Axel die Landwirtschaft. Axel war ein bekannter Kommunalpolitiker und einer der besten Sch\u00fctzen der Region. Zu seiner Zeit umfasste Stufven\u00e4s 43 Hektar Ackerland und 38 Hektar Weideland. Auf dem Hof gab es f\u00fcnf Arbeitspferde und zwanzig K\u00fche.<\/p>\n<p>1939 wurde Stufven\u00e4s von Ture Johansson gepachtet, der der letzte P\u00e4chter wurde. 1948 endete die Pacht, und Stufven\u00e4s wurde wieder direkt von W\u00e4rnan\u00e4s bewirtschaftet.<\/p>\n<p>Am 24. Juli 1953 brannten w\u00e4hrend eines starken Gewitters durch einen Blitzschlag Scheune, Stall und Schweinestall nieder. \u00dcbrig blieben das Hauptgeb\u00e4ude, das Brauhaus und der Seitenfl\u00fcgel.<\/p>\n<p>1984 kaufte Anna-Lisa Bergstr\u00f6m das Grundst\u00fcck und die Geb\u00e4ude auf Stufven\u00e4s und er\u00f6ffnete dort ein Erholungsheim f\u00fcr zur\u00fcckkehrende Missionare. Trotz guter Absicht war die wirtschaftliche Basis zu schwach, und das Unternehmen geriet in Schwierigkeiten.<\/p>\n<p>Im Herbst 1986 erwarb Sigvard Johansson Stufven\u00e4s. Er verliebte sich in den Ort und erkannte dessen Potenzial. Nach einem ersten Umbau er\u00f6ffnete er im Fr\u00fchjahr 1987 das Stufven\u00e4s G\u00e4stgifveri. Es folgten Jahrzehnte des Bauens und einer intensiven Entwicklung zu einem gut besuchten Kleinod am Kalmarsund. Sigvard f\u00fchrte das G\u00e4stgifveri zusammen mit seiner Frau Inger Johansson und ihren beiden Kindern Helena Berzelius und Magnus Berzelius.<\/p>\n<p>2019 wurde das Stufven\u00e4s G\u00e4stgifveri an Marcus Thell verkauft, der zusammen mit seinen Mitarbeitern das Stufven\u00e4s G\u00e4stgifveri in eine spannende Zukunft f\u00fchren soll. Unsere Werte sind Mut, Freude, Liebe und Engagement. Auf dieser Grundlage bewahren und verfeinern wir das Lebenswerk von Sigvard Johansson.<\/p>\n<p>Unsere Vision ist es, das beste G\u00e4stgifveri Schwedens zu werden und das naheliegendste Reiseziel f\u00fcr ein ganzheitliches Erlebnis zu sein.<\/p>\n<p>Herzlich willkommen!<\/p>\n\t\t\t\t\t\t\t\t<\/div>\n\t\t\t\t<\/div>\n\t\t\t\t\t<\/div>\n\t\t<\/div>\n\t\t\t\t\t<\/div>\n\t\t<\/section>\n\t\t\t\t<\/div>\n\t\t","protected":false},"excerpt":{"rendered":"<p>Erfahren Sie mehr \u00fcber unsere Geschichte Die Geschichte von Stufven\u00e4s G\u00e4stgifveri Der Ort, an dem Stufven\u00e4s liegt, ist eine uralte Siedlungsst\u00e4tte, die vor mehreren tausend Jahren bewohnt wurde. Der Weg durch den Wald hinunter zum Gasthof f\u00fchrt durch ein Gr\u00e4berfeld aus der Bronzezeit und der Eisenzeit. Hier befindet sich auch die Stufven\u00e4s-Quelle, die wohl eine [&hellip;]<\/p>\n","protected":false},"author":6,"featured_media":0,"parent":28730,"menu_order":2,"comment_status":"closed","ping_status":"closed","template":"elementor_header_footer","meta":{"_acf_changed":false,"content-type":"","footnotes":""},"class_list":["post-28754","page","type-page","status-publish","hentry"],"acf":[],"_links":{"self":[{"href":"https:\/\/stufvenas.se\/de\/wp-json\/wp\/v2\/pages\/28754","targetHints":{"allow":["GET"]}}],"collection":[{"href":"https:\/\/stufvenas.se\/de\/wp-json\/wp\/v2\/pages"}],"about":[{"href":"https:\/\/stufvenas.se\/de\/wp-json\/wp\/v2\/types\/page"}],"author":[{"embeddable":true,"href":"https:\/\/stufvenas.se\/de\/wp-json\/wp\/v2\/users\/6"}],"replies":[{"embeddable":true,"href":"https:\/\/stufvenas.se\/de\/wp-json\/wp\/v2\/comments?post=28754"}],"version-history":[{"count":0,"href":"https:\/\/stufvenas.se\/de\/wp-json\/wp\/v2\/pages\/28754\/revisions"}],"up":[{"embeddable":true,"href":"https:\/\/stufvenas.se\/de\/wp-json\/wp\/v2\/pages\/28730"}],"wp:attachment":[{"href":"https:\/\/stufvenas.se\/de\/wp-json\/wp\/v2\/media?parent=28754"}],"curies":[{"name":"wp","href":"https:\/\/api.w.org\/{rel}","templated":true}]}}