{"id":28752,"date":"2019-06-17T14:34:47","date_gmt":"2019-06-17T12:34:47","guid":{"rendered":"https:\/\/stufvenas.se\/ueber-stufvenaes-gaestgiveri\/arbeiten-sie-mit-uns\/"},"modified":"2025-03-26T09:30:26","modified_gmt":"2025-03-26T08:30:26","slug":"arbeiten-sie-mit-uns","status":"publish","type":"page","link":"https:\/\/stufvenas.se\/de\/ueber-stufvenaes-gaestgiveri\/arbeiten-sie-mit-uns\/","title":{"rendered":"Arbeiten Sie mit uns"},"content":{"rendered":"\t\t<div data-elementor-type=\"wp-post\" data-elementor-id=\"28752\" class=\"elementor elementor-28752 elementor-265\" data-elementor-post-type=\"page\">\n\t\t\t\t\t\t<section class=\"elementor-section elementor-top-section elementor-element elementor-element-978fbf6 elementor-section-full_width elementor-section-height-min-height elementor-section-items-stretch elementor-section-height-default\" data-id=\"978fbf6\" data-element_type=\"section\" data-e-type=\"section\" data-settings=\"{&quot;background_background&quot;:&quot;classic&quot;}\">\n\t\t\t\t\t\t\t<div class=\"elementor-background-overlay\"><\/div>\n\t\t\t\t\t\t\t<div class=\"elementor-container elementor-column-gap-default\">\n\t\t\t\t\t<div class=\"elementor-column elementor-col-100 elementor-top-column elementor-element elementor-element-1d28bca\" data-id=\"1d28bca\" data-element_type=\"column\" data-e-type=\"column\">\n\t\t\t<div class=\"elementor-widget-wrap elementor-element-populated\">\n\t\t\t\t\t\t<section class=\"elementor-section elementor-inner-section elementor-element elementor-element-23e1095 elementor-section-full_width elementor-section-height-min-height elementor-section-height-default\" data-id=\"23e1095\" data-element_type=\"section\" data-e-type=\"section\">\n\t\t\t\t\t\t<div class=\"elementor-container elementor-column-gap-default\">\n\t\t\t\t\t<div class=\"elementor-column elementor-col-50 elementor-inner-column elementor-element elementor-element-6dd1dca\" data-id=\"6dd1dca\" data-element_type=\"column\" data-e-type=\"column\">\n\t\t\t<div class=\"elementor-widget-wrap elementor-element-populated\">\n\t\t\t\t\t\t<div class=\"elementor-element elementor-element-f6d6cd7 elementor-widget elementor-widget-heading\" data-id=\"f6d6cd7\" data-element_type=\"widget\" data-e-type=\"widget\" data-widget_type=\"heading.default\">\n\t\t\t\t<div class=\"elementor-widget-container\">\n\t\t\t\t\t<h1 class=\"elementor-heading-title elementor-size-default\">TEAM STUFVEN\u00c4S<\/h1>\t\t\t\t<\/div>\n\t\t\t\t<\/div>\n\t\t\t\t<div class=\"elementor-element elementor-element-9cbfd60 elementor-widget elementor-widget-heading\" data-id=\"9cbfd60\" data-element_type=\"widget\" data-e-type=\"widget\" data-widget_type=\"heading.default\">\n\t\t\t\t<div class=\"elementor-widget-container\">\n\t\t\t\t\t<h2 class=\"elementor-heading-title elementor-size-default\">Arbeiten Sie mit uns<\/h2>\t\t\t\t<\/div>\n\t\t\t\t<\/div>\n\t\t\t\t<div class=\"elementor-element elementor-element-6cdc7a0 elementor-widget elementor-widget-image\" data-id=\"6cdc7a0\" data-element_type=\"widget\" data-e-type=\"widget\" data-widget_type=\"image.default\">\n\t\t\t\t<div class=\"elementor-widget-container\">\n\t\t\t\t\t\t\t\t\t\t\t\t\t\t\t<img decoding=\"async\" width=\"26\" height=\"27\" src=\"https:\/\/stufvenas.se\/wp-content\/uploads\/2019\/06\/Stufvenas-Gastgifveri-UI-Pil.svg\" class=\"attachment-large size-large wp-image-184\" alt=\"\" \/>\t\t\t\t\t\t\t\t\t\t\t\t\t\t\t<\/div>\n\t\t\t\t<\/div>\n\t\t\t\t\t<\/div>\n\t\t<\/div>\n\t\t\t\t<div class=\"elementor-column elementor-col-50 elementor-inner-column elementor-element elementor-element-5f7c4f5\" data-id=\"5f7c4f5\" data-element_type=\"column\" data-e-type=\"column\">\n\t\t\t<div class=\"elementor-widget-wrap\">\n\t\t\t\t\t\t\t<\/div>\n\t\t<\/div>\n\t\t\t\t\t<\/div>\n\t\t<\/section>\n\t\t\t\t\t<\/div>\n\t\t<\/div>\n\t\t\t\t\t<\/div>\n\t\t<\/section>\n\t\t\t\t<section class=\"elementor-section elementor-top-section elementor-element elementor-element-ecfa83a elementor-section-height-min-height elementor-hidden-tablet elementor-hidden-mobile elementor-section-boxed elementor-section-height-default elementor-section-items-middle\" data-id=\"ecfa83a\" data-element_type=\"section\" data-e-type=\"section\" data-settings=\"{&quot;background_background&quot;:&quot;classic&quot;}\">\n\t\t\t\t\t\t<div class=\"elementor-container elementor-column-gap-default\">\n\t\t\t\t\t<div class=\"elementor-column elementor-col-100 elementor-top-column elementor-element elementor-element-eb20f6b\" data-id=\"eb20f6b\" data-element_type=\"column\" data-e-type=\"column\">\n\t\t\t<div class=\"elementor-widget-wrap elementor-element-populated\">\n\t\t\t\t\t\t<div class=\"elementor-element elementor-element-acac815 elementor-nav-menu__align-center elementor-hidden-tablet elementor-hidden-mobile elementor-nav-menu--dropdown-tablet elementor-nav-menu__text-align-aside elementor-nav-menu--toggle elementor-nav-menu--burger elementor-widget elementor-widget-nav-menu\" data-id=\"acac815\" data-element_type=\"widget\" data-e-type=\"widget\" data-settings=\"{&quot;layout&quot;:&quot;horizontal&quot;,&quot;submenu_icon&quot;:{&quot;value&quot;:&quot;&lt;i class=\\&quot;fas fa-caret-down\\&quot; aria-hidden=\\&quot;true\\&quot;&gt;&lt;\\\/i&gt;&quot;,&quot;library&quot;:&quot;fa-solid&quot;},&quot;toggle&quot;:&quot;burger&quot;}\" data-widget_type=\"nav-menu.default\">\n\t\t\t\t<div class=\"elementor-widget-container\">\n\t\t\t\t\t\t\t\t<nav aria-label=\"Meny\" class=\"elementor-nav-menu--main elementor-nav-menu__container elementor-nav-menu--layout-horizontal e--pointer-none\">\n\t\t\t\t<ul id=\"menu-1-acac815\" class=\"elementor-nav-menu\"><li class=\"menu-item menu-item-type-post_type menu-item-object-page menu-item-1591\"><a href=\"https:\/\/stufvenas.se\/om-stufvenas-gastgiveri\/\" class=\"elementor-item\">\u00dcber Stufven\u00e4s G\u00e4stgiveri<\/a><\/li>\n<li class=\"menu-item menu-item-type-post_type menu-item-object-page menu-item-292\"><a href=\"https:\/\/stufvenas.se\/om-stufvenas-gastgiveri\/miljoarbete\/\" class=\"elementor-item\">Umweltschutzarbeit<\/a><\/li>\n<li class=\"menu-item menu-item-type-post_type menu-item-object-page menu-item-293\"><a href=\"https:\/\/stufvenas.se\/om-stufvenas-gastgiveri\/jobba-hos-oss\/\" class=\"elementor-item\">Arbeiten Sie mit uns<\/a><\/li>\n<li class=\"menu-item menu-item-type-post_type menu-item-object-page menu-item-294\"><a href=\"https:\/\/stufvenas.se\/om-stufvenas-gastgiveri\/historia\/\" class=\"elementor-item\">Geschichte<\/a><\/li>\n<li class=\"menu-item menu-item-type-post_type menu-item-object-page menu-item-24853\"><a href=\"https:\/\/stufvenas.se\/sekretesspolicy-eu\/\" class=\"elementor-item\">Datenschutzrichtlinie (EU)<\/a><\/li>\n<li class=\"menu-item menu-item-type-post_type menu-item-object-page menu-item-24854\"><a href=\"https:\/\/stufvenas.se\/cookie-policy-eu\/\" class=\"elementor-item\">Cookie-Richtlinie (EU)<\/a><\/li>\n<li class=\"menu-item menu-item-type-post_type menu-item-object-page menu-item-1034\"><a href=\"https:\/\/stufvenas.se\/kontakta-oss\/\" class=\"elementor-item\">Kontaktieren Sie uns<\/a><\/li>\n<\/ul>\t\t\t<\/nav>\n\t\t\t\t\t<div class=\"elementor-menu-toggle\" role=\"button\" tabindex=\"0\" aria-label=\"Men\u00fc Umschalter\" aria-expanded=\"false\">\n\t\t\t<i aria-hidden=\"true\" role=\"presentation\" class=\"elementor-menu-toggle__icon--open eicon-menu-bar\"><\/i><i aria-hidden=\"true\" role=\"presentation\" class=\"elementor-menu-toggle__icon--close eicon-close\"><\/i>\t\t<\/div>\n\t\t\t\t\t<nav class=\"elementor-nav-menu--dropdown elementor-nav-menu__container\" aria-hidden=\"true\">\n\t\t\t\t<ul id=\"menu-2-acac815\" class=\"elementor-nav-menu\"><li class=\"menu-item menu-item-type-post_type menu-item-object-page menu-item-1591\"><a href=\"https:\/\/stufvenas.se\/om-stufvenas-gastgiveri\/\" class=\"elementor-item\" tabindex=\"-1\">\u00dcber Stufven\u00e4s G\u00e4stgiveri<\/a><\/li>\n<li class=\"menu-item menu-item-type-post_type menu-item-object-page menu-item-292\"><a href=\"https:\/\/stufvenas.se\/om-stufvenas-gastgiveri\/miljoarbete\/\" class=\"elementor-item\" tabindex=\"-1\">Umweltschutzarbeit<\/a><\/li>\n<li class=\"menu-item menu-item-type-post_type menu-item-object-page menu-item-293\"><a href=\"https:\/\/stufvenas.se\/om-stufvenas-gastgiveri\/jobba-hos-oss\/\" class=\"elementor-item\" tabindex=\"-1\">Arbeiten Sie mit uns<\/a><\/li>\n<li class=\"menu-item menu-item-type-post_type menu-item-object-page menu-item-294\"><a href=\"https:\/\/stufvenas.se\/om-stufvenas-gastgiveri\/historia\/\" class=\"elementor-item\" tabindex=\"-1\">Geschichte<\/a><\/li>\n<li class=\"menu-item menu-item-type-post_type menu-item-object-page menu-item-24853\"><a href=\"https:\/\/stufvenas.se\/sekretesspolicy-eu\/\" class=\"elementor-item\" tabindex=\"-1\">Datenschutzrichtlinie (EU)<\/a><\/li>\n<li class=\"menu-item menu-item-type-post_type menu-item-object-page menu-item-24854\"><a href=\"https:\/\/stufvenas.se\/cookie-policy-eu\/\" class=\"elementor-item\" tabindex=\"-1\">Cookie-Richtlinie (EU)<\/a><\/li>\n<li class=\"menu-item menu-item-type-post_type menu-item-object-page menu-item-1034\"><a href=\"https:\/\/stufvenas.se\/kontakta-oss\/\" class=\"elementor-item\" tabindex=\"-1\">Kontaktieren Sie uns<\/a><\/li>\n<\/ul>\t\t\t<\/nav>\n\t\t\t\t\t\t<\/div>\n\t\t\t\t<\/div>\n\t\t\t\t\t<\/div>\n\t\t<\/div>\n\t\t\t\t\t<\/div>\n\t\t<\/section>\n\t\t\t\t<section class=\"elementor-section elementor-top-section elementor-element elementor-element-521eeee elementor-section-boxed elementor-section-height-default elementor-section-height-default\" data-id=\"521eeee\" data-element_type=\"section\" data-e-type=\"section\">\n\t\t\t\t\t\t<div class=\"elementor-container elementor-column-gap-default\">\n\t\t\t\t\t<div class=\"elementor-column elementor-col-100 elementor-top-column elementor-element elementor-element-5e1edd7\" data-id=\"5e1edd7\" data-element_type=\"column\" data-e-type=\"column\">\n\t\t\t<div class=\"elementor-widget-wrap elementor-element-populated\">\n\t\t\t\t\t\t<div class=\"elementor-element elementor-element-ae4fc80 elementor-widget elementor-widget-heading\" data-id=\"ae4fc80\" data-element_type=\"widget\" data-e-type=\"widget\" data-widget_type=\"heading.default\">\n\t\t\t\t<div class=\"elementor-widget-container\">\n\t\t\t\t\t<h2 class=\"elementor-heading-title elementor-size-default\">Jetzt suchen wir weitere Leute f\u00fcr das Team Stufven\u00e4s<\/h2>\t\t\t\t<\/div>\n\t\t\t\t<\/div>\n\t\t\t\t<div class=\"elementor-element elementor-element-8b81def Underline-Link elementor-widget__width-initial elementor-widget elementor-widget-text-editor\" data-id=\"8b81def\" data-element_type=\"widget\" data-e-type=\"widget\" data-widget_type=\"text-editor.default\">\n\t\t\t\t<div class=\"elementor-widget-container\">\n\t\t\t\t\t\t\t\t\t<p>&nbsp;<\/p>\n<h3><strong>Wir suchen immer mutige, liebevolle, fr\u00f6hliche und engagierte Mitarbeitende f\u00fcr Team Stufven\u00e4s.<\/strong><\/h3>\n<p>Wir nehmen auch gerne Praktikanten ab dem Gymnasium und aufw\u00e4rts auf.<\/p>\n<p>Du bist jederzeit herzlich eingeladen, uns ein pers\u00f6nliches Anschreiben und deinen Lebenslauf zu senden an Marcus Thell, Gesch\u00e4ftsf\u00fchrer, unter <a href=\"mailto:marcus@stufvenas.se\" rel=\"noopener\">marcus@stufvenas.se<\/a><\/p>\n<p>Viel Erfolg und herzlich willkommen mit deiner Bewerbung<span style=\"font-size: 1rem;\">!<\/span><\/p>\n<p style=\"text-align: center;\"><span style=\"text-align: center;\">&#8230;&#8230;&#8230;&#8230;&#8230;&#8230;&#8230;&#8230;&#8230;&#8230;&#8230;&#8230;&#8230;&#8230;&#8230;&#8230;&#8230;&#8230;&#8230;&#8230;&#8230;&#8230;&#8230;&#8230;&#8230;&#8230;&#8230;&#8230;&#8230;&#8230;&#8230;&#8230;..<\/span><\/p>\n<p>Als Mitarbeiter bei uns wirst du Teil des wunderbaren und famili\u00e4ren Stufven\u00e4s-Teams. Gemeinsam mit der Leitung und den Vorgesetzten setzen wir die G\u00e4steerfahrung und die Gastfreundschaft auf Weltklasseniveau in den Mittelpunkt. Unser R\u00fcckgrat sind die Unternehmenswerte Mut, Liebe, Freude und Engagement.<\/p>\n<p>Als Arbeitgeber k\u00fcmmern wir uns um unsere Mitarbeiter und haben daher eine geringe Fluktuation. Unser Ziel ist es, unsere Mitarbeitenden entsprechend ihren Bed\u00fcrfnissen und ihrem Wunsch, ihre Kenntnisse zu verbessern und weiterzuentwickeln, zu f\u00f6rdern. Wir unterst\u00fctzen die Kreativit\u00e4t unserer Mitarbeiter und ermutigen sie, stolz auf das zu sein, was sie schaffen. Mit klaren Zielen und Inspiration trauen sich unsere Mitarbeitenden, ihre Komfortzone zu verlassen.<\/p>\n<p>Jede Mitarbeitendenleistung ist wichtig. Wir arbeiten mit klaren Zielen und konzentrieren uns darauf, ein Unternehmen mit hohem Serviceniveau und Effizienz zu schaffen. Wir setzen uns f\u00fcr Gleichstellung und Vielfalt ein.<\/p>\n<p>Wir m\u00f6chten ein attraktiver Arbeitsplatz sein, an dem die Mitarbeitenden sowohl beruflich als auch pers\u00f6nlich wachsen und sich weiterentwickeln k\u00f6nnen. Wir bieten ein gutes Arbeitsumfeld, in dem sich alle Mitarbeitenden wohlf\u00fchlen, entwickeln und stolz auf ihre Arbeit sind. Wir f\u00f6rdern Gesundheit und streben danach, dass alle Mitarbeitenden eine Balance zwischen Arbeit und Freizeit finden.<\/p>\n\t\t\t\t\t\t\t\t<\/div>\n\t\t\t\t<\/div>\n\t\t\t\t\t<\/div>\n\t\t<\/div>\n\t\t\t\t\t<\/div>\n\t\t<\/section>\n\t\t\t\t<\/div>\n\t\t","protected":false},"excerpt":{"rendered":"<p>TEAM STUFVEN\u00c4S Arbeiten Sie mit uns Jetzt suchen wir weitere Leute f\u00fcr das Team Stufven\u00e4s &nbsp; Wir suchen immer mutige, liebevolle, fr\u00f6hliche und engagierte Mitarbeitende f\u00fcr Team Stufven\u00e4s. Wir nehmen auch gerne Praktikanten ab dem Gymnasium und aufw\u00e4rts auf. Du bist jederzeit herzlich eingeladen, uns ein pers\u00f6nliches Anschreiben und deinen Lebenslauf zu senden an Marcus [&hellip;]<\/p>\n","protected":false},"author":6,"featured_media":0,"parent":28730,"menu_order":1,"comment_status":"closed","ping_status":"closed","template":"elementor_header_footer","meta":{"_acf_changed":false,"content-type":"","footnotes":""},"class_list":["post-28752","page","type-page","status-publish","hentry"],"acf":[],"_links":{"self":[{"href":"https:\/\/stufvenas.se\/de\/wp-json\/wp\/v2\/pages\/28752","targetHints":{"allow":["GET"]}}],"collection":[{"href":"https:\/\/stufvenas.se\/de\/wp-json\/wp\/v2\/pages"}],"about":[{"href":"https:\/\/stufvenas.se\/de\/wp-json\/wp\/v2\/types\/page"}],"author":[{"embeddable":true,"href":"https:\/\/stufvenas.se\/de\/wp-json\/wp\/v2\/users\/6"}],"replies":[{"embeddable":true,"href":"https:\/\/stufvenas.se\/de\/wp-json\/wp\/v2\/comments?post=28752"}],"version-history":[{"count":0,"href":"https:\/\/stufvenas.se\/de\/wp-json\/wp\/v2\/pages\/28752\/revisions"}],"up":[{"embeddable":true,"href":"https:\/\/stufvenas.se\/de\/wp-json\/wp\/v2\/pages\/28730"}],"wp:attachment":[{"href":"https:\/\/stufvenas.se\/de\/wp-json\/wp\/v2\/media?parent=28752"}],"curies":[{"name":"wp","href":"https:\/\/api.w.org\/{rel}","templated":true}]}}