{"id":28717,"date":"2019-06-17T14:33:41","date_gmt":"2019-06-17T12:33:41","guid":{"rendered":"https:\/\/stufvenas.se\/hochzeit-feier\/trauung\/"},"modified":"2025-04-14T17:45:58","modified_gmt":"2025-04-14T15:45:58","slug":"trauung","status":"publish","type":"page","link":"https:\/\/stufvenas.se\/de\/hochzeit-feier\/trauung\/","title":{"rendered":"Trauung"},"content":{"rendered":"\t\t<div data-elementor-type=\"wp-post\" data-elementor-id=\"28717\" class=\"elementor elementor-28717 elementor-259\" data-elementor-post-type=\"page\">\n\t\t\t\t\t\t<section class=\"elementor-section elementor-top-section elementor-element elementor-element-d15dc83 elementor-section-full_width elementor-section-height-min-height elementor-section-items-stretch elementor-section-height-default\" data-id=\"d15dc83\" data-element_type=\"section\" data-e-type=\"section\" data-settings=\"{&quot;background_background&quot;:&quot;classic&quot;}\">\n\t\t\t\t\t\t\t<div class=\"elementor-background-overlay\"><\/div>\n\t\t\t\t\t\t\t<div class=\"elementor-container elementor-column-gap-default\">\n\t\t\t\t\t<div class=\"elementor-column elementor-col-100 elementor-top-column elementor-element elementor-element-dc2849a\" data-id=\"dc2849a\" data-element_type=\"column\" data-e-type=\"column\">\n\t\t\t<div class=\"elementor-widget-wrap elementor-element-populated\">\n\t\t\t\t\t\t<section class=\"elementor-section elementor-inner-section elementor-element elementor-element-a5dde95 elementor-section-full_width elementor-section-height-min-height elementor-section-height-default\" data-id=\"a5dde95\" data-element_type=\"section\" data-e-type=\"section\">\n\t\t\t\t\t\t<div class=\"elementor-container elementor-column-gap-default\">\n\t\t\t\t\t<div class=\"elementor-column elementor-col-50 elementor-inner-column elementor-element elementor-element-f1678b1\" data-id=\"f1678b1\" data-element_type=\"column\" data-e-type=\"column\">\n\t\t\t<div class=\"elementor-widget-wrap elementor-element-populated\">\n\t\t\t\t\t\t<div class=\"elementor-element elementor-element-69bc887 elementor-widget elementor-widget-heading\" data-id=\"69bc887\" data-element_type=\"widget\" data-e-type=\"widget\" data-widget_type=\"heading.default\">\n\t\t\t\t<div class=\"elementor-widget-container\">\n\t\t\t\t\t<h1 class=\"elementor-heading-title elementor-size-default\">In der Kirche oder am Meer<\/h1>\t\t\t\t<\/div>\n\t\t\t\t<\/div>\n\t\t\t\t<div class=\"elementor-element elementor-element-bea14e4 elementor-widget elementor-widget-heading\" data-id=\"bea14e4\" data-element_type=\"widget\" data-e-type=\"widget\" data-widget_type=\"heading.default\">\n\t\t\t\t<div class=\"elementor-widget-container\">\n\t\t\t\t\t<h2 class=\"elementor-heading-title elementor-size-default\"> Trauung<\/h2>\t\t\t\t<\/div>\n\t\t\t\t<\/div>\n\t\t\t\t<div class=\"elementor-element elementor-element-8d7ae0b elementor-widget elementor-widget-image\" data-id=\"8d7ae0b\" data-element_type=\"widget\" data-e-type=\"widget\" data-widget_type=\"image.default\">\n\t\t\t\t<div class=\"elementor-widget-container\">\n\t\t\t\t\t\t\t\t\t\t\t\t\t\t\t<img decoding=\"async\" width=\"26\" height=\"27\" src=\"https:\/\/stufvenas.se\/wp-content\/uploads\/2019\/06\/Stufvenas-Gastgifveri-UI-Pil.svg\" class=\"attachment-large size-large wp-image-184\" alt=\"\" \/>\t\t\t\t\t\t\t\t\t\t\t\t\t\t\t<\/div>\n\t\t\t\t<\/div>\n\t\t\t\t\t<\/div>\n\t\t<\/div>\n\t\t\t\t<div class=\"elementor-column elementor-col-50 elementor-inner-column elementor-element elementor-element-4d91aaf\" data-id=\"4d91aaf\" data-element_type=\"column\" data-e-type=\"column\">\n\t\t\t<div class=\"elementor-widget-wrap\">\n\t\t\t\t\t\t\t<\/div>\n\t\t<\/div>\n\t\t\t\t\t<\/div>\n\t\t<\/section>\n\t\t\t\t\t<\/div>\n\t\t<\/div>\n\t\t\t\t\t<\/div>\n\t\t<\/section>\n\t\t\t\t<section class=\"elementor-section elementor-top-section elementor-element elementor-element-59d8405 elementor-section-height-min-height elementor-hidden-tablet elementor-hidden-mobile elementor-section-boxed elementor-section-height-default elementor-section-items-middle\" data-id=\"59d8405\" data-element_type=\"section\" data-e-type=\"section\" data-settings=\"{&quot;background_background&quot;:&quot;classic&quot;}\">\n\t\t\t\t\t\t<div class=\"elementor-container elementor-column-gap-default\">\n\t\t\t\t\t<div class=\"elementor-column elementor-col-100 elementor-top-column elementor-element elementor-element-945f5f7\" data-id=\"945f5f7\" data-element_type=\"column\" data-e-type=\"column\">\n\t\t\t<div class=\"elementor-widget-wrap elementor-element-populated\">\n\t\t\t\t\t\t<div class=\"elementor-element elementor-element-de140c2 elementor-nav-menu__align-center elementor-nav-menu--dropdown-tablet elementor-nav-menu__text-align-aside elementor-widget elementor-widget-nav-menu\" data-id=\"de140c2\" data-element_type=\"widget\" data-e-type=\"widget\" data-settings=\"{&quot;layout&quot;:&quot;horizontal&quot;,&quot;submenu_icon&quot;:{&quot;value&quot;:&quot;&lt;i class=\\&quot;fas fa-caret-down\\&quot; aria-hidden=\\&quot;true\\&quot;&gt;&lt;\\\/i&gt;&quot;,&quot;library&quot;:&quot;fa-solid&quot;}}\" data-widget_type=\"nav-menu.default\">\n\t\t\t\t<div class=\"elementor-widget-container\">\n\t\t\t\t\t\t\t\t<nav aria-label=\"Meny\" class=\"elementor-nav-menu--main elementor-nav-menu__container elementor-nav-menu--layout-horizontal e--pointer-none\">\n\t\t\t\t<ul id=\"menu-1-de140c2\" class=\"elementor-nav-menu\"><li class=\"menu-item menu-item-type-post_type menu-item-object-page menu-item-287\"><a href=\"https:\/\/stufvenas.se\/brollop-fest\/brollop\/\" class=\"elementor-item\">Hochzeit<\/a><\/li>\n<li class=\"menu-item menu-item-type-post_type menu-item-object-page menu-item-288\"><a href=\"https:\/\/stufvenas.se\/brollop-fest\/brollopsmeny\/\" class=\"elementor-item\">Hochzeitsmen\u00fc<\/a><\/li>\n<li class=\"menu-item menu-item-type-post_type menu-item-object-page menu-item-289\"><a href=\"https:\/\/stufvenas.se\/brollop-fest\/stufvenassalen\/\" class=\"elementor-item\">Stufven\u00e4ssalen<\/a><\/li>\n<li class=\"menu-item menu-item-type-post_type menu-item-object-page menu-item-290\"><a href=\"https:\/\/stufvenas.se\/brollop-fest\/vigsel\/\" class=\"elementor-item\">Trauung<\/a><\/li>\n<li class=\"menu-item menu-item-type-post_type menu-item-object-page menu-item-291\"><a href=\"https:\/\/stufvenas.se\/brollop-fest\/catering\/\" class=\"elementor-item\">Catering<\/a><\/li>\n<\/ul>\t\t\t<\/nav>\n\t\t\t\t\t\t<nav class=\"elementor-nav-menu--dropdown elementor-nav-menu__container\" aria-hidden=\"true\">\n\t\t\t\t<ul id=\"menu-2-de140c2\" class=\"elementor-nav-menu\"><li class=\"menu-item menu-item-type-post_type menu-item-object-page menu-item-287\"><a href=\"https:\/\/stufvenas.se\/brollop-fest\/brollop\/\" class=\"elementor-item\" tabindex=\"-1\">Hochzeit<\/a><\/li>\n<li class=\"menu-item menu-item-type-post_type menu-item-object-page menu-item-288\"><a href=\"https:\/\/stufvenas.se\/brollop-fest\/brollopsmeny\/\" class=\"elementor-item\" tabindex=\"-1\">Hochzeitsmen\u00fc<\/a><\/li>\n<li class=\"menu-item menu-item-type-post_type menu-item-object-page menu-item-289\"><a href=\"https:\/\/stufvenas.se\/brollop-fest\/stufvenassalen\/\" class=\"elementor-item\" tabindex=\"-1\">Stufven\u00e4ssalen<\/a><\/li>\n<li class=\"menu-item menu-item-type-post_type menu-item-object-page menu-item-290\"><a href=\"https:\/\/stufvenas.se\/brollop-fest\/vigsel\/\" class=\"elementor-item\" tabindex=\"-1\">Trauung<\/a><\/li>\n<li class=\"menu-item menu-item-type-post_type menu-item-object-page menu-item-291\"><a href=\"https:\/\/stufvenas.se\/brollop-fest\/catering\/\" class=\"elementor-item\" tabindex=\"-1\">Catering<\/a><\/li>\n<\/ul>\t\t\t<\/nav>\n\t\t\t\t\t\t<\/div>\n\t\t\t\t<\/div>\n\t\t\t\t\t<\/div>\n\t\t<\/div>\n\t\t\t\t\t<\/div>\n\t\t<\/section>\n\t\t\t\t<section class=\"elementor-section elementor-top-section elementor-element elementor-element-add20e4 elementor-section-boxed elementor-section-height-default elementor-section-height-default\" data-id=\"add20e4\" data-element_type=\"section\" data-e-type=\"section\">\n\t\t\t\t\t\t<div class=\"elementor-container elementor-column-gap-default\">\n\t\t\t\t\t<div class=\"elementor-column elementor-col-100 elementor-top-column elementor-element elementor-element-aa7d72b\" data-id=\"aa7d72b\" data-element_type=\"column\" data-e-type=\"column\">\n\t\t\t<div class=\"elementor-widget-wrap elementor-element-populated\">\n\t\t\t\t\t\t<div class=\"elementor-element elementor-element-acbf40b elementor-widget elementor-widget-heading\" data-id=\"acbf40b\" data-element_type=\"widget\" data-e-type=\"widget\" data-widget_type=\"heading.default\">\n\t\t\t\t<div class=\"elementor-widget-container\">\n\t\t\t\t\t<h2 class=\"elementor-heading-title elementor-size-default\">Kirchlich oder standesamtlich? Drinnen oder drau\u00dfen? Pfarrer oder Standesbeamter?<\/h2>\t\t\t\t<\/div>\n\t\t\t\t<\/div>\n\t\t\t\t<div class=\"elementor-element elementor-element-4523b28 Underline-Link elementor-widget elementor-widget-text-editor\" data-id=\"4523b28\" data-element_type=\"widget\" data-e-type=\"widget\" data-widget_type=\"text-editor.default\">\n\t\t\t\t<div class=\"elementor-widget-container\">\n\t\t\t\t\t\t\t\t\t<p>Unabh\u00e4ngig davon, wie und wo Sie Ihre Trauung w\u00fcnschen, versuchen wir, Ihnen auch bei der Zeremonie zu helfen. F\u00fcr diejenigen, die es w\u00fcnschen, organisieren wir gerne die Trauung unten am Meer auf der Strandwiese direkt am Kalmarsund, wo ein majest\u00e4tischer Blick auf das schimmernde Meer und \u00d6land geboten wird. Wir stellen einen Traubogen mit Blumen, B\u00e4nke mit Schaffellen, einen Lautsprecher und verlegte Stromversorgung gegen eine Geb\u00fchr zur Verf\u00fcgung.<\/p>\n<p>F\u00fcr eine kirchliche Trauung gibt es mehrere sch\u00f6ne Kirchen in unserer Umgebung.<\/p>\n\t\t\t\t\t\t\t\t<\/div>\n\t\t\t\t<\/div>\n\t\t\t\t<div class=\"elementor-element elementor-element-6352e33 Underline-Link elementor-widget elementor-widget-text-editor\" data-id=\"6352e33\" data-element_type=\"widget\" data-e-type=\"widget\" data-widget_type=\"text-editor.default\">\n\t\t\t\t<div class=\"elementor-widget-container\">\n\t\t\t\t\t\t\t\t\t<p><span style=\"font-size: 1rem;\"><a href=\"https:\/\/www.svenskakyrkan.se\/sodermore\/historia-om-voxtorp-kyrka\" target=\"_blank\" rel=\"noopener\">Voxtorps kirche<\/a><br \/>\n<\/span><a href=\"https:\/\/www.svenskakyrkan.se\/sodermore\/halltorp-kyrka\" target=\"_blank\" rel=\"noopener\">Halltorps kirche<\/a><span style=\"font-size: 1rem;\"><br \/>\n<\/span><span style=\"font-size: 1rem;\"><a href=\"https:\/\/www.svenskakyrkan.se\/sodermore\/hagby-kyrka\" target=\"_blank\" rel=\"noopener\">Hagby kirche<\/a><br \/>\n<\/span><span style=\"font-size: 1rem;\"><a href=\"https:\/\/www.svenskakyrkan.se\/dorby-hossmo\" target=\"_blank\" rel=\"noopener\">Hossmo kirche<\/a><br \/>\n<\/span><a href=\"https:\/\/www.svenskakyrkan.se\/torsas\/soderakra-kyrka\" target=\"_blank\" rel=\"noopener\"><span style=\"font-size: 1rem;\">S\u00f6der\u00e5kra kirche<\/span><\/a><\/p>\n\t\t\t\t\t\t\t\t<\/div>\n\t\t\t\t<\/div>\n\t\t\t\t\t<\/div>\n\t\t<\/div>\n\t\t\t\t\t<\/div>\n\t\t<\/section>\n\t\t\t\t<section class=\"elementor-section elementor-top-section elementor-element elementor-element-20c9c34 elementor-section-boxed elementor-section-height-default elementor-section-height-default\" data-id=\"20c9c34\" data-element_type=\"section\" data-e-type=\"section\">\n\t\t\t\t\t\t<div class=\"elementor-container elementor-column-gap-default\">\n\t\t\t\t\t<div class=\"elementor-column elementor-col-100 elementor-top-column elementor-element elementor-element-0150a09\" data-id=\"0150a09\" data-element_type=\"column\" data-e-type=\"column\">\n\t\t\t<div class=\"elementor-widget-wrap elementor-element-populated\">\n\t\t\t\t\t\t<div class=\"elementor-element elementor-element-e882e85 elementor-widget elementor-widget-gallery\" data-id=\"e882e85\" data-element_type=\"widget\" data-e-type=\"widget\" data-settings=\"{&quot;columns&quot;:2,&quot;lazyload&quot;:&quot;yes&quot;,&quot;gallery_layout&quot;:&quot;grid&quot;,&quot;columns_tablet&quot;:2,&quot;columns_mobile&quot;:1,&quot;gap&quot;:{&quot;unit&quot;:&quot;px&quot;,&quot;size&quot;:10,&quot;sizes&quot;:[]},&quot;gap_tablet&quot;:{&quot;unit&quot;:&quot;px&quot;,&quot;size&quot;:10,&quot;sizes&quot;:[]},&quot;gap_mobile&quot;:{&quot;unit&quot;:&quot;px&quot;,&quot;size&quot;:10,&quot;sizes&quot;:[]},&quot;link_to&quot;:&quot;file&quot;,&quot;aspect_ratio&quot;:&quot;3:2&quot;,&quot;overlay_background&quot;:&quot;yes&quot;,&quot;content_hover_animation&quot;:&quot;fade-in&quot;}\" data-widget_type=\"gallery.default\">\n\t\t\t\t<div class=\"elementor-widget-container\">\n\t\t\t\t\t\t\t<div class=\"elementor-gallery__container\">\n\t\t\t\t\t\t\t<a class=\"e-gallery-item elementor-gallery-item elementor-animated-content\" href=\"https:\/\/stufvenas.se\/wp-content\/uploads\/2025\/01\/Vigselvidhavet2.jpg\" data-elementor-open-lightbox=\"yes\" data-elementor-lightbox-slideshow=\"e882e85\" data-elementor-lightbox-title=\"Vigselvidhavet2\" data-e-action-hash=\"#elementor-action%3Aaction%3Dlightbox%26settings%3DeyJpZCI6MjkxNzcsInVybCI6Imh0dHBzOlwvXC9zdHVmdmVuYXMuc2VcL3dwLWNvbnRlbnRcL3VwbG9hZHNcLzIwMjVcLzAxXC9WaWdzZWx2aWRoYXZldDIuanBnIiwic2xpZGVzaG93IjoiZTg4MmU4NSJ9\">\n\t\t\t\t\t<div class=\"e-gallery-image elementor-gallery-item__image\" data-thumbnail=\"https:\/\/stufvenas.se\/wp-content\/uploads\/2025\/01\/Vigselvidhavet2-750x1000.jpg\" data-width=\"750\" data-height=\"1000\" aria-label=\"\" role=\"img\" ><\/div>\n\t\t\t\t\t\t\t\t\t\t\t<div class=\"elementor-gallery-item__overlay\"><\/div>\n\t\t\t\t\t\t\t\t\t\t\t\t\t\t<\/a>\n\t\t\t\t\t\t\t<a class=\"e-gallery-item elementor-gallery-item elementor-animated-content\" href=\"https:\/\/stufvenas.se\/wp-content\/uploads\/2025\/01\/Vigselvidhavet3.jpg\" data-elementor-open-lightbox=\"yes\" data-elementor-lightbox-slideshow=\"e882e85\" data-elementor-lightbox-title=\"Vigselvidhavet3\" data-e-action-hash=\"#elementor-action%3Aaction%3Dlightbox%26settings%3DeyJpZCI6MjkxODEsInVybCI6Imh0dHBzOlwvXC9zdHVmdmVuYXMuc2VcL3dwLWNvbnRlbnRcL3VwbG9hZHNcLzIwMjVcLzAxXC9WaWdzZWx2aWRoYXZldDMuanBnIiwic2xpZGVzaG93IjoiZTg4MmU4NSJ9\">\n\t\t\t\t\t<div class=\"e-gallery-image elementor-gallery-item__image\" data-thumbnail=\"https:\/\/stufvenas.se\/wp-content\/uploads\/2025\/01\/Vigselvidhavet3-750x1000.jpg\" data-width=\"750\" data-height=\"1000\" aria-label=\"\" role=\"img\" ><\/div>\n\t\t\t\t\t\t\t\t\t\t\t<div class=\"elementor-gallery-item__overlay\"><\/div>\n\t\t\t\t\t\t\t\t\t\t\t\t\t\t<\/a>\n\t\t\t\t\t\t\t<a class=\"e-gallery-item elementor-gallery-item elementor-animated-content\" href=\"https:\/\/stufvenas.se\/wp-content\/uploads\/2025\/01\/Vigselvidhavet4.jpg\" data-elementor-open-lightbox=\"yes\" data-elementor-lightbox-slideshow=\"e882e85\" data-elementor-lightbox-title=\"Vigselvidhavet4\" data-e-action-hash=\"#elementor-action%3Aaction%3Dlightbox%26settings%3DeyJpZCI6MjkxODUsInVybCI6Imh0dHBzOlwvXC9zdHVmdmVuYXMuc2VcL3dwLWNvbnRlbnRcL3VwbG9hZHNcLzIwMjVcLzAxXC9WaWdzZWx2aWRoYXZldDQuanBnIiwic2xpZGVzaG93IjoiZTg4MmU4NSJ9\">\n\t\t\t\t\t<div class=\"e-gallery-image elementor-gallery-item__image\" data-thumbnail=\"https:\/\/stufvenas.se\/wp-content\/uploads\/2025\/01\/Vigselvidhavet4-750x1000.jpg\" data-width=\"750\" data-height=\"1000\" aria-label=\"\" role=\"img\" ><\/div>\n\t\t\t\t\t\t\t\t\t\t\t<div class=\"elementor-gallery-item__overlay\"><\/div>\n\t\t\t\t\t\t\t\t\t\t\t\t\t\t<\/a>\n\t\t\t\t\t\t\t<a class=\"e-gallery-item elementor-gallery-item elementor-animated-content\" href=\"https:\/\/stufvenas.se\/wp-content\/uploads\/2025\/01\/Vigselvidhavet7.jpg\" data-elementor-open-lightbox=\"yes\" data-elementor-lightbox-slideshow=\"e882e85\" data-elementor-lightbox-title=\"Vigselvidhavet7\" data-e-action-hash=\"#elementor-action%3Aaction%3Dlightbox%26settings%3DeyJpZCI6MjkxODksInVybCI6Imh0dHBzOlwvXC9zdHVmdmVuYXMuc2VcL3dwLWNvbnRlbnRcL3VwbG9hZHNcLzIwMjVcLzAxXC9WaWdzZWx2aWRoYXZldDcuanBnIiwic2xpZGVzaG93IjoiZTg4MmU4NSJ9\">\n\t\t\t\t\t<div class=\"e-gallery-image elementor-gallery-item__image\" data-thumbnail=\"https:\/\/stufvenas.se\/wp-content\/uploads\/2025\/01\/Vigselvidhavet7-750x1000.jpg\" data-width=\"750\" data-height=\"1000\" aria-label=\"\" role=\"img\" ><\/div>\n\t\t\t\t\t\t\t\t\t\t\t<div class=\"elementor-gallery-item__overlay\"><\/div>\n\t\t\t\t\t\t\t\t\t\t\t\t\t\t<\/a>\n\t\t\t\t\t<\/div>\n\t\t\t\t\t<\/div>\n\t\t\t\t<\/div>\n\t\t\t\t\t<\/div>\n\t\t<\/div>\n\t\t\t\t\t<\/div>\n\t\t<\/section>\n\t\t\t\t<\/div>\n\t\t","protected":false},"excerpt":{"rendered":"<p>In der Kirche oder am Meer Trauung Kirchlich oder standesamtlich? Drinnen oder drau\u00dfen? Pfarrer oder Standesbeamter? Unabh\u00e4ngig davon, wie und wo Sie Ihre Trauung w\u00fcnschen, versuchen wir, Ihnen auch bei der Zeremonie zu helfen. F\u00fcr diejenigen, die es w\u00fcnschen, organisieren wir gerne die Trauung unten am Meer auf der Strandwiese direkt am Kalmarsund, wo ein [&hellip;]<\/p>\n","protected":false},"author":6,"featured_media":0,"parent":28703,"menu_order":3,"comment_status":"closed","ping_status":"closed","template":"elementor_header_footer","meta":{"_acf_changed":false,"content-type":"","footnotes":""},"class_list":["post-28717","page","type-page","status-publish","hentry"],"acf":[],"_links":{"self":[{"href":"https:\/\/stufvenas.se\/de\/wp-json\/wp\/v2\/pages\/28717","targetHints":{"allow":["GET"]}}],"collection":[{"href":"https:\/\/stufvenas.se\/de\/wp-json\/wp\/v2\/pages"}],"about":[{"href":"https:\/\/stufvenas.se\/de\/wp-json\/wp\/v2\/types\/page"}],"author":[{"embeddable":true,"href":"https:\/\/stufvenas.se\/de\/wp-json\/wp\/v2\/users\/6"}],"replies":[{"embeddable":true,"href":"https:\/\/stufvenas.se\/de\/wp-json\/wp\/v2\/comments?post=28717"}],"version-history":[{"count":0,"href":"https:\/\/stufvenas.se\/de\/wp-json\/wp\/v2\/pages\/28717\/revisions"}],"up":[{"embeddable":true,"href":"https:\/\/stufvenas.se\/de\/wp-json\/wp\/v2\/pages\/28703"}],"wp:attachment":[{"href":"https:\/\/stufvenas.se\/de\/wp-json\/wp\/v2\/media?parent=28717"}],"curies":[{"name":"wp","href":"https:\/\/api.w.org\/{rel}","templated":true}]}}