{"id":28715,"date":"2019-06-17T14:33:20","date_gmt":"2019-06-17T12:33:20","guid":{"rendered":"https:\/\/stufvenas.se\/hochzeit-feier\/stufvenaessalen\/"},"modified":"2024-12-28T10:45:36","modified_gmt":"2024-12-28T09:45:36","slug":"stufvenaessalen","status":"publish","type":"page","link":"https:\/\/stufvenas.se\/de\/hochzeit-feier\/stufvenaessalen\/","title":{"rendered":"Stufven\u00e4ssalen"},"content":{"rendered":"\t\t<div data-elementor-type=\"wp-post\" data-elementor-id=\"28715\" class=\"elementor elementor-28715 elementor-257\" data-elementor-post-type=\"page\">\n\t\t\t\t\t\t<section class=\"elementor-section elementor-top-section elementor-element elementor-element-6b04884 elementor-section-full_width elementor-section-height-min-height elementor-section-items-stretch elementor-section-height-default\" data-id=\"6b04884\" data-element_type=\"section\" data-e-type=\"section\" data-settings=\"{&quot;background_background&quot;:&quot;classic&quot;}\">\n\t\t\t\t\t\t\t<div class=\"elementor-background-overlay\"><\/div>\n\t\t\t\t\t\t\t<div class=\"elementor-container elementor-column-gap-default\">\n\t\t\t\t\t<div class=\"elementor-column elementor-col-100 elementor-top-column elementor-element elementor-element-0fa8975\" data-id=\"0fa8975\" data-element_type=\"column\" data-e-type=\"column\">\n\t\t\t<div class=\"elementor-widget-wrap elementor-element-populated\">\n\t\t\t\t\t\t<section class=\"elementor-section elementor-inner-section elementor-element elementor-element-f2c5512 elementor-section-full_width elementor-section-height-min-height elementor-section-height-default\" data-id=\"f2c5512\" data-element_type=\"section\" data-e-type=\"section\">\n\t\t\t\t\t\t<div class=\"elementor-container elementor-column-gap-default\">\n\t\t\t\t\t<div class=\"elementor-column elementor-col-50 elementor-inner-column elementor-element elementor-element-7157b31\" data-id=\"7157b31\" data-element_type=\"column\" data-e-type=\"column\">\n\t\t\t<div class=\"elementor-widget-wrap elementor-element-populated\">\n\t\t\t\t\t\t<div class=\"elementor-element elementor-element-b1275a6 elementor-widget elementor-widget-heading\" data-id=\"b1275a6\" data-element_type=\"widget\" data-e-type=\"widget\" data-widget_type=\"heading.default\">\n\t\t\t\t<div class=\"elementor-widget-container\">\n\t\t\t\t\t<h1 class=\"elementor-heading-title elementor-size-default\">Feiern Sie Ihre Hochzeit in<\/h1>\t\t\t\t<\/div>\n\t\t\t\t<\/div>\n\t\t\t\t<div class=\"elementor-element elementor-element-c1ad8a0 elementor-widget elementor-widget-heading\" data-id=\"c1ad8a0\" data-element_type=\"widget\" data-e-type=\"widget\" data-widget_type=\"heading.default\">\n\t\t\t\t<div class=\"elementor-widget-container\">\n\t\t\t\t\t<h2 class=\"elementor-heading-title elementor-size-default\">Stufven\u00e4ssalen<\/h2>\t\t\t\t<\/div>\n\t\t\t\t<\/div>\n\t\t\t\t<div class=\"elementor-element elementor-element-d7b5274 elementor-widget elementor-widget-image\" data-id=\"d7b5274\" data-element_type=\"widget\" data-e-type=\"widget\" data-widget_type=\"image.default\">\n\t\t\t\t<div class=\"elementor-widget-container\">\n\t\t\t\t\t\t\t\t\t\t\t\t\t\t\t<img decoding=\"async\" width=\"26\" height=\"27\" src=\"https:\/\/stufvenas.se\/wp-content\/uploads\/2019\/06\/Stufvenas-Gastgifveri-UI-Pil.svg\" class=\"attachment-large size-large wp-image-184\" alt=\"\" \/>\t\t\t\t\t\t\t\t\t\t\t\t\t\t\t<\/div>\n\t\t\t\t<\/div>\n\t\t\t\t\t<\/div>\n\t\t<\/div>\n\t\t\t\t<div class=\"elementor-column elementor-col-50 elementor-inner-column elementor-element elementor-element-cc3313b\" data-id=\"cc3313b\" data-element_type=\"column\" data-e-type=\"column\">\n\t\t\t<div class=\"elementor-widget-wrap\">\n\t\t\t\t\t\t\t<\/div>\n\t\t<\/div>\n\t\t\t\t\t<\/div>\n\t\t<\/section>\n\t\t\t\t\t<\/div>\n\t\t<\/div>\n\t\t\t\t\t<\/div>\n\t\t<\/section>\n\t\t\t\t<section class=\"elementor-section elementor-top-section elementor-element elementor-element-4eb2c4e elementor-section-height-min-height elementor-hidden-tablet elementor-hidden-mobile elementor-section-boxed elementor-section-height-default elementor-section-items-middle\" data-id=\"4eb2c4e\" data-element_type=\"section\" data-e-type=\"section\" data-settings=\"{&quot;background_background&quot;:&quot;classic&quot;}\">\n\t\t\t\t\t\t<div class=\"elementor-container elementor-column-gap-default\">\n\t\t\t\t\t<div class=\"elementor-column elementor-col-100 elementor-top-column elementor-element elementor-element-f15421f\" data-id=\"f15421f\" data-element_type=\"column\" data-e-type=\"column\">\n\t\t\t<div class=\"elementor-widget-wrap elementor-element-populated\">\n\t\t\t\t\t\t<div class=\"elementor-element elementor-element-15ce315 elementor-nav-menu__align-center elementor-nav-menu--dropdown-tablet elementor-nav-menu__text-align-aside elementor-widget elementor-widget-nav-menu\" data-id=\"15ce315\" data-element_type=\"widget\" data-e-type=\"widget\" data-settings=\"{&quot;layout&quot;:&quot;horizontal&quot;,&quot;submenu_icon&quot;:{&quot;value&quot;:&quot;&lt;i class=\\&quot;fas fa-caret-down\\&quot; aria-hidden=\\&quot;true\\&quot;&gt;&lt;\\\/i&gt;&quot;,&quot;library&quot;:&quot;fa-solid&quot;}}\" data-widget_type=\"nav-menu.default\">\n\t\t\t\t<div class=\"elementor-widget-container\">\n\t\t\t\t\t\t\t\t<nav aria-label=\"Men\u00fc\" class=\"elementor-nav-menu--main elementor-nav-menu__container elementor-nav-menu--layout-horizontal e--pointer-none\">\n\t\t\t\t<ul id=\"menu-1-15ce315\" class=\"elementor-nav-menu\"><li class=\"menu-item menu-item-type-post_type menu-item-object-page menu-item-287\"><a href=\"https:\/\/stufvenas.se\/brollop-fest\/brollop\/\" class=\"elementor-item\">Hochzeit<\/a><\/li>\n<li class=\"menu-item menu-item-type-post_type menu-item-object-page menu-item-288\"><a href=\"https:\/\/stufvenas.se\/brollop-fest\/brollopsmeny\/\" class=\"elementor-item\">Hochzeitsmen\u00fc<\/a><\/li>\n<li class=\"menu-item menu-item-type-post_type menu-item-object-page menu-item-289\"><a href=\"https:\/\/stufvenas.se\/brollop-fest\/stufvenassalen\/\" class=\"elementor-item\">Stufven\u00e4ssalen<\/a><\/li>\n<li class=\"menu-item menu-item-type-post_type menu-item-object-page menu-item-290\"><a href=\"https:\/\/stufvenas.se\/brollop-fest\/vigsel\/\" class=\"elementor-item\">Trauung<\/a><\/li>\n<li class=\"menu-item menu-item-type-post_type menu-item-object-page menu-item-291\"><a href=\"https:\/\/stufvenas.se\/brollop-fest\/catering\/\" class=\"elementor-item\">Catering<\/a><\/li>\n<\/ul>\t\t\t<\/nav>\n\t\t\t\t\t\t<nav class=\"elementor-nav-menu--dropdown elementor-nav-menu__container\" aria-hidden=\"true\">\n\t\t\t\t<ul id=\"menu-2-15ce315\" class=\"elementor-nav-menu\"><li class=\"menu-item menu-item-type-post_type menu-item-object-page menu-item-287\"><a href=\"https:\/\/stufvenas.se\/brollop-fest\/brollop\/\" class=\"elementor-item\" tabindex=\"-1\">Hochzeit<\/a><\/li>\n<li class=\"menu-item menu-item-type-post_type menu-item-object-page menu-item-288\"><a href=\"https:\/\/stufvenas.se\/brollop-fest\/brollopsmeny\/\" class=\"elementor-item\" tabindex=\"-1\">Hochzeitsmen\u00fc<\/a><\/li>\n<li class=\"menu-item menu-item-type-post_type menu-item-object-page menu-item-289\"><a href=\"https:\/\/stufvenas.se\/brollop-fest\/stufvenassalen\/\" class=\"elementor-item\" tabindex=\"-1\">Stufven\u00e4ssalen<\/a><\/li>\n<li class=\"menu-item menu-item-type-post_type menu-item-object-page menu-item-290\"><a href=\"https:\/\/stufvenas.se\/brollop-fest\/vigsel\/\" class=\"elementor-item\" tabindex=\"-1\">Trauung<\/a><\/li>\n<li class=\"menu-item menu-item-type-post_type menu-item-object-page menu-item-291\"><a href=\"https:\/\/stufvenas.se\/brollop-fest\/catering\/\" class=\"elementor-item\" tabindex=\"-1\">Catering<\/a><\/li>\n<\/ul>\t\t\t<\/nav>\n\t\t\t\t\t\t<\/div>\n\t\t\t\t<\/div>\n\t\t\t\t\t<\/div>\n\t\t<\/div>\n\t\t\t\t\t<\/div>\n\t\t<\/section>\n\t\t\t\t<section class=\"elementor-section elementor-top-section elementor-element elementor-element-c1fdad9 elementor-section-boxed elementor-section-height-default elementor-section-height-default\" data-id=\"c1fdad9\" data-element_type=\"section\" data-e-type=\"section\">\n\t\t\t\t\t\t<div class=\"elementor-container elementor-column-gap-default\">\n\t\t\t\t\t<div class=\"elementor-column elementor-col-100 elementor-top-column elementor-element elementor-element-20f1387\" data-id=\"20f1387\" data-element_type=\"column\" data-e-type=\"column\" data-settings=\"{&quot;background_background&quot;:&quot;classic&quot;}\">\n\t\t\t<div class=\"elementor-widget-wrap elementor-element-populated\">\n\t\t\t\t\t\t<div class=\"elementor-element elementor-element-647d309 elementor-widget elementor-widget-heading\" data-id=\"647d309\" data-element_type=\"widget\" data-e-type=\"widget\" data-widget_type=\"heading.default\">\n\t\t\t\t<div class=\"elementor-widget-container\">\n\t\t\t\t\t<h2 class=\"elementor-heading-title elementor-size-default\">Ein perfekter lokal f\u00fcr Ihre Traumhochzeit!<\/h2>\t\t\t\t<\/div>\n\t\t\t\t<\/div>\n\t\t\t\t<div class=\"elementor-element elementor-element-c2403a4 elementor-widget elementor-widget-text-editor\" data-id=\"c2403a4\" data-element_type=\"widget\" data-e-type=\"widget\" data-widget_type=\"text-editor.default\">\n\t\t\t\t<div class=\"elementor-widget-container\">\n\t\t\t\t\t\t\t\t\tIm Stufven\u00e4ssalen gibt es Platz f\u00fcr 150 sitzende G\u00e4ste. Der Saal bietet Ihnen gro\u00dfe Flexibilit\u00e4t und zahlreiche M\u00f6glichkeiten f\u00fcr eine gelungene Veranstaltung \u2013 ob klein oder gro\u00df. Direkt an den Saal angrenzend befinden sich unsere Cocktail-Lounge und Bar mit einem herrlichen Balkon, der einen wundersch\u00f6nen Blick auf unseren Garten und den Kalmarsund bietet. Ein romantischer Ort, um vielleicht den ersten Toast auf das frisch verm\u00e4hlte Paar auszusprechen.\r\n\r\nDer Saal verf\u00fcgt \u00fcber eine B\u00fchne mit modernster Ton- und Lichttechnik. Mit nur wenigen Knopfdr\u00fccken k\u00f6nnen Sie die Technik einfach selbst steuern.\r\n\r\nHier gibt es alle M\u00f6glichkeiten f\u00fcr den Hochzeitstanz und das Tanzen nach dem Abendessen.\r\n\r\nFalls gew\u00fcnscht, kann die Technik von erfahrenen Fachleuten vor Ort betreut werden. Alles f\u00fcr ein gelungenes Hochzeitsfest mit zufriedenen G\u00e4sten!\t\t\t\t\t\t\t\t<\/div>\n\t\t\t\t<\/div>\n\t\t\t\t\t<\/div>\n\t\t<\/div>\n\t\t\t\t\t<\/div>\n\t\t<\/section>\n\t\t\t\t<\/div>\n\t\t","protected":false},"excerpt":{"rendered":"<p>Feiern Sie Ihre Hochzeit in Stufven\u00e4ssalen Ein perfekter lokal f\u00fcr Ihre Traumhochzeit! Im Stufven\u00e4ssalen gibt es Platz f\u00fcr 150 sitzende G\u00e4ste. Der Saal bietet Ihnen gro\u00dfe Flexibilit\u00e4t und zahlreiche M\u00f6glichkeiten f\u00fcr eine gelungene Veranstaltung \u2013 ob klein oder gro\u00df. Direkt an den Saal angrenzend befinden sich unsere Cocktail-Lounge und Bar mit einem herrlichen Balkon, der [&hellip;]<\/p>\n","protected":false},"author":6,"featured_media":0,"parent":28703,"menu_order":2,"comment_status":"closed","ping_status":"closed","template":"elementor_header_footer","meta":{"_acf_changed":false,"content-type":"","footnotes":""},"class_list":["post-28715","page","type-page","status-publish","hentry"],"acf":[],"_links":{"self":[{"href":"https:\/\/stufvenas.se\/de\/wp-json\/wp\/v2\/pages\/28715","targetHints":{"allow":["GET"]}}],"collection":[{"href":"https:\/\/stufvenas.se\/de\/wp-json\/wp\/v2\/pages"}],"about":[{"href":"https:\/\/stufvenas.se\/de\/wp-json\/wp\/v2\/types\/page"}],"author":[{"embeddable":true,"href":"https:\/\/stufvenas.se\/de\/wp-json\/wp\/v2\/users\/6"}],"replies":[{"embeddable":true,"href":"https:\/\/stufvenas.se\/de\/wp-json\/wp\/v2\/comments?post=28715"}],"version-history":[{"count":0,"href":"https:\/\/stufvenas.se\/de\/wp-json\/wp\/v2\/pages\/28715\/revisions"}],"up":[{"embeddable":true,"href":"https:\/\/stufvenas.se\/de\/wp-json\/wp\/v2\/pages\/28703"}],"wp:attachment":[{"href":"https:\/\/stufvenas.se\/de\/wp-json\/wp\/v2\/media?parent=28715"}],"curies":[{"name":"wp","href":"https:\/\/api.w.org\/{rel}","templated":true}]}}