{"id":28713,"date":"2019-06-17T14:33:00","date_gmt":"2019-06-17T12:33:00","guid":{"rendered":"https:\/\/stufvenas.se\/hochzeit-feier\/hochzeitsmenue\/"},"modified":"2024-12-28T10:38:19","modified_gmt":"2024-12-28T09:38:19","slug":"hochzeitsmenue","status":"publish","type":"page","link":"https:\/\/stufvenas.se\/de\/hochzeit-feier\/hochzeitsmenue\/","title":{"rendered":"Hochzeitsmen\u00fc"},"content":{"rendered":"\t\t<div data-elementor-type=\"wp-post\" data-elementor-id=\"28713\" class=\"elementor elementor-28713 elementor-255\" data-elementor-post-type=\"page\">\n\t\t\t\t\t\t<section class=\"elementor-section elementor-top-section elementor-element elementor-element-f92f6d7 elementor-section-full_width elementor-section-height-min-height elementor-section-items-stretch elementor-section-height-default\" data-id=\"f92f6d7\" data-element_type=\"section\" data-e-type=\"section\" data-settings=\"{&quot;background_background&quot;:&quot;classic&quot;}\">\n\t\t\t\t\t\t\t<div class=\"elementor-background-overlay\"><\/div>\n\t\t\t\t\t\t\t<div class=\"elementor-container elementor-column-gap-default\">\n\t\t\t\t\t<div class=\"elementor-column elementor-col-100 elementor-top-column elementor-element elementor-element-b09bf8c\" data-id=\"b09bf8c\" data-element_type=\"column\" data-e-type=\"column\">\n\t\t\t<div class=\"elementor-widget-wrap elementor-element-populated\">\n\t\t\t\t\t\t<section class=\"elementor-section elementor-inner-section elementor-element elementor-element-69a58a4 elementor-section-full_width elementor-section-height-min-height elementor-section-height-default\" data-id=\"69a58a4\" data-element_type=\"section\" data-e-type=\"section\">\n\t\t\t\t\t\t<div class=\"elementor-container elementor-column-gap-default\">\n\t\t\t\t\t<div class=\"elementor-column elementor-col-50 elementor-inner-column elementor-element elementor-element-e7394c7\" data-id=\"e7394c7\" data-element_type=\"column\" data-e-type=\"column\">\n\t\t\t<div class=\"elementor-widget-wrap elementor-element-populated\">\n\t\t\t\t\t\t<div class=\"elementor-element elementor-element-20fb935 elementor-widget elementor-widget-heading\" data-id=\"20fb935\" data-element_type=\"widget\" data-e-type=\"widget\" data-widget_type=\"heading.default\">\n\t\t\t\t<div class=\"elementor-widget-container\">\n\t\t\t\t\t<h1 class=\"elementor-heading-title elementor-size-default\">Lassen Sie sich von unserem<\/h1>\t\t\t\t<\/div>\n\t\t\t\t<\/div>\n\t\t\t\t<div class=\"elementor-element elementor-element-9662bca elementor-widget elementor-widget-heading\" data-id=\"9662bca\" data-element_type=\"widget\" data-e-type=\"widget\" data-widget_type=\"heading.default\">\n\t\t\t\t<div class=\"elementor-widget-container\">\n\t\t\t\t\t<h2 class=\"elementor-heading-title elementor-size-default\">Hochzeitsmen\u00fc inspirieren<\/h2>\t\t\t\t<\/div>\n\t\t\t\t<\/div>\n\t\t\t\t<div class=\"elementor-element elementor-element-dca514d elementor-widget elementor-widget-image\" data-id=\"dca514d\" data-element_type=\"widget\" data-e-type=\"widget\" data-widget_type=\"image.default\">\n\t\t\t\t<div class=\"elementor-widget-container\">\n\t\t\t\t\t\t\t\t\t\t\t\t\t\t\t<img decoding=\"async\" width=\"26\" height=\"27\" src=\"https:\/\/stufvenas.se\/wp-content\/uploads\/2019\/06\/Stufvenas-Gastgifveri-UI-Pil.svg\" class=\"attachment-large size-large wp-image-184\" alt=\"\" \/>\t\t\t\t\t\t\t\t\t\t\t\t\t\t\t<\/div>\n\t\t\t\t<\/div>\n\t\t\t\t\t<\/div>\n\t\t<\/div>\n\t\t\t\t<div class=\"elementor-column elementor-col-50 elementor-inner-column elementor-element elementor-element-f893076\" data-id=\"f893076\" data-element_type=\"column\" data-e-type=\"column\">\n\t\t\t<div class=\"elementor-widget-wrap\">\n\t\t\t\t\t\t\t<\/div>\n\t\t<\/div>\n\t\t\t\t\t<\/div>\n\t\t<\/section>\n\t\t\t\t\t<\/div>\n\t\t<\/div>\n\t\t\t\t\t<\/div>\n\t\t<\/section>\n\t\t\t\t<section class=\"elementor-section elementor-top-section elementor-element elementor-element-dbfaf38 elementor-section-height-min-height elementor-hidden-tablet elementor-hidden-mobile elementor-section-boxed elementor-section-height-default elementor-section-items-middle\" data-id=\"dbfaf38\" data-element_type=\"section\" data-e-type=\"section\" data-settings=\"{&quot;background_background&quot;:&quot;classic&quot;}\">\n\t\t\t\t\t\t<div class=\"elementor-container elementor-column-gap-default\">\n\t\t\t\t\t<div class=\"elementor-column elementor-col-100 elementor-top-column elementor-element elementor-element-057de27\" data-id=\"057de27\" data-element_type=\"column\" data-e-type=\"column\">\n\t\t\t<div class=\"elementor-widget-wrap elementor-element-populated\">\n\t\t\t\t\t\t<div class=\"elementor-element elementor-element-7f4d174 elementor-nav-menu__align-center elementor-nav-menu--dropdown-tablet elementor-nav-menu__text-align-aside elementor-widget elementor-widget-nav-menu\" data-id=\"7f4d174\" data-element_type=\"widget\" data-e-type=\"widget\" data-settings=\"{&quot;layout&quot;:&quot;horizontal&quot;,&quot;submenu_icon&quot;:{&quot;value&quot;:&quot;&lt;i class=\\&quot;fas fa-caret-down\\&quot; aria-hidden=\\&quot;true\\&quot;&gt;&lt;\\\/i&gt;&quot;,&quot;library&quot;:&quot;fa-solid&quot;}}\" data-widget_type=\"nav-menu.default\">\n\t\t\t\t<div class=\"elementor-widget-container\">\n\t\t\t\t\t\t\t\t<nav aria-label=\"Men\u00fc\" class=\"elementor-nav-menu--main elementor-nav-menu__container elementor-nav-menu--layout-horizontal e--pointer-none\">\n\t\t\t\t<ul id=\"menu-1-7f4d174\" class=\"elementor-nav-menu\"><li class=\"menu-item menu-item-type-post_type menu-item-object-page menu-item-287\"><a href=\"https:\/\/stufvenas.se\/brollop-fest\/brollop\/\" class=\"elementor-item\">Hochzeit<\/a><\/li>\n<li class=\"menu-item menu-item-type-post_type menu-item-object-page menu-item-288\"><a href=\"https:\/\/stufvenas.se\/brollop-fest\/brollopsmeny\/\" class=\"elementor-item\">Hochzeitsmen\u00fc<\/a><\/li>\n<li class=\"menu-item menu-item-type-post_type menu-item-object-page menu-item-289\"><a href=\"https:\/\/stufvenas.se\/brollop-fest\/stufvenassalen\/\" class=\"elementor-item\">Stufven\u00e4ssalen<\/a><\/li>\n<li class=\"menu-item menu-item-type-post_type menu-item-object-page menu-item-290\"><a href=\"https:\/\/stufvenas.se\/brollop-fest\/vigsel\/\" class=\"elementor-item\">Trauung<\/a><\/li>\n<li class=\"menu-item menu-item-type-post_type menu-item-object-page menu-item-291\"><a href=\"https:\/\/stufvenas.se\/brollop-fest\/catering\/\" class=\"elementor-item\">Catering<\/a><\/li>\n<\/ul>\t\t\t<\/nav>\n\t\t\t\t\t\t<nav class=\"elementor-nav-menu--dropdown elementor-nav-menu__container\" aria-hidden=\"true\">\n\t\t\t\t<ul id=\"menu-2-7f4d174\" class=\"elementor-nav-menu\"><li class=\"menu-item menu-item-type-post_type menu-item-object-page menu-item-287\"><a href=\"https:\/\/stufvenas.se\/brollop-fest\/brollop\/\" class=\"elementor-item\" tabindex=\"-1\">Hochzeit<\/a><\/li>\n<li class=\"menu-item menu-item-type-post_type menu-item-object-page menu-item-288\"><a href=\"https:\/\/stufvenas.se\/brollop-fest\/brollopsmeny\/\" class=\"elementor-item\" tabindex=\"-1\">Hochzeitsmen\u00fc<\/a><\/li>\n<li class=\"menu-item menu-item-type-post_type menu-item-object-page menu-item-289\"><a href=\"https:\/\/stufvenas.se\/brollop-fest\/stufvenassalen\/\" class=\"elementor-item\" tabindex=\"-1\">Stufven\u00e4ssalen<\/a><\/li>\n<li class=\"menu-item menu-item-type-post_type menu-item-object-page menu-item-290\"><a href=\"https:\/\/stufvenas.se\/brollop-fest\/vigsel\/\" class=\"elementor-item\" tabindex=\"-1\">Trauung<\/a><\/li>\n<li class=\"menu-item menu-item-type-post_type menu-item-object-page menu-item-291\"><a href=\"https:\/\/stufvenas.se\/brollop-fest\/catering\/\" class=\"elementor-item\" tabindex=\"-1\">Catering<\/a><\/li>\n<\/ul>\t\t\t<\/nav>\n\t\t\t\t\t\t<\/div>\n\t\t\t\t<\/div>\n\t\t\t\t\t<\/div>\n\t\t<\/div>\n\t\t\t\t\t<\/div>\n\t\t<\/section>\n\t\t\t\t<section class=\"elementor-section elementor-top-section elementor-element elementor-element-4566e08 elementor-section-boxed elementor-section-height-default elementor-section-height-default\" data-id=\"4566e08\" data-element_type=\"section\" data-e-type=\"section\">\n\t\t\t\t\t\t<div class=\"elementor-container elementor-column-gap-default\">\n\t\t\t\t\t<div class=\"elementor-column elementor-col-100 elementor-top-column elementor-element elementor-element-6c48936\" data-id=\"6c48936\" data-element_type=\"column\" data-e-type=\"column\">\n\t\t\t<div class=\"elementor-widget-wrap elementor-element-populated\">\n\t\t\t\t\t\t<div class=\"elementor-element elementor-element-4866b8e elementor-widget elementor-widget-heading\" data-id=\"4866b8e\" data-element_type=\"widget\" data-e-type=\"widget\" data-widget_type=\"heading.default\">\n\t\t\t\t<div class=\"elementor-widget-container\">\n\t\t\t\t\t<h2 class=\"elementor-heading-title elementor-size-default\">Stufven\u00e4s Hochzeitsmen\u00fc<\/h2>\t\t\t\t<\/div>\n\t\t\t\t<\/div>\n\t\t\t\t<div class=\"elementor-element elementor-element-a216fbb elementor-widget elementor-widget-text-editor\" data-id=\"a216fbb\" data-element_type=\"widget\" data-e-type=\"widget\" data-widget_type=\"text-editor.default\">\n\t\t\t\t<div class=\"elementor-widget-container\">\n\t\t\t\t\t\t\t\t\t<p>Hier k\u00f6nnen Sie Ihr eigenes Hochzeitsmen\u00fc nach Ihren W\u00fcnschen und Ihrem Geschmack zusammenstellen, indem Sie aus diesen Gerichten w\u00e4hlen. Wichtig ist, dass alle G\u00e4ste in Ihrer Gesellschaft, die mindestens 15 Personen umfassen muss, das gleiche Men\u00fc w\u00e4hlen. Der Preis f\u00fcr ein Drei-G\u00e4nge-Men\u00fc betr\u00e4gt 625 SEK pro Person. Die H\u00e4ppchen kosten ab 30 SEK pro St\u00fcck.<\/p>\n\t\t\t\t\t\t\t\t<\/div>\n\t\t\t\t<\/div>\n\t\t\t\t<div class=\"elementor-element elementor-element-7c74e79 elementor-widget elementor-widget-heading\" data-id=\"7c74e79\" data-element_type=\"widget\" data-e-type=\"widget\" data-widget_type=\"heading.default\">\n\t\t\t\t<div class=\"elementor-widget-container\">\n\t\t\t\t\t<h3 class=\"elementor-heading-title elementor-size-default\">H\u00e4ppchen<\/h3>\t\t\t\t<\/div>\n\t\t\t\t<\/div>\n\t\t\t\t<div class=\"elementor-element elementor-element-c82f8cc elementor-icon-list--layout-traditional elementor-list-item-link-full_width elementor-widget elementor-widget-icon-list\" data-id=\"c82f8cc\" data-element_type=\"widget\" data-e-type=\"widget\" data-widget_type=\"icon-list.default\">\n\t\t\t\t<div class=\"elementor-widget-container\">\n\t\t\t\t\t\t\t<ul class=\"elementor-icon-list-items\">\n\t\t\t\t\t\t\t<li class=\"elementor-icon-list-item\">\n\t\t\t\t\t\t\t\t\t\t<span class=\"elementor-icon-list-text\">Kirschholzger\u00e4ucherter Lachs mit Pak Choi, Mango, Chili &amp; gepufftem Reis<\/span>\n\t\t\t\t\t\t\t\t\t<\/li>\n\t\t\t\t\t\t\t\t<li class=\"elementor-icon-list-item\">\n\t\t\t\t\t\t\t\t\t\t<span class=\"elementor-icon-list-text\">Serranoschinkenkruste mit Schnittlauch, Pastinake &amp; geschlagener Frischk\u00e4se<\/span>\n\t\t\t\t\t\t\t\t\t<\/li>\n\t\t\t\t\t\t\t\t<li class=\"elementor-icon-list-item\">\n\t\t\t\t\t\t\t\t\t\t<span class=\"elementor-icon-list-text\">Forellenkaviar auf Roggenbrot mit abgeh\u00e4ngter Sauerrahm &amp; Flusskrebsschw\u00e4nzen<\/span>\n\t\t\t\t\t\t\t\t\t<\/li>\n\t\t\t\t\t\t\t\t<li class=\"elementor-icon-list-item\">\n\t\t\t\t\t\t\t\t\t\t<span class=\"elementor-icon-list-text\">Kn\u00e4ckebrot aus Birke mit Meerrettichemulsion, ger\u00e4uchertem Kalbfleisch &amp; Zuckersenf<\/span>\n\t\t\t\t\t\t\t\t\t<\/li>\n\t\t\t\t\t\t\t\t<li class=\"elementor-icon-list-item\">\n\t\t\t\t\t\t\t\t\t\t<span class=\"elementor-icon-list-text\">Pak Choi mit Mango, Chili, gepufftem Reis &amp; geschlagener Frischk\u00e4se<\/span>\n\t\t\t\t\t\t\t\t\t<\/li>\n\t\t\t\t\t\t\t\t<li class=\"elementor-icon-list-item\">\n\t\t\t\t\t\t\t\t\t\t<span class=\"elementor-icon-list-text\">Kn\u00e4ckebrot aus Birke mit Meerrettichemulsion, frittierter Sellerieknolle &amp; Zuckersenf<\/span>\n\t\t\t\t\t\t\t\t\t<\/li>\n\t\t\t\t\t\t<\/ul>\n\t\t\t\t\t\t<\/div>\n\t\t\t\t<\/div>\n\t\t\t\t<div class=\"elementor-element elementor-element-d9c3cd5 elementor-widget elementor-widget-heading\" data-id=\"d9c3cd5\" data-element_type=\"widget\" data-e-type=\"widget\" data-widget_type=\"heading.default\">\n\t\t\t\t<div class=\"elementor-widget-container\">\n\t\t\t\t\t<h3 class=\"elementor-heading-title elementor-size-default\">Vorspeisen<\/h3>\t\t\t\t<\/div>\n\t\t\t\t<\/div>\n\t\t\t\t<div class=\"elementor-element elementor-element-ca185ab elementor-icon-list--layout-traditional elementor-list-item-link-full_width elementor-widget elementor-widget-icon-list\" data-id=\"ca185ab\" data-element_type=\"widget\" data-e-type=\"widget\" data-widget_type=\"icon-list.default\">\n\t\t\t\t<div class=\"elementor-widget-container\">\n\t\t\t\t\t\t\t<ul class=\"elementor-icon-list-items\">\n\t\t\t\t\t\t\t<li class=\"elementor-icon-list-item\">\n\t\t\t\t\t\t\t\t\t\t<span class=\"elementor-icon-list-text\">Rote-Bete- &amp; Kirsch-Tatar | Mandelschaum | Nussbutter | Gesalzene Mandeln<\/span>\n\t\t\t\t\t\t\t\t\t<\/li>\n\t\t\t\t\t\t\t\t<li class=\"elementor-icon-list-item\">\n\t\t\t\t\t\t\t\t\t\t<span class=\"elementor-icon-list-text\">Jakobsmuschel | Kohlrabi | Jalapeno | Schalottenrahm | Saiblingskaviar | Nussbutter<\/span>\n\t\t\t\t\t\t\t\t\t<\/li>\n\t\t\t\t\t\t\t\t<li class=\"elementor-icon-list-item\">\n\t\t\t\t\t\t\t\t\t\t<span class=\"elementor-icon-list-text\">Ger\u00e4uchertes Elchfleisch | Ger\u00f6stete Erdbeeren | Schwarzer Knoblauch | Brioche | Eingelegte N\u00fcsse<\/span>\n\t\t\t\t\t\t\t\t\t<\/li>\n\t\t\t\t\t\t<\/ul>\n\t\t\t\t\t\t<\/div>\n\t\t\t\t<\/div>\n\t\t\t\t<div class=\"elementor-element elementor-element-710ba94 elementor-widget elementor-widget-heading\" data-id=\"710ba94\" data-element_type=\"widget\" data-e-type=\"widget\" data-widget_type=\"heading.default\">\n\t\t\t\t<div class=\"elementor-widget-container\">\n\t\t\t\t\t<h3 class=\"elementor-heading-title elementor-size-default\">Hauptgerichte<\/h3>\t\t\t\t<\/div>\n\t\t\t\t<\/div>\n\t\t\t\t<div class=\"elementor-element elementor-element-b741564 elementor-icon-list--layout-traditional elementor-list-item-link-full_width elementor-widget elementor-widget-icon-list\" data-id=\"b741564\" data-element_type=\"widget\" data-e-type=\"widget\" data-widget_type=\"icon-list.default\">\n\t\t\t\t<div class=\"elementor-widget-container\">\n\t\t\t\t\t\t\t<ul class=\"elementor-icon-list-items\">\n\t\t\t\t\t\t\t<li class=\"elementor-icon-list-item\">\n\t\t\t\t\t\t\t\t\t\t<span class=\"elementor-icon-list-text\">Whiskeyger\u00e4ucherte H\u00e4hnchenbrust | B\u00e4rlauch-Velout\u00e9 | Schwedisches M\u00fchlgetreide | Biergebackener Sellerie | Marinierter Rettich<\/span>\n\t\t\t\t\t\t\t\t\t<\/li>\n\t\t\t\t\t\t\t\t<li class=\"elementor-icon-list-item\">\n\t\t\t\t\t\t\t\t\t\t<span class=\"elementor-icon-list-text\">Pochierter Kabeljau | Beurre Blanc | Prosciutto | Frittierte Fr\u00fchkartoffeln | Pak Choi | Limette<\/span>\n\t\t\t\t\t\t\t\t\t<\/li>\n\t\t\t\t\t\t\t\t<li class=\"elementor-icon-list-item\">\n\t\t\t\t\t\t\t\t\t\t<span class=\"elementor-icon-list-text\">Gebratener Kalbsr\u00fccken | Zwiebelemulsion | Frittierte Shiitake-Pilze | Ochsenschwanz-Reduktion | Langzeitgegarte Bete- &amp; Dillcreme<\/span>\n\t\t\t\t\t\t\t\t\t<\/li>\n\t\t\t\t\t\t<\/ul>\n\t\t\t\t\t\t<\/div>\n\t\t\t\t<\/div>\n\t\t\t\t<div class=\"elementor-element elementor-element-a0dcada elementor-widget elementor-widget-heading\" data-id=\"a0dcada\" data-element_type=\"widget\" data-e-type=\"widget\" data-widget_type=\"heading.default\">\n\t\t\t\t<div class=\"elementor-widget-container\">\n\t\t\t\t\t<h3 class=\"elementor-heading-title elementor-size-default\">Desserts<\/h3>\t\t\t\t<\/div>\n\t\t\t\t<\/div>\n\t\t\t\t<div class=\"elementor-element elementor-element-ddf66bb elementor-icon-list--layout-traditional elementor-list-item-link-full_width elementor-widget elementor-widget-icon-list\" data-id=\"ddf66bb\" data-element_type=\"widget\" data-e-type=\"widget\" data-widget_type=\"icon-list.default\">\n\t\t\t\t<div class=\"elementor-widget-container\">\n\t\t\t\t\t\t\t<ul class=\"elementor-icon-list-items\">\n\t\t\t\t\t\t\t<li class=\"elementor-icon-list-item\">\n\t\t\t\t\t\t\t\t\t\t<span class=\"elementor-icon-list-text\">Gelato von Balck Coffee | Chilibrownie | Karamell | Meersalz<\/span>\n\t\t\t\t\t\t\t\t\t<\/li>\n\t\t\t\t\t\t\t\t<li class=\"elementor-icon-list-item\">\n\t\t\t\t\t\t\t\t\t\t<span class=\"elementor-icon-list-text\">Joghurtmousse | Gr\u00fcner Tee-Sorbet | Halbtrockener Spongecake | Pulverisierter Joghurt<\/span>\n\t\t\t\t\t\t\t\t\t<\/li>\n\t\t\t\t\t\t\t\t<li class=\"elementor-icon-list-item\">\n\t\t\t\t\t\t\t\t\t\t<span class=\"elementor-icon-list-text\">Apfelstrudel | Tonkabohnen-Gelato | Haseln\u00fcsse | Apfel-Holunder-Coulis<\/span>\n\t\t\t\t\t\t\t\t\t<\/li>\n\t\t\t\t\t\t<\/ul>\n\t\t\t\t\t\t<\/div>\n\t\t\t\t<\/div>\n\t\t\t\t\t<\/div>\n\t\t<\/div>\n\t\t\t\t\t<\/div>\n\t\t<\/section>\n\t\t\t\t<\/div>\n\t\t","protected":false},"excerpt":{"rendered":"<p>Lassen Sie sich von unserem Hochzeitsmen\u00fc inspirieren Stufven\u00e4s Hochzeitsmen\u00fc Hier k\u00f6nnen Sie Ihr eigenes Hochzeitsmen\u00fc nach Ihren W\u00fcnschen und Ihrem Geschmack zusammenstellen, indem Sie aus diesen Gerichten w\u00e4hlen. Wichtig ist, dass alle G\u00e4ste in Ihrer Gesellschaft, die mindestens 15 Personen umfassen muss, das gleiche Men\u00fc w\u00e4hlen. Der Preis f\u00fcr ein Drei-G\u00e4nge-Men\u00fc betr\u00e4gt 625 SEK pro [&hellip;]<\/p>\n","protected":false},"author":6,"featured_media":0,"parent":28703,"menu_order":1,"comment_status":"closed","ping_status":"closed","template":"elementor_header_footer","meta":{"_acf_changed":false,"content-type":"","footnotes":""},"class_list":["post-28713","page","type-page","status-publish","hentry"],"acf":[],"_links":{"self":[{"href":"https:\/\/stufvenas.se\/de\/wp-json\/wp\/v2\/pages\/28713","targetHints":{"allow":["GET"]}}],"collection":[{"href":"https:\/\/stufvenas.se\/de\/wp-json\/wp\/v2\/pages"}],"about":[{"href":"https:\/\/stufvenas.se\/de\/wp-json\/wp\/v2\/types\/page"}],"author":[{"embeddable":true,"href":"https:\/\/stufvenas.se\/de\/wp-json\/wp\/v2\/users\/6"}],"replies":[{"embeddable":true,"href":"https:\/\/stufvenas.se\/de\/wp-json\/wp\/v2\/comments?post=28713"}],"version-history":[{"count":0,"href":"https:\/\/stufvenas.se\/de\/wp-json\/wp\/v2\/pages\/28713\/revisions"}],"up":[{"embeddable":true,"href":"https:\/\/stufvenas.se\/de\/wp-json\/wp\/v2\/pages\/28703"}],"wp:attachment":[{"href":"https:\/\/stufvenas.se\/de\/wp-json\/wp\/v2\/media?parent=28713"}],"curies":[{"name":"wp","href":"https:\/\/api.w.org\/{rel}","templated":true}]}}