{"id":28648,"date":"2022-08-22T11:37:48","date_gmt":"2022-08-22T09:37:48","guid":{"rendered":"https:\/\/stufvenas.se\/konferenz\/buchungsbedingungen\/"},"modified":"2024-12-26T16:41:35","modified_gmt":"2024-12-26T15:41:35","slug":"buchungsbedingungen","status":"publish","type":"page","link":"https:\/\/stufvenas.se\/de\/konferenz\/buchungsbedingungen\/","title":{"rendered":"Buchungsbedingungen"},"content":{"rendered":"\t\t<div data-elementor-type=\"wp-page\" data-elementor-id=\"28648\" class=\"elementor elementor-28648 elementor-16975\" data-elementor-post-type=\"page\">\n\t\t\t\t\t\t<section class=\"elementor-section elementor-top-section elementor-element elementor-element-19ad7a4d elementor-section-boxed elementor-section-height-default elementor-section-height-default\" data-id=\"19ad7a4d\" data-element_type=\"section\" data-e-type=\"section\">\n\t\t\t\t\t\t<div class=\"elementor-container elementor-column-gap-default\">\n\t\t\t\t\t<div class=\"elementor-column elementor-col-100 elementor-top-column elementor-element elementor-element-1fb7f3ea\" data-id=\"1fb7f3ea\" data-element_type=\"column\" data-e-type=\"column\">\n\t\t\t<div class=\"elementor-widget-wrap elementor-element-populated\">\n\t\t\t\t\t\t<div class=\"elementor-element elementor-element-4d10cb9 elementor-widget elementor-widget-spacer\" data-id=\"4d10cb9\" data-element_type=\"widget\" data-e-type=\"widget\" data-widget_type=\"spacer.default\">\n\t\t\t\t<div class=\"elementor-widget-container\">\n\t\t\t\t\t\t\t<div class=\"elementor-spacer\">\n\t\t\t<div class=\"elementor-spacer-inner\"><\/div>\n\t\t<\/div>\n\t\t\t\t\t\t<\/div>\n\t\t\t\t<\/div>\n\t\t\t\t<div class=\"elementor-element elementor-element-66e649b elementor-widget elementor-widget-text-editor\" data-id=\"66e649b\" data-element_type=\"widget\" data-e-type=\"widget\" data-widget_type=\"text-editor.default\">\n\t\t\t\t<div class=\"elementor-widget-container\">\n\t\t\t\t\t\t\t\t\t<div class=\"flex max-w-full flex-col flex-grow\">\r\n<div class=\"min-h-8 text-message flex w-full flex-col items-end gap-2 whitespace-normal break-words text-start [.text-message+&amp;]:mt-5\" dir=\"auto\" data-message-author-role=\"assistant\" data-message-id=\"e5db7c93-727b-4d7f-9c84-18e12334ff4b\" data-message-model-slug=\"gpt-4o-mini\">\r\n<div class=\"flex w-full flex-col gap-1 empty:hidden first:pt-[3px]\">\r\n<div class=\"markdown prose w-full break-words dark:prose-invert dark\">\r\n\r\n<strong>Hier k\u00f6nnen Sie unsere Buchungsbedingungen f\u00fcr Konferenzen und Gruppenbuchungen lesen.<\/strong>\r\n\r\n<em>Buchungsbedingungen<\/em>\r\nWir wenden die empfohlenen Stornierungsbedingungen von Visita an.\r\n<a href=\"https:\/\/stufvenas.se\/wp-content\/uploads\/2020\/03\/general-terms-for-conferences-group-bookings-and-other-events_nylogo.pdf\">Visita\u2019s general terms of conference group bookings and other events.<\/a>\r\n\r\n<em>Stornierungsbedingungen f\u00fcr Konferenzen und andere Gruppenbuchungen<\/em>\r\n<strong>Bis zu 4 Wochen vor Ankunft:<\/strong> Keine Geb\u00fchren\r\n<strong>4-2 Wochen vor Ankunft:<\/strong> 75% des vereinbarten Preises\r\n<strong>Weniger als 2 Wochen vor Ankunft:<\/strong> Volle Berechnung\r\n\r\n<strong>Die Stornierung muss schriftlich an uns erfolgen.<\/strong>\r\n\r\n<em>Stornierungsbedingungen f\u00fcr Gruppenbuchungen von Weihnachtsbuffets<\/em>\r\n<strong>Bis zu 4 Wochen vor Ankunft:<\/strong> Keine Geb\u00fchren\r\n<strong>4-2 Wochen vor Ankunft:<\/strong> 75% des vereinbarten Preises\r\n<strong>Weniger als 2 Wochen vor Ankunft:<\/strong> Volle Berechnung\r\n<strong>Anpassung der Teilnehmerzahl:<\/strong> Kostenfrei bis zu 10% der Anzahl drei Tage vorher.\r\n\r\n<em>Gemietete Dienstleistungen<\/em>\r\nF\u00fcr gemietete Dienstleistungen wie zum Beispiel Aktivit\u00e4tsunternehmen, K\u00fcnstler und Transport gelten nicht die Stornierungsbedingungen von Stufven\u00e4s G\u00e4stgifveri, sondern die Stornierungsbedingungen des jeweiligen Unterlieferanten.\r\n\r\n<\/div>\r\n<\/div>\r\n<\/div>\r\n<\/div>\t\t\t\t\t\t\t\t<\/div>\n\t\t\t\t<\/div>\n\t\t\t\t<div class=\"elementor-element elementor-element-601df65 elementor-widget elementor-widget-spacer\" data-id=\"601df65\" data-element_type=\"widget\" data-e-type=\"widget\" data-widget_type=\"spacer.default\">\n\t\t\t\t<div class=\"elementor-widget-container\">\n\t\t\t\t\t\t\t<div class=\"elementor-spacer\">\n\t\t\t<div class=\"elementor-spacer-inner\"><\/div>\n\t\t<\/div>\n\t\t\t\t\t\t<\/div>\n\t\t\t\t<\/div>\n\t\t\t\t\t<\/div>\n\t\t<\/div>\n\t\t\t\t\t<\/div>\n\t\t<\/section>\n\t\t\t\t<\/div>\n\t\t","protected":false},"excerpt":{"rendered":"<p>Hier k\u00f6nnen Sie unsere Buchungsbedingungen f\u00fcr Konferenzen und Gruppenbuchungen lesen. Buchungsbedingungen Wir wenden die empfohlenen Stornierungsbedingungen von Visita an. Visita\u2019s general terms of conference group bookings and other events. Stornierungsbedingungen f\u00fcr Konferenzen und andere Gruppenbuchungen Bis zu 4 Wochen vor Ankunft: Keine Geb\u00fchren 4-2 Wochen vor Ankunft: 75% des vereinbarten Preises Weniger als 2 Wochen [&hellip;]<\/p>\n","protected":false},"author":6,"featured_media":0,"parent":28645,"menu_order":0,"comment_status":"closed","ping_status":"closed","template":"elementor_header_footer","meta":{"_acf_changed":false,"content-type":"","footnotes":""},"class_list":["post-28648","page","type-page","status-publish","hentry"],"acf":[],"_links":{"self":[{"href":"https:\/\/stufvenas.se\/de\/wp-json\/wp\/v2\/pages\/28648","targetHints":{"allow":["GET"]}}],"collection":[{"href":"https:\/\/stufvenas.se\/de\/wp-json\/wp\/v2\/pages"}],"about":[{"href":"https:\/\/stufvenas.se\/de\/wp-json\/wp\/v2\/types\/page"}],"author":[{"embeddable":true,"href":"https:\/\/stufvenas.se\/de\/wp-json\/wp\/v2\/users\/6"}],"replies":[{"embeddable":true,"href":"https:\/\/stufvenas.se\/de\/wp-json\/wp\/v2\/comments?post=28648"}],"version-history":[{"count":0,"href":"https:\/\/stufvenas.se\/de\/wp-json\/wp\/v2\/pages\/28648\/revisions"}],"up":[{"embeddable":true,"href":"https:\/\/stufvenas.se\/de\/wp-json\/wp\/v2\/pages\/28645"}],"wp:attachment":[{"href":"https:\/\/stufvenas.se\/de\/wp-json\/wp\/v2\/media?parent=28648"}],"curies":[{"name":"wp","href":"https:\/\/api.w.org\/{rel}","templated":true}]}}