{"id":28640,"date":"2020-08-18T07:02:35","date_gmt":"2020-08-18T05:02:35","guid":{"rendered":"https:\/\/stufvenas.se\/restaurant\/weihnachtsbuffet-an-der-kalmarsund\/die-geschichte-des-weihnachtsessens\/"},"modified":"2024-12-26T15:59:46","modified_gmt":"2024-12-26T14:59:46","slug":"die-geschichte-des-weihnachtsessens","status":"publish","type":"page","link":"https:\/\/stufvenas.se\/de\/restaurant\/weihnachtsbuffet-an-der-kalmarsund\/die-geschichte-des-weihnachtsessens\/","title":{"rendered":"Die Geschichte des Weihnachtsessens"},"content":{"rendered":"\t\t<div data-elementor-type=\"wp-page\" data-elementor-id=\"28640\" class=\"elementor elementor-28640 elementor-6387\" data-elementor-post-type=\"page\">\n\t\t\t\t\t\t<section class=\"elementor-section elementor-top-section elementor-element elementor-element-be6f27f elementor-section-full_width elementor-section-height-min-height elementor-section-items-stretch elementor-section-height-default\" data-id=\"be6f27f\" data-element_type=\"section\" data-e-type=\"section\">\n\t\t\t\t\t\t<div class=\"elementor-container elementor-column-gap-default\">\n\t\t\t\t\t<div class=\"elementor-column elementor-col-100 elementor-top-column elementor-element elementor-element-a1aba4b\" data-id=\"a1aba4b\" data-element_type=\"column\" data-e-type=\"column\" data-settings=\"{&quot;background_background&quot;:&quot;classic&quot;}\">\n\t\t\t<div class=\"elementor-widget-wrap elementor-element-populated\">\n\t\t\t\t\t<div class=\"elementor-background-overlay\"><\/div>\n\t\t\t\t\t\t<section class=\"elementor-section elementor-inner-section elementor-element elementor-element-78c37ec elementor-section-full_width elementor-section-height-min-height elementor-section-height-default\" data-id=\"78c37ec\" data-element_type=\"section\" data-e-type=\"section\">\n\t\t\t\t\t\t<div class=\"elementor-container elementor-column-gap-default\">\n\t\t\t\t\t<div class=\"elementor-column elementor-col-50 elementor-inner-column elementor-element elementor-element-9882da8\" data-id=\"9882da8\" data-element_type=\"column\" data-e-type=\"column\">\n\t\t\t<div class=\"elementor-widget-wrap elementor-element-populated\">\n\t\t\t\t\t\t<div class=\"elementor-element elementor-element-059383c elementor-widget elementor-widget-heading\" data-id=\"059383c\" data-element_type=\"widget\" data-e-type=\"widget\" data-widget_type=\"heading.default\">\n\t\t\t\t<div class=\"elementor-widget-container\">\n\t\t\t\t\t<h1 class=\"elementor-heading-title elementor-size-default\">Klassisches Weihnachtsbuffet im Stufven\u00e4s G\u00e4stgifveri<\/h1>\t\t\t\t<\/div>\n\t\t\t\t<\/div>\n\t\t\t\t<div class=\"elementor-element elementor-element-99c92c0 elementor-widget elementor-widget-heading\" data-id=\"99c92c0\" data-element_type=\"widget\" data-e-type=\"widget\" data-widget_type=\"heading.default\">\n\t\t\t\t<div class=\"elementor-widget-container\">\n\t\t\t\t\t<h2 class=\"elementor-heading-title elementor-size-default\">Die Geschichte des Weihnachtsessens<\/h2>\t\t\t\t<\/div>\n\t\t\t\t<\/div>\n\t\t\t\t<div class=\"elementor-element elementor-element-bec91a4 elementor-widget elementor-widget-image\" data-id=\"bec91a4\" data-element_type=\"widget\" data-e-type=\"widget\" data-widget_type=\"image.default\">\n\t\t\t\t<div class=\"elementor-widget-container\">\n\t\t\t\t\t\t\t\t\t\t\t\t\t\t\t<img decoding=\"async\" width=\"26\" height=\"27\" src=\"https:\/\/stufvenas.se\/wp-content\/uploads\/2019\/06\/Stufvenas-Gastgifveri-UI-Pil.svg\" class=\"attachment-large size-large wp-image-184\" alt=\"\" \/>\t\t\t\t\t\t\t\t\t\t\t\t\t\t\t<\/div>\n\t\t\t\t<\/div>\n\t\t\t\t\t<\/div>\n\t\t<\/div>\n\t\t\t\t<div class=\"elementor-column elementor-col-50 elementor-inner-column elementor-element elementor-element-36207e2\" data-id=\"36207e2\" data-element_type=\"column\" data-e-type=\"column\">\n\t\t\t<div class=\"elementor-widget-wrap\">\n\t\t\t\t\t\t\t<\/div>\n\t\t<\/div>\n\t\t\t\t\t<\/div>\n\t\t<\/section>\n\t\t\t\t\t<\/div>\n\t\t<\/div>\n\t\t\t\t\t<\/div>\n\t\t<\/section>\n\t\t\t\t<section class=\"elementor-section elementor-top-section elementor-element elementor-element-7d3aa1b elementor-section-boxed elementor-section-height-default elementor-section-height-default\" data-id=\"7d3aa1b\" data-element_type=\"section\" data-e-type=\"section\">\n\t\t\t\t\t\t<div class=\"elementor-container elementor-column-gap-default\">\n\t\t\t\t\t<div class=\"elementor-column elementor-col-50 elementor-top-column elementor-element elementor-element-ca374ed\" data-id=\"ca374ed\" data-element_type=\"column\" data-e-type=\"column\">\n\t\t\t<div class=\"elementor-widget-wrap elementor-element-populated\">\n\t\t\t\t\t\t<div class=\"elementor-element elementor-element-a19d0a2 elementor-widget elementor-widget-heading\" data-id=\"a19d0a2\" data-element_type=\"widget\" data-e-type=\"widget\" data-widget_type=\"heading.default\">\n\t\t\t\t<div class=\"elementor-widget-container\">\n\t\t\t\t\t<h2 class=\"elementor-heading-title elementor-size-default\">Die Geschichte des Weihnachtsessens<\/h2>\t\t\t\t<\/div>\n\t\t\t\t<\/div>\n\t\t\t\t<div class=\"elementor-element elementor-element-49a6364 Underline-Link elementor-widget elementor-widget-text-editor\" data-id=\"49a6364\" data-element_type=\"widget\" data-e-type=\"widget\" data-widget_type=\"text-editor.default\">\n\t\t\t\t<div class=\"elementor-widget-container\">\n\t\t\t\t\t\t\t\t\t<p><strong>In Stufven\u00e4s G\u00e4stgiveri versuchen wir, die sm\u00e5l\u00e4ndischen und traditionellen Weihnachtsgerichte auf unserem klassischen und geschmackvollen Weihnachtsbuffet zu bewahren. Einige der Gerichte haben eine lange Geschichte, aber es gibt auch solche, die eine modernere Herkunft haben.<\/strong><\/p>\n\t\t\t\t\t\t\t\t<\/div>\n\t\t\t\t<\/div>\n\t\t\t\t<div class=\"elementor-element elementor-element-bca5eea elementor-widget elementor-widget-text-editor\" data-id=\"bca5eea\" data-element_type=\"widget\" data-e-type=\"widget\" data-widget_type=\"text-editor.default\">\n\t\t\t\t<div class=\"elementor-widget-container\">\n\t\t\t\t\t\t\t\t\t<p>Wir haben zwei verschiedene Qualit\u00e4tssiegel geschaffen, damit Sie als Gast das beste kulinarische Erlebnis bei uns haben.<\/p>\n<p>Lassen Sie es sich gut schmecken!<\/p>\n\t\t\t\t\t\t\t\t<\/div>\n\t\t\t\t<\/div>\n\t\t\t\t\t<\/div>\n\t\t<\/div>\n\t\t\t\t<div class=\"elementor-column elementor-col-50 elementor-top-column elementor-element elementor-element-7e4ff0f\" data-id=\"7e4ff0f\" data-element_type=\"column\" data-e-type=\"column\">\n\t\t\t<div class=\"elementor-widget-wrap elementor-element-populated\">\n\t\t\t\t\t\t<section class=\"elementor-section elementor-inner-section elementor-element elementor-element-86092ee elementor-section-boxed elementor-section-height-default elementor-section-height-default\" data-id=\"86092ee\" data-element_type=\"section\" data-e-type=\"section\" data-settings=\"{&quot;background_background&quot;:&quot;classic&quot;}\">\n\t\t\t\t\t\t<div class=\"elementor-container elementor-column-gap-default\">\n\t\t\t\t\t<div class=\"elementor-column elementor-col-50 elementor-inner-column elementor-element elementor-element-653f5cb\" data-id=\"653f5cb\" data-element_type=\"column\" data-e-type=\"column\">\n\t\t\t<div class=\"elementor-widget-wrap elementor-element-populated\">\n\t\t\t\t\t\t<div class=\"elementor-element elementor-element-3bebd3b elementor-widget elementor-widget-image\" data-id=\"3bebd3b\" data-element_type=\"widget\" data-e-type=\"widget\" data-widget_type=\"image.default\">\n\t\t\t\t<div class=\"elementor-widget-container\">\n\t\t\t\t\t\t\t\t\t\t\t\t\t\t\t<img fetchpriority=\"high\" decoding=\"async\" width=\"1055\" height=\"1020\" src=\"https:\/\/stufvenas.se\/wp-content\/uploads\/2019\/09\/Stufvenas-Gastgifveri-Grafik-MadeBy-1.svg\" class=\"attachment-large size-large wp-image-3166\" alt=\"\" \/>\t\t\t\t\t\t\t\t\t\t\t\t\t\t\t<\/div>\n\t\t\t\t<\/div>\n\t\t\t\t\t<\/div>\n\t\t<\/div>\n\t\t\t\t<div class=\"elementor-column elementor-col-50 elementor-inner-column elementor-element elementor-element-e08a517\" data-id=\"e08a517\" data-element_type=\"column\" data-e-type=\"column\">\n\t\t\t<div class=\"elementor-widget-wrap elementor-element-populated\">\n\t\t\t\t\t\t<div class=\"elementor-element elementor-element-6a0b156 elementor-widget elementor-widget-text-editor\" data-id=\"6a0b156\" data-element_type=\"widget\" data-e-type=\"widget\" data-widget_type=\"text-editor.default\">\n\t\t\t\t<div class=\"elementor-widget-container\">\n\t\t\t\t\t\t\t\t\t<p>Made by Stufven\u00e4s ist unser eigenes Qualit\u00e4tssiegel, das zeigt, welche Speisen von Grund auf in unserer K\u00fcche mit sorgf\u00e4ltig ausgew\u00e4hlten Zutaten zubereitet werden, von unserem talentierten K\u00fcchenteam.<\/p>\n\t\t\t\t\t\t\t\t<\/div>\n\t\t\t\t<\/div>\n\t\t\t\t\t<\/div>\n\t\t<\/div>\n\t\t\t\t\t<\/div>\n\t\t<\/section>\n\t\t\t\t<section class=\"elementor-section elementor-inner-section elementor-element elementor-element-6b11f9c elementor-section-boxed elementor-section-height-default elementor-section-height-default\" data-id=\"6b11f9c\" data-element_type=\"section\" data-e-type=\"section\" data-settings=\"{&quot;background_background&quot;:&quot;classic&quot;}\">\n\t\t\t\t\t\t<div class=\"elementor-container elementor-column-gap-default\">\n\t\t\t\t\t<div class=\"elementor-column elementor-col-50 elementor-inner-column elementor-element elementor-element-1ee15c3\" data-id=\"1ee15c3\" data-element_type=\"column\" data-e-type=\"column\">\n\t\t\t<div class=\"elementor-widget-wrap elementor-element-populated\">\n\t\t\t\t\t\t<div class=\"elementor-element elementor-element-14cafcc elementor-widget elementor-widget-image\" data-id=\"14cafcc\" data-element_type=\"widget\" data-e-type=\"widget\" data-widget_type=\"image.default\">\n\t\t\t\t<div class=\"elementor-widget-container\">\n\t\t\t\t\t\t\t\t\t\t\t\t\t\t\t<img decoding=\"async\" width=\"472\" height=\"472\" src=\"https:\/\/stufvenas.se\/wp-content\/uploads\/2023\/12\/Closeby_logotyp.png\" class=\"attachment-large size-large wp-image-22842\" alt=\"\" srcset=\"https:\/\/stufvenas.se\/wp-content\/uploads\/2023\/12\/Closeby_logotyp.png 472w, https:\/\/stufvenas.se\/wp-content\/uploads\/2023\/12\/Closeby_logotyp-400x400.png 400w\" sizes=\"(max-width: 472px) 100vw, 472px\" \/>\t\t\t\t\t\t\t\t\t\t\t\t\t\t\t<\/div>\n\t\t\t\t<\/div>\n\t\t\t\t\t<\/div>\n\t\t<\/div>\n\t\t\t\t<div class=\"elementor-column elementor-col-50 elementor-inner-column elementor-element elementor-element-78b292e\" data-id=\"78b292e\" data-element_type=\"column\" data-e-type=\"column\">\n\t\t\t<div class=\"elementor-widget-wrap elementor-element-populated\">\n\t\t\t\t\t\t<div class=\"elementor-element elementor-element-8ccb9fc elementor-widget elementor-widget-text-editor\" data-id=\"8ccb9fc\" data-element_type=\"widget\" data-e-type=\"widget\" data-widget_type=\"text-editor.default\">\n\t\t\t\t<div class=\"elementor-widget-container\">\n\t\t\t\t\t\t\t\t\t<p>Close by Stufven\u00e4s ist unser Qualit\u00e4tssiegel f\u00fcr wirklich gute und sorgf\u00e4ltig ausgew\u00e4hlte, lokal produzierte Produkte und Zutaten.<\/p>\n\t\t\t\t\t\t\t\t<\/div>\n\t\t\t\t<\/div>\n\t\t\t\t\t<\/div>\n\t\t<\/div>\n\t\t\t\t\t<\/div>\n\t\t<\/section>\n\t\t\t\t\t<\/div>\n\t\t<\/div>\n\t\t\t\t\t<\/div>\n\t\t<\/section>\n\t\t\t\t<section class=\"elementor-section elementor-top-section elementor-element elementor-element-e6f0e57 elementor-section-boxed elementor-section-height-default elementor-section-height-default\" data-id=\"e6f0e57\" data-element_type=\"section\" data-e-type=\"section\">\n\t\t\t\t\t\t<div class=\"elementor-container elementor-column-gap-default\">\n\t\t\t\t\t<div class=\"elementor-column elementor-col-50 elementor-top-column elementor-element elementor-element-757366e\" data-id=\"757366e\" data-element_type=\"column\" data-e-type=\"column\">\n\t\t\t<div class=\"elementor-widget-wrap elementor-element-populated\">\n\t\t\t\t\t\t<section class=\"elementor-section elementor-inner-section elementor-element elementor-element-2f817dc elementor-section-boxed elementor-section-height-default elementor-section-height-default\" data-id=\"2f817dc\" data-element_type=\"section\" data-e-type=\"section\" data-settings=\"{&quot;background_background&quot;:&quot;classic&quot;}\">\n\t\t\t\t\t\t<div class=\"elementor-container elementor-column-gap-default\">\n\t\t\t\t\t<div class=\"elementor-column elementor-col-100 elementor-inner-column elementor-element elementor-element-ad7383e\" data-id=\"ad7383e\" data-element_type=\"column\" data-e-type=\"column\">\n\t\t\t<div class=\"elementor-widget-wrap elementor-element-populated\">\n\t\t\t\t\t\t<div class=\"elementor-element elementor-element-449f0f8 Underline-Link elementor-widget elementor-widget-text-editor\" data-id=\"449f0f8\" data-element_type=\"widget\" data-e-type=\"widget\" data-widget_type=\"text-editor.default\">\n\t\t\t\t<div class=\"elementor-widget-container\">\n\t\t\t\t\t\t\t\t\t<p><strong>Weihnachtsbrot<\/strong><\/p>\n<p>Das Weihnachtsbrot unterschied sich erheblich von dem Brot, das man im Alltag a\u00df. Besonders dadurch, dass es als Formbrot gebacken wurde. Au\u00dferdem wurde W\u00fcrze als Teigfl\u00fcssigkeit verwendet und wenn man es sich richtig gut leisten konnte, f\u00fcgte man getrocknete Fr\u00fcchte wie \u00c4pfel, Feigen und Rosinen hinzu. Das Brot wurde auch mit Sirup, Nelken, Zimt und Kardamom gew\u00fcrzt.<\/p>\n<p><strong>&#8220;Dopp i grytan\u201c<\/strong><\/p>\n<p>Der Countdown bis Weihnachten wird als \u201edan f\u00f6re dopparedan\u201c bezeichnet. W\u00e4hrend der Weihnachtsvorbereitungen war es praktisch, schnell ein St\u00fcck Brot in die Schinkenbr\u00fche vom Weihnachts-Schinken zu tunken, die oft auf dem Herd stand. Urspr\u00fcnglich ist \u201edopp i grytan\u201c kein typisches Weihnachtsgericht, sondern etwas, das man tun musste, um altes, hartes Brot weich zu machen, sodass es wieder essbar war. Fast wie ein heutiges Fondue.<\/p>\n<p><strong>Gr\u00fctze<\/strong><\/p>\n<p>Weihnachtsgr\u00fctze war ein praktisches Festessen, wenn die Familie zusammen essen sollte. Gr\u00fctze war nicht nur ein Hauptgericht zu Weihnachten, sondern auch bei Ernte- und Erntedankfesten. Aber fr\u00fcher a\u00df man nicht Reisgr\u00fctze, sondern Gerstengr\u00fctze.<\/p>\n<p><strong>Eingelegter Hering und Sprotten<\/strong><\/p>\n<p>Unser heutiger eingelegter Hering stammt von dem salzigen Hering, den man fr\u00fcher im Alltag a\u00df. Salzige Sprotten standen in den sm\u00e5l\u00e4ndischen D\u00f6rfern fast t\u00e4glich auf dem Tisch. Man a\u00df sie viel h\u00e4ufiger als Fleisch. Ein allt\u00e4gliches Gericht wurde mit Hilfe von Gew\u00fcrzen, So\u00dfen und verschiedenen Aromen in eine Delikatesse unserer Zeit verwandelt.<\/p>\n<p><strong>Weihnachtsgetr\u00e4nke<\/strong><\/p>\n<p>Die \u00e4lteste skandinavische Bezeichnung f\u00fcr das Weihnachtsfest war \u201edricka jul\u201c (Weihnachten trinken). Das Weihnachtsbier sollte von bester Qualit\u00e4t sein. Als Vorl\u00e4ufer unseres heutigen Weihnachtsessen in Restaurants kann man das Vorweihnachtsfest der Dorfbauern sehen, bei dem sie von Hof zu Hof gingen und das Weihnachtsbier des anderen probierten. Seit dem Ende des Hausgebrausens sind verschiedene Mixgetr\u00e4nke wie \u201eMumma\u201c entstanden. Das bekannteste und beliebteste ist Julmust, das 1910 auf den Markt kam.<\/p>\n<p>Gl\u00f6gg gibt es seit dem Mittelalter und wurde durch das W\u00fcrzen des Weins geschaffen, um seine schlechte Qualit\u00e4t zu \u00fcberdecken. Dann wurde er erhitzt, um Schimmel und anderes abzut\u00f6ten. Aber erst Ende des 19. Jahrhunderts wird es als spezielles Weihnachtsgetr\u00e4nk erw\u00e4hnt. Heute ist Gl\u00f6gg ein w\u00e4rmendes Getr\u00e4nk f\u00fcr das ganze Jahr.<\/p>\n<p><strong>Weihnachtsnaschereien<\/strong><\/p>\n<p>Haseln\u00fcsse und \u00c4pfel haben eine lange Tradition als Weihnachtsnascherei in Sm\u00e5land. Exotische Fr\u00fcchte wie Feigen, Datteln, Rosinen, ausl\u00e4ndische N\u00fcsse sowie Schokoladen- und Marzipanfiguren kamen mit der Entwicklung des kolonialen Handels im 19. Jahrhundert.<\/p>\n\t\t\t\t\t\t\t\t<\/div>\n\t\t\t\t<\/div>\n\t\t\t\t\t<\/div>\n\t\t<\/div>\n\t\t\t\t\t<\/div>\n\t\t<\/section>\n\t\t\t\t\t<\/div>\n\t\t<\/div>\n\t\t\t\t<div class=\"elementor-column elementor-col-50 elementor-top-column elementor-element elementor-element-52cd1dc\" data-id=\"52cd1dc\" data-element_type=\"column\" data-e-type=\"column\">\n\t\t\t<div class=\"elementor-widget-wrap elementor-element-populated\">\n\t\t\t\t\t\t<section class=\"elementor-section elementor-inner-section elementor-element elementor-element-8d26b5a elementor-section-boxed elementor-section-height-default elementor-section-height-default\" data-id=\"8d26b5a\" data-element_type=\"section\" data-e-type=\"section\" data-settings=\"{&quot;background_background&quot;:&quot;classic&quot;}\">\n\t\t\t\t\t\t<div class=\"elementor-container elementor-column-gap-default\">\n\t\t\t\t\t<div class=\"elementor-column elementor-col-100 elementor-inner-column elementor-element elementor-element-4ef7972\" data-id=\"4ef7972\" data-element_type=\"column\" data-e-type=\"column\">\n\t\t\t<div class=\"elementor-widget-wrap elementor-element-populated\">\n\t\t\t\t\t\t<div class=\"elementor-element elementor-element-da05403 Underline-Link elementor-widget elementor-widget-text-editor\" data-id=\"da05403\" data-element_type=\"widget\" data-e-type=\"widget\" data-widget_type=\"text-editor.default\">\n\t\t\t\t<div class=\"elementor-widget-container\">\n\t\t\t\t\t\t\t\t\t<p><strong>Weihnachtsschinken<\/strong><\/p>\n<p>Dass wir zu Weihnachten so viel Schweinefleisch essen, liegt daran, dass man w\u00e4hrend der Zeit der Selbstversorgung das restliche Jahr \u00fcber nur gesalzenes Fleisch a\u00df. Aber beim gro\u00dfen Herbstschlachten sparte man ein oder zwei Schweine, die kurz vor Weihnachten geschlachtet wurden und frisch genossen wurden \u2013 es galt als eine gro\u00dfe Delikatesse. Der Weihnachtsschinken geh\u00f6rte jedoch nicht auf das Weihnachtsbuffet im b\u00e4uerlichen Umfeld. Die Schinken wurden oft bis zum Sommer aufbewahrt und in kleinere St\u00fccke zerteilt. Das meiste Schweinefleisch wurde fr\u00fcher gekocht, und das fette Br\u00fche wurde zum Beispiel f\u00fcr \u201edopp i grytan\u201c verwendet. Der Weihnachtsschinken stammt aus dem sp\u00e4ten 17. Jahrhundert, wurde damals aber haupts\u00e4chlich von den h\u00f6heren St\u00e4nden gegessen.<\/p>\n<p><strong>Janssons Versuchung<\/strong><\/p>\n<p>Laut einigen Quellen wurde das Gericht im 19. Jahrhundert dem Operns\u00e4nger Per Adolf \u201ePelle\u201c Janzon zugeschrieben. Er war daf\u00fcr bekannt, eine \u201eSechser\u201c (Bier, Schnaps und Anchovis-Auflauf) anzubieten, was den Namen Janssons Versuchung f\u00fcr diese Art von Auflauf hervorgebracht haben soll. Er soll sich von Anchovis-Dosen mit \u00e4hnlichen Inhalten inspirieren lassen haben. Der Name des Gerichts wurde jedoch erst 40 Jahre nach Janzons Tod, im 20. Jahrhundert, allgemein akzeptiert.<\/p>\n<p><strong>Frikadellen<\/strong><\/p>\n<p>Unser schwedischstes Nationalgericht. Aber Frikadellen gibt es weltweit unter verschiedenen Namen und in unterschiedlichen Geschmacksrichtungen. Heute ist es am h\u00e4ufigsten, dass wir unsere Frikadellen braten, aber im 17. und 18. Jahrhundert wurden sie als Frikadellen gekocht. Es ist eine relativ moderne Erscheinung, Fleisch zu Hackfleisch zu mahlen. Aber das richtige Zerkleinern von Fleisch zu Wurst und anderem war historisch gesehen eine g\u00e4ngige Methode, um alle Schnittteile zu nutzen und um den schlechten Zustand der Z\u00e4hne der Menschen zu erleichtern.<\/p>\n<p><strong>Lutfisk<\/strong><\/p>\n<p>Lutfisk, auch Stockfisk genannt, war ein Weihnachtsgericht in vielen sm\u00e5l\u00e4ndischen Haushalten. Frischer Fisch war im Winter schwer zu bekommen. Fr\u00fcher wurde Lutfisk als Trockenfisch gegessen. Man schnitt d\u00fcnne Scheiben, die geklopft wurden, um sie leichter kaubar zu machen, und tauchte sie in Butter.<\/p>\n\t\t\t\t\t\t\t\t<\/div>\n\t\t\t\t<\/div>\n\t\t\t\t\t<\/div>\n\t\t<\/div>\n\t\t\t\t\t<\/div>\n\t\t<\/section>\n\t\t\t\t<div class=\"elementor-element elementor-element-1d89711 Underline-Link elementor-widget elementor-widget-text-editor\" data-id=\"1d89711\" data-element_type=\"widget\" data-e-type=\"widget\" data-widget_type=\"text-editor.default\">\n\t\t\t\t<div class=\"elementor-widget-container\">\n\t\t\t\t\t\t\t\t\t<p><em>Quelle: Smaken av \u00f6stra Sm\u00e5land &amp; \u00d6land, Nationalencyklopedin, Nordiska museet<\/em><\/p>\n\t\t\t\t\t\t\t\t<\/div>\n\t\t\t\t<\/div>\n\t\t\t\t\t<\/div>\n\t\t<\/div>\n\t\t\t\t\t<\/div>\n\t\t<\/section>\n\t\t\t\t<\/div>\n\t\t","protected":false},"excerpt":{"rendered":"<p>Klassisches Weihnachtsbuffet im Stufven\u00e4s G\u00e4stgifveri Die Geschichte des Weihnachtsessens Die Geschichte des Weihnachtsessens In Stufven\u00e4s G\u00e4stgiveri versuchen wir, die sm\u00e5l\u00e4ndischen und traditionellen Weihnachtsgerichte auf unserem klassischen und geschmackvollen Weihnachtsbuffet zu bewahren. Einige der Gerichte haben eine lange Geschichte, aber es gibt auch solche, die eine modernere Herkunft haben. Wir haben zwei verschiedene Qualit\u00e4tssiegel geschaffen, damit [&hellip;]<\/p>\n","protected":false},"author":3,"featured_media":28641,"parent":28635,"menu_order":2,"comment_status":"closed","ping_status":"closed","template":"elementor_header_footer","meta":{"_acf_changed":false,"content-type":"","footnotes":""},"class_list":["post-28640","page","type-page","status-publish","has-post-thumbnail","hentry"],"acf":[],"_links":{"self":[{"href":"https:\/\/stufvenas.se\/de\/wp-json\/wp\/v2\/pages\/28640","targetHints":{"allow":["GET"]}}],"collection":[{"href":"https:\/\/stufvenas.se\/de\/wp-json\/wp\/v2\/pages"}],"about":[{"href":"https:\/\/stufvenas.se\/de\/wp-json\/wp\/v2\/types\/page"}],"author":[{"embeddable":true,"href":"https:\/\/stufvenas.se\/de\/wp-json\/wp\/v2\/users\/3"}],"replies":[{"embeddable":true,"href":"https:\/\/stufvenas.se\/de\/wp-json\/wp\/v2\/comments?post=28640"}],"version-history":[{"count":0,"href":"https:\/\/stufvenas.se\/de\/wp-json\/wp\/v2\/pages\/28640\/revisions"}],"up":[{"embeddable":true,"href":"https:\/\/stufvenas.se\/de\/wp-json\/wp\/v2\/pages\/28635"}],"wp:featuredmedia":[{"embeddable":true,"href":"https:\/\/stufvenas.se\/de\/wp-json\/wp\/v2\/media\/28641"}],"wp:attachment":[{"href":"https:\/\/stufvenas.se\/de\/wp-json\/wp\/v2\/media?parent=28640"}],"curies":[{"name":"wp","href":"https:\/\/api.w.org\/{rel}","templated":true}]}}