{"id":28637,"date":"2020-08-18T07:01:47","date_gmt":"2020-08-18T05:01:47","guid":{"rendered":"https:\/\/stufvenas.se\/restaurant\/weihnachtsbuffet-an-der-kalmarsund\/stufvenaes-weihnachtsbuffet-guide\/"},"modified":"2024-12-26T15:53:54","modified_gmt":"2024-12-26T14:53:54","slug":"stufvenaes-weihnachtsbuffet-guide","status":"publish","type":"page","link":"https:\/\/stufvenas.se\/de\/restaurant\/weihnachtsbuffet-an-der-kalmarsund\/stufvenaes-weihnachtsbuffet-guide\/","title":{"rendered":"Stufven\u00e4s Weihnachtsbuffet-Guide"},"content":{"rendered":"\t\t<div data-elementor-type=\"wp-page\" data-elementor-id=\"28637\" class=\"elementor elementor-28637 elementor-6384\" data-elementor-post-type=\"page\">\n\t\t\t\t\t\t<section class=\"elementor-section elementor-top-section elementor-element elementor-element-c89a1e2 elementor-section-full_width elementor-section-height-min-height elementor-section-items-stretch elementor-section-height-default\" data-id=\"c89a1e2\" data-element_type=\"section\" data-e-type=\"section\">\n\t\t\t\t\t\t<div class=\"elementor-container elementor-column-gap-default\">\n\t\t\t\t\t<div class=\"elementor-column elementor-col-100 elementor-top-column elementor-element elementor-element-1b322ef\" data-id=\"1b322ef\" data-element_type=\"column\" data-e-type=\"column\" data-settings=\"{&quot;background_background&quot;:&quot;classic&quot;}\">\n\t\t\t<div class=\"elementor-widget-wrap elementor-element-populated\">\n\t\t\t\t\t<div class=\"elementor-background-overlay\"><\/div>\n\t\t\t\t\t\t<section class=\"elementor-section elementor-inner-section elementor-element elementor-element-4f99033 elementor-section-full_width elementor-section-height-min-height elementor-section-height-default\" data-id=\"4f99033\" data-element_type=\"section\" data-e-type=\"section\">\n\t\t\t\t\t\t<div class=\"elementor-container elementor-column-gap-default\">\n\t\t\t\t\t<div class=\"elementor-column elementor-col-50 elementor-inner-column elementor-element elementor-element-2d91eef\" data-id=\"2d91eef\" data-element_type=\"column\" data-e-type=\"column\">\n\t\t\t<div class=\"elementor-widget-wrap elementor-element-populated\">\n\t\t\t\t\t\t<div class=\"elementor-element elementor-element-edbfa31 elementor-widget elementor-widget-heading\" data-id=\"edbfa31\" data-element_type=\"widget\" data-e-type=\"widget\" data-widget_type=\"heading.default\">\n\t\t\t\t<div class=\"elementor-widget-container\">\n\t\t\t\t\t<h1 class=\"elementor-heading-title elementor-size-default\">Klassisches Weihnachtsbuffet im Stufven\u00e4s G\u00e4stgifveri<\/h1>\t\t\t\t<\/div>\n\t\t\t\t<\/div>\n\t\t\t\t<div class=\"elementor-element elementor-element-6c3dbf5 elementor-widget elementor-widget-heading\" data-id=\"6c3dbf5\" data-element_type=\"widget\" data-e-type=\"widget\" data-widget_type=\"heading.default\">\n\t\t\t\t<div class=\"elementor-widget-container\">\n\t\t\t\t\t<h2 class=\"elementor-heading-title elementor-size-default\">Stufven\u00e4s Weihnachtsbuffet-Guide<\/h2>\t\t\t\t<\/div>\n\t\t\t\t<\/div>\n\t\t\t\t<div class=\"elementor-element elementor-element-3630616 elementor-widget elementor-widget-image\" data-id=\"3630616\" data-element_type=\"widget\" data-e-type=\"widget\" data-widget_type=\"image.default\">\n\t\t\t\t<div class=\"elementor-widget-container\">\n\t\t\t\t\t\t\t\t\t\t\t\t\t\t\t<img decoding=\"async\" width=\"26\" height=\"27\" src=\"https:\/\/stufvenas.se\/wp-content\/uploads\/2019\/06\/Stufvenas-Gastgifveri-UI-Pil.svg\" class=\"attachment-large size-large wp-image-184\" alt=\"\" \/>\t\t\t\t\t\t\t\t\t\t\t\t\t\t\t<\/div>\n\t\t\t\t<\/div>\n\t\t\t\t\t<\/div>\n\t\t<\/div>\n\t\t\t\t<div class=\"elementor-column elementor-col-50 elementor-inner-column elementor-element elementor-element-e19f1f7\" data-id=\"e19f1f7\" data-element_type=\"column\" data-e-type=\"column\">\n\t\t\t<div class=\"elementor-widget-wrap\">\n\t\t\t\t\t\t\t<\/div>\n\t\t<\/div>\n\t\t\t\t\t<\/div>\n\t\t<\/section>\n\t\t\t\t\t<\/div>\n\t\t<\/div>\n\t\t\t\t\t<\/div>\n\t\t<\/section>\n\t\t\t\t<section class=\"elementor-section elementor-top-section elementor-element elementor-element-31d8023 elementor-section-boxed elementor-section-height-default elementor-section-height-default\" data-id=\"31d8023\" data-element_type=\"section\" data-e-type=\"section\">\n\t\t\t\t\t\t<div class=\"elementor-container elementor-column-gap-default\">\n\t\t\t\t\t<div class=\"elementor-column elementor-col-50 elementor-top-column elementor-element elementor-element-685ec0f\" data-id=\"685ec0f\" data-element_type=\"column\" data-e-type=\"column\">\n\t\t\t<div class=\"elementor-widget-wrap elementor-element-populated\">\n\t\t\t\t\t\t<div class=\"elementor-element elementor-element-3b40345 elementor-widget elementor-widget-heading\" data-id=\"3b40345\" data-element_type=\"widget\" data-e-type=\"widget\" data-widget_type=\"heading.default\">\n\t\t\t\t<div class=\"elementor-widget-container\">\n\t\t\t\t\t<h2 class=\"elementor-heading-title elementor-size-default\">Unser Weihnachtsbuffet-Guide<\/h2>\t\t\t\t<\/div>\n\t\t\t\t<\/div>\n\t\t\t\t<div class=\"elementor-element elementor-element-843cf0a Underline-Link elementor-widget elementor-widget-text-editor\" data-id=\"843cf0a\" data-element_type=\"widget\" data-e-type=\"widget\" data-widget_type=\"text-editor.default\">\n\t\t\t\t<div class=\"elementor-widget-container\">\n\t\t\t\t\t\t\t\t\t<p><strong>Ein klassisches und schmackhaftes Weihnachtsbuffet m\u00f6chte man in gro\u00dfen Mengen genie\u00dfen und alle k\u00f6stlichen Delikatessen probieren. Aber das erfordert, dass man \u00fcber einen langen Zeitraum isst und auf traditionelle Weise in sieben verschiedenen Schritten. Hier erhalten Sie einen Guide, wie Sie das Weihnachtsbuffet im Stufven\u00e4s G\u00e4stgifveri genie\u00dfen k\u00f6nnen, um das beste Weihnachtserlebnis zu bekommen.<\/strong><\/p>\n\t\t\t\t\t\t\t\t<\/div>\n\t\t\t\t<\/div>\n\t\t\t\t<div class=\"elementor-element elementor-element-185e027 elementor-widget elementor-widget-text-editor\" data-id=\"185e027\" data-element_type=\"widget\" data-e-type=\"widget\" data-widget_type=\"text-editor.default\">\n\t\t\t\t<div class=\"elementor-widget-container\">\n\t\t\t\t\t\t\t\t\t<p>Wir haben zwei verschiedene Qualit\u00e4tssiegel geschaffen, damit Sie als Gast das beste kulinarische Erlebnis bei uns haben.<\/p>\n<p>Lassen Sie es sich gut schmecken!<\/p>\n\t\t\t\t\t\t\t\t<\/div>\n\t\t\t\t<\/div>\n\t\t\t\t<section class=\"elementor-section elementor-inner-section elementor-element elementor-element-28c7832 elementor-section-boxed elementor-section-height-default elementor-section-height-default\" data-id=\"28c7832\" data-element_type=\"section\" data-e-type=\"section\" data-settings=\"{&quot;background_background&quot;:&quot;classic&quot;}\">\n\t\t\t\t\t\t<div class=\"elementor-container elementor-column-gap-default\">\n\t\t\t\t\t<div class=\"elementor-column elementor-col-50 elementor-inner-column elementor-element elementor-element-14268ab\" data-id=\"14268ab\" data-element_type=\"column\" data-e-type=\"column\">\n\t\t\t<div class=\"elementor-widget-wrap elementor-element-populated\">\n\t\t\t\t\t\t<div class=\"elementor-element elementor-element-7bede88 elementor-widget elementor-widget-image\" data-id=\"7bede88\" data-element_type=\"widget\" data-e-type=\"widget\" data-widget_type=\"image.default\">\n\t\t\t\t<div class=\"elementor-widget-container\">\n\t\t\t\t\t\t\t\t\t\t\t\t\t\t\t<img fetchpriority=\"high\" decoding=\"async\" width=\"1055\" height=\"1020\" src=\"https:\/\/stufvenas.se\/wp-content\/uploads\/2019\/09\/Stufvenas-Gastgifveri-Grafik-MadeBy-1.svg\" class=\"attachment-large size-large wp-image-3166\" alt=\"\" \/>\t\t\t\t\t\t\t\t\t\t\t\t\t\t\t<\/div>\n\t\t\t\t<\/div>\n\t\t\t\t\t<\/div>\n\t\t<\/div>\n\t\t\t\t<div class=\"elementor-column elementor-col-50 elementor-inner-column elementor-element elementor-element-5d33be6\" data-id=\"5d33be6\" data-element_type=\"column\" data-e-type=\"column\">\n\t\t\t<div class=\"elementor-widget-wrap elementor-element-populated\">\n\t\t\t\t\t\t<div class=\"elementor-element elementor-element-4545f89 elementor-widget elementor-widget-text-editor\" data-id=\"4545f89\" data-element_type=\"widget\" data-e-type=\"widget\" data-widget_type=\"text-editor.default\">\n\t\t\t\t<div class=\"elementor-widget-container\">\n\t\t\t\t\t\t\t\t\t<p>Made by Stufven\u00e4s ist unser eigenes Qualit\u00e4tssiegel, das zeigt, welche Speisen von Grund auf in unserer K\u00fcche mit sorgf\u00e4ltig ausgew\u00e4hlten Zutaten zubereitet werden, von unserem talentierten K\u00fcchenteam.<\/p>\n\t\t\t\t\t\t\t\t<\/div>\n\t\t\t\t<\/div>\n\t\t\t\t\t<\/div>\n\t\t<\/div>\n\t\t\t\t\t<\/div>\n\t\t<\/section>\n\t\t\t\t<section class=\"elementor-section elementor-inner-section elementor-element elementor-element-6b9f84b elementor-section-boxed elementor-section-height-default elementor-section-height-default\" data-id=\"6b9f84b\" data-element_type=\"section\" data-e-type=\"section\" data-settings=\"{&quot;background_background&quot;:&quot;classic&quot;}\">\n\t\t\t\t\t\t<div class=\"elementor-container elementor-column-gap-default\">\n\t\t\t\t\t<div class=\"elementor-column elementor-col-50 elementor-inner-column elementor-element elementor-element-1176d84\" data-id=\"1176d84\" data-element_type=\"column\" data-e-type=\"column\">\n\t\t\t<div class=\"elementor-widget-wrap elementor-element-populated\">\n\t\t\t\t\t\t<div class=\"elementor-element elementor-element-1463ccb elementor-widget elementor-widget-image\" data-id=\"1463ccb\" data-element_type=\"widget\" data-e-type=\"widget\" data-widget_type=\"image.default\">\n\t\t\t\t<div class=\"elementor-widget-container\">\n\t\t\t\t\t\t\t\t\t\t\t\t\t\t\t<img decoding=\"async\" width=\"472\" height=\"472\" src=\"https:\/\/stufvenas.se\/wp-content\/uploads\/2023\/12\/Closeby_logotyp.png\" class=\"attachment-large size-large wp-image-22842\" alt=\"\" srcset=\"https:\/\/stufvenas.se\/wp-content\/uploads\/2023\/12\/Closeby_logotyp.png 472w, https:\/\/stufvenas.se\/wp-content\/uploads\/2023\/12\/Closeby_logotyp-400x400.png 400w\" sizes=\"(max-width: 472px) 100vw, 472px\" \/>\t\t\t\t\t\t\t\t\t\t\t\t\t\t\t<\/div>\n\t\t\t\t<\/div>\n\t\t\t\t\t<\/div>\n\t\t<\/div>\n\t\t\t\t<div class=\"elementor-column elementor-col-50 elementor-inner-column elementor-element elementor-element-6fde726\" data-id=\"6fde726\" data-element_type=\"column\" data-e-type=\"column\">\n\t\t\t<div class=\"elementor-widget-wrap elementor-element-populated\">\n\t\t\t\t\t\t<div class=\"elementor-element elementor-element-59c3c4b elementor-widget elementor-widget-text-editor\" data-id=\"59c3c4b\" data-element_type=\"widget\" data-e-type=\"widget\" data-widget_type=\"text-editor.default\">\n\t\t\t\t<div class=\"elementor-widget-container\">\n\t\t\t\t\t\t\t\t\t<p>Close by Stufven\u00e4s ist unser Qualit\u00e4tssiegel f\u00fcr wirklich gute und sorgf\u00e4ltig ausgew\u00e4hlte, lokal produzierte Produkte und Zutaten.<\/p>\n\t\t\t\t\t\t\t\t<\/div>\n\t\t\t\t<\/div>\n\t\t\t\t\t<\/div>\n\t\t<\/div>\n\t\t\t\t\t<\/div>\n\t\t<\/section>\n\t\t\t\t\t<\/div>\n\t\t<\/div>\n\t\t\t\t<div class=\"elementor-column elementor-col-50 elementor-top-column elementor-element elementor-element-538895f\" data-id=\"538895f\" data-element_type=\"column\" data-e-type=\"column\" data-settings=\"{&quot;background_background&quot;:&quot;classic&quot;}\">\n\t\t\t<div class=\"elementor-widget-wrap elementor-element-populated\">\n\t\t\t\t\t\t<div class=\"elementor-element elementor-element-805c70a Underline-Link elementor-widget elementor-widget-text-editor\" data-id=\"805c70a\" data-element_type=\"widget\" data-e-type=\"widget\" data-widget_type=\"text-editor.default\">\n\t\t\t\t<div class=\"elementor-widget-container\">\n\t\t\t\t\t\t\t\t\t<p>1.<\/p>\n<p><strong>1.<\/strong><\/p>\n<p>Wenn Sie zu uns im Stufven\u00e4s G\u00e4stgifveri kommen, wird der Oberkellner Sie zu Ihrem Tisch f\u00fchren. Dort servieren wir Gl\u00f6gg mit traditionellen Beilagen. W\u00e4hrend Sie Gl\u00f6gg trinken, nehmen wir Ihre Getr\u00e4nkebestellung auf.<\/p>\n\t\t\t\t\t\t\t\t<\/div>\n\t\t\t\t<\/div>\n\t\t\t\t<div class=\"elementor-element elementor-element-f28fac6 Underline-Link elementor-widget elementor-widget-text-editor\" data-id=\"f28fac6\" data-element_type=\"widget\" data-e-type=\"widget\" data-widget_type=\"text-editor.default\">\n\t\t\t\t<div class=\"elementor-widget-container\">\n\t\t\t\t\t\t\t\t\t<p><strong>2.<\/strong><\/p>\n<p>Nun ist es Zeit f\u00fcr den ersten Teller. Gehen Sie zum Heringsbuffet und nehmen Sie sich Hering in verschiedenen Marinaden, gekochte Kartoffeln, K\u00e4se und Kn\u00e4ckebrot. Wenn Sie Schnaps m\u00f6gen, k\u00f6nnte es jetzt eine gute Idee sein, den ersten Schnaps zu nehmen, um die Verdauung anzuregen.<\/p>\n\t\t\t\t\t\t\t\t<\/div>\n\t\t\t\t<\/div>\n\t\t\t\t<div class=\"elementor-element elementor-element-4e38d47 Underline-Link elementor-widget elementor-widget-text-editor\" data-id=\"4e38d47\" data-element_type=\"widget\" data-e-type=\"widget\" data-widget_type=\"text-editor.default\">\n\t\t\t\t<div class=\"elementor-widget-container\">\n\t\t\t\t\t\t\t\t\t<p><strong>3.<\/strong><\/p>\n<p>Auf dem zweiten Teller sollte der kalte Fisch sein. Kalt ger\u00e4ucherter, hei\u00df ger\u00e4ucherter und eingelegter Lachs, Meeresfr\u00fcchte, Makrele, Thunfisch, Aal und Pasteten.<\/p>\n\t\t\t\t\t\t\t\t<\/div>\n\t\t\t\t<\/div>\n\t\t\t\t<div class=\"elementor-element elementor-element-487f79e Underline-Link elementor-widget elementor-widget-text-editor\" data-id=\"487f79e\" data-element_type=\"widget\" data-e-type=\"widget\" data-widget_type=\"text-editor.default\">\n\t\t\t\t<div class=\"elementor-widget-container\">\n\t\t\t\t\t\t\t\t\t<p><strong>4.<\/strong><\/p>\n<p>Der dritte Teller enth\u00e4lt kaltes Fleisch mit Wild, ger\u00e4ucherten W\u00fcrsten, S\u00fclzen und Pasteten. Vergessen Sie nicht, ein Schinkenbr\u00f6tchen mit einer unserer leckeren hausgemachten Senfsorten zu essen.<\/p>\n\t\t\t\t\t\t\t\t<\/div>\n\t\t\t\t<\/div>\n\t\t\t\t<div class=\"elementor-element elementor-element-d68e47a Underline-Link elementor-widget elementor-widget-text-editor\" data-id=\"d68e47a\" data-element_type=\"widget\" data-e-type=\"widget\" data-widget_type=\"text-editor.default\">\n\t\t\t\t<div class=\"elementor-widget-container\">\n\t\t\t\t\t\t\t\t\t<p><strong>5.<\/strong><\/p>\n<p>Nun k\u00f6nnen Sie sich den warmen Gerichten widmen, wie hausgemachten Weihnachtsfrikadellen, Prinzkorv, Janssons Versuchung, braune Kohlen, Rotkohl, Gr\u00fcnkohl, Lutfisk, Dopp i Grytan und mehr.<\/p>\n\t\t\t\t\t\t\t\t<\/div>\n\t\t\t\t<\/div>\n\t\t\t\t<div class=\"elementor-element elementor-element-98d3ce0 Underline-Link elementor-widget elementor-widget-text-editor\" data-id=\"98d3ce0\" data-element_type=\"widget\" data-e-type=\"widget\" data-widget_type=\"text-editor.default\">\n\t\t\t\t<div class=\"elementor-widget-container\">\n\t\t\t\t\t\t\t\t\t<p><strong>6.<\/strong><\/p>\n<p>Dessert geht immer. In unserem Dessertzimmer finden Sie Ris \u00e0 la Malta, Stufven\u00e4s K\u00e4sekuchen, Zitronencreme, Panna Cotta, Schokoladenpudding, Obstsalat und unsere eigene sm\u00e5l\u00e4ndische Variante des Meringue-Suisses. Hier gibt es auch eine K\u00e4seplatte und Kekse.<\/p>\n\t\t\t\t\t\t\t\t<\/div>\n\t\t\t\t<\/div>\n\t\t\t\t<div class=\"elementor-element elementor-element-5e02a82 Underline-Link elementor-widget elementor-widget-text-editor\" data-id=\"5e02a82\" data-element_type=\"widget\" data-e-type=\"widget\" data-widget_type=\"text-editor.default\">\n\t\t\t\t<div class=\"elementor-widget-container\">\n\t\t\t\t\t\t\t\t\t<strong>7.<\/strong>\r\n\r\nZu guter Letzt ist es Zeit, das Abendessen mit Kaffee, Geb\u00e4ck und Weihnachtskonfekt abzurunden, das wir selbst machen oder das lokal produziert ist.\t\t\t\t\t\t\t\t<\/div>\n\t\t\t\t<\/div>\n\t\t\t\t<div class=\"elementor-element elementor-element-54637d2 Underline-Link elementor-widget elementor-widget-text-editor\" data-id=\"54637d2\" data-element_type=\"widget\" data-e-type=\"widget\" data-widget_type=\"text-editor.default\">\n\t\t\t\t<div class=\"elementor-widget-container\">\n\t\t\t\t\t\t\t\t\t<p>Und hoffentlich haben Sie langsam gegessen, die Gesellschaft genossen und ein wirklich wunderbares Weihnachtsbuffet-Erlebnis bei uns im Stufven\u00e4s G\u00e4stgifveri am Kalmarsund gehabt.<\/p>\n\t\t\t\t\t\t\t\t<\/div>\n\t\t\t\t<\/div>\n\t\t\t\t\t<\/div>\n\t\t<\/div>\n\t\t\t\t\t<\/div>\n\t\t<\/section>\n\t\t\t\t<\/div>\n\t\t","protected":false},"excerpt":{"rendered":"<p>Klassisches Weihnachtsbuffet im Stufven\u00e4s G\u00e4stgifveri Stufven\u00e4s Weihnachtsbuffet-Guide Unser Weihnachtsbuffet-Guide Ein klassisches und schmackhaftes Weihnachtsbuffet m\u00f6chte man in gro\u00dfen Mengen genie\u00dfen und alle k\u00f6stlichen Delikatessen probieren. Aber das erfordert, dass man \u00fcber einen langen Zeitraum isst und auf traditionelle Weise in sieben verschiedenen Schritten. Hier erhalten Sie einen Guide, wie Sie das Weihnachtsbuffet im Stufven\u00e4s G\u00e4stgifveri [&hellip;]<\/p>\n","protected":false},"author":3,"featured_media":28638,"parent":28635,"menu_order":1,"comment_status":"closed","ping_status":"closed","template":"elementor_header_footer","meta":{"_acf_changed":false,"content-type":"","footnotes":""},"class_list":["post-28637","page","type-page","status-publish","has-post-thumbnail","hentry"],"acf":[],"_links":{"self":[{"href":"https:\/\/stufvenas.se\/de\/wp-json\/wp\/v2\/pages\/28637","targetHints":{"allow":["GET"]}}],"collection":[{"href":"https:\/\/stufvenas.se\/de\/wp-json\/wp\/v2\/pages"}],"about":[{"href":"https:\/\/stufvenas.se\/de\/wp-json\/wp\/v2\/types\/page"}],"author":[{"embeddable":true,"href":"https:\/\/stufvenas.se\/de\/wp-json\/wp\/v2\/users\/3"}],"replies":[{"embeddable":true,"href":"https:\/\/stufvenas.se\/de\/wp-json\/wp\/v2\/comments?post=28637"}],"version-history":[{"count":0,"href":"https:\/\/stufvenas.se\/de\/wp-json\/wp\/v2\/pages\/28637\/revisions"}],"up":[{"embeddable":true,"href":"https:\/\/stufvenas.se\/de\/wp-json\/wp\/v2\/pages\/28635"}],"wp:featuredmedia":[{"embeddable":true,"href":"https:\/\/stufvenas.se\/de\/wp-json\/wp\/v2\/media\/28638"}],"wp:attachment":[{"href":"https:\/\/stufvenas.se\/de\/wp-json\/wp\/v2\/media?parent=28637"}],"curies":[{"name":"wp","href":"https:\/\/api.w.org\/{rel}","templated":true}]}}