{"id":28619,"date":"2019-06-17T14:27:50","date_gmt":"2019-06-17T12:27:50","guid":{"rendered":"https:\/\/stufvenas.se\/restaurant\/cafe-brygghuset\/"},"modified":"2025-06-18T13:39:03","modified_gmt":"2025-06-18T11:39:03","slug":"cafe-brygghuset","status":"publish","type":"page","link":"https:\/\/stufvenas.se\/de\/restaurant\/cafe-brygghuset\/","title":{"rendered":"Caf\u00e9 Brygghuset"},"content":{"rendered":"\t\t<div data-elementor-type=\"wp-post\" data-elementor-id=\"28619\" class=\"elementor elementor-28619 elementor-232\" data-elementor-post-type=\"page\">\n\t\t\t\t\t\t<section class=\"elementor-section elementor-top-section elementor-element elementor-element-4a148e8 elementor-section-full_width elementor-section-height-min-height elementor-section-items-stretch elementor-section-height-default\" data-id=\"4a148e8\" data-element_type=\"section\" data-e-type=\"section\" data-settings=\"{&quot;background_background&quot;:&quot;classic&quot;}\">\n\t\t\t\t\t\t\t<div class=\"elementor-background-overlay\"><\/div>\n\t\t\t\t\t\t\t<div class=\"elementor-container elementor-column-gap-default\">\n\t\t\t\t\t<div class=\"elementor-column elementor-col-100 elementor-top-column elementor-element elementor-element-a0c54c2\" data-id=\"a0c54c2\" data-element_type=\"column\" data-e-type=\"column\">\n\t\t\t<div class=\"elementor-widget-wrap elementor-element-populated\">\n\t\t\t\t\t\t<section class=\"elementor-section elementor-inner-section elementor-element elementor-element-28c1af8 elementor-section-full_width elementor-section-height-min-height elementor-section-height-default\" data-id=\"28c1af8\" data-element_type=\"section\" data-e-type=\"section\">\n\t\t\t\t\t\t<div class=\"elementor-container elementor-column-gap-default\">\n\t\t\t\t\t<div class=\"elementor-column elementor-col-50 elementor-inner-column elementor-element elementor-element-113e653\" data-id=\"113e653\" data-element_type=\"column\" data-e-type=\"column\">\n\t\t\t<div class=\"elementor-widget-wrap elementor-element-populated\">\n\t\t\t\t\t\t<div class=\"elementor-element elementor-element-8958d36 elementor-widget elementor-widget-heading\" data-id=\"8958d36\" data-element_type=\"widget\" data-e-type=\"widget\" data-widget_type=\"heading.default\">\n\t\t\t\t<div class=\"elementor-widget-container\">\n\t\t\t\t\t<h1 class=\"elementor-heading-title elementor-size-default\">Besuchen Sie unser gem\u00fctliches <\/h1>\t\t\t\t<\/div>\n\t\t\t\t<\/div>\n\t\t\t\t<div class=\"elementor-element elementor-element-1175b71 elementor-widget elementor-widget-heading\" data-id=\"1175b71\" data-element_type=\"widget\" data-e-type=\"widget\" data-widget_type=\"heading.default\">\n\t\t\t\t<div class=\"elementor-widget-container\">\n\t\t\t\t\t<h2 class=\"elementor-heading-title elementor-size-default\">Caf\u00e9 Brygghuset<\/h2>\t\t\t\t<\/div>\n\t\t\t\t<\/div>\n\t\t\t\t<div class=\"elementor-element elementor-element-d3a28e9 elementor-widget elementor-widget-image\" data-id=\"d3a28e9\" data-element_type=\"widget\" data-e-type=\"widget\" data-widget_type=\"image.default\">\n\t\t\t\t<div class=\"elementor-widget-container\">\n\t\t\t\t\t\t\t\t\t\t\t\t\t\t\t<img decoding=\"async\" width=\"26\" height=\"27\" src=\"https:\/\/stufvenas.se\/wp-content\/uploads\/2019\/06\/Stufvenas-Gastgifveri-UI-Pil.svg\" class=\"attachment-large size-large wp-image-184\" alt=\"\" \/>\t\t\t\t\t\t\t\t\t\t\t\t\t\t\t<\/div>\n\t\t\t\t<\/div>\n\t\t\t\t\t<\/div>\n\t\t<\/div>\n\t\t\t\t<div class=\"elementor-column elementor-col-50 elementor-inner-column elementor-element elementor-element-da7f543\" data-id=\"da7f543\" data-element_type=\"column\" data-e-type=\"column\">\n\t\t\t<div class=\"elementor-widget-wrap\">\n\t\t\t\t\t\t\t<\/div>\n\t\t<\/div>\n\t\t\t\t\t<\/div>\n\t\t<\/section>\n\t\t\t\t\t<\/div>\n\t\t<\/div>\n\t\t\t\t\t<\/div>\n\t\t<\/section>\n\t\t\t\t<section class=\"elementor-section elementor-top-section elementor-element elementor-element-e176b3f elementor-section-height-min-height elementor-hidden-tablet elementor-hidden-mobile elementor-section-full_width elementor-section-height-default elementor-section-items-middle\" data-id=\"e176b3f\" data-element_type=\"section\" data-e-type=\"section\" data-settings=\"{&quot;background_background&quot;:&quot;classic&quot;}\">\n\t\t\t\t\t\t<div class=\"elementor-container elementor-column-gap-default\">\n\t\t\t\t\t<div class=\"elementor-column elementor-col-100 elementor-top-column elementor-element elementor-element-169459d\" data-id=\"169459d\" data-element_type=\"column\" data-e-type=\"column\">\n\t\t\t<div class=\"elementor-widget-wrap elementor-element-populated\">\n\t\t\t\t\t\t<div class=\"elementor-element elementor-element-1975afd elementor-nav-menu__align-center elementor-hidden-tablet elementor-hidden-mobile elementor-nav-menu--dropdown-tablet elementor-nav-menu__text-align-aside elementor-nav-menu--toggle elementor-nav-menu--burger elementor-widget elementor-widget-nav-menu\" data-id=\"1975afd\" data-element_type=\"widget\" data-e-type=\"widget\" data-settings=\"{&quot;layout&quot;:&quot;horizontal&quot;,&quot;submenu_icon&quot;:{&quot;value&quot;:&quot;&lt;i class=\\&quot;fas fa-caret-down\\&quot; aria-hidden=\\&quot;true\\&quot;&gt;&lt;\\\/i&gt;&quot;,&quot;library&quot;:&quot;fa-solid&quot;},&quot;toggle&quot;:&quot;burger&quot;}\" data-widget_type=\"nav-menu.default\">\n\t\t\t\t<div class=\"elementor-widget-container\">\n\t\t\t\t\t\t\t\t<nav aria-label=\"Meny\" class=\"elementor-nav-menu--main elementor-nav-menu__container elementor-nav-menu--layout-horizontal e--pointer-none\">\n\t\t\t\t<ul id=\"menu-1-1975afd\" class=\"elementor-nav-menu\"><li class=\"menu-item menu-item-type-post_type menu-item-object-page menu-item-274\"><a href=\"https:\/\/stufvenas.se\/restaurang\/frukost\/\" class=\"elementor-item\">Fr\u00fchst\u00fcck<\/a><\/li>\n<li class=\"menu-item menu-item-type-post_type menu-item-object-page menu-item-275\"><a href=\"https:\/\/stufvenas.se\/restaurang\/lunch\/\" class=\"elementor-item\">Mittagessen<\/a><\/li>\n<li class=\"menu-item menu-item-type-post_type menu-item-object-page menu-item-276\"><a href=\"https:\/\/stufvenas.se\/restaurang\/a-la-carte\/\" class=\"elementor-item\">\u00c0 la carte<\/a><\/li>\n<li class=\"menu-item menu-item-type-post_type menu-item-object-page menu-item-26248\"><a href=\"https:\/\/stufvenas.se\/restaurang\/cocktailloungen\/\" class=\"elementor-item\">Cocktaillounge<\/a><\/li>\n<li class=\"menu-item menu-item-type-post_type menu-item-object-page menu-item-277\"><a href=\"https:\/\/stufvenas.se\/restaurang\/vinkallare\/\" class=\"elementor-item\">Weinkeller<\/a><\/li>\n<li class=\"menu-item menu-item-type-post_type menu-item-object-page menu-item-9455\"><a href=\"https:\/\/stufvenas.se\/restaurang\/the-edible-country\/\" class=\"elementor-item\">The Edible Country<\/a><\/li>\n<li class=\"menu-item menu-item-type-post_type menu-item-object-page menu-item-278\"><a href=\"https:\/\/stufvenas.se\/restaurang\/cafe-brygghuset\/\" class=\"elementor-item\">Caf\u00e9 Brygghuset<\/a><\/li>\n<\/ul>\t\t\t<\/nav>\n\t\t\t\t\t<div class=\"elementor-menu-toggle\" role=\"button\" tabindex=\"0\" aria-label=\"Men\u00fc Umschalter\" aria-expanded=\"false\">\n\t\t\t<i aria-hidden=\"true\" role=\"presentation\" class=\"elementor-menu-toggle__icon--open eicon-menu-bar\"><\/i><i aria-hidden=\"true\" role=\"presentation\" class=\"elementor-menu-toggle__icon--close eicon-close\"><\/i>\t\t<\/div>\n\t\t\t\t\t<nav class=\"elementor-nav-menu--dropdown elementor-nav-menu__container\" aria-hidden=\"true\">\n\t\t\t\t<ul id=\"menu-2-1975afd\" class=\"elementor-nav-menu\"><li class=\"menu-item menu-item-type-post_type menu-item-object-page menu-item-274\"><a href=\"https:\/\/stufvenas.se\/restaurang\/frukost\/\" class=\"elementor-item\" tabindex=\"-1\">Fr\u00fchst\u00fcck<\/a><\/li>\n<li class=\"menu-item menu-item-type-post_type menu-item-object-page menu-item-275\"><a href=\"https:\/\/stufvenas.se\/restaurang\/lunch\/\" class=\"elementor-item\" tabindex=\"-1\">Mittagessen<\/a><\/li>\n<li class=\"menu-item menu-item-type-post_type menu-item-object-page menu-item-276\"><a href=\"https:\/\/stufvenas.se\/restaurang\/a-la-carte\/\" class=\"elementor-item\" tabindex=\"-1\">\u00c0 la carte<\/a><\/li>\n<li class=\"menu-item menu-item-type-post_type menu-item-object-page menu-item-26248\"><a href=\"https:\/\/stufvenas.se\/restaurang\/cocktailloungen\/\" class=\"elementor-item\" tabindex=\"-1\">Cocktaillounge<\/a><\/li>\n<li class=\"menu-item menu-item-type-post_type menu-item-object-page menu-item-277\"><a href=\"https:\/\/stufvenas.se\/restaurang\/vinkallare\/\" class=\"elementor-item\" tabindex=\"-1\">Weinkeller<\/a><\/li>\n<li class=\"menu-item menu-item-type-post_type menu-item-object-page menu-item-9455\"><a href=\"https:\/\/stufvenas.se\/restaurang\/the-edible-country\/\" class=\"elementor-item\" tabindex=\"-1\">The Edible Country<\/a><\/li>\n<li class=\"menu-item menu-item-type-post_type menu-item-object-page menu-item-278\"><a href=\"https:\/\/stufvenas.se\/restaurang\/cafe-brygghuset\/\" class=\"elementor-item\" tabindex=\"-1\">Caf\u00e9 Brygghuset<\/a><\/li>\n<\/ul>\t\t\t<\/nav>\n\t\t\t\t\t\t<\/div>\n\t\t\t\t<\/div>\n\t\t\t\t\t<\/div>\n\t\t<\/div>\n\t\t\t\t\t<\/div>\n\t\t<\/section>\n\t\t\t\t<section class=\"elementor-section elementor-top-section elementor-element elementor-element-c407595 elementor-section-boxed elementor-section-height-default elementor-section-height-default\" data-id=\"c407595\" data-element_type=\"section\" data-e-type=\"section\">\n\t\t\t\t\t\t<div class=\"elementor-container elementor-column-gap-default\">\n\t\t\t\t\t<div class=\"elementor-column elementor-col-100 elementor-top-column elementor-element elementor-element-4862d42\" data-id=\"4862d42\" data-element_type=\"column\" data-e-type=\"column\">\n\t\t\t<div class=\"elementor-widget-wrap elementor-element-populated\">\n\t\t\t\t\t\t<div class=\"elementor-element elementor-element-47677a8 elementor-widget elementor-widget-heading\" data-id=\"47677a8\" data-element_type=\"widget\" data-e-type=\"widget\" data-widget_type=\"heading.default\">\n\t\t\t\t<div class=\"elementor-widget-container\">\n\t\t\t\t\t<h2 class=\"elementor-heading-title elementor-size-default\">Genie\u00dfen Sie den Sommer, sch\u00f6ne Musik, k\u00f6stlichen Kaffee, hausgemachte Sandwiches und Backwaren, Eis und lokal produzierte Produkte in unserem charmanten Sommercaf\u00e9!<\/h2>\t\t\t\t<\/div>\n\t\t\t\t<\/div>\n\t\t\t\t<div class=\"elementor-element elementor-element-7e3f2d4 elementor-widget elementor-widget-text-editor\" data-id=\"7e3f2d4\" data-element_type=\"widget\" data-e-type=\"widget\" data-widget_type=\"text-editor.default\">\n\t\t\t\t<div class=\"elementor-widget-container\">\n\t\t\t\t\t\t\t\t\tStufven\u00e4s hat eine lange und spannende Geschichte. In dem alten Brauhaus, das sich in unserem Garten auf der Vorderseite befindet, haben wir ein Sommercaf\u00e9 eingerichtet, das den passenden Namen \u201eCaf\u00e9 Brygghuset\u201c tr\u00e4gt.<br><br>Mitte des 20. Jahrhunderts wurden mehrere Geb\u00e4ude in Stufven\u00e4s durch einen Blitzeinschlag zerst\u00f6rt. \u00dcbrig blieben das Hauptgeb\u00e4ude und das Brauhaus. Das Brauhaus wurde als Wirtschaftsk\u00fcche genutzt. Hier wusch man W\u00e4sche, verarbeitete Fleisch nach der Schlachtung, kochte \u201eSchweinekartoffeln\u201c (Kartoffeln f\u00fcr Schweinefutter) und backte im Backofen. Da das Brauhaus in Stufven\u00e4s \u00e4lter als 1855 ist, wurde hier vermutlich, wie der Name vermuten l\u00e4sst, Bier gebraut. Es ist auch sehr wahrscheinlich, dass hier eine Brennerei stand. Der private Alkoholbrand wurde 1855 verboten.<br><br>Heute bietet das Brygghuset entspannte Atmosph\u00e4re mit jazzigen Kl\u00e4ngen, entweder in unserem Garten oder drinnen. Hier finden Sie die K\u00f6stlichkeiten und Backwaren unseres talentierten K\u00fcchenteams unter unserem eigenen Qualit\u00e4tssiegel \u201eMade by Stufven\u00e4s\u201c. Au\u00dferdem haben wir mit viel Liebe einige der besten Produkte von lokalen Produzenten ausgew\u00e4hlt, die wir \u201eClose by Stufven\u00e4s\u201c nennen.<br><br>Unser Sm\u00e5l\u00e4nder Naturkaffee, ger\u00f6stet bei Balck Coffee in Kalmar, erfrischendes Eis von Grenna Glass, Fudge und Bonbons von der Konfektyrfabriken, unsere eigenen fantastische Backwaren, Waffeln und Marmeladen \u2013 pr\u00e4sentiert in einer einzigartigen Umgebung \u2013 machen dies zu einem der besten Ausflugsziele des Sommers. Wir bieten Ihnen ein Erlebnis f\u00fcr alle Sinne!<br><br><strong>Das Caf\u00e9 Brygghuset ist vom 22. Juni bis 10. August 2025 t\u00e4glich von 11 bis 18 Uhr ge\u00f6ffnet. Herzlich willkommen!<\/strong>\t\t\t\t\t\t\t\t<\/div>\n\t\t\t\t<\/div>\n\t\t\t\t\t<\/div>\n\t\t<\/div>\n\t\t\t\t\t<\/div>\n\t\t<\/section>\n\t\t\t\t<\/div>\n\t\t","protected":false},"excerpt":{"rendered":"<p>Besuchen Sie unser gem\u00fctliches Caf\u00e9 Brygghuset Genie\u00dfen Sie den Sommer, sch\u00f6ne Musik, k\u00f6stlichen Kaffee, hausgemachte Sandwiches und Backwaren, Eis und lokal produzierte Produkte in unserem charmanten Sommercaf\u00e9! Stufven\u00e4s hat eine lange und spannende Geschichte. In dem alten Brauhaus, das sich in unserem Garten auf der Vorderseite befindet, haben wir ein Sommercaf\u00e9 eingerichtet, das den passenden [&hellip;]<\/p>\n","protected":false},"author":6,"featured_media":0,"parent":28600,"menu_order":4,"comment_status":"closed","ping_status":"closed","template":"elementor_header_footer","meta":{"_acf_changed":false,"content-type":"","footnotes":""},"class_list":["post-28619","page","type-page","status-publish","hentry"],"acf":[],"_links":{"self":[{"href":"https:\/\/stufvenas.se\/de\/wp-json\/wp\/v2\/pages\/28619","targetHints":{"allow":["GET"]}}],"collection":[{"href":"https:\/\/stufvenas.se\/de\/wp-json\/wp\/v2\/pages"}],"about":[{"href":"https:\/\/stufvenas.se\/de\/wp-json\/wp\/v2\/types\/page"}],"author":[{"embeddable":true,"href":"https:\/\/stufvenas.se\/de\/wp-json\/wp\/v2\/users\/6"}],"replies":[{"embeddable":true,"href":"https:\/\/stufvenas.se\/de\/wp-json\/wp\/v2\/comments?post=28619"}],"version-history":[{"count":0,"href":"https:\/\/stufvenas.se\/de\/wp-json\/wp\/v2\/pages\/28619\/revisions"}],"up":[{"embeddable":true,"href":"https:\/\/stufvenas.se\/de\/wp-json\/wp\/v2\/pages\/28600"}],"wp:attachment":[{"href":"https:\/\/stufvenas.se\/de\/wp-json\/wp\/v2\/media?parent=28619"}],"curies":[{"name":"wp","href":"https:\/\/api.w.org\/{rel}","templated":true}]}}