{"id":28617,"date":"2019-06-17T14:27:18","date_gmt":"2019-06-17T12:27:18","guid":{"rendered":"https:\/\/stufvenas.se\/restaurant\/weinkeller\/"},"modified":"2024-12-26T13:56:00","modified_gmt":"2024-12-26T12:56:00","slug":"weinkeller","status":"publish","type":"page","link":"https:\/\/stufvenas.se\/de\/restaurant\/weinkeller\/","title":{"rendered":"Weinkeller"},"content":{"rendered":"\t\t<div data-elementor-type=\"wp-post\" data-elementor-id=\"28617\" class=\"elementor elementor-28617 elementor-230\" data-elementor-post-type=\"page\">\n\t\t\t\t\t\t<section class=\"elementor-section elementor-top-section elementor-element elementor-element-45d892c elementor-section-full_width elementor-section-height-min-height elementor-section-items-stretch elementor-section-height-default\" data-id=\"45d892c\" data-element_type=\"section\" data-e-type=\"section\" data-settings=\"{&quot;background_background&quot;:&quot;classic&quot;}\">\n\t\t\t\t\t\t\t<div class=\"elementor-background-overlay\"><\/div>\n\t\t\t\t\t\t\t<div class=\"elementor-container elementor-column-gap-default\">\n\t\t\t\t\t<div class=\"elementor-column elementor-col-100 elementor-top-column elementor-element elementor-element-1f62ded\" data-id=\"1f62ded\" data-element_type=\"column\" data-e-type=\"column\">\n\t\t\t<div class=\"elementor-widget-wrap elementor-element-populated\">\n\t\t\t\t\t\t<section class=\"elementor-section elementor-inner-section elementor-element elementor-element-d6a47f1 elementor-section-full_width elementor-section-height-min-height elementor-section-height-default\" data-id=\"d6a47f1\" data-element_type=\"section\" data-e-type=\"section\">\n\t\t\t\t\t\t<div class=\"elementor-container elementor-column-gap-default\">\n\t\t\t\t\t<div class=\"elementor-column elementor-col-50 elementor-inner-column elementor-element elementor-element-0ebba78\" data-id=\"0ebba78\" data-element_type=\"column\" data-e-type=\"column\">\n\t\t\t<div class=\"elementor-widget-wrap elementor-element-populated\">\n\t\t\t\t\t\t<div class=\"elementor-element elementor-element-dbad5a0 elementor-widget elementor-widget-heading\" data-id=\"dbad5a0\" data-element_type=\"widget\" data-e-type=\"widget\" data-widget_type=\"heading.default\">\n\t\t\t\t<div class=\"elementor-widget-container\">\n\t\t\t\t\t<h1 class=\"elementor-heading-title elementor-size-default\">Erleben Sie unser Juwel<\/h1>\t\t\t\t<\/div>\n\t\t\t\t<\/div>\n\t\t\t\t<div class=\"elementor-element elementor-element-69df3d7 elementor-widget elementor-widget-heading\" data-id=\"69df3d7\" data-element_type=\"widget\" data-e-type=\"widget\" data-widget_type=\"heading.default\">\n\t\t\t\t<div class=\"elementor-widget-container\">\n\t\t\t\t\t<h2 class=\"elementor-heading-title elementor-size-default\">Weinkeller<\/h2>\t\t\t\t<\/div>\n\t\t\t\t<\/div>\n\t\t\t\t<div class=\"elementor-element elementor-element-90d48a4 elementor-widget elementor-widget-image\" data-id=\"90d48a4\" data-element_type=\"widget\" data-e-type=\"widget\" data-widget_type=\"image.default\">\n\t\t\t\t<div class=\"elementor-widget-container\">\n\t\t\t\t\t\t\t\t\t\t\t\t\t\t\t<img decoding=\"async\" width=\"26\" height=\"27\" src=\"https:\/\/stufvenas.se\/wp-content\/uploads\/2019\/06\/Stufvenas-Gastgifveri-UI-Pil.svg\" class=\"attachment-large size-large wp-image-184\" alt=\"\" \/>\t\t\t\t\t\t\t\t\t\t\t\t\t\t\t<\/div>\n\t\t\t\t<\/div>\n\t\t\t\t\t<\/div>\n\t\t<\/div>\n\t\t\t\t<div class=\"elementor-column elementor-col-50 elementor-inner-column elementor-element elementor-element-18bda3c\" data-id=\"18bda3c\" data-element_type=\"column\" data-e-type=\"column\">\n\t\t\t<div class=\"elementor-widget-wrap\">\n\t\t\t\t\t\t\t<\/div>\n\t\t<\/div>\n\t\t\t\t\t<\/div>\n\t\t<\/section>\n\t\t\t\t\t<\/div>\n\t\t<\/div>\n\t\t\t\t\t<\/div>\n\t\t<\/section>\n\t\t\t\t<section class=\"elementor-section elementor-top-section elementor-element elementor-element-0270688 elementor-section-height-min-height elementor-hidden-tablet elementor-hidden-mobile elementor-section-full_width elementor-section-height-default elementor-section-items-middle\" data-id=\"0270688\" data-element_type=\"section\" data-e-type=\"section\" data-settings=\"{&quot;background_background&quot;:&quot;classic&quot;}\">\n\t\t\t\t\t\t<div class=\"elementor-container elementor-column-gap-default\">\n\t\t\t\t\t<div class=\"elementor-column elementor-col-100 elementor-top-column elementor-element elementor-element-a3d805a\" data-id=\"a3d805a\" data-element_type=\"column\" data-e-type=\"column\">\n\t\t\t<div class=\"elementor-widget-wrap elementor-element-populated\">\n\t\t\t\t\t\t<div class=\"elementor-element elementor-element-0ffc415 elementor-nav-menu__align-center elementor-hidden-tablet elementor-hidden-mobile elementor-nav-menu--dropdown-tablet elementor-nav-menu__text-align-aside elementor-nav-menu--toggle elementor-nav-menu--burger elementor-widget elementor-widget-nav-menu\" data-id=\"0ffc415\" data-element_type=\"widget\" data-e-type=\"widget\" data-settings=\"{&quot;layout&quot;:&quot;horizontal&quot;,&quot;submenu_icon&quot;:{&quot;value&quot;:&quot;&lt;i class=\\&quot;fas fa-caret-down\\&quot; aria-hidden=\\&quot;true\\&quot;&gt;&lt;\\\/i&gt;&quot;,&quot;library&quot;:&quot;fa-solid&quot;},&quot;toggle&quot;:&quot;burger&quot;}\" data-widget_type=\"nav-menu.default\">\n\t\t\t\t<div class=\"elementor-widget-container\">\n\t\t\t\t\t\t\t\t<nav aria-label=\"Meny\" class=\"elementor-nav-menu--main elementor-nav-menu__container elementor-nav-menu--layout-horizontal e--pointer-none\">\n\t\t\t\t<ul id=\"menu-1-0ffc415\" class=\"elementor-nav-menu\"><li class=\"menu-item menu-item-type-post_type menu-item-object-page menu-item-274\"><a href=\"https:\/\/stufvenas.se\/restaurang\/frukost\/\" class=\"elementor-item\">Fr\u00fchst\u00fcck<\/a><\/li>\n<li class=\"menu-item menu-item-type-post_type menu-item-object-page menu-item-275\"><a href=\"https:\/\/stufvenas.se\/restaurang\/lunch\/\" class=\"elementor-item\">Mittagessen<\/a><\/li>\n<li class=\"menu-item menu-item-type-post_type menu-item-object-page menu-item-276\"><a href=\"https:\/\/stufvenas.se\/restaurang\/a-la-carte\/\" class=\"elementor-item\">\u00c0 la carte<\/a><\/li>\n<li class=\"menu-item menu-item-type-post_type menu-item-object-page menu-item-26248\"><a href=\"https:\/\/stufvenas.se\/restaurang\/cocktailloungen\/\" class=\"elementor-item\">Cocktaillounge<\/a><\/li>\n<li class=\"menu-item menu-item-type-post_type menu-item-object-page menu-item-277\"><a href=\"https:\/\/stufvenas.se\/restaurang\/vinkallare\/\" class=\"elementor-item\">Weinkeller<\/a><\/li>\n<li class=\"menu-item menu-item-type-post_type menu-item-object-page menu-item-9455\"><a href=\"https:\/\/stufvenas.se\/restaurang\/the-edible-country\/\" class=\"elementor-item\">The Edible Country<\/a><\/li>\n<li class=\"menu-item menu-item-type-post_type menu-item-object-page menu-item-278\"><a href=\"https:\/\/stufvenas.se\/restaurang\/cafe-brygghuset\/\" class=\"elementor-item\">Caf\u00e9 Brygghuset<\/a><\/li>\n<\/ul>\t\t\t<\/nav>\n\t\t\t\t\t<div class=\"elementor-menu-toggle\" role=\"button\" tabindex=\"0\" aria-label=\"Men\u00fc Umschalter\" aria-expanded=\"false\">\n\t\t\t<i aria-hidden=\"true\" role=\"presentation\" class=\"elementor-menu-toggle__icon--open eicon-menu-bar\"><\/i><i aria-hidden=\"true\" role=\"presentation\" class=\"elementor-menu-toggle__icon--close eicon-close\"><\/i>\t\t<\/div>\n\t\t\t\t\t<nav class=\"elementor-nav-menu--dropdown elementor-nav-menu__container\" aria-hidden=\"true\">\n\t\t\t\t<ul id=\"menu-2-0ffc415\" class=\"elementor-nav-menu\"><li class=\"menu-item menu-item-type-post_type menu-item-object-page menu-item-274\"><a href=\"https:\/\/stufvenas.se\/restaurang\/frukost\/\" class=\"elementor-item\" tabindex=\"-1\">Fr\u00fchst\u00fcck<\/a><\/li>\n<li class=\"menu-item menu-item-type-post_type menu-item-object-page menu-item-275\"><a href=\"https:\/\/stufvenas.se\/restaurang\/lunch\/\" class=\"elementor-item\" tabindex=\"-1\">Mittagessen<\/a><\/li>\n<li class=\"menu-item menu-item-type-post_type menu-item-object-page menu-item-276\"><a href=\"https:\/\/stufvenas.se\/restaurang\/a-la-carte\/\" class=\"elementor-item\" tabindex=\"-1\">\u00c0 la carte<\/a><\/li>\n<li class=\"menu-item menu-item-type-post_type menu-item-object-page menu-item-26248\"><a href=\"https:\/\/stufvenas.se\/restaurang\/cocktailloungen\/\" class=\"elementor-item\" tabindex=\"-1\">Cocktaillounge<\/a><\/li>\n<li class=\"menu-item menu-item-type-post_type menu-item-object-page menu-item-277\"><a href=\"https:\/\/stufvenas.se\/restaurang\/vinkallare\/\" class=\"elementor-item\" tabindex=\"-1\">Weinkeller<\/a><\/li>\n<li class=\"menu-item menu-item-type-post_type menu-item-object-page menu-item-9455\"><a href=\"https:\/\/stufvenas.se\/restaurang\/the-edible-country\/\" class=\"elementor-item\" tabindex=\"-1\">The Edible Country<\/a><\/li>\n<li class=\"menu-item menu-item-type-post_type menu-item-object-page menu-item-278\"><a href=\"https:\/\/stufvenas.se\/restaurang\/cafe-brygghuset\/\" class=\"elementor-item\" tabindex=\"-1\">Caf\u00e9 Brygghuset<\/a><\/li>\n<\/ul>\t\t\t<\/nav>\n\t\t\t\t\t\t<\/div>\n\t\t\t\t<\/div>\n\t\t\t\t\t<\/div>\n\t\t<\/div>\n\t\t\t\t\t<\/div>\n\t\t<\/section>\n\t\t\t\t<section class=\"elementor-section elementor-top-section elementor-element elementor-element-8a8f7aa elementor-section-boxed elementor-section-height-default elementor-section-height-default\" data-id=\"8a8f7aa\" data-element_type=\"section\" data-e-type=\"section\">\n\t\t\t\t\t\t<div class=\"elementor-container elementor-column-gap-default\">\n\t\t\t\t\t<div class=\"elementor-column elementor-col-50 elementor-top-column elementor-element elementor-element-c21143b elementor-hidden-phone\" data-id=\"c21143b\" data-element_type=\"column\" data-e-type=\"column\">\n\t\t\t<div class=\"elementor-widget-wrap elementor-element-populated\">\n\t\t\t\t\t\t<div class=\"elementor-element elementor-element-261d8fb elementor-invisible elementor-widget elementor-widget-image\" data-id=\"261d8fb\" data-element_type=\"widget\" data-e-type=\"widget\" data-settings=\"{&quot;motion_fx_motion_fx_mouse&quot;:&quot;yes&quot;,&quot;_animation&quot;:&quot;fadeInUp&quot;,&quot;_animation_delay&quot;:500}\" data-widget_type=\"image.default\">\n\t\t\t\t<div class=\"elementor-widget-container\">\n\t\t\t\t\t\t\t\t\t\t\t\t\t\t\t<img fetchpriority=\"high\" decoding=\"async\" width=\"800\" height=\"1476\" src=\"https:\/\/stufvenas.se\/wp-content\/uploads\/2024\/08\/BestofAE2024logo_Color.jpg\" class=\"attachment-large size-large wp-image-27122\" alt=\"\" srcset=\"https:\/\/stufvenas.se\/wp-content\/uploads\/2024\/08\/BestofAE2024logo_Color.jpg 850w, https:\/\/stufvenas.se\/wp-content\/uploads\/2024\/08\/BestofAE2024logo_Color-750x1384.jpg 750w, https:\/\/stufvenas.se\/wp-content\/uploads\/2024\/08\/BestofAE2024logo_Color-768x1417.jpg 768w, https:\/\/stufvenas.se\/wp-content\/uploads\/2024\/08\/BestofAE2024logo_Color-833x1536.jpg 833w\" sizes=\"(max-width: 800px) 100vw, 800px\" \/>\t\t\t\t\t\t\t\t\t\t\t\t\t\t\t<\/div>\n\t\t\t\t<\/div>\n\t\t\t\t<div class=\"elementor-element elementor-element-b6ab2c6 elementor-invisible elementor-widget elementor-widget-image\" data-id=\"b6ab2c6\" data-element_type=\"widget\" data-e-type=\"widget\" data-settings=\"{&quot;motion_fx_motion_fx_mouse&quot;:&quot;yes&quot;,&quot;_animation&quot;:&quot;fadeInUp&quot;,&quot;_animation_delay&quot;:500}\" data-widget_type=\"image.default\">\n\t\t\t\t<div class=\"elementor-widget-container\">\n\t\t\t\t\t\t\t\t\t\t\t\t\t\t\t<img decoding=\"async\" width=\"709\" height=\"1299\" src=\"https:\/\/stufvenas.se\/wp-content\/uploads\/2024\/09\/Starwinelist-2024.png\" class=\"attachment-large size-large wp-image-27461\" alt=\"\" \/>\t\t\t\t\t\t\t\t\t\t\t\t\t\t\t<\/div>\n\t\t\t\t<\/div>\n\t\t\t\t<div class=\"elementor-element elementor-element-ebb10e1 elementor-widget__width-auto elementor-invisible elementor-widget elementor-widget-image\" data-id=\"ebb10e1\" data-element_type=\"widget\" data-e-type=\"widget\" data-settings=\"{&quot;_animation&quot;:&quot;fadeInUp&quot;,&quot;_animation_delay&quot;:1000}\" data-widget_type=\"image.default\">\n\t\t\t\t<div class=\"elementor-widget-container\">\n\t\t\t\t\t\t\t\t\t\t\t\t\t\t\t<img loading=\"lazy\" decoding=\"async\" width=\"338\" height=\"146\" src=\"https:\/\/stufvenas.se\/wp-content\/uploads\/2019\/02\/grade-4.png\" class=\"attachment-full size-full wp-image-6247\" alt=\"\" \/>\t\t\t\t\t\t\t\t\t\t\t\t\t\t\t<\/div>\n\t\t\t\t<\/div>\n\t\t\t\t\t<\/div>\n\t\t<\/div>\n\t\t\t\t<div class=\"elementor-column elementor-col-50 elementor-top-column elementor-element elementor-element-21fa1b0\" data-id=\"21fa1b0\" data-element_type=\"column\" data-e-type=\"column\">\n\t\t\t<div class=\"elementor-widget-wrap elementor-element-populated\">\n\t\t\t\t\t\t<div class=\"elementor-element elementor-element-ab03a12 elementor-widget elementor-widget-heading\" data-id=\"ab03a12\" data-element_type=\"widget\" data-e-type=\"widget\" data-widget_type=\"heading.default\">\n\t\t\t\t<div class=\"elementor-widget-container\">\n\t\t\t\t\t<h2 class=\"elementor-heading-title elementor-size-default\">Willkommen im Stufven\u00e4s Weinkeller \u2013 einem national anerkannten Keller, der 1990 von Sigvard Johansson, dem Gr\u00fcnder des Gasthofs, erbaut wurde.<\/h2>\t\t\t\t<\/div>\n\t\t\t\t<\/div>\n\t\t\t\t<div class=\"elementor-element elementor-element-b39371f elementor-widget elementor-widget-text-editor\" data-id=\"b39371f\" data-element_type=\"widget\" data-e-type=\"widget\" data-widget_type=\"text-editor.default\">\n\t\t\t\t<div class=\"elementor-widget-container\">\n\t\t\t\t\t\t\t\t\t<p>\u00dcber 17 Jahre baute Sigvard diesen Schatz auf, der schlie\u00dflich fast 6.000 Flaschen umfasste. Ihr Marktwert betr\u00e4gt nach heutigem Stand fast 30.000.000 SEK, darunter Rarit\u00e4ten wie Chateau Lafite-Rothschild von 1900, Chateau P\u00e9trus von 1949 und Chateau Margaux von 1878.<\/p>\n\t\t\t\t\t\t\t\t<\/div>\n\t\t\t\t<\/div>\n\t\t\t\t<div class=\"elementor-element elementor-element-eeab7de elementor-widget elementor-widget-text-editor\" data-id=\"eeab7de\" data-element_type=\"widget\" data-e-type=\"widget\" data-widget_type=\"text-editor.default\">\n\t\t\t\t<div class=\"elementor-widget-container\">\n\t\t\t\t\t\t\t\t\t<p>Der Weinkeller hat im Laufe der Jahre zahlreiche Auszeichnungen erhalten. So wurde ihm von Wine Spectator zwischen 1995 und 2006 elfmal der Best Award of Excellence verliehen. Au\u00dferdem wurde er 1997 von der Svenska Vinakademien mit einem Diplom f\u00fcr die beste Restaurantweinkarte Schwedens ausgezeichnet und erhielt 2004 den Preis f\u00fcr die Weinkarte des Jahres von den Munsk\u00e4nkarna.<\/p>\n\t\t\t\t\t\t\t\t<\/div>\n\t\t\t\t<\/div>\n\t\t\t\t<div class=\"elementor-element elementor-element-2626ff2 elementor-widget elementor-widget-text-editor\" data-id=\"2626ff2\" data-element_type=\"widget\" data-e-type=\"widget\" data-widget_type=\"text-editor.default\">\n\t\t\t\t<div class=\"elementor-widget-container\">\n\t\t\t\t\t\t\t\t\t<p>Im September 2007 ereignete sich ein viel beachteter Weindiebstahl, bei dem eine unbekannte Gruppe in den Keller eindrang und alle wertvollen Flaschen stahl. Eine hohe Belohnung wurde f\u00fcr Hinweise ausgesetzt, die zur Verurteilung der Diebe f\u00fchren k\u00f6nnten. Bis heute wurde jedoch niemand f\u00fcr die Tat verurteilt oder festgenommen.<\/p>\n\t\t\t\t\t\t\t\t<\/div>\n\t\t\t\t<\/div>\n\t\t\t\t<div class=\"elementor-element elementor-element-a51166d elementor-widget elementor-widget-text-editor\" data-id=\"a51166d\" data-element_type=\"widget\" data-e-type=\"widget\" data-widget_type=\"text-editor.default\">\n\t\t\t\t<div class=\"elementor-widget-container\">\n\t\t\t\t\t\t\t\t\t<p>Seitdem geriet der Keller in Vergessenheit, und seine Verf\u00fcgbarkeit f\u00fcr unsere G\u00e4ste war nahezu nicht existent. Der Weinkeller war lange in einen Dornr\u00f6schenschlaf versunken, doch jetzt ist es an der Zeit, ihn wieder zum Leben zu erwecken. Schritt f\u00fcr Schritt m\u00f6chten wir eine Weinkarte wiederaufbauen, die Interesse und Attraktivit\u00e4t weckt. Gleichzeitig erh\u00f6hen wir die Zug\u00e4nglichkeit f\u00fcr unsere G\u00e4ste, die einen au\u00dfergew\u00f6hnlichen Weinkeller mit viel Geschichte und hervorragenden Weinen erleben m\u00f6chten. Unsere Weinkarte wurde 2022 erneut mit dem Best of Award of Excellence von Wine Spectator ausgezeichnet und in die Star Wine List aufgenommen. Zudem erhielt unser Weinkeller 2020 vier Weintrauben von den Munsk\u00e4nkarna \u2013 eine Anerkennung, die uns zeigt, dass wir auf dem richtigen Weg sind.<\/p>\n\t\t\t\t\t\t\t\t<\/div>\n\t\t\t\t<\/div>\n\t\t\t\t<div class=\"elementor-element elementor-element-edaed07 Underline-Link elementor-widget elementor-widget-text-editor\" data-id=\"edaed07\" data-element_type=\"widget\" data-e-type=\"widget\" data-widget_type=\"text-editor.default\">\n\t\t\t\t<div class=\"elementor-widget-container\">\n\t\t\t\t\t\t\t\t\t<p>Laden Sie unsere Weinkarte hier herunter: <a href=\"https:\/\/stufvenas.se\/wp-content\/uploads\/2020\/09\/TheWineList-September2020.pdf\">THE WINE LIST<\/a><\/p>\n\t\t\t\t\t\t\t\t<\/div>\n\t\t\t\t<\/div>\n\t\t\t\t<div class=\"elementor-element elementor-element-e2039d1 Underline-Link elementor-widget elementor-widget-text-editor\" data-id=\"e2039d1\" data-element_type=\"widget\" data-e-type=\"widget\" data-widget_type=\"text-editor.default\">\n\t\t\t\t<div class=\"elementor-widget-container\">\n\t\t\t\t\t\t\t\t\t<p>Hier finden Sie auch unsere Getr\u00e4nkekarte im Restaurant: <a href=\"https:\/\/stufvenas.se\/wp-content\/uploads\/2023\/06\/Dryckeslista-2023.pdf\">THE RESTAURANT LIST<\/a><\/p>\n\t\t\t\t\t\t\t\t<\/div>\n\t\t\t\t<\/div>\n\t\t\t\t<section class=\"elementor-section elementor-inner-section elementor-element elementor-element-f97e840 elementor-section-boxed elementor-section-height-default elementor-section-height-default\" data-id=\"f97e840\" data-element_type=\"section\" data-e-type=\"section\">\n\t\t\t\t\t\t<div class=\"elementor-container elementor-column-gap-default\">\n\t\t\t\t\t<div class=\"elementor-column elementor-col-50 elementor-inner-column elementor-element elementor-element-a5b0d78\" data-id=\"a5b0d78\" data-element_type=\"column\" data-e-type=\"column\">\n\t\t\t<div class=\"elementor-widget-wrap elementor-element-populated\">\n\t\t\t\t\t\t<div class=\"elementor-element elementor-element-9bbc11c elementor-widget elementor-widget-heading\" data-id=\"9bbc11c\" data-element_type=\"widget\" data-e-type=\"widget\" data-widget_type=\"heading.default\">\n\t\t\t\t<div class=\"elementor-widget-container\">\n\t\t\t\t\t<h2 class=\"elementor-heading-title elementor-size-default\">Weinproben<\/h2>\t\t\t\t<\/div>\n\t\t\t\t<\/div>\n\t\t\t\t<div class=\"elementor-element elementor-element-02eb5e1 elementor-widget elementor-widget-text-editor\" data-id=\"02eb5e1\" data-element_type=\"widget\" data-e-type=\"widget\" data-widget_type=\"text-editor.default\">\n\t\t\t\t<div class=\"elementor-widget-container\">\n\t\t\t\t\t\t\t\t\t<p>Halten Sie Ausschau nach unseren offenen Weinproben mit einem unserer talentierten Sommeliers.<\/p>\n<p><a href=\"https:\/\/stufvenas.se\/evenemang\/\">Sehen Sie sich unsere Veranstaltungen hier an!<\/a><\/p>\n\t\t\t\t\t\t\t\t<\/div>\n\t\t\t\t<\/div>\n\t\t\t\t\t<\/div>\n\t\t<\/div>\n\t\t\t\t<div class=\"elementor-column elementor-col-50 elementor-inner-column elementor-element elementor-element-106806b\" data-id=\"106806b\" data-element_type=\"column\" data-e-type=\"column\">\n\t\t\t<div class=\"elementor-widget-wrap elementor-element-populated\">\n\t\t\t\t\t\t<div class=\"elementor-element elementor-element-8c4aba7 elementor-widget elementor-widget-heading\" data-id=\"8c4aba7\" data-element_type=\"widget\" data-e-type=\"widget\" data-widget_type=\"heading.default\">\n\t\t\t\t<div class=\"elementor-widget-container\">\n\t\t\t\t\t<h2 class=\"elementor-heading-title elementor-size-default\">Sm\u00e5l\u00e4ndische Getr\u00e4nke<\/h2>\t\t\t\t<\/div>\n\t\t\t\t<\/div>\n\t\t\t\t<div class=\"elementor-element elementor-element-f2bb54d elementor-widget elementor-widget-text-editor\" data-id=\"f2bb54d\" data-element_type=\"widget\" data-e-type=\"widget\" data-widget_type=\"text-editor.default\">\n\t\t\t\t<div class=\"elementor-widget-container\">\n\t\t\t\t\t\t\t\t\tEin einzigartiges Getr\u00e4nkeerlebnis aus Sm\u00e5land \u2013 zusammen mit Freunden, Kollegen oder der Familie an unserer Outdoor-Bar am Kalmarsund. Hier k\u00f6nnen Sie Cocktails mixen und verschiedene lokale Getr\u00e4nke probieren. Dieses Erlebnis kann sowohl mit Alkohol als auch alkoholfrei gebucht werden. Eine unterhaltsame und au\u00dfergew\u00f6hnliche Aktivit\u00e4t vor dem Abendessen.\r\n\r\n<a href=\"https:\/\/stufvenas.se\/restaurang\/the-edible-country\/\">Mehr erfahren Sie hier!<\/a>\t\t\t\t\t\t\t\t<\/div>\n\t\t\t\t<\/div>\n\t\t\t\t\t<\/div>\n\t\t<\/div>\n\t\t\t\t\t<\/div>\n\t\t<\/section>\n\t\t\t\t<div class=\"elementor-element elementor-element-43c5649 elementor-widget elementor-widget-spacer\" data-id=\"43c5649\" data-element_type=\"widget\" data-e-type=\"widget\" data-widget_type=\"spacer.default\">\n\t\t\t\t<div class=\"elementor-widget-container\">\n\t\t\t\t\t\t\t<div class=\"elementor-spacer\">\n\t\t\t<div class=\"elementor-spacer-inner\"><\/div>\n\t\t<\/div>\n\t\t\t\t\t\t<\/div>\n\t\t\t\t<\/div>\n\t\t\t\t<div class=\"elementor-element elementor-element-101fcd6 Underline-Link elementor-widget elementor-widget-text-editor\" data-id=\"101fcd6\" data-element_type=\"widget\" data-e-type=\"widget\" data-widget_type=\"text-editor.default\">\n\t\t\t\t<div class=\"elementor-widget-container\">\n\t\t\t\t\t\t\t\t\t<p>Jede Gruppe ist herzlich eingeladen, eine private Verkostung zu buchen, wann immer es passt. F\u00fcr Fragen, Informationen und Preise kontaktieren Sie uns unter <a href=\"tel: +4648621900\">+46 (0)486-219 00<\/a> oder <a href=\"mailto:info@stufvenas.se\">info@stufvenas.se<\/a>.<\/p>\n\t\t\t\t\t\t\t\t<\/div>\n\t\t\t\t<\/div>\n\t\t\t\t\t<\/div>\n\t\t<\/div>\n\t\t\t\t\t<\/div>\n\t\t<\/section>\n\t\t\t\t<\/div>\n\t\t","protected":false},"excerpt":{"rendered":"<p>Erleben Sie unser Juwel Weinkeller Willkommen im Stufven\u00e4s Weinkeller \u2013 einem national anerkannten Keller, der 1990 von Sigvard Johansson, dem Gr\u00fcnder des Gasthofs, erbaut wurde. \u00dcber 17 Jahre baute Sigvard diesen Schatz auf, der schlie\u00dflich fast 6.000 Flaschen umfasste. Ihr Marktwert betr\u00e4gt nach heutigem Stand fast 30.000.000 SEK, darunter Rarit\u00e4ten wie Chateau Lafite-Rothschild von 1900, [&hellip;]<\/p>\n","protected":false},"author":6,"featured_media":0,"parent":28600,"menu_order":3,"comment_status":"closed","ping_status":"closed","template":"elementor_header_footer","meta":{"_acf_changed":false,"content-type":"","footnotes":""},"class_list":["post-28617","page","type-page","status-publish","hentry"],"acf":[],"_links":{"self":[{"href":"https:\/\/stufvenas.se\/de\/wp-json\/wp\/v2\/pages\/28617","targetHints":{"allow":["GET"]}}],"collection":[{"href":"https:\/\/stufvenas.se\/de\/wp-json\/wp\/v2\/pages"}],"about":[{"href":"https:\/\/stufvenas.se\/de\/wp-json\/wp\/v2\/types\/page"}],"author":[{"embeddable":true,"href":"https:\/\/stufvenas.se\/de\/wp-json\/wp\/v2\/users\/6"}],"replies":[{"embeddable":true,"href":"https:\/\/stufvenas.se\/de\/wp-json\/wp\/v2\/comments?post=28617"}],"version-history":[{"count":0,"href":"https:\/\/stufvenas.se\/de\/wp-json\/wp\/v2\/pages\/28617\/revisions"}],"up":[{"embeddable":true,"href":"https:\/\/stufvenas.se\/de\/wp-json\/wp\/v2\/pages\/28600"}],"wp:attachment":[{"href":"https:\/\/stufvenas.se\/de\/wp-json\/wp\/v2\/media?parent=28617"}],"curies":[{"name":"wp","href":"https:\/\/api.w.org\/{rel}","templated":true}]}}