{"id":28592,"date":"2021-04-16T08:06:29","date_gmt":"2021-04-16T06:06:29","guid":{"rendered":"https:\/\/stufvenas.se\/spa\/training\/"},"modified":"2024-12-26T12:58:54","modified_gmt":"2024-12-26T11:58:54","slug":"training","status":"publish","type":"page","link":"https:\/\/stufvenas.se\/de\/spa\/training\/","title":{"rendered":"Training"},"content":{"rendered":"\t\t<div data-elementor-type=\"wp-page\" data-elementor-id=\"28592\" class=\"elementor elementor-28592 elementor-8631\" data-elementor-post-type=\"page\">\n\t\t\t\t\t\t<section class=\"elementor-section elementor-top-section elementor-element elementor-element-9548993 elementor-section-full_width elementor-section-height-min-height elementor-section-items-stretch elementor-section-height-default\" data-id=\"9548993\" data-element_type=\"section\" data-e-type=\"section\" data-settings=\"{&quot;background_background&quot;:&quot;classic&quot;,&quot;background_motion_fx_motion_fx_scrolling&quot;:&quot;yes&quot;,&quot;background_motion_fx_scale_effect&quot;:&quot;yes&quot;,&quot;background_motion_fx_scale_direction&quot;:&quot;out-in&quot;,&quot;background_motion_fx_scale_speed&quot;:{&quot;unit&quot;:&quot;px&quot;,&quot;size&quot;:4,&quot;sizes&quot;:[]},&quot;background_motion_fx_scale_range&quot;:{&quot;unit&quot;:&quot;%&quot;,&quot;size&quot;:&quot;&quot;,&quot;sizes&quot;:{&quot;start&quot;:20,&quot;end&quot;:80}},&quot;background_motion_fx_devices&quot;:[&quot;desktop&quot;,&quot;tablet&quot;,&quot;mobile&quot;]}\">\n\t\t\t\t\t\t\t<div class=\"elementor-background-overlay\"><\/div>\n\t\t\t\t\t\t\t<div class=\"elementor-container elementor-column-gap-default\">\n\t\t\t\t\t<div class=\"elementor-column elementor-col-100 elementor-top-column elementor-element elementor-element-2e7e714\" data-id=\"2e7e714\" data-element_type=\"column\" data-e-type=\"column\">\n\t\t\t<div class=\"elementor-widget-wrap elementor-element-populated\">\n\t\t\t\t\t\t<section class=\"elementor-section elementor-inner-section elementor-element elementor-element-f3c6e69 elementor-section-full_width elementor-section-height-min-height elementor-section-height-default\" data-id=\"f3c6e69\" data-element_type=\"section\" data-e-type=\"section\">\n\t\t\t\t\t\t<div class=\"elementor-container elementor-column-gap-default\">\n\t\t\t\t\t<div class=\"elementor-column elementor-col-50 elementor-inner-column elementor-element elementor-element-5cbfa50\" data-id=\"5cbfa50\" data-element_type=\"column\" data-e-type=\"column\">\n\t\t\t<div class=\"elementor-widget-wrap elementor-element-populated\">\n\t\t\t\t\t\t<div class=\"elementor-element elementor-element-48ade1c elementor-widget elementor-widget-heading\" data-id=\"48ade1c\" data-element_type=\"widget\" data-e-type=\"widget\" data-widget_type=\"heading.default\">\n\t\t\t\t<div class=\"elementor-widget-container\">\n\t\t\t\t\t<h1 class=\"elementor-heading-title elementor-size-default\">Komm raus und genie\u00df es<\/h1>\t\t\t\t<\/div>\n\t\t\t\t<\/div>\n\t\t\t\t<div class=\"elementor-element elementor-element-52526e8 elementor-widget elementor-widget-heading\" data-id=\"52526e8\" data-element_type=\"widget\" data-e-type=\"widget\" data-widget_type=\"heading.default\">\n\t\t\t\t<div class=\"elementor-widget-container\">\n\t\t\t\t\t<h2 class=\"elementor-heading-title elementor-size-default\">Trainiere mit uns im Stufven\u00e4s Spa<\/h2>\t\t\t\t<\/div>\n\t\t\t\t<\/div>\n\t\t\t\t<div class=\"elementor-element elementor-element-3f69904 elementor-widget elementor-widget-image\" data-id=\"3f69904\" data-element_type=\"widget\" data-e-type=\"widget\" data-widget_type=\"image.default\">\n\t\t\t\t<div class=\"elementor-widget-container\">\n\t\t\t\t\t\t\t\t\t\t\t\t\t\t\t<img decoding=\"async\" width=\"26\" height=\"27\" src=\"https:\/\/stufvenas.se\/wp-content\/uploads\/2019\/06\/Stufvenas-Gastgifveri-UI-Pil.svg\" class=\"attachment-large size-large wp-image-184\" alt=\"\" \/>\t\t\t\t\t\t\t\t\t\t\t\t\t\t\t<\/div>\n\t\t\t\t<\/div>\n\t\t\t\t\t<\/div>\n\t\t<\/div>\n\t\t\t\t<div class=\"elementor-column elementor-col-50 elementor-inner-column elementor-element elementor-element-edb8dd0\" data-id=\"edb8dd0\" data-element_type=\"column\" data-e-type=\"column\">\n\t\t\t<div class=\"elementor-widget-wrap\">\n\t\t\t\t\t\t\t<\/div>\n\t\t<\/div>\n\t\t\t\t\t<\/div>\n\t\t<\/section>\n\t\t\t\t\t<\/div>\n\t\t<\/div>\n\t\t\t\t\t<\/div>\n\t\t<\/section>\n\t\t\t\t<section class=\"elementor-section elementor-top-section elementor-element elementor-element-3f30df9 elementor-section-boxed elementor-section-height-default elementor-section-height-default\" data-id=\"3f30df9\" data-element_type=\"section\" data-e-type=\"section\" data-settings=\"{&quot;background_background&quot;:&quot;classic&quot;}\">\n\t\t\t\t\t\t<div class=\"elementor-container elementor-column-gap-default\">\n\t\t\t\t\t<div class=\"elementor-column elementor-col-100 elementor-top-column elementor-element elementor-element-6057a57\" data-id=\"6057a57\" data-element_type=\"column\" data-e-type=\"column\">\n\t\t\t<div class=\"elementor-widget-wrap elementor-element-populated\">\n\t\t\t\t\t\t<div class=\"elementor-element elementor-element-ac45cbe elementor-widget elementor-widget-text-editor\" data-id=\"ac45cbe\" data-element_type=\"widget\" data-e-type=\"widget\" data-widget_type=\"text-editor.default\">\n\t\t\t\t<div class=\"elementor-widget-container\">\n\t\t\t\t\t\t\t\t\t<p>Weck deinen K\u00f6rper auf eine wunderbare Weise mit einem unserer Trainingseinheiten.<\/p>\n<p>Perfekt f\u00fcr dich, wenn du mehr Energie und besseren Fokus f\u00fcr die Aktivit\u00e4ten des Tages haben m\u00f6chtest.<\/p>\n\t\t\t\t\t\t\t\t<\/div>\n\t\t\t\t<\/div>\n\t\t\t\t\t<\/div>\n\t\t<\/div>\n\t\t\t\t\t<\/div>\n\t\t<\/section>\n\t\t\t\t<section class=\"elementor-section elementor-top-section elementor-element elementor-element-e6ef885 elementor-section-height-min-height elementor-hidden-tablet elementor-hidden-mobile elementor-section-boxed elementor-section-height-default elementor-section-items-middle\" data-id=\"e6ef885\" data-element_type=\"section\" data-e-type=\"section\" data-settings=\"{&quot;background_background&quot;:&quot;classic&quot;}\">\n\t\t\t\t\t\t<div class=\"elementor-container elementor-column-gap-default\">\n\t\t\t\t\t<div class=\"elementor-column elementor-col-100 elementor-top-column elementor-element elementor-element-6c85c6e\" data-id=\"6c85c6e\" data-element_type=\"column\" data-e-type=\"column\">\n\t\t\t<div class=\"elementor-widget-wrap elementor-element-populated\">\n\t\t\t\t\t\t<div class=\"elementor-element elementor-element-7815f3e elementor-nav-menu__align-center elementor-nav-menu--dropdown-tablet elementor-nav-menu__text-align-aside elementor-widget elementor-widget-nav-menu\" data-id=\"7815f3e\" data-element_type=\"widget\" data-e-type=\"widget\" data-settings=\"{&quot;layout&quot;:&quot;horizontal&quot;,&quot;submenu_icon&quot;:{&quot;value&quot;:&quot;&lt;i class=\\&quot;fas fa-caret-down\\&quot; aria-hidden=\\&quot;true\\&quot;&gt;&lt;\\\/i&gt;&quot;,&quot;library&quot;:&quot;fa-solid&quot;}}\" data-widget_type=\"nav-menu.default\">\n\t\t\t\t<div class=\"elementor-widget-container\">\n\t\t\t\t\t\t\t\t<nav aria-label=\"Men\u00fc\" class=\"elementor-nav-menu--main elementor-nav-menu__container elementor-nav-menu--layout-horizontal e--pointer-none\">\n\t\t\t\t<ul id=\"menu-1-7815f3e\" class=\"elementor-nav-menu\"><li class=\"menu-item menu-item-type-post_type menu-item-object-page menu-item-280\"><a href=\"https:\/\/stufvenas.se\/spa\/behandlingar\/\" class=\"elementor-item\">Behandlungen<\/a><\/li>\n<li class=\"menu-item menu-item-type-post_type menu-item-object-page menu-item-1735\"><a href=\"https:\/\/stufvenas.se\/spa\/dagspa\/\" class=\"elementor-item\">Tages-Spa<\/a><\/li>\n<li class=\"menu-item menu-item-type-post_type menu-item-object-page menu-item-3973\"><a href=\"https:\/\/stufvenas.se\/spa\/spapaket\/\" class=\"elementor-item\">Spa-Pakete<\/a><\/li>\n<li class=\"menu-item menu-item-type-post_type menu-item-object-page menu-item-282\"><a href=\"https:\/\/stufvenas.se\/spa\/mat-dryck\/\" class=\"elementor-item\">Essen &#038; Getr\u00e4nke<\/a><\/li>\n<li class=\"menu-item menu-item-type-post_type menu-item-object-page menu-item-283\"><a href=\"https:\/\/stufvenas.se\/spa\/babysim\/\" class=\"elementor-item\">Babyschwimmen<\/a><\/li>\n<li class=\"menu-item menu-item-type-post_type menu-item-object-page menu-item-21756\"><a href=\"https:\/\/stufvenas.se\/spa\/traning\/\" class=\"elementor-item\">Training<\/a><\/li>\n<\/ul>\t\t\t<\/nav>\n\t\t\t\t\t\t<nav class=\"elementor-nav-menu--dropdown elementor-nav-menu__container\" aria-hidden=\"true\">\n\t\t\t\t<ul id=\"menu-2-7815f3e\" class=\"elementor-nav-menu\"><li class=\"menu-item menu-item-type-post_type menu-item-object-page menu-item-280\"><a href=\"https:\/\/stufvenas.se\/spa\/behandlingar\/\" class=\"elementor-item\" tabindex=\"-1\">Behandlungen<\/a><\/li>\n<li class=\"menu-item menu-item-type-post_type menu-item-object-page menu-item-1735\"><a href=\"https:\/\/stufvenas.se\/spa\/dagspa\/\" class=\"elementor-item\" tabindex=\"-1\">Tages-Spa<\/a><\/li>\n<li class=\"menu-item menu-item-type-post_type menu-item-object-page menu-item-3973\"><a href=\"https:\/\/stufvenas.se\/spa\/spapaket\/\" class=\"elementor-item\" tabindex=\"-1\">Spa-Pakete<\/a><\/li>\n<li class=\"menu-item menu-item-type-post_type menu-item-object-page menu-item-282\"><a href=\"https:\/\/stufvenas.se\/spa\/mat-dryck\/\" class=\"elementor-item\" tabindex=\"-1\">Essen &#038; Getr\u00e4nke<\/a><\/li>\n<li class=\"menu-item menu-item-type-post_type menu-item-object-page menu-item-283\"><a href=\"https:\/\/stufvenas.se\/spa\/babysim\/\" class=\"elementor-item\" tabindex=\"-1\">Babyschwimmen<\/a><\/li>\n<li class=\"menu-item menu-item-type-post_type menu-item-object-page menu-item-21756\"><a href=\"https:\/\/stufvenas.se\/spa\/traning\/\" class=\"elementor-item\" tabindex=\"-1\">Training<\/a><\/li>\n<\/ul>\t\t\t<\/nav>\n\t\t\t\t\t\t<\/div>\n\t\t\t\t<\/div>\n\t\t\t\t\t<\/div>\n\t\t<\/div>\n\t\t\t\t\t<\/div>\n\t\t<\/section>\n\t\t\t\t<section class=\"elementor-section elementor-top-section elementor-element elementor-element-1989140 elementor-section-boxed elementor-section-height-default elementor-section-height-default\" data-id=\"1989140\" data-element_type=\"section\" data-e-type=\"section\">\n\t\t\t\t\t\t<div class=\"elementor-container elementor-column-gap-default\">\n\t\t\t\t\t<div class=\"elementor-column elementor-col-100 elementor-top-column elementor-element elementor-element-09437e2\" data-id=\"09437e2\" data-element_type=\"column\" data-e-type=\"column\">\n\t\t\t<div class=\"elementor-widget-wrap elementor-element-populated\">\n\t\t\t\t\t\t<div class=\"elementor-element elementor-element-699b32f elementor-widget elementor-widget-heading\" data-id=\"699b32f\" data-element_type=\"widget\" data-e-type=\"widget\" data-widget_type=\"heading.default\">\n\t\t\t\t<div class=\"elementor-widget-container\">\n\t\t\t\t\t<h2 class=\"elementor-heading-title elementor-size-default\">Buch ein Training<\/h2>\t\t\t\t<\/div>\n\t\t\t\t<\/div>\n\t\t\t\t\t<\/div>\n\t\t<\/div>\n\t\t\t\t\t<\/div>\n\t\t<\/section>\n\t\t\t\t<section class=\"elementor-section elementor-top-section elementor-element elementor-element-c8a62a0 elementor-section-boxed elementor-section-height-default elementor-section-height-default\" data-id=\"c8a62a0\" data-element_type=\"section\" data-e-type=\"section\">\n\t\t\t\t\t\t<div class=\"elementor-container elementor-column-gap-default\">\n\t\t\t\t\t<div class=\"elementor-column elementor-col-50 elementor-top-column elementor-element elementor-element-d51178b\" data-id=\"d51178b\" data-element_type=\"column\" data-e-type=\"column\" data-settings=\"{&quot;background_background&quot;:&quot;classic&quot;}\">\n\t\t\t<div class=\"elementor-widget-wrap elementor-element-populated\">\n\t\t\t\t\t\t<div class=\"elementor-element elementor-element-58d7e93 elementor-widget elementor-widget-image\" data-id=\"58d7e93\" data-element_type=\"widget\" data-e-type=\"widget\" data-widget_type=\"image.default\">\n\t\t\t\t<div class=\"elementor-widget-container\">\n\t\t\t\t\t\t\t\t\t\t\t\t\t\t\t<img decoding=\"async\" src=\"https:\/\/stufvenas.se\/wp-content\/uploads\/elementor\/thumbs\/Skogsbad-2-horisont-p5sn8573ch727zuiq920rhudmjnaf963lnrif2oe4o.jpg\" title=\"Skogsbad 2 Horisont\" alt=\"Skogsbad 2 Horisont\" loading=\"lazy\" \/>\t\t\t\t\t\t\t\t\t\t\t\t\t\t\t<\/div>\n\t\t\t\t<\/div>\n\t\t\t\t<div class=\"elementor-element elementor-element-1e41740 elementor-widget elementor-widget-heading\" data-id=\"1e41740\" data-element_type=\"widget\" data-e-type=\"widget\" data-widget_type=\"heading.default\">\n\t\t\t\t<div class=\"elementor-widget-container\">\n\t\t\t\t\t<h2 class=\"elementor-heading-title elementor-size-default\">Naturfys<\/h2>\t\t\t\t<\/div>\n\t\t\t\t<\/div>\n\t\t\t\t<div class=\"elementor-element elementor-element-98a9eb4 elementor-widget elementor-widget-heading\" data-id=\"98a9eb4\" data-element_type=\"widget\" data-e-type=\"widget\" data-widget_type=\"heading.default\">\n\t\t\t\t<div class=\"elementor-widget-container\">\n\t\t\t\t\t<h3 class=\"elementor-heading-title elementor-size-default\">Montag \u2013 Sonntag um 13:00 Uhr<\/h3>\t\t\t\t<\/div>\n\t\t\t\t<\/div>\n\t\t\t\t<div class=\"elementor-element elementor-element-da6a8e7 elementor-widget elementor-widget-text-editor\" data-id=\"da6a8e7\" data-element_type=\"widget\" data-e-type=\"widget\" data-widget_type=\"text-editor.default\">\n\t\t\t\t<div class=\"elementor-widget-container\">\n\t\t\t\t\t\t\t\t\t<p>Herzlich willkommen zu einer herrlichen Outdoor-Trainingseinheit von 30 Minuten. Das Training findet drau\u00dfen statt, mit der Natur und deinem eigenen K\u00f6rper als Hilfsmittel. Zieh dich wettergerecht an. Die Einheiten werden von unseren erfahrenen Spa-Therapeuten geleitet, und es sind keine Vorkenntnisse erforderlich.<\/p>\n<p>Treffpunkt ist die Hotelrezeption. Vergiss nicht, deine eigene Wasserflasche mitzubringen!<\/p>\n<p>Buch (oder stornier) deinen Platz sp\u00e4testens um 18:00 Uhr am Vortag an der Spa-Rezeption. Kostenlos f\u00fcr Hotelg\u00e4ste.<\/p>\n\t\t\t\t\t\t\t\t<\/div>\n\t\t\t\t<\/div>\n\t\t\t\t<div class=\"elementor-element elementor-element-77bc9b0 elementor-align-left elementor-tablet-align-justify elementor-widget-tablet__width-inherit elementor-widget__width-auto elementor-widget elementor-widget-button\" data-id=\"77bc9b0\" data-element_type=\"widget\" data-e-type=\"widget\" data-widget_type=\"button.default\">\n\t\t\t\t<div class=\"elementor-widget-container\">\n\t\t\t\t\t\t\t\t\t<div class=\"elementor-button-wrapper\">\n\t\t\t\t\t<a class=\"elementor-button elementor-button-link elementor-size-sm\" href=\"mailto:spa@stufvenas.se\">\n\t\t\t\t\t\t<span class=\"elementor-button-content-wrapper\">\n\t\t\t\t\t\t\t\t\t<span class=\"elementor-button-text\">Buchung per E-Mail<\/span>\n\t\t\t\t\t<\/span>\n\t\t\t\t\t<\/a>\n\t\t\t\t<\/div>\n\t\t\t\t\t\t\t\t<\/div>\n\t\t\t\t<\/div>\n\t\t\t\t<div class=\"elementor-element elementor-element-839b7c5 elementor-align-left elementor-tablet-align-justify elementor-widget-tablet__width-inherit elementor-widget__width-auto elementor-widget elementor-widget-button\" data-id=\"839b7c5\" data-element_type=\"widget\" data-e-type=\"widget\" data-widget_type=\"button.default\">\n\t\t\t\t<div class=\"elementor-widget-container\">\n\t\t\t\t\t\t\t\t\t<div class=\"elementor-button-wrapper\">\n\t\t\t\t\t<a class=\"elementor-button elementor-button-link elementor-size-sm\" href=\"tel:+46(0)486-21912\">\n\t\t\t\t\t\t<span class=\"elementor-button-content-wrapper\">\n\t\t\t\t\t\t\t\t\t<span class=\"elementor-button-text\">Buchung per Telefon<\/span>\n\t\t\t\t\t<\/span>\n\t\t\t\t\t<\/a>\n\t\t\t\t<\/div>\n\t\t\t\t\t\t\t\t<\/div>\n\t\t\t\t<\/div>\n\t\t\t\t\t<\/div>\n\t\t<\/div>\n\t\t\t\t<div class=\"elementor-column elementor-col-50 elementor-top-column elementor-element elementor-element-2b39d4b\" data-id=\"2b39d4b\" data-element_type=\"column\" data-e-type=\"column\" data-settings=\"{&quot;background_background&quot;:&quot;classic&quot;}\">\n\t\t\t<div class=\"elementor-widget-wrap elementor-element-populated\">\n\t\t\t\t\t\t<div class=\"elementor-element elementor-element-23003f3 elementor-widget elementor-widget-image\" data-id=\"23003f3\" data-element_type=\"widget\" data-e-type=\"widget\" data-widget_type=\"image.default\">\n\t\t\t\t<div class=\"elementor-widget-container\">\n\t\t\t\t\t\t\t\t\t\t\t\t\t\t\t<img decoding=\"async\" src=\"https:\/\/stufvenas.se\/wp-content\/uploads\/elementor\/thumbs\/Stufvenas-naturslingan-35-q1ulgjytknw6g90dx6d1e4nnjhwgbpj6kfmjmnnonc.jpg\" title=\"Stufven\u00e4s Naturslingan 35\" alt=\"Stufven\u00e4s Naturslingan 35\" loading=\"lazy\" \/>\t\t\t\t\t\t\t\t\t\t\t\t\t\t\t<\/div>\n\t\t\t\t<\/div>\n\t\t\t\t<div class=\"elementor-element elementor-element-987f7e6 elementor-widget elementor-widget-heading\" data-id=\"987f7e6\" data-element_type=\"widget\" data-e-type=\"widget\" data-widget_type=\"heading.default\">\n\t\t\t\t<div class=\"elementor-widget-container\">\n\t\t\t\t\t<h2 class=\"elementor-heading-title elementor-size-default\">Waldruhe<\/h2>\t\t\t\t<\/div>\n\t\t\t\t<\/div>\n\t\t\t\t<div class=\"elementor-element elementor-element-4e2bc1f elementor-widget elementor-widget-heading\" data-id=\"4e2bc1f\" data-element_type=\"widget\" data-e-type=\"widget\" data-widget_type=\"heading.default\">\n\t\t\t\t<div class=\"elementor-widget-container\">\n\t\t\t\t\t<h3 class=\"elementor-heading-title elementor-size-default\">Buchbar auf Anfrage f\u00fcr Gruppen<\/h3>\t\t\t\t<\/div>\n\t\t\t\t<\/div>\n\t\t\t\t<div class=\"elementor-element elementor-element-2b1f3df elementor-widget elementor-widget-text-editor\" data-id=\"2b1f3df\" data-element_type=\"widget\" data-e-type=\"widget\" data-widget_type=\"text-editor.default\">\n\t\t\t\t<div class=\"elementor-widget-container\">\n\t\t\t\t\t\t\t\t\t<p>Eine stressabbauende Einheit mit ruhigen Bewegungen und Atemfokus w\u00e4hrend eines entspannten Spaziergangs in der sch\u00f6nen Umgebung von Stufven\u00e4s.<\/p>\n<p>Das Training findet drau\u00dfen statt. Zieh dich wettergerecht an. Die Einheit wird von unseren erfahrenen Spa-Therapeuten geleitet, und es sind keine Vorkenntnisse erforderlich.<\/p>\n\t\t\t\t\t\t\t\t<\/div>\n\t\t\t\t<\/div>\n\t\t\t\t<div class=\"elementor-element elementor-element-50548ab elementor-align-left elementor-tablet-align-justify elementor-widget-tablet__width-inherit elementor-widget__width-auto elementor-widget elementor-widget-button\" data-id=\"50548ab\" data-element_type=\"widget\" data-e-type=\"widget\" data-widget_type=\"button.default\">\n\t\t\t\t<div class=\"elementor-widget-container\">\n\t\t\t\t\t\t\t\t\t<div class=\"elementor-button-wrapper\">\n\t\t\t\t\t<a class=\"elementor-button elementor-button-link elementor-size-sm\" href=\"mailto:spa@stufvenas.se\">\n\t\t\t\t\t\t<span class=\"elementor-button-content-wrapper\">\n\t\t\t\t\t\t\t\t\t<span class=\"elementor-button-text\">Buchung per E-Mail<\/span>\n\t\t\t\t\t<\/span>\n\t\t\t\t\t<\/a>\n\t\t\t\t<\/div>\n\t\t\t\t\t\t\t\t<\/div>\n\t\t\t\t<\/div>\n\t\t\t\t<div class=\"elementor-element elementor-element-1fab11a elementor-align-left elementor-tablet-align-justify elementor-widget-tablet__width-inherit elementor-widget__width-auto elementor-widget elementor-widget-button\" data-id=\"1fab11a\" data-element_type=\"widget\" data-e-type=\"widget\" data-widget_type=\"button.default\">\n\t\t\t\t<div class=\"elementor-widget-container\">\n\t\t\t\t\t\t\t\t\t<div class=\"elementor-button-wrapper\">\n\t\t\t\t\t<a class=\"elementor-button elementor-button-link elementor-size-sm\" href=\"tel:+46(0)486-21912\">\n\t\t\t\t\t\t<span class=\"elementor-button-content-wrapper\">\n\t\t\t\t\t\t\t\t\t<span class=\"elementor-button-text\">Buchung per Telefon<\/span>\n\t\t\t\t\t<\/span>\n\t\t\t\t\t<\/a>\n\t\t\t\t<\/div>\n\t\t\t\t\t\t\t\t<\/div>\n\t\t\t\t<\/div>\n\t\t\t\t\t<\/div>\n\t\t<\/div>\n\t\t\t\t\t<\/div>\n\t\t<\/section>\n\t\t\t\t<section class=\"elementor-section elementor-top-section elementor-element elementor-element-9c448b7 elementor-section-boxed elementor-section-height-default elementor-section-height-default\" data-id=\"9c448b7\" data-element_type=\"section\" data-e-type=\"section\">\n\t\t\t\t\t\t<div class=\"elementor-container elementor-column-gap-default\">\n\t\t\t\t\t<div class=\"elementor-column elementor-col-100 elementor-top-column elementor-element elementor-element-e16a505\" data-id=\"e16a505\" data-element_type=\"column\" data-e-type=\"column\">\n\t\t\t<div class=\"elementor-widget-wrap elementor-element-populated\">\n\t\t\t\t\t\t<div class=\"elementor-element elementor-element-334b58d elementor-widget elementor-widget-heading\" data-id=\"334b58d\" data-element_type=\"widget\" data-e-type=\"widget\" data-widget_type=\"heading.default\">\n\t\t\t\t<div class=\"elementor-widget-container\">\n\t\t\t\t\t<h2 class=\"elementor-heading-title elementor-size-default\">Verschiedene Formen von Naturtraining<\/h2>\t\t\t\t<\/div>\n\t\t\t\t<\/div>\n\t\t\t\t\t<\/div>\n\t\t<\/div>\n\t\t\t\t\t<\/div>\n\t\t<\/section>\n\t\t\t\t<section class=\"elementor-section elementor-top-section elementor-element elementor-element-fd482e9 elementor-section-boxed elementor-section-height-default elementor-section-height-default\" data-id=\"fd482e9\" data-element_type=\"section\" data-e-type=\"section\">\n\t\t\t\t\t\t<div class=\"elementor-container elementor-column-gap-default\">\n\t\t\t\t\t<div class=\"elementor-column elementor-col-33 elementor-top-column elementor-element elementor-element-26e3a65\" data-id=\"26e3a65\" data-element_type=\"column\" data-e-type=\"column\" data-settings=\"{&quot;background_background&quot;:&quot;classic&quot;}\">\n\t\t\t<div class=\"elementor-widget-wrap elementor-element-populated\">\n\t\t\t\t\t\t<div class=\"elementor-element elementor-element-d12b4b5 elementor-widget elementor-widget-heading\" data-id=\"d12b4b5\" data-element_type=\"widget\" data-e-type=\"widget\" data-widget_type=\"heading.default\">\n\t\t\t\t<div class=\"elementor-widget-container\">\n\t\t\t\t\t<h2 class=\"elementor-heading-title elementor-size-default\">Die Eiche<\/h2>\t\t\t\t<\/div>\n\t\t\t\t<\/div>\n\t\t\t\t<div class=\"elementor-element elementor-element-62eb15d elementor-widget elementor-widget-text-editor\" data-id=\"62eb15d\" data-element_type=\"widget\" data-e-type=\"widget\" data-widget_type=\"text-editor.default\">\n\t\t\t\t<div class=\"elementor-widget-container\">\n\t\t\t\t\t\t\t\t\t<p>Fitnesstraining kombiniert mit Kraft\u00fcbungen und Stretching entlang des Waldwegs. Wir starten vom Stufven\u00e4s G\u00e4stgifveri zur Eiche. Gesamtdistanz ca. 1 km.<\/p>\n<p>Keine Vorkenntnisse erforderlich.<\/p>\n\t\t\t\t\t\t\t\t<\/div>\n\t\t\t\t<\/div>\n\t\t\t\t\t<\/div>\n\t\t<\/div>\n\t\t\t\t<div class=\"elementor-column elementor-col-33 elementor-top-column elementor-element elementor-element-3a33e8e\" data-id=\"3a33e8e\" data-element_type=\"column\" data-e-type=\"column\" data-settings=\"{&quot;background_background&quot;:&quot;classic&quot;}\">\n\t\t\t<div class=\"elementor-widget-wrap elementor-element-populated\">\n\t\t\t\t\t\t<div class=\"elementor-element elementor-element-0c9a8ac elementor-widget elementor-widget-heading\" data-id=\"0c9a8ac\" data-element_type=\"widget\" data-e-type=\"widget\" data-widget_type=\"heading.default\">\n\t\t\t\t<div class=\"elementor-widget-container\">\n\t\t\t\t\t<h2 class=\"elementor-heading-title elementor-size-default\">Der Strand<\/h2>\t\t\t\t<\/div>\n\t\t\t\t<\/div>\n\t\t\t\t<div class=\"elementor-element elementor-element-a8c4a1e elementor-widget elementor-widget-text-editor\" data-id=\"a8c4a1e\" data-element_type=\"widget\" data-e-type=\"widget\" data-widget_type=\"text-editor.default\">\n\t\t\t\t<div class=\"elementor-widget-container\">\n\t\t\t\t\t\t\t\t\t<p>Fitnesstraining kombiniert mit Kraft\u00fcbungen und Stretching am Strand. Wir starten vom Stufven\u00e4s G\u00e4stgifveri zum Sandstrand von Fulvik. Gesamtdistanz ca. 2 km.<\/p>\n<p>Keine Vorkenntnisse erforderlich.<\/p>\n\t\t\t\t\t\t\t\t<\/div>\n\t\t\t\t<\/div>\n\t\t\t\t\t<\/div>\n\t\t<\/div>\n\t\t\t\t<div class=\"elementor-column elementor-col-33 elementor-top-column elementor-element elementor-element-1364f76\" data-id=\"1364f76\" data-element_type=\"column\" data-e-type=\"column\" data-settings=\"{&quot;background_background&quot;:&quot;classic&quot;}\">\n\t\t\t<div class=\"elementor-widget-wrap elementor-element-populated\">\n\t\t\t\t\t\t<div class=\"elementor-element elementor-element-5732f4c elementor-widget elementor-widget-heading\" data-id=\"5732f4c\" data-element_type=\"widget\" data-e-type=\"widget\" data-widget_type=\"heading.default\">\n\t\t\t\t<div class=\"elementor-widget-container\">\n\t\t\t\t\t<h2 class=\"elementor-heading-title elementor-size-default\">Das Bootshaus<\/h2>\t\t\t\t<\/div>\n\t\t\t\t<\/div>\n\t\t\t\t<div class=\"elementor-element elementor-element-cd8e837 elementor-widget elementor-widget-text-editor\" data-id=\"cd8e837\" data-element_type=\"widget\" data-e-type=\"widget\" data-widget_type=\"text-editor.default\">\n\t\t\t\t<div class=\"elementor-widget-container\">\n\t\t\t\t\t\t\t\t\t<p>Zirkeltraining mit Kraft\u00fcbungen und abschlie\u00dfendem Stretching auf der Wiese am Kalmarsund und unserem Bootshaus.<\/p>\n<p>Keine Vorkenntnisse erforderlich.<\/p>\n\t\t\t\t\t\t\t\t<\/div>\n\t\t\t\t<\/div>\n\t\t\t\t\t<\/div>\n\t\t<\/div>\n\t\t\t\t\t<\/div>\n\t\t<\/section>\n\t\t\t\t<\/div>\n\t\t","protected":false},"excerpt":{"rendered":"<p>Komm raus und genie\u00df es Trainiere mit uns im Stufven\u00e4s Spa Weck deinen K\u00f6rper auf eine wunderbare Weise mit einem unserer Trainingseinheiten. Perfekt f\u00fcr dich, wenn du mehr Energie und besseren Fokus f\u00fcr die Aktivit\u00e4ten des Tages haben m\u00f6chtest. Buch ein Training Naturfys Montag \u2013 Sonntag um 13:00 Uhr Herzlich willkommen zu einer herrlichen Outdoor-Trainingseinheit [&hellip;]<\/p>\n","protected":false},"author":9,"featured_media":0,"parent":28547,"menu_order":40,"comment_status":"closed","ping_status":"closed","template":"elementor_header_footer","meta":{"_acf_changed":false,"content-type":"","footnotes":""},"class_list":["post-28592","page","type-page","status-publish","hentry"],"acf":[],"_links":{"self":[{"href":"https:\/\/stufvenas.se\/de\/wp-json\/wp\/v2\/pages\/28592","targetHints":{"allow":["GET"]}}],"collection":[{"href":"https:\/\/stufvenas.se\/de\/wp-json\/wp\/v2\/pages"}],"about":[{"href":"https:\/\/stufvenas.se\/de\/wp-json\/wp\/v2\/types\/page"}],"author":[{"embeddable":true,"href":"https:\/\/stufvenas.se\/de\/wp-json\/wp\/v2\/users\/9"}],"replies":[{"embeddable":true,"href":"https:\/\/stufvenas.se\/de\/wp-json\/wp\/v2\/comments?post=28592"}],"version-history":[{"count":0,"href":"https:\/\/stufvenas.se\/de\/wp-json\/wp\/v2\/pages\/28592\/revisions"}],"up":[{"embeddable":true,"href":"https:\/\/stufvenas.se\/de\/wp-json\/wp\/v2\/pages\/28547"}],"wp:attachment":[{"href":"https:\/\/stufvenas.se\/de\/wp-json\/wp\/v2\/media?parent=28592"}],"curies":[{"name":"wp","href":"https:\/\/api.w.org\/{rel}","templated":true}]}}