{"id":28545,"date":"2019-06-18T13:06:14","date_gmt":"2019-06-18T11:06:14","guid":{"rendered":"https:\/\/stufvenas.se\/hotel\/unsere-pakete\/"},"modified":"2024-12-23T14:49:05","modified_gmt":"2024-12-23T13:49:05","slug":"unsere-pakete","status":"publish","type":"page","link":"https:\/\/stufvenas.se\/de\/hotel\/unsere-pakete\/","title":{"rendered":"Unsere Pakete"},"content":{"rendered":"\t\t<div data-elementor-type=\"wp-post\" data-elementor-id=\"28545\" class=\"elementor elementor-28545\" data-elementor-post-type=\"page\">\n\t\t\t\t\t\t<section class=\"elementor-section elementor-top-section elementor-element elementor-element-a395bcf elementor-section-full_width elementor-section-height-min-height elementor-section-items-stretch elementor-section-height-default\" data-id=\"a395bcf\" data-element_type=\"section\" data-e-type=\"section\">\n\t\t\t\t\t\t<div class=\"elementor-container elementor-column-gap-default\">\n\t\t\t\t\t<div class=\"elementor-column elementor-col-100 elementor-top-column elementor-element elementor-element-b6853ea\" data-id=\"b6853ea\" data-element_type=\"column\" data-e-type=\"column\" data-settings=\"{&quot;background_background&quot;:&quot;classic&quot;}\">\n\t\t\t<div class=\"elementor-widget-wrap elementor-element-populated\">\n\t\t\t\t\t<div class=\"elementor-background-overlay\"><\/div>\n\t\t\t\t\t\t<section class=\"elementor-section elementor-inner-section elementor-element elementor-element-6bda22f elementor-section-full_width elementor-section-height-min-height elementor-section-height-default\" data-id=\"6bda22f\" data-element_type=\"section\" data-e-type=\"section\">\n\t\t\t\t\t\t<div class=\"elementor-container elementor-column-gap-default\">\n\t\t\t\t\t<div class=\"elementor-column elementor-col-50 elementor-inner-column elementor-element elementor-element-9ba97e8\" data-id=\"9ba97e8\" data-element_type=\"column\" data-e-type=\"column\">\n\t\t\t<div class=\"elementor-widget-wrap elementor-element-populated\">\n\t\t\t\t\t\t<div class=\"elementor-element elementor-element-fe52361 elementor-widget elementor-widget-heading\" data-id=\"fe52361\" data-element_type=\"widget\" data-e-type=\"widget\" data-widget_type=\"heading.default\">\n\t\t\t\t<div class=\"elementor-widget-container\">\n\t\t\t\t\t<h1 class=\"elementor-heading-title elementor-size-default\">Erleben Sie Stufven\u00e4s mit<\/h1>\t\t\t\t<\/div>\n\t\t\t\t<\/div>\n\t\t\t\t<div class=\"elementor-element elementor-element-521c766 elementor-widget elementor-widget-heading\" data-id=\"521c766\" data-element_type=\"widget\" data-e-type=\"widget\" data-widget_type=\"heading.default\">\n\t\t\t\t<div class=\"elementor-widget-container\">\n\t\t\t\t\t<h2 class=\"elementor-heading-title elementor-size-default\">Unseren Hotelpaketen<\/h2>\t\t\t\t<\/div>\n\t\t\t\t<\/div>\n\t\t\t\t<div class=\"elementor-element elementor-element-cd3796c elementor-widget elementor-widget-image\" data-id=\"cd3796c\" data-element_type=\"widget\" data-e-type=\"widget\" data-widget_type=\"image.default\">\n\t\t\t\t<div class=\"elementor-widget-container\">\n\t\t\t\t\t\t\t\t\t\t\t\t\t\t\t<img decoding=\"async\" width=\"26\" height=\"27\" src=\"https:\/\/stufvenas.se\/wp-content\/uploads\/2019\/06\/Stufvenas-Gastgifveri-UI-Pil.svg\" class=\"attachment-large size-large wp-image-184\" alt=\"\" \/>\t\t\t\t\t\t\t\t\t\t\t\t\t\t\t<\/div>\n\t\t\t\t<\/div>\n\t\t\t\t\t<\/div>\n\t\t<\/div>\n\t\t\t\t<div class=\"elementor-column elementor-col-50 elementor-inner-column elementor-element elementor-element-5d65538\" data-id=\"5d65538\" data-element_type=\"column\" data-e-type=\"column\">\n\t\t\t<div class=\"elementor-widget-wrap\">\n\t\t\t\t\t\t\t<\/div>\n\t\t<\/div>\n\t\t\t\t\t<\/div>\n\t\t<\/section>\n\t\t\t\t\t<\/div>\n\t\t<\/div>\n\t\t\t\t\t<\/div>\n\t\t<\/section>\n\t\t\t\t<section class=\"elementor-section elementor-top-section elementor-element elementor-element-99e36b3 elementor-section-height-min-height elementor-hidden-tablet elementor-hidden-mobile elementor-section-boxed elementor-section-height-default elementor-section-items-middle\" data-id=\"99e36b3\" data-element_type=\"section\" data-e-type=\"section\" data-settings=\"{&quot;background_background&quot;:&quot;classic&quot;}\">\n\t\t\t\t\t\t<div class=\"elementor-container elementor-column-gap-default\">\n\t\t\t\t\t<div class=\"elementor-column elementor-col-100 elementor-top-column elementor-element elementor-element-1f6ca55\" data-id=\"1f6ca55\" data-element_type=\"column\" data-e-type=\"column\">\n\t\t\t<div class=\"elementor-widget-wrap elementor-element-populated\">\n\t\t\t\t\t\t<div class=\"elementor-element elementor-element-8394d20 elementor-nav-menu__align-center elementor-nav-menu--dropdown-tablet elementor-nav-menu__text-align-aside elementor-nav-menu--toggle elementor-nav-menu--burger elementor-widget elementor-widget-nav-menu\" data-id=\"8394d20\" data-element_type=\"widget\" data-e-type=\"widget\" data-settings=\"{&quot;layout&quot;:&quot;horizontal&quot;,&quot;submenu_icon&quot;:{&quot;value&quot;:&quot;&lt;i class=\\&quot;fas fa-caret-down\\&quot; aria-hidden=\\&quot;true\\&quot;&gt;&lt;\\\/i&gt;&quot;,&quot;library&quot;:&quot;fa-solid&quot;},&quot;toggle&quot;:&quot;burger&quot;}\" data-widget_type=\"nav-menu.default\">\n\t\t\t\t<div class=\"elementor-widget-container\">\n\t\t\t\t\t\t\t\t<nav aria-label=\"Men\u00fc\" class=\"elementor-nav-menu--main elementor-nav-menu__container elementor-nav-menu--layout-horizontal e--pointer-none\">\n\t\t\t\t<ul id=\"menu-1-8394d20\" class=\"elementor-nav-menu\"><li class=\"menu-item menu-item-type-post_type menu-item-object-page menu-item-has-children menu-item-269\"><a href=\"https:\/\/stufvenas.se\/hotell\/vara-rum\/\" class=\"elementor-item\">Unsere Zimmer<\/a>\n<ul class=\"sub-menu elementor-nav-menu--dropdown\">\n\t<li class=\"menu-item menu-item-type-taxonomy menu-item-object-rumstyp menu-item-392\"><a href=\"https:\/\/stufvenas.se\/rumstyp\/sviter\/\" class=\"elementor-sub-item\">Sviter<\/a><\/li>\n\t<li class=\"menu-item menu-item-type-taxonomy menu-item-object-rumstyp menu-item-393\"><a href=\"https:\/\/stufvenas.se\/rumstyp\/deluxe-rum\/\" class=\"elementor-sub-item\">Deluxe-rum<\/a><\/li>\n\t<li class=\"menu-item menu-item-type-taxonomy menu-item-object-rumstyp menu-item-869\"><a href=\"https:\/\/stufvenas.se\/rumstyp\/gastgifvarrum-och-dubbelrum\/\" class=\"elementor-sub-item\">G\u00e4stgifvarrum och dubbelrum<\/a><\/li>\n\t<li class=\"menu-item menu-item-type-taxonomy menu-item-object-rumstyp menu-item-868\"><a href=\"https:\/\/stufvenas.se\/rumstyp\/mindre-dubbelrum\/\" class=\"elementor-sub-item\">Mindre dubbelrum<\/a><\/li>\n\t<li class=\"menu-item menu-item-type-taxonomy menu-item-object-rumstyp menu-item-870\"><a href=\"https:\/\/stufvenas.se\/rumstyp\/hundrum\/\" class=\"elementor-sub-item\">Hundrum<\/a><\/li>\n<\/ul>\n<\/li>\n<li class=\"menu-item menu-item-type-post_type menu-item-object-page menu-item-31218\"><a href=\"https:\/\/stufvenas.se\/paket\/\" class=\"elementor-item\">Pakete<\/a><\/li>\n<li class=\"menu-item menu-item-type-post_type menu-item-object-page menu-item-270\"><a href=\"https:\/\/stufvenas.se\/hotell\/tillagg\/\" class=\"elementor-item\">Extras<\/a><\/li>\n<li class=\"menu-item menu-item-type-post_type menu-item-object-page menu-item-271\"><a href=\"https:\/\/stufvenas.se\/hotell\/se-gora\/\" class=\"elementor-item\">Sehen &#038; Tun<\/a><\/li>\n<li class=\"menu-item menu-item-type-post_type menu-item-object-page menu-item-272\"><a href=\"https:\/\/stufvenas.se\/hotell\/vanliga-fragor\/\" class=\"elementor-item\">H\u00e4ufig gestellte Fragen<\/a><\/li>\n<\/ul>\t\t\t<\/nav>\n\t\t\t\t\t<div class=\"elementor-menu-toggle\" role=\"button\" tabindex=\"0\" aria-label=\"Men\u00fc Umschalter\" aria-expanded=\"false\">\n\t\t\t<i aria-hidden=\"true\" role=\"presentation\" class=\"elementor-menu-toggle__icon--open eicon-menu-bar\"><\/i><i aria-hidden=\"true\" role=\"presentation\" class=\"elementor-menu-toggle__icon--close eicon-close\"><\/i>\t\t<\/div>\n\t\t\t\t\t<nav class=\"elementor-nav-menu--dropdown elementor-nav-menu__container\" aria-hidden=\"true\">\n\t\t\t\t<ul id=\"menu-2-8394d20\" class=\"elementor-nav-menu\"><li class=\"menu-item menu-item-type-post_type menu-item-object-page menu-item-has-children menu-item-269\"><a href=\"https:\/\/stufvenas.se\/hotell\/vara-rum\/\" class=\"elementor-item\" tabindex=\"-1\">Unsere Zimmer<\/a>\n<ul class=\"sub-menu elementor-nav-menu--dropdown\">\n\t<li class=\"menu-item menu-item-type-taxonomy menu-item-object-rumstyp menu-item-392\"><a href=\"https:\/\/stufvenas.se\/rumstyp\/sviter\/\" class=\"elementor-sub-item\" tabindex=\"-1\">Sviter<\/a><\/li>\n\t<li class=\"menu-item menu-item-type-taxonomy menu-item-object-rumstyp menu-item-393\"><a href=\"https:\/\/stufvenas.se\/rumstyp\/deluxe-rum\/\" class=\"elementor-sub-item\" tabindex=\"-1\">Deluxe-rum<\/a><\/li>\n\t<li class=\"menu-item menu-item-type-taxonomy menu-item-object-rumstyp menu-item-869\"><a href=\"https:\/\/stufvenas.se\/rumstyp\/gastgifvarrum-och-dubbelrum\/\" class=\"elementor-sub-item\" tabindex=\"-1\">G\u00e4stgifvarrum och dubbelrum<\/a><\/li>\n\t<li class=\"menu-item menu-item-type-taxonomy menu-item-object-rumstyp menu-item-868\"><a href=\"https:\/\/stufvenas.se\/rumstyp\/mindre-dubbelrum\/\" class=\"elementor-sub-item\" tabindex=\"-1\">Mindre dubbelrum<\/a><\/li>\n\t<li class=\"menu-item menu-item-type-taxonomy menu-item-object-rumstyp menu-item-870\"><a href=\"https:\/\/stufvenas.se\/rumstyp\/hundrum\/\" class=\"elementor-sub-item\" tabindex=\"-1\">Hundrum<\/a><\/li>\n<\/ul>\n<\/li>\n<li class=\"menu-item menu-item-type-post_type menu-item-object-page menu-item-31218\"><a href=\"https:\/\/stufvenas.se\/paket\/\" class=\"elementor-item\" tabindex=\"-1\">Pakete<\/a><\/li>\n<li class=\"menu-item menu-item-type-post_type menu-item-object-page menu-item-270\"><a href=\"https:\/\/stufvenas.se\/hotell\/tillagg\/\" class=\"elementor-item\" tabindex=\"-1\">Extras<\/a><\/li>\n<li class=\"menu-item menu-item-type-post_type menu-item-object-page menu-item-271\"><a href=\"https:\/\/stufvenas.se\/hotell\/se-gora\/\" class=\"elementor-item\" tabindex=\"-1\">Sehen &#038; Tun<\/a><\/li>\n<li class=\"menu-item menu-item-type-post_type menu-item-object-page menu-item-272\"><a href=\"https:\/\/stufvenas.se\/hotell\/vanliga-fragor\/\" class=\"elementor-item\" tabindex=\"-1\">H\u00e4ufig gestellte Fragen<\/a><\/li>\n<\/ul>\t\t\t<\/nav>\n\t\t\t\t\t\t<\/div>\n\t\t\t\t<\/div>\n\t\t\t\t\t<\/div>\n\t\t<\/div>\n\t\t\t\t\t<\/div>\n\t\t<\/section>\n\t\t\t\t<section class=\"elementor-section elementor-top-section elementor-element elementor-element-ed8cf76 elementor-section-boxed elementor-section-height-default elementor-section-height-default\" data-id=\"ed8cf76\" data-element_type=\"section\" data-e-type=\"section\">\n\t\t\t\t\t\t<div class=\"elementor-container elementor-column-gap-default\">\n\t\t\t\t\t<div class=\"elementor-column elementor-col-100 elementor-top-column elementor-element elementor-element-0e98c6b\" data-id=\"0e98c6b\" data-element_type=\"column\" data-e-type=\"column\">\n\t\t\t<div class=\"elementor-widget-wrap elementor-element-populated\">\n\t\t\t\t\t\t<div class=\"elementor-element elementor-element-48d3f84 elementor-widget elementor-widget-heading\" data-id=\"48d3f84\" data-element_type=\"widget\" data-e-type=\"widget\" data-widget_type=\"heading.default\">\n\t\t\t\t<div class=\"elementor-widget-container\">\n\t\t\t\t\t<h2 class=\"elementor-heading-title elementor-size-default\">Willkommen, um Stufven\u00e4s zu erleben!<\/h2>\t\t\t\t<\/div>\n\t\t\t\t<\/div>\n\t\t\t\t<div class=\"elementor-element elementor-element-826df37 elementor-widget elementor-widget-text-editor\" data-id=\"826df37\" data-element_type=\"widget\" data-e-type=\"widget\" data-widget_type=\"text-editor.default\">\n\t\t\t\t<div class=\"elementor-widget-container\">\n\t\t\t\t\t\t\t\t\t<p>Genie\u00dfen Sie und entspannen Sie sich vom Alltag bei uns. Hier haben Sie die M\u00f6glichkeit, die Ruhe zu genie\u00dfen, sich im Spa zu verw\u00f6hnen oder einen Ausflug in die malerische und historische Umgebung zu unternehmen. Wenn die Sonne langsam untergeht, k\u00f6nnen Sie ein Glas auf der Restaurantterrasse oder im Weinkeller genie\u00dfen, gefolgt von einem k\u00f6stlichen Abendessen bei Kerzenschein in unserem Restaurant. Am Morgen erwartet Sie ein herrliches Fr\u00fchst\u00fccksbuffet mit frisch gebackenem Brot und anderen K\u00f6stlichkeiten, die \u201eMade by Stufven\u00e4s\u201c sind.<\/p>\n\t\t\t\t\t\t\t\t<\/div>\n\t\t\t\t<\/div>\n\t\t\t\t<div class=\"elementor-element elementor-element-82da3e8 elementor-widget elementor-widget-heading\" data-id=\"82da3e8\" data-element_type=\"widget\" data-e-type=\"widget\" data-widget_type=\"heading.default\">\n\t\t\t\t<div class=\"elementor-widget-container\">\n\t\t\t\t\t<h3 class=\"elementor-heading-title elementor-size-default\">Unseren Hotelpaketen<\/h3>\t\t\t\t<\/div>\n\t\t\t\t<\/div>\n\t\t\t\t<div class=\"elementor-element elementor-element-4ae03d6 elementor-grid-1 elementor-grid-tablet-1 elementor-posts--thumbnail-top elementor-grid-mobile-1 elementor-widget elementor-widget-posts\" data-id=\"4ae03d6\" data-element_type=\"widget\" data-e-type=\"widget\" data-settings=\"{&quot;custom_columns&quot;:&quot;1&quot;,&quot;custom_row_gap&quot;:{&quot;unit&quot;:&quot;px&quot;,&quot;size&quot;:16,&quot;sizes&quot;:[]},&quot;custom_columns_tablet&quot;:&quot;1&quot;,&quot;custom_columns_mobile&quot;:&quot;1&quot;,&quot;custom_row_gap_tablet&quot;:{&quot;unit&quot;:&quot;px&quot;,&quot;size&quot;:&quot;&quot;,&quot;sizes&quot;:[]},&quot;custom_row_gap_mobile&quot;:{&quot;unit&quot;:&quot;px&quot;,&quot;size&quot;:&quot;&quot;,&quot;sizes&quot;:[]}}\" data-widget_type=\"posts.custom\">\n\t\t\t\t<div class=\"elementor-widget-container\">\n\t\t\t\t\t      <div class=\"ecs-posts elementor-posts-container elementor-posts   elementor-grid elementor-posts--skin-custom\" data-settings=\"{&quot;current_page&quot;:1,&quot;max_num_pages&quot;:0,&quot;load_method&quot;:&quot;&quot;,&quot;widget_id&quot;:&quot;4ae03d6&quot;,&quot;post_id&quot;:28545,&quot;theme_id&quot;:28545,&quot;change_url&quot;:false,&quot;reinit_js&quot;:false}\">\n      <div class=\"elementor-posts-nothing-found\"><\/div>\t\t<\/div>\n\t\t\t\t\t\t<\/div>\n\t\t\t\t<\/div>\n\t\t\t\t\t<\/div>\n\t\t<\/div>\n\t\t\t\t\t<\/div>\n\t\t<\/section>\n\t\t\t\t<\/div>\n\t\t","protected":false},"excerpt":{"rendered":"<p>Erleben Sie Stufven\u00e4s mit Unseren Hotelpaketen Willkommen, um Stufven\u00e4s zu erleben! Genie\u00dfen Sie und entspannen Sie sich vom Alltag bei uns. Hier haben Sie die M\u00f6glichkeit, die Ruhe zu genie\u00dfen, sich im Spa zu verw\u00f6hnen oder einen Ausflug in die malerische und historische Umgebung zu unternehmen. Wenn die Sonne langsam untergeht, k\u00f6nnen Sie ein Glas [&hellip;]<\/p>\n","protected":false},"author":6,"featured_media":0,"parent":28497,"menu_order":5,"comment_status":"closed","ping_status":"closed","template":"elementor_header_footer","meta":{"_acf_changed":false,"content-type":"","footnotes":""},"class_list":["post-28545","page","type-page","status-publish","hentry"],"acf":[],"_links":{"self":[{"href":"https:\/\/stufvenas.se\/de\/wp-json\/wp\/v2\/pages\/28545","targetHints":{"allow":["GET"]}}],"collection":[{"href":"https:\/\/stufvenas.se\/de\/wp-json\/wp\/v2\/pages"}],"about":[{"href":"https:\/\/stufvenas.se\/de\/wp-json\/wp\/v2\/types\/page"}],"author":[{"embeddable":true,"href":"https:\/\/stufvenas.se\/de\/wp-json\/wp\/v2\/users\/6"}],"replies":[{"embeddable":true,"href":"https:\/\/stufvenas.se\/de\/wp-json\/wp\/v2\/comments?post=28545"}],"version-history":[{"count":0,"href":"https:\/\/stufvenas.se\/de\/wp-json\/wp\/v2\/pages\/28545\/revisions"}],"up":[{"embeddable":true,"href":"https:\/\/stufvenas.se\/de\/wp-json\/wp\/v2\/pages\/28497"}],"wp:attachment":[{"href":"https:\/\/stufvenas.se\/de\/wp-json\/wp\/v2\/media?parent=28545"}],"curies":[{"name":"wp","href":"https:\/\/api.w.org\/{rel}","templated":true}]}}