{"id":28426,"date":"2019-06-17T14:34:47","date_gmt":"2019-06-17T12:34:47","guid":{"rendered":"https:\/\/stufvenas.se\/om-stufvenas-gastgiveri\/jobb-hos-os\/"},"modified":"2025-03-26T09:30:13","modified_gmt":"2025-03-26T08:30:13","slug":"jobb-hos-os","status":"publish","type":"page","link":"https:\/\/stufvenas.se\/da\/om-stufvenas-gastgiveri\/jobb-hos-os\/","title":{"rendered":"Jobb hos os"},"content":{"rendered":"\t\t<div data-elementor-type=\"wp-post\" data-elementor-id=\"28426\" class=\"elementor elementor-28426 elementor-265\" data-elementor-post-type=\"page\">\n\t\t\t\t\t\t<section class=\"elementor-section elementor-top-section elementor-element elementor-element-978fbf6 elementor-section-full_width elementor-section-height-min-height elementor-section-items-stretch elementor-section-height-default\" data-id=\"978fbf6\" data-element_type=\"section\" data-e-type=\"section\" data-settings=\"{&quot;background_background&quot;:&quot;classic&quot;}\">\n\t\t\t\t\t\t\t<div class=\"elementor-background-overlay\"><\/div>\n\t\t\t\t\t\t\t<div class=\"elementor-container elementor-column-gap-default\">\n\t\t\t\t\t<div class=\"elementor-column elementor-col-100 elementor-top-column elementor-element elementor-element-1d28bca\" data-id=\"1d28bca\" data-element_type=\"column\" data-e-type=\"column\">\n\t\t\t<div class=\"elementor-widget-wrap elementor-element-populated\">\n\t\t\t\t\t\t<section class=\"elementor-section elementor-inner-section elementor-element elementor-element-23e1095 elementor-section-full_width elementor-section-height-min-height elementor-section-height-default\" data-id=\"23e1095\" data-element_type=\"section\" data-e-type=\"section\">\n\t\t\t\t\t\t<div class=\"elementor-container elementor-column-gap-default\">\n\t\t\t\t\t<div class=\"elementor-column elementor-col-50 elementor-inner-column elementor-element elementor-element-6dd1dca\" data-id=\"6dd1dca\" data-element_type=\"column\" data-e-type=\"column\">\n\t\t\t<div class=\"elementor-widget-wrap elementor-element-populated\">\n\t\t\t\t\t\t<div class=\"elementor-element elementor-element-f6d6cd7 elementor-widget elementor-widget-heading\" data-id=\"f6d6cd7\" data-element_type=\"widget\" data-e-type=\"widget\" data-widget_type=\"heading.default\">\n\t\t\t\t<div class=\"elementor-widget-container\">\n\t\t\t\t\t<h1 class=\"elementor-heading-title elementor-size-default\">TEAM STUFVEN\u00c4S<\/h1>\t\t\t\t<\/div>\n\t\t\t\t<\/div>\n\t\t\t\t<div class=\"elementor-element elementor-element-9cbfd60 elementor-widget elementor-widget-heading\" data-id=\"9cbfd60\" data-element_type=\"widget\" data-e-type=\"widget\" data-widget_type=\"heading.default\">\n\t\t\t\t<div class=\"elementor-widget-container\">\n\t\t\t\t\t<h2 class=\"elementor-heading-title elementor-size-default\">Jobb hos os<\/h2>\t\t\t\t<\/div>\n\t\t\t\t<\/div>\n\t\t\t\t<div class=\"elementor-element elementor-element-6cdc7a0 elementor-widget elementor-widget-image\" data-id=\"6cdc7a0\" data-element_type=\"widget\" data-e-type=\"widget\" data-widget_type=\"image.default\">\n\t\t\t\t<div class=\"elementor-widget-container\">\n\t\t\t\t\t\t\t\t\t\t\t\t\t\t\t<img decoding=\"async\" width=\"26\" height=\"27\" src=\"https:\/\/stufvenas.se\/wp-content\/uploads\/2019\/06\/Stufvenas-Gastgifveri-UI-Pil.svg\" class=\"attachment-large size-large wp-image-184\" alt=\"\" \/>\t\t\t\t\t\t\t\t\t\t\t\t\t\t\t<\/div>\n\t\t\t\t<\/div>\n\t\t\t\t\t<\/div>\n\t\t<\/div>\n\t\t\t\t<div class=\"elementor-column elementor-col-50 elementor-inner-column elementor-element elementor-element-5f7c4f5\" data-id=\"5f7c4f5\" data-element_type=\"column\" data-e-type=\"column\">\n\t\t\t<div class=\"elementor-widget-wrap\">\n\t\t\t\t\t\t\t<\/div>\n\t\t<\/div>\n\t\t\t\t\t<\/div>\n\t\t<\/section>\n\t\t\t\t\t<\/div>\n\t\t<\/div>\n\t\t\t\t\t<\/div>\n\t\t<\/section>\n\t\t\t\t<section class=\"elementor-section elementor-top-section elementor-element elementor-element-ecfa83a elementor-section-height-min-height elementor-hidden-tablet elementor-hidden-mobile elementor-section-boxed elementor-section-height-default elementor-section-items-middle\" data-id=\"ecfa83a\" data-element_type=\"section\" data-e-type=\"section\" data-settings=\"{&quot;background_background&quot;:&quot;classic&quot;}\">\n\t\t\t\t\t\t<div class=\"elementor-container elementor-column-gap-default\">\n\t\t\t\t\t<div class=\"elementor-column elementor-col-100 elementor-top-column elementor-element elementor-element-eb20f6b\" data-id=\"eb20f6b\" data-element_type=\"column\" data-e-type=\"column\">\n\t\t\t<div class=\"elementor-widget-wrap elementor-element-populated\">\n\t\t\t\t\t\t<div class=\"elementor-element elementor-element-acac815 elementor-nav-menu__align-center elementor-hidden-tablet elementor-hidden-mobile elementor-nav-menu--dropdown-tablet elementor-nav-menu__text-align-aside elementor-nav-menu--toggle elementor-nav-menu--burger elementor-widget elementor-widget-nav-menu\" data-id=\"acac815\" data-element_type=\"widget\" data-e-type=\"widget\" data-settings=\"{&quot;layout&quot;:&quot;horizontal&quot;,&quot;submenu_icon&quot;:{&quot;value&quot;:&quot;&lt;i class=\\&quot;fas fa-caret-down\\&quot; aria-hidden=\\&quot;true\\&quot;&gt;&lt;\\\/i&gt;&quot;,&quot;library&quot;:&quot;fa-solid&quot;},&quot;toggle&quot;:&quot;burger&quot;}\" data-widget_type=\"nav-menu.default\">\n\t\t\t\t<div class=\"elementor-widget-container\">\n\t\t\t\t\t\t\t\t<nav aria-label=\"Meny\" class=\"elementor-nav-menu--main elementor-nav-menu__container elementor-nav-menu--layout-horizontal e--pointer-none\">\n\t\t\t\t<ul id=\"menu-1-acac815\" class=\"elementor-nav-menu\"><li class=\"menu-item menu-item-type-post_type menu-item-object-page menu-item-1591\"><a href=\"https:\/\/stufvenas.se\/om-stufvenas-gastgiveri\/\" class=\"elementor-item\">Om Stufven\u00e4s G\u00e4stgiveri<\/a><\/li>\n<li class=\"menu-item menu-item-type-post_type menu-item-object-page menu-item-292\"><a href=\"https:\/\/stufvenas.se\/om-stufvenas-gastgiveri\/miljoarbete\/\" class=\"elementor-item\">Milj\u00f8arbejde<\/a><\/li>\n<li class=\"menu-item menu-item-type-post_type menu-item-object-page menu-item-293\"><a href=\"https:\/\/stufvenas.se\/om-stufvenas-gastgiveri\/jobba-hos-oss\/\" class=\"elementor-item\">Jobb hos os<\/a><\/li>\n<li class=\"menu-item menu-item-type-post_type menu-item-object-page menu-item-294\"><a href=\"https:\/\/stufvenas.se\/om-stufvenas-gastgiveri\/historia\/\" class=\"elementor-item\">Historie<\/a><\/li>\n<li class=\"menu-item menu-item-type-post_type menu-item-object-page menu-item-24853\"><a href=\"https:\/\/stufvenas.se\/sekretesspolicy-eu\/\" class=\"elementor-item\">Privatlivspolitik (EU)<\/a><\/li>\n<li class=\"menu-item menu-item-type-post_type menu-item-object-page menu-item-24854\"><a href=\"https:\/\/stufvenas.se\/cookie-policy-eu\/\" class=\"elementor-item\">Cookiepolitik (EU)<\/a><\/li>\n<li class=\"menu-item menu-item-type-post_type menu-item-object-page menu-item-1034\"><a href=\"https:\/\/stufvenas.se\/kontakta-oss\/\" class=\"elementor-item\">Kontakt os<\/a><\/li>\n<\/ul>\t\t\t<\/nav>\n\t\t\t\t\t<div class=\"elementor-menu-toggle\" role=\"button\" tabindex=\"0\" aria-label=\"Menuskift\" aria-expanded=\"false\">\n\t\t\t<i aria-hidden=\"true\" role=\"presentation\" class=\"elementor-menu-toggle__icon--open eicon-menu-bar\"><\/i><i aria-hidden=\"true\" role=\"presentation\" class=\"elementor-menu-toggle__icon--close eicon-close\"><\/i>\t\t<\/div>\n\t\t\t\t\t<nav class=\"elementor-nav-menu--dropdown elementor-nav-menu__container\" aria-hidden=\"true\">\n\t\t\t\t<ul id=\"menu-2-acac815\" class=\"elementor-nav-menu\"><li class=\"menu-item menu-item-type-post_type menu-item-object-page menu-item-1591\"><a href=\"https:\/\/stufvenas.se\/om-stufvenas-gastgiveri\/\" class=\"elementor-item\" tabindex=\"-1\">Om Stufven\u00e4s G\u00e4stgiveri<\/a><\/li>\n<li class=\"menu-item menu-item-type-post_type menu-item-object-page menu-item-292\"><a href=\"https:\/\/stufvenas.se\/om-stufvenas-gastgiveri\/miljoarbete\/\" class=\"elementor-item\" tabindex=\"-1\">Milj\u00f8arbejde<\/a><\/li>\n<li class=\"menu-item menu-item-type-post_type menu-item-object-page menu-item-293\"><a href=\"https:\/\/stufvenas.se\/om-stufvenas-gastgiveri\/jobba-hos-oss\/\" class=\"elementor-item\" tabindex=\"-1\">Jobb hos os<\/a><\/li>\n<li class=\"menu-item menu-item-type-post_type menu-item-object-page menu-item-294\"><a href=\"https:\/\/stufvenas.se\/om-stufvenas-gastgiveri\/historia\/\" class=\"elementor-item\" tabindex=\"-1\">Historie<\/a><\/li>\n<li class=\"menu-item menu-item-type-post_type menu-item-object-page menu-item-24853\"><a href=\"https:\/\/stufvenas.se\/sekretesspolicy-eu\/\" class=\"elementor-item\" tabindex=\"-1\">Privatlivspolitik (EU)<\/a><\/li>\n<li class=\"menu-item menu-item-type-post_type menu-item-object-page menu-item-24854\"><a href=\"https:\/\/stufvenas.se\/cookie-policy-eu\/\" class=\"elementor-item\" tabindex=\"-1\">Cookiepolitik (EU)<\/a><\/li>\n<li class=\"menu-item menu-item-type-post_type menu-item-object-page menu-item-1034\"><a href=\"https:\/\/stufvenas.se\/kontakta-oss\/\" class=\"elementor-item\" tabindex=\"-1\">Kontakt os<\/a><\/li>\n<\/ul>\t\t\t<\/nav>\n\t\t\t\t\t\t<\/div>\n\t\t\t\t<\/div>\n\t\t\t\t\t<\/div>\n\t\t<\/div>\n\t\t\t\t\t<\/div>\n\t\t<\/section>\n\t\t\t\t<section class=\"elementor-section elementor-top-section elementor-element elementor-element-521eeee elementor-section-boxed elementor-section-height-default elementor-section-height-default\" data-id=\"521eeee\" data-element_type=\"section\" data-e-type=\"section\">\n\t\t\t\t\t\t<div class=\"elementor-container elementor-column-gap-default\">\n\t\t\t\t\t<div class=\"elementor-column elementor-col-100 elementor-top-column elementor-element elementor-element-5e1edd7\" data-id=\"5e1edd7\" data-element_type=\"column\" data-e-type=\"column\">\n\t\t\t<div class=\"elementor-widget-wrap elementor-element-populated\">\n\t\t\t\t\t\t<div class=\"elementor-element elementor-element-ae4fc80 elementor-widget elementor-widget-heading\" data-id=\"ae4fc80\" data-element_type=\"widget\" data-e-type=\"widget\" data-widget_type=\"heading.default\">\n\t\t\t\t<div class=\"elementor-widget-container\">\n\t\t\t\t\t<h2 class=\"elementor-heading-title elementor-size-default\">Nu s\u00f8ger vi flere til Team Stufven\u00e4s<\/h2>\t\t\t\t<\/div>\n\t\t\t\t<\/div>\n\t\t\t\t<div class=\"elementor-element elementor-element-8b81def Underline-Link elementor-widget__width-initial elementor-widget elementor-widget-text-editor\" data-id=\"8b81def\" data-element_type=\"widget\" data-e-type=\"widget\" data-widget_type=\"text-editor.default\">\n\t\t\t\t<div class=\"elementor-widget-container\">\n\t\t\t\t\t\t\t\t\t<p>&nbsp;<\/p>\n<p><strong>Vi s\u00f8ger altid modige, k\u00e6rlige, glade og engagerede medarbejdere til Team Stufven\u00e4s.<\/strong><\/p>\n<p>Vi tager ogs\u00e5 gerne imod praktikanter fra gymnasiet og opad.<\/p>\n<p>Du er altid velkommen til at sende et personligt brev og CV til Marcus Thell, direkt\u00f8r,<br \/>\n<a href=\"mailto:marcus@stufvenas.se\" rel=\"noopener\">marcus@stufvenas.se<\/a><\/p>\n<p>Held og lykke, og vi ser frem til at modtage din ans\u00f8gning<span style=\"font-size: 1rem;\">!<\/span><\/p>\n<p style=\"text-align: center;\"><span style=\"text-align: center;\">&#8230;&#8230;&#8230;&#8230;&#8230;&#8230;&#8230;&#8230;&#8230;&#8230;&#8230;&#8230;&#8230;&#8230;&#8230;&#8230;&#8230;&#8230;&#8230;&#8230;&#8230;&#8230;&#8230;&#8230;&#8230;&#8230;&#8230;&#8230;&#8230;&#8230;&#8230;&#8230;..<\/span><span style=\"font-size: 1rem;\"><br \/>\n<\/span><\/p>\n<p>Som medarbejder hos os bliver du en del af det fantastiske og famili\u00e6re Stufven\u00e4s-team. Sammen med ledelsen og cheferne s\u00e6tter vi g\u00e6steoplevelsen og v\u00e6rtskab i verdensklasse som vores f\u00f8rste og st\u00f8rste fokus. Vore kernev\u00e6rdier er mod, k\u00e6rlighed, gl\u00e6de og engagement.<\/p>\n<p>Vi som arbejdsgiver bekymrer os om vores medarbejdere og har derfor en lav personaleoms\u00e6tning. Vores m\u00e5l er at udvikle vores medarbejdere i forhold til deres behov og \u00f8nske om at forbedre og udvikle deres f\u00e6rdigheder. Vi fremmer kreativitet blandt vores medarbejdere, hvor de har modet til at forbedre og v\u00e6re stolte af det, de skaber. Med de rette m\u00e5l og inspiration t\u00f8r vores medarbejdere at tr\u00e6de udenfor deres komfortzone.<\/p>\n<p>Hver medarbejders indsats er vigtig. Vi arbejder mod klare m\u00e5l og er fokuserede p\u00e5 at skabe en virksomhed med h\u00f8j serviceniveau og effektivitet. Vi arbejder for ligestilling og mangfoldighed.<\/p>\n<p>Vi \u00f8nsker at v\u00e6re en attraktiv arbejdsplads, hvor medarbejderne kan vokse og udvikle sig b\u00e5de professionelt og personligt. Vi tilbyder et godt arbejdsmilj\u00f8, hvor alle medarbejdere trives, udvikles og er stolte af deres arbejde. Vi fremmer sundhed og str\u00e6ber efter, at alle medarbejdere har en god balance mellem arbejde og fritid.<\/p>\n\t\t\t\t\t\t\t\t<\/div>\n\t\t\t\t<\/div>\n\t\t\t\t\t<\/div>\n\t\t<\/div>\n\t\t\t\t\t<\/div>\n\t\t<\/section>\n\t\t\t\t<\/div>\n\t\t","protected":false},"excerpt":{"rendered":"<p>TEAM STUFVEN\u00c4S Jobb hos os Nu s\u00f8ger vi flere til Team Stufven\u00e4s &nbsp; Vi s\u00f8ger altid modige, k\u00e6rlige, glade og engagerede medarbejdere til Team Stufven\u00e4s. Vi tager ogs\u00e5 gerne imod praktikanter fra gymnasiet og opad. Du er altid velkommen til at sende et personligt brev og CV til Marcus Thell, direkt\u00f8r, marcus@stufvenas.se Held og lykke, [&hellip;]<\/p>\n","protected":false},"author":6,"featured_media":0,"parent":26083,"menu_order":1,"comment_status":"closed","ping_status":"closed","template":"elementor_header_footer","meta":{"_acf_changed":false,"content-type":"","footnotes":""},"class_list":["post-28426","page","type-page","status-publish","hentry"],"acf":[],"_links":{"self":[{"href":"https:\/\/stufvenas.se\/da\/wp-json\/wp\/v2\/pages\/28426","targetHints":{"allow":["GET"]}}],"collection":[{"href":"https:\/\/stufvenas.se\/da\/wp-json\/wp\/v2\/pages"}],"about":[{"href":"https:\/\/stufvenas.se\/da\/wp-json\/wp\/v2\/types\/page"}],"author":[{"embeddable":true,"href":"https:\/\/stufvenas.se\/da\/wp-json\/wp\/v2\/users\/6"}],"replies":[{"embeddable":true,"href":"https:\/\/stufvenas.se\/da\/wp-json\/wp\/v2\/comments?post=28426"}],"version-history":[{"count":0,"href":"https:\/\/stufvenas.se\/da\/wp-json\/wp\/v2\/pages\/28426\/revisions"}],"up":[{"embeddable":true,"href":"https:\/\/stufvenas.se\/da\/wp-json\/wp\/v2\/pages\/26083"}],"wp:attachment":[{"href":"https:\/\/stufvenas.se\/da\/wp-json\/wp\/v2\/media?parent=28426"}],"curies":[{"name":"wp","href":"https:\/\/api.w.org\/{rel}","templated":true}]}}