{"id":26094,"date":"2019-06-17T14:35:01","date_gmt":"2019-06-17T12:35:01","guid":{"rendered":"https:\/\/stufvenas.se\/om-stufvenas-gastgiveri\/historie\/"},"modified":"2024-06-27T10:38:55","modified_gmt":"2024-06-27T08:38:55","slug":"historie","status":"publish","type":"page","link":"https:\/\/stufvenas.se\/da\/om-stufvenas-gastgiveri\/historie\/","title":{"rendered":"Historie"},"content":{"rendered":"\t\t<div data-elementor-type=\"wp-post\" data-elementor-id=\"26094\" class=\"elementor elementor-26094 elementor-267\" data-elementor-post-type=\"page\">\n\t\t\t\t\t\t<section class=\"elementor-section elementor-top-section elementor-element elementor-element-8cdc799 elementor-section-full_width elementor-section-height-min-height elementor-section-items-stretch elementor-section-height-default\" data-id=\"8cdc799\" data-element_type=\"section\" data-e-type=\"section\" data-settings=\"{&quot;background_background&quot;:&quot;classic&quot;}\">\n\t\t\t\t\t\t\t<div class=\"elementor-background-overlay\"><\/div>\n\t\t\t\t\t\t\t<div class=\"elementor-container elementor-column-gap-default\">\n\t\t\t\t\t<div class=\"elementor-column elementor-col-100 elementor-top-column elementor-element elementor-element-2d11b0b\" data-id=\"2d11b0b\" data-element_type=\"column\" data-e-type=\"column\">\n\t\t\t<div class=\"elementor-widget-wrap elementor-element-populated\">\n\t\t\t\t\t\t<section class=\"elementor-section elementor-inner-section elementor-element elementor-element-1a39157 elementor-section-full_width elementor-section-height-min-height elementor-section-height-default\" data-id=\"1a39157\" data-element_type=\"section\" data-e-type=\"section\">\n\t\t\t\t\t\t<div class=\"elementor-container elementor-column-gap-default\">\n\t\t\t\t\t<div class=\"elementor-column elementor-col-50 elementor-inner-column elementor-element elementor-element-293fc03\" data-id=\"293fc03\" data-element_type=\"column\" data-e-type=\"column\">\n\t\t\t<div class=\"elementor-widget-wrap elementor-element-populated\">\n\t\t\t\t\t\t<div class=\"elementor-element elementor-element-6750f6a elementor-widget elementor-widget-heading\" data-id=\"6750f6a\" data-element_type=\"widget\" data-e-type=\"widget\" data-widget_type=\"heading.default\">\n\t\t\t\t<div class=\"elementor-widget-container\">\n\t\t\t\t\t<h1 class=\"elementor-heading-title elementor-size-default\">L\u00e6s mere om vores<\/h1>\t\t\t\t<\/div>\n\t\t\t\t<\/div>\n\t\t\t\t<div class=\"elementor-element elementor-element-a70c65d elementor-widget elementor-widget-heading\" data-id=\"a70c65d\" data-element_type=\"widget\" data-e-type=\"widget\" data-widget_type=\"heading.default\">\n\t\t\t\t<div class=\"elementor-widget-container\">\n\t\t\t\t\t<h2 class=\"elementor-heading-title elementor-size-default\">Historie<\/h2>\t\t\t\t<\/div>\n\t\t\t\t<\/div>\n\t\t\t\t<div class=\"elementor-element elementor-element-98b2aeb elementor-widget elementor-widget-image\" data-id=\"98b2aeb\" data-element_type=\"widget\" data-e-type=\"widget\" data-widget_type=\"image.default\">\n\t\t\t\t<div class=\"elementor-widget-container\">\n\t\t\t\t\t\t\t\t\t\t\t\t\t\t\t<img decoding=\"async\" width=\"26\" height=\"27\" src=\"https:\/\/stufvenas.se\/wp-content\/uploads\/2019\/06\/Stufvenas-Gastgifveri-UI-Pil.svg\" class=\"attachment-large size-large wp-image-184\" alt=\"\" \/>\t\t\t\t\t\t\t\t\t\t\t\t\t\t\t<\/div>\n\t\t\t\t<\/div>\n\t\t\t\t\t<\/div>\n\t\t<\/div>\n\t\t\t\t<div class=\"elementor-column elementor-col-50 elementor-inner-column elementor-element elementor-element-0011ce7\" data-id=\"0011ce7\" data-element_type=\"column\" data-e-type=\"column\">\n\t\t\t<div class=\"elementor-widget-wrap\">\n\t\t\t\t\t\t\t<\/div>\n\t\t<\/div>\n\t\t\t\t\t<\/div>\n\t\t<\/section>\n\t\t\t\t\t<\/div>\n\t\t<\/div>\n\t\t\t\t\t<\/div>\n\t\t<\/section>\n\t\t\t\t<section class=\"elementor-section elementor-top-section elementor-element elementor-element-960eafb elementor-section-height-min-height elementor-hidden-tablet elementor-hidden-mobile elementor-section-boxed elementor-section-height-default elementor-section-items-middle\" data-id=\"960eafb\" data-element_type=\"section\" data-e-type=\"section\" data-settings=\"{&quot;background_background&quot;:&quot;classic&quot;}\">\n\t\t\t\t\t\t<div class=\"elementor-container elementor-column-gap-default\">\n\t\t\t\t\t<div class=\"elementor-column elementor-col-100 elementor-top-column elementor-element elementor-element-b2d2305\" data-id=\"b2d2305\" data-element_type=\"column\" data-e-type=\"column\">\n\t\t\t<div class=\"elementor-widget-wrap elementor-element-populated\">\n\t\t\t\t\t\t<div class=\"elementor-element elementor-element-54c910e elementor-nav-menu__align-center elementor-hidden-tablet elementor-hidden-mobile elementor-nav-menu--dropdown-tablet elementor-nav-menu__text-align-aside elementor-nav-menu--toggle elementor-nav-menu--burger elementor-widget elementor-widget-nav-menu\" data-id=\"54c910e\" data-element_type=\"widget\" data-e-type=\"widget\" data-settings=\"{&quot;layout&quot;:&quot;horizontal&quot;,&quot;submenu_icon&quot;:{&quot;value&quot;:&quot;&lt;i class=\\&quot;fas fa-caret-down\\&quot; aria-hidden=\\&quot;true\\&quot;&gt;&lt;\\\/i&gt;&quot;,&quot;library&quot;:&quot;fa-solid&quot;},&quot;toggle&quot;:&quot;burger&quot;}\" data-widget_type=\"nav-menu.default\">\n\t\t\t\t<div class=\"elementor-widget-container\">\n\t\t\t\t\t\t\t\t<nav aria-label=\"Menu\" class=\"elementor-nav-menu--main elementor-nav-menu__container elementor-nav-menu--layout-horizontal e--pointer-none\">\n\t\t\t\t<ul id=\"menu-1-54c910e\" class=\"elementor-nav-menu\"><li class=\"menu-item menu-item-type-post_type menu-item-object-page menu-item-1591\"><a href=\"https:\/\/stufvenas.se\/om-stufvenas-gastgiveri\/\" class=\"elementor-item\">Om Stufven\u00e4s G\u00e4stgiveri<\/a><\/li>\n<li class=\"menu-item menu-item-type-post_type menu-item-object-page menu-item-292\"><a href=\"https:\/\/stufvenas.se\/om-stufvenas-gastgiveri\/miljoarbete\/\" class=\"elementor-item\">Milj\u00f8arbejde<\/a><\/li>\n<li class=\"menu-item menu-item-type-post_type menu-item-object-page menu-item-293\"><a href=\"https:\/\/stufvenas.se\/om-stufvenas-gastgiveri\/jobba-hos-oss\/\" class=\"elementor-item\">Jobb hos os<\/a><\/li>\n<li class=\"menu-item menu-item-type-post_type menu-item-object-page menu-item-294\"><a href=\"https:\/\/stufvenas.se\/om-stufvenas-gastgiveri\/historia\/\" class=\"elementor-item\">Historie<\/a><\/li>\n<li class=\"menu-item menu-item-type-post_type menu-item-object-page menu-item-24853\"><a href=\"https:\/\/stufvenas.se\/sekretesspolicy-eu\/\" class=\"elementor-item\">Privatlivspolitik (EU)<\/a><\/li>\n<li class=\"menu-item menu-item-type-post_type menu-item-object-page menu-item-24854\"><a href=\"https:\/\/stufvenas.se\/cookie-policy-eu\/\" class=\"elementor-item\">Cookiepolitik (EU)<\/a><\/li>\n<li class=\"menu-item menu-item-type-post_type menu-item-object-page menu-item-1034\"><a href=\"https:\/\/stufvenas.se\/kontakta-oss\/\" class=\"elementor-item\">Kontakt os<\/a><\/li>\n<\/ul>\t\t\t<\/nav>\n\t\t\t\t\t<div class=\"elementor-menu-toggle\" role=\"button\" tabindex=\"0\" aria-label=\"Menuskift\" aria-expanded=\"false\">\n\t\t\t<i aria-hidden=\"true\" role=\"presentation\" class=\"elementor-menu-toggle__icon--open eicon-menu-bar\"><\/i><i aria-hidden=\"true\" role=\"presentation\" class=\"elementor-menu-toggle__icon--close eicon-close\"><\/i>\t\t<\/div>\n\t\t\t\t\t<nav class=\"elementor-nav-menu--dropdown elementor-nav-menu__container\" aria-hidden=\"true\">\n\t\t\t\t<ul id=\"menu-2-54c910e\" class=\"elementor-nav-menu\"><li class=\"menu-item menu-item-type-post_type menu-item-object-page menu-item-1591\"><a href=\"https:\/\/stufvenas.se\/om-stufvenas-gastgiveri\/\" class=\"elementor-item\" tabindex=\"-1\">Om Stufven\u00e4s G\u00e4stgiveri<\/a><\/li>\n<li class=\"menu-item menu-item-type-post_type menu-item-object-page menu-item-292\"><a href=\"https:\/\/stufvenas.se\/om-stufvenas-gastgiveri\/miljoarbete\/\" class=\"elementor-item\" tabindex=\"-1\">Milj\u00f8arbejde<\/a><\/li>\n<li class=\"menu-item menu-item-type-post_type menu-item-object-page menu-item-293\"><a href=\"https:\/\/stufvenas.se\/om-stufvenas-gastgiveri\/jobba-hos-oss\/\" class=\"elementor-item\" tabindex=\"-1\">Jobb hos os<\/a><\/li>\n<li class=\"menu-item menu-item-type-post_type menu-item-object-page menu-item-294\"><a href=\"https:\/\/stufvenas.se\/om-stufvenas-gastgiveri\/historia\/\" class=\"elementor-item\" tabindex=\"-1\">Historie<\/a><\/li>\n<li class=\"menu-item menu-item-type-post_type menu-item-object-page menu-item-24853\"><a href=\"https:\/\/stufvenas.se\/sekretesspolicy-eu\/\" class=\"elementor-item\" tabindex=\"-1\">Privatlivspolitik (EU)<\/a><\/li>\n<li class=\"menu-item menu-item-type-post_type menu-item-object-page menu-item-24854\"><a href=\"https:\/\/stufvenas.se\/cookie-policy-eu\/\" class=\"elementor-item\" tabindex=\"-1\">Cookiepolitik (EU)<\/a><\/li>\n<li class=\"menu-item menu-item-type-post_type menu-item-object-page menu-item-1034\"><a href=\"https:\/\/stufvenas.se\/kontakta-oss\/\" class=\"elementor-item\" tabindex=\"-1\">Kontakt os<\/a><\/li>\n<\/ul>\t\t\t<\/nav>\n\t\t\t\t\t\t<\/div>\n\t\t\t\t<\/div>\n\t\t\t\t\t<\/div>\n\t\t<\/div>\n\t\t\t\t\t<\/div>\n\t\t<\/section>\n\t\t\t\t<section class=\"elementor-section elementor-top-section elementor-element elementor-element-7a9c0c1 elementor-section-boxed elementor-section-height-default elementor-section-height-default\" data-id=\"7a9c0c1\" data-element_type=\"section\" data-e-type=\"section\">\n\t\t\t\t\t\t<div class=\"elementor-container elementor-column-gap-default\">\n\t\t\t\t\t<div class=\"elementor-column elementor-col-100 elementor-top-column elementor-element elementor-element-ef361be\" data-id=\"ef361be\" data-element_type=\"column\" data-e-type=\"column\">\n\t\t\t<div class=\"elementor-widget-wrap elementor-element-populated\">\n\t\t\t\t\t\t<div class=\"elementor-element elementor-element-ccea9a5 elementor-widget elementor-widget-heading\" data-id=\"ccea9a5\" data-element_type=\"widget\" data-e-type=\"widget\" data-widget_type=\"heading.default\">\n\t\t\t\t<div class=\"elementor-widget-container\">\n\t\t\t\t\t<h2 class=\"elementor-heading-title elementor-size-default\">Stufven\u00e4s G\u00e4stgifveris historie<\/h2>\t\t\t\t<\/div>\n\t\t\t\t<\/div>\n\t\t\t\t<div class=\"elementor-element elementor-element-8cb7955 elementor-widget elementor-widget-text-editor\" data-id=\"8cb7955\" data-element_type=\"widget\" data-e-type=\"widget\" data-widget_type=\"text-editor.default\">\n\t\t\t\t<div class=\"elementor-widget-container\">\n\t\t\t\t\t\t\t\t\t<p>Stedet, hvor Stufven\u00e4s ligger, er en urgammel boplads, der blev befolket for flere tusinde \u00e5r siden. Vejen gennem skoven ned til g\u00e6stgiveriet g\u00e5r gennem en gravplads fra bronzealderen og jernalderen. Her findes ogs\u00e5 Stufven\u00e4s Kilde, som sandsynligvis har v\u00e6ret en gammel offerkilde. I skovbrynet g\u00e5r i nord-sydlig retning en urgammel vej, m\u00e5ske tusind \u00e5r gammel, som forts\u00e6tter til Fulvik, \u00c5d og P\u00e5bon\u00e4s borg. Lige syd for g\u00e6stgiveriet ligger den m\u00e6gtige bronzealderh\u00f8j Bl\u00e5r\u00f6r. \u00d8st for os findes den m\u00e6gtige Stufven\u00e4segen, h\u00e5rdt ramt af tidens storme, med en omkreds p\u00e5 9,7 meter. Egen er klassificeret som Sveriges tredje st\u00f8rste eg.<\/p>\n<p>Stufven\u00e4s dukker op p\u00e5 historiens blade f\u00f8rste gang i 1546, da Gustaf Wasa i et af mange breve giver kronobonden Joen Fierse ret &#8220;til at opbygge og fuldende den g\u00e5rd Stufven\u00e4s, han har p\u00e5begyndt bygningen af&#8221;.<\/p>\n<p>I 1553 beordrer kongen Joen Fierse, nu kongens foged over V\u00e4rnaby retskreds, at anl\u00e6gge en avlsg\u00e5rd p\u00e5 W\u00e4rnan\u00e4s og under g\u00e5rden l\u00e6gge S\u00f6dra V\u00e4rnaby, Stufven\u00e4s og N\u00e4ssj\u00f6kvarn &#8220;hvilket alt han skulle drive&#8221;. Denne avlsg\u00e5rd blev etableret, og fra de syv kongsg\u00e5rde p\u00e5 \u00d8land blev avlsdyr af k\u00f8er og f\u00e5r overf\u00f8rt, hvilket sikkert gjorde stor nytte i omr\u00e5det i den tid, den fungerede. Men under Den Nordiske Syv\u00e5rskrig br\u00e6ndte danskerne godset i 1564, men det blev genopbygget af Johan III.<\/p>\n<p>I 1626 donerer Gustaf II Adolf kronetorp Stufven\u00e4s til industripioneren Johan Glawue, som havde anlagt B\u00f6kenbergs glasv\u00e6rk i Germundslycke udenfor Halltorp. Johan fik nu adgang til l\u00f8vskove, som blev br\u00e6nde og pottaskeproduktion til glasv\u00e6rket.<\/p>\n<p>Senere kom Stufven\u00e4s igen under W\u00e4rnan\u00e4s ejerskab, og i 1798 bygges det nuv\u00e6rende Stufven\u00e4s af Carl Mannerskantz p\u00e5 W\u00e4rnan\u00e4s, som selv lavede tegningen. Stufven\u00e4s var dengang g\u00e6stehus til Carls s\u00f8ster, n\u00e5r hun kom p\u00e5 bes\u00f8g.<\/p>\n<p>I 1802 gifter Carl Mannerskantz&#8217; niece Beata Elisabeth Beckstadius, pr\u00e6stedatter fra Arby, sig med major og ritmester ved Sm\u00e5lands dragoner Claes Eric Silversparre. Hun var 17 \u00e5r, og han n\u00e6sten 40 \u00e5r, da de blev gift. Parret bosatte sig p\u00e5 Stufven\u00e4s og fik tre s\u00f8nner og fire d\u00f8tre. S\u00f8nnerne d\u00f8de unge, to d\u00f8tre blev gift, mens to d\u00f8tre boede hele deres liv p\u00e5 Stufven\u00e4s. Ritmesteren d\u00f8de i 1819, mens Beata levede til 91 \u00e5rs alderen og d\u00f8de i 1877. Den yngste datter, fr\u00f8ken Charlotte, som blev den sidste Silfversparre her, levede helt frem til 1902. Om hende fort\u00e6lles, at hun skulle tituleres &#8220;hendes n\u00e5de&#8221;. N\u00e5r hun var p\u00e5 bes\u00f8g et sted, kom hun i sin hestetrukne landauer med kusk p\u00e5 kuskes\u00e6det. Skulle hun stige ud af vognen, rullede kusken en m\u00e5tte ud for hende at g\u00e5 p\u00e5, s\u00e5 den gulvlange kjole ikke blev snavset.<\/p>\n<p>I 1884 forpagtes Stufven\u00e4s af Carl Hemmingsson. Hemmingsson var f\u00f8dt i Link\u00f6ping og kom i 1867 til W\u00e4rnan\u00e4s som retsbetjent. Carl giftede sig med Anna Sofia Handfast, og sammen fik de b\u00f8rnene Anna, Ebba, Signe og Axel. Anna og Carl fik yderligere en s\u00f8n, men han d\u00f8de desv\u00e6rre i sm\u00e5barnsalderen. Carl forpagtede Stufven\u00e4s i 30 \u00e5r, og derefter overtog hans s\u00f8n Axel landbruget. Axel var kendt kommunalmand og en af amtets bedste skytter. Under hans tid havde Stufven\u00e4s 43 ha agerjord og 38 ha gr\u00e6sningsareal, og p\u00e5 g\u00e5rden var der 5 arbejdsheste og 20 k\u00f8er.<\/p>\n<p>I 1939 forpagtes Stufven\u00e4s af Ture Johansson, som blev den sidste forpagter. I 1948 afsluttedes forpagtningen, og Stufven\u00e4s kom under W\u00e4rnan\u00e4s egen drift.<\/p>\n<p>Den 24. juli 1953 br\u00e6nder ladeg\u00e5rd, lade og svinestald ned efter et lynnedslag i et kraftigt tordenvejr. Tilbage bliver hovedbygningen, bryghuset og fl\u00f8jen.<\/p>\n<p>I 1984 k\u00f8bes tomt og bygninger p\u00e5 Stufven\u00e4s af Anna-Lisa Bergstr\u00f6m, som her startede et hvilehjem for hjemvendende mission\u00e6rer. M\u00e5ls\u00e6tningen var god, men den \u00f8konomiske basis for sn\u00e6ver, og virksomheden kom i vanskeligheder.<\/p>\n<p>Efter\u00e5ret 1986 k\u00f8ber Sigvard Johansson Stufven\u00e4s. Han faldt for stedet og s\u00e5 dets muligheder. Efter en indledende ombygning \u00e5bnedes Stufven\u00e4s G\u00e4stgiveri for\u00e5ret 1987. Derefter fulgte \u00e5rtier af byggeri og intensiv udvikling til en velbes\u00f8gt perle ved Kalmarsund. Sigvard drev Stufven\u00e4s G\u00e4stgiveri sammen med sin kone Inger Johansson og deres to b\u00f8rn, Helena Berzelius og Magnus Berzelius.<\/p>\n<p>I 2019 blev Stufven\u00e4s G\u00e4stgiveri solgt til Marcus Thell, som sammen med sine medarbejdere skal videreudvikle Stufven\u00e4s G\u00e4stgiveri mod en sp\u00e6ndende fremtid. Vores v\u00e6rdier er mod, gl\u00e6de, k\u00e6rlighed og engagement. Med disse som grundlag forvalter og forfiner vi Sigvard Johanssons livsv\u00e6rk.<\/p>\n<p>Vores vision er, at Stufven\u00e4s G\u00e4stgiveri skal blive Sveriges bedste g\u00e6stgiveri og det naturligste bes\u00f8gssted for en helhedsoplevelse.<\/p>\n<p>Hjerteligt velkommen!<\/p>\n\t\t\t\t\t\t\t\t<\/div>\n\t\t\t\t<\/div>\n\t\t\t\t\t<\/div>\n\t\t<\/div>\n\t\t\t\t\t<\/div>\n\t\t<\/section>\n\t\t\t\t<\/div>\n\t\t","protected":false},"excerpt":{"rendered":"<p>L\u00e6s mere om vores Historie Stufven\u00e4s G\u00e4stgifveris historie Stedet, hvor Stufven\u00e4s ligger, er en urgammel boplads, der blev befolket for flere tusinde \u00e5r siden. Vejen gennem skoven ned til g\u00e6stgiveriet g\u00e5r gennem en gravplads fra bronzealderen og jernalderen. Her findes ogs\u00e5 Stufven\u00e4s Kilde, som sandsynligvis har v\u00e6ret en gammel offerkilde. I skovbrynet g\u00e5r i nord-sydlig [&hellip;]<\/p>\n","protected":false},"author":6,"featured_media":0,"parent":26083,"menu_order":2,"comment_status":"closed","ping_status":"closed","template":"elementor_header_footer","meta":{"_acf_changed":false,"content-type":"","footnotes":""},"class_list":["post-26094","page","type-page","status-publish","hentry"],"acf":[],"_links":{"self":[{"href":"https:\/\/stufvenas.se\/da\/wp-json\/wp\/v2\/pages\/26094","targetHints":{"allow":["GET"]}}],"collection":[{"href":"https:\/\/stufvenas.se\/da\/wp-json\/wp\/v2\/pages"}],"about":[{"href":"https:\/\/stufvenas.se\/da\/wp-json\/wp\/v2\/types\/page"}],"author":[{"embeddable":true,"href":"https:\/\/stufvenas.se\/da\/wp-json\/wp\/v2\/users\/6"}],"replies":[{"embeddable":true,"href":"https:\/\/stufvenas.se\/da\/wp-json\/wp\/v2\/comments?post=26094"}],"version-history":[{"count":0,"href":"https:\/\/stufvenas.se\/da\/wp-json\/wp\/v2\/pages\/26094\/revisions"}],"up":[{"embeddable":true,"href":"https:\/\/stufvenas.se\/da\/wp-json\/wp\/v2\/pages\/26083"}],"wp:attachment":[{"href":"https:\/\/stufvenas.se\/da\/wp-json\/wp\/v2\/media?parent=26094"}],"curies":[{"name":"wp","href":"https:\/\/api.w.org\/{rel}","templated":true}]}}