{"id":25927,"date":"2019-06-17T14:31:12","date_gmt":"2019-06-17T12:31:12","guid":{"rendered":"https:\/\/stufvenas.se\/konference\/lokaler\/"},"modified":"2024-06-20T13:31:54","modified_gmt":"2024-06-20T11:31:54","slug":"lokaler","status":"publish","type":"page","link":"https:\/\/stufvenas.se\/da\/konference\/lokaler\/","title":{"rendered":"Lokaler"},"content":{"rendered":"\t\t<div data-elementor-type=\"wp-post\" data-elementor-id=\"25927\" class=\"elementor elementor-25927 elementor-247\" data-elementor-post-type=\"page\">\n\t\t\t\t\t\t<section class=\"elementor-section elementor-top-section elementor-element elementor-element-651ef65 elementor-section-full_width elementor-section-height-min-height elementor-section-items-stretch elementor-section-height-default\" data-id=\"651ef65\" data-element_type=\"section\" data-e-type=\"section\" data-settings=\"{&quot;background_background&quot;:&quot;classic&quot;}\">\n\t\t\t\t\t\t\t<div class=\"elementor-background-overlay\"><\/div>\n\t\t\t\t\t\t\t<div class=\"elementor-container elementor-column-gap-default\">\n\t\t\t\t\t<div class=\"elementor-column elementor-col-100 elementor-top-column elementor-element elementor-element-d2f3206\" data-id=\"d2f3206\" data-element_type=\"column\" data-e-type=\"column\">\n\t\t\t<div class=\"elementor-widget-wrap elementor-element-populated\">\n\t\t\t\t\t\t<section class=\"elementor-section elementor-inner-section elementor-element elementor-element-37b5ef0 elementor-section-full_width elementor-section-height-min-height elementor-section-height-default\" data-id=\"37b5ef0\" data-element_type=\"section\" data-e-type=\"section\">\n\t\t\t\t\t\t<div class=\"elementor-container elementor-column-gap-default\">\n\t\t\t\t\t<div class=\"elementor-column elementor-col-50 elementor-inner-column elementor-element elementor-element-a753e28\" data-id=\"a753e28\" data-element_type=\"column\" data-e-type=\"column\">\n\t\t\t<div class=\"elementor-widget-wrap elementor-element-populated\">\n\t\t\t\t\t\t<div class=\"elementor-element elementor-element-400473a elementor-widget elementor-widget-heading\" data-id=\"400473a\" data-element_type=\"widget\" data-e-type=\"widget\" data-widget_type=\"heading.default\">\n\t\t\t\t<div class=\"elementor-widget-container\">\n\t\t\t\t\t<h1 class=\"elementor-heading-title elementor-size-default\">Book jeres konference i en af vores<\/h1>\t\t\t\t<\/div>\n\t\t\t\t<\/div>\n\t\t\t\t<div class=\"elementor-element elementor-element-cb8ba25 elementor-widget elementor-widget-heading\" data-id=\"cb8ba25\" data-element_type=\"widget\" data-e-type=\"widget\" data-widget_type=\"heading.default\">\n\t\t\t\t<div class=\"elementor-widget-container\">\n\t\t\t\t\t<h2 class=\"elementor-heading-title elementor-size-default\">Konferencelokaler<\/h2>\t\t\t\t<\/div>\n\t\t\t\t<\/div>\n\t\t\t\t<div class=\"elementor-element elementor-element-5e3955a elementor-widget elementor-widget-image\" data-id=\"5e3955a\" data-element_type=\"widget\" data-e-type=\"widget\" data-widget_type=\"image.default\">\n\t\t\t\t<div class=\"elementor-widget-container\">\n\t\t\t\t\t\t\t\t\t\t\t\t\t\t\t<img decoding=\"async\" width=\"26\" height=\"27\" src=\"https:\/\/stufvenas.se\/wp-content\/uploads\/2019\/06\/Stufvenas-Gastgifveri-UI-Pil.svg\" class=\"attachment-large size-large wp-image-184\" alt=\"\" \/>\t\t\t\t\t\t\t\t\t\t\t\t\t\t\t<\/div>\n\t\t\t\t<\/div>\n\t\t\t\t\t<\/div>\n\t\t<\/div>\n\t\t\t\t<div class=\"elementor-column elementor-col-50 elementor-inner-column elementor-element elementor-element-617059e\" data-id=\"617059e\" data-element_type=\"column\" data-e-type=\"column\">\n\t\t\t<div class=\"elementor-widget-wrap\">\n\t\t\t\t\t\t\t<\/div>\n\t\t<\/div>\n\t\t\t\t\t<\/div>\n\t\t<\/section>\n\t\t\t\t\t<\/div>\n\t\t<\/div>\n\t\t\t\t\t<\/div>\n\t\t<\/section>\n\t\t\t\t<section class=\"elementor-section elementor-top-section elementor-element elementor-element-62986dc elementor-section-height-min-height elementor-hidden-tablet elementor-hidden-mobile elementor-section-boxed elementor-section-height-default elementor-section-items-middle\" data-id=\"62986dc\" data-element_type=\"section\" data-e-type=\"section\" data-settings=\"{&quot;background_background&quot;:&quot;classic&quot;}\">\n\t\t\t\t\t\t<div class=\"elementor-container elementor-column-gap-default\">\n\t\t\t\t\t<div class=\"elementor-column elementor-col-100 elementor-top-column elementor-element elementor-element-b504ed2\" data-id=\"b504ed2\" data-element_type=\"column\" data-e-type=\"column\">\n\t\t\t<div class=\"elementor-widget-wrap elementor-element-populated\">\n\t\t\t\t\t\t<div class=\"elementor-element elementor-element-b078f6c elementor-nav-menu__align-center elementor-nav-menu--dropdown-tablet elementor-nav-menu__text-align-aside elementor-widget elementor-widget-nav-menu\" data-id=\"b078f6c\" data-element_type=\"widget\" data-e-type=\"widget\" data-settings=\"{&quot;layout&quot;:&quot;horizontal&quot;,&quot;submenu_icon&quot;:{&quot;value&quot;:&quot;&lt;i class=\\&quot;fas fa-caret-down\\&quot; aria-hidden=\\&quot;true\\&quot;&gt;&lt;\\\/i&gt;&quot;,&quot;library&quot;:&quot;fa-solid&quot;}}\" data-widget_type=\"nav-menu.default\">\n\t\t\t\t<div class=\"elementor-widget-container\">\n\t\t\t\t\t\t\t\t<nav aria-label=\"Menu\" class=\"elementor-nav-menu--main elementor-nav-menu__container elementor-nav-menu--layout-horizontal e--pointer-none\">\n\t\t\t\t<ul id=\"menu-1-b078f6c\" class=\"elementor-nav-menu\"><li class=\"menu-item menu-item-type-post_type menu-item-object-page menu-item-11356\"><a href=\"https:\/\/stufvenas.se\/konferens\/\" class=\"elementor-item\">Konference<\/a><\/li>\n<li class=\"menu-item menu-item-type-custom menu-item-object-custom menu-item-11372\"><a href=\"\/konferens\/#bookconf\" class=\"elementor-item elementor-item-anchor\">F\u00f6rfr\u00e5gan<\/a><\/li>\n<li class=\"menu-item menu-item-type-post_type menu-item-object-page menu-item-22870\"><a href=\"https:\/\/stufvenas.se\/konferens\/konferenspaket\/\" class=\"elementor-item\">Konferencepakker<\/a><\/li>\n<li class=\"menu-item menu-item-type-post_type menu-item-object-page menu-item-286\"><a href=\"https:\/\/stufvenas.se\/konferens\/lokaler\/\" class=\"elementor-item\">Lokaler<\/a><\/li>\n<li class=\"menu-item menu-item-type-post_type menu-item-object-page menu-item-11336\"><a href=\"https:\/\/stufvenas.se\/konferens\/konferensaktiviteter\/\" class=\"elementor-item\">Konferenceaktiviteter<\/a><\/li>\n<li class=\"menu-item menu-item-type-post_type menu-item-object-page menu-item-11337\"><a href=\"https:\/\/stufvenas.se\/konferens\/vi-bryr-oss\/\" class=\"elementor-item\">Vi bekymrer os<\/a><\/li>\n<\/ul>\t\t\t<\/nav>\n\t\t\t\t\t\t<nav class=\"elementor-nav-menu--dropdown elementor-nav-menu__container\" aria-hidden=\"true\">\n\t\t\t\t<ul id=\"menu-2-b078f6c\" class=\"elementor-nav-menu\"><li class=\"menu-item menu-item-type-post_type menu-item-object-page menu-item-11356\"><a href=\"https:\/\/stufvenas.se\/konferens\/\" class=\"elementor-item\" tabindex=\"-1\">Konference<\/a><\/li>\n<li class=\"menu-item menu-item-type-custom menu-item-object-custom menu-item-11372\"><a href=\"\/konferens\/#bookconf\" class=\"elementor-item elementor-item-anchor\" tabindex=\"-1\">F\u00f6rfr\u00e5gan<\/a><\/li>\n<li class=\"menu-item menu-item-type-post_type menu-item-object-page menu-item-22870\"><a href=\"https:\/\/stufvenas.se\/konferens\/konferenspaket\/\" class=\"elementor-item\" tabindex=\"-1\">Konferencepakker<\/a><\/li>\n<li class=\"menu-item menu-item-type-post_type menu-item-object-page menu-item-286\"><a href=\"https:\/\/stufvenas.se\/konferens\/lokaler\/\" class=\"elementor-item\" tabindex=\"-1\">Lokaler<\/a><\/li>\n<li class=\"menu-item menu-item-type-post_type menu-item-object-page menu-item-11336\"><a href=\"https:\/\/stufvenas.se\/konferens\/konferensaktiviteter\/\" class=\"elementor-item\" tabindex=\"-1\">Konferenceaktiviteter<\/a><\/li>\n<li class=\"menu-item menu-item-type-post_type menu-item-object-page menu-item-11337\"><a href=\"https:\/\/stufvenas.se\/konferens\/vi-bryr-oss\/\" class=\"elementor-item\" tabindex=\"-1\">Vi bekymrer os<\/a><\/li>\n<\/ul>\t\t\t<\/nav>\n\t\t\t\t\t\t<\/div>\n\t\t\t\t<\/div>\n\t\t\t\t\t<\/div>\n\t\t<\/div>\n\t\t\t\t\t<\/div>\n\t\t<\/section>\n\t\t\t\t<section class=\"elementor-section elementor-top-section elementor-element elementor-element-6cbe4d2 elementor-section-boxed elementor-section-height-default elementor-section-height-default\" data-id=\"6cbe4d2\" data-element_type=\"section\" data-e-type=\"section\">\n\t\t\t\t\t\t<div class=\"elementor-container elementor-column-gap-default\">\n\t\t\t\t\t<div class=\"elementor-column elementor-col-100 elementor-top-column elementor-element elementor-element-bdb429b\" data-id=\"bdb429b\" data-element_type=\"column\" data-e-type=\"column\">\n\t\t\t<div class=\"elementor-widget-wrap elementor-element-populated\">\n\t\t\t\t\t\t<div class=\"elementor-element elementor-element-5609e7b elementor-widget elementor-widget-heading\" data-id=\"5609e7b\" data-element_type=\"widget\" data-e-type=\"widget\" data-widget_type=\"heading.default\">\n\t\t\t\t<div class=\"elementor-widget-container\">\n\t\t\t\t\t<h2 class=\"elementor-heading-title elementor-size-default\">Er I et lille, mellemstort eller stort selskab? I vores moderne konferencelokaler og grupperum kan I finde motivation og tr\u00e6ffe kloge beslutninger. Vi har lokaler med plads til op til 220 personer samt grupperum til fire.<\/h2>\t\t\t\t<\/div>\n\t\t\t\t<\/div>\n\t\t\t\t<div class=\"elementor-element elementor-element-5ee5b94 elementor-widget elementor-widget-text-editor\" data-id=\"5ee5b94\" data-element_type=\"widget\" data-e-type=\"widget\" data-widget_type=\"text-editor.default\">\n\t\t\t\t<div class=\"elementor-widget-container\">\n\t\t\t\t\t\t\t\t\t<p>Sammenlagt har vi 10 konferencelokaler og 6 grupperum i forskellige st\u00f8rrelser. Med vores fleksible m\u00f8delokaler, som kan tilpasses med skillev\u00e6gge efter jeres \u00f8nsker, kan I f\u00e5 den perfekte ramme for jeres m\u00f8de. Alle lokaler er veludstyrede med whiteboard, flipover, projektor og tr\u00e5dl\u00f8st internet for at sikre, at jeres konference bliver s\u00e5 smidig og produktiv som muligt.<br \/>\nStufven\u00e4s\u2019 beroligende natur skaber en perfekt milj\u00f8 for inspirerende m\u00f8der, uanset om du v\u00e6lger at nyde den gennem vinduet eller flytter m\u00f8det udend\u00f8rs en stund. Hos os er der mange muligheder, og det er jeres behov, der styrer.<br \/>\nSynes I, at det er sv\u00e6rt at vide, hvilken lokal der passer jer bedst? Kontakt os, s\u00e5 foresl\u00e5r vi en passende lokal ud fra st\u00f8rrelsen p\u00e5 jeres selskab og m\u00e5let med konferencen.<\/p>\n\t\t\t\t\t\t\t\t<\/div>\n\t\t\t\t<\/div>\n\t\t\t\t<div class=\"elementor-element elementor-element-1a143ee elementor-widget elementor-widget-heading\" data-id=\"1a143ee\" data-element_type=\"widget\" data-e-type=\"widget\" data-widget_type=\"heading.default\">\n\t\t\t\t<div class=\"elementor-widget-container\">\n\t\t\t\t\t<h2 class=\"elementor-heading-title elementor-size-default\">Vores lokaler<\/h2>\t\t\t\t<\/div>\n\t\t\t\t<\/div>\n\t\t\t\t<div class=\"elementor-element elementor-element-841344c elementor-grid-1 elementor-posts--thumbnail-top elementor-grid-tablet-2 elementor-grid-mobile-1 elementor-widget elementor-widget-posts\" data-id=\"841344c\" data-element_type=\"widget\" data-e-type=\"widget\" data-settings=\"{&quot;custom_columns&quot;:&quot;1&quot;,&quot;custom_row_gap&quot;:{&quot;unit&quot;:&quot;px&quot;,&quot;size&quot;:17,&quot;sizes&quot;:[]},&quot;custom_columns_tablet&quot;:&quot;2&quot;,&quot;custom_columns_mobile&quot;:&quot;1&quot;,&quot;custom_row_gap_tablet&quot;:{&quot;unit&quot;:&quot;px&quot;,&quot;size&quot;:&quot;&quot;,&quot;sizes&quot;:[]},&quot;custom_row_gap_mobile&quot;:{&quot;unit&quot;:&quot;px&quot;,&quot;size&quot;:&quot;&quot;,&quot;sizes&quot;:[]}}\" data-widget_type=\"posts.custom\">\n\t\t\t\t<div class=\"elementor-widget-container\">\n\t\t\t\t\t      <div class=\"ecs-posts elementor-posts-container elementor-posts   elementor-grid elementor-posts--skin-custom\" data-settings=\"{&quot;current_page&quot;:1,&quot;max_num_pages&quot;:0,&quot;load_method&quot;:&quot;&quot;,&quot;widget_id&quot;:&quot;841344c&quot;,&quot;post_id&quot;:25927,&quot;theme_id&quot;:25927,&quot;change_url&quot;:false,&quot;reinit_js&quot;:false}\">\n      <div class=\"elementor-posts-nothing-found\"><\/div>\t\t<\/div>\n\t\t\t\t\t\t<\/div>\n\t\t\t\t<\/div>\n\t\t\t\t<div class=\"elementor-element elementor-element-61afc11 elementor-widget elementor-widget-spacer\" data-id=\"61afc11\" data-element_type=\"widget\" data-e-type=\"widget\" data-widget_type=\"spacer.default\">\n\t\t\t\t<div class=\"elementor-widget-container\">\n\t\t\t\t\t\t\t<div class=\"elementor-spacer\">\n\t\t\t<div class=\"elementor-spacer-inner\"><\/div>\n\t\t<\/div>\n\t\t\t\t\t\t<\/div>\n\t\t\t\t<\/div>\n\t\t\t\t<div class=\"elementor-element elementor-element-7c8967c elementor-widget elementor-widget-heading\" data-id=\"7c8967c\" data-element_type=\"widget\" data-e-type=\"widget\" data-widget_type=\"heading.default\">\n\t\t\t\t<div class=\"elementor-widget-container\">\n\t\t\t\t\t<h2 class=\"elementor-heading-title elementor-size-default\">Lokaler med skillev\u00e6gge<\/h2>\t\t\t\t<\/div>\n\t\t\t\t<\/div>\n\t\t\t\t<div class=\"elementor-element elementor-element-68183df elementor-widget elementor-widget-text-editor\" data-id=\"68183df\" data-element_type=\"widget\" data-e-type=\"widget\" data-widget_type=\"text-editor.default\">\n\t\t\t\t<div class=\"elementor-widget-container\">\n\t\t\t\t\t\t\t\t\t<p>Disse lokaler kan varieres i st\u00f8rrelse ved hj\u00e6lp af skillev\u00e6gge.<\/p>\n\t\t\t\t\t\t\t\t<\/div>\n\t\t\t\t<\/div>\n\t\t\t\t<div class=\"elementor-element elementor-element-7ccfb4b elementor-grid-1 elementor-posts--thumbnail-top elementor-grid-tablet-2 elementor-grid-mobile-1 elementor-widget elementor-widget-posts\" data-id=\"7ccfb4b\" data-element_type=\"widget\" data-e-type=\"widget\" data-settings=\"{&quot;custom_columns&quot;:&quot;1&quot;,&quot;custom_row_gap&quot;:{&quot;unit&quot;:&quot;px&quot;,&quot;size&quot;:17,&quot;sizes&quot;:[]},&quot;custom_columns_tablet&quot;:&quot;2&quot;,&quot;custom_columns_mobile&quot;:&quot;1&quot;,&quot;custom_row_gap_tablet&quot;:{&quot;unit&quot;:&quot;px&quot;,&quot;size&quot;:&quot;&quot;,&quot;sizes&quot;:[]},&quot;custom_row_gap_mobile&quot;:{&quot;unit&quot;:&quot;px&quot;,&quot;size&quot;:&quot;&quot;,&quot;sizes&quot;:[]}}\" data-widget_type=\"posts.custom\">\n\t\t\t\t<div class=\"elementor-widget-container\">\n\t\t\t\t\t      <div class=\"ecs-posts elementor-posts-container elementor-posts   elementor-grid elementor-posts--skin-custom\" data-settings=\"{&quot;current_page&quot;:1,&quot;max_num_pages&quot;:0,&quot;load_method&quot;:&quot;&quot;,&quot;widget_id&quot;:&quot;7ccfb4b&quot;,&quot;post_id&quot;:25927,&quot;theme_id&quot;:25927,&quot;change_url&quot;:false,&quot;reinit_js&quot;:false}\">\n      <div class=\"elementor-posts-nothing-found\"><\/div>\t\t<\/div>\n\t\t\t\t\t\t<\/div>\n\t\t\t\t<\/div>\n\t\t\t\t\t<\/div>\n\t\t<\/div>\n\t\t\t\t\t<\/div>\n\t\t<\/section>\n\t\t\t\t<\/div>\n\t\t","protected":false},"excerpt":{"rendered":"<p>Book jeres konference i en af vores Konferencelokaler Er I et lille, mellemstort eller stort selskab? I vores moderne konferencelokaler og grupperum kan I finde motivation og tr\u00e6ffe kloge beslutninger. Vi har lokaler med plads til op til 220 personer samt grupperum til fire. Sammenlagt har vi 10 konferencelokaler og 6 grupperum i forskellige st\u00f8rrelser. [&hellip;]<\/p>\n","protected":false},"author":6,"featured_media":0,"parent":25901,"menu_order":3,"comment_status":"closed","ping_status":"closed","template":"elementor_header_footer","meta":{"_acf_changed":false,"content-type":"","footnotes":""},"class_list":["post-25927","page","type-page","status-publish","hentry"],"acf":[],"_links":{"self":[{"href":"https:\/\/stufvenas.se\/da\/wp-json\/wp\/v2\/pages\/25927","targetHints":{"allow":["GET"]}}],"collection":[{"href":"https:\/\/stufvenas.se\/da\/wp-json\/wp\/v2\/pages"}],"about":[{"href":"https:\/\/stufvenas.se\/da\/wp-json\/wp\/v2\/types\/page"}],"author":[{"embeddable":true,"href":"https:\/\/stufvenas.se\/da\/wp-json\/wp\/v2\/users\/6"}],"replies":[{"embeddable":true,"href":"https:\/\/stufvenas.se\/da\/wp-json\/wp\/v2\/comments?post=25927"}],"version-history":[{"count":0,"href":"https:\/\/stufvenas.se\/da\/wp-json\/wp\/v2\/pages\/25927\/revisions"}],"up":[{"embeddable":true,"href":"https:\/\/stufvenas.se\/da\/wp-json\/wp\/v2\/pages\/25901"}],"wp:attachment":[{"href":"https:\/\/stufvenas.se\/da\/wp-json\/wp\/v2\/media?parent=25927"}],"curies":[{"name":"wp","href":"https:\/\/api.w.org\/{rel}","templated":true}]}}