{"id":25903,"date":"2022-08-22T11:37:48","date_gmt":"2022-08-22T09:37:48","guid":{"rendered":"https:\/\/stufvenas.se\/konference\/bookingbetingelser\/"},"modified":"2024-06-20T12:45:52","modified_gmt":"2024-06-20T10:45:52","slug":"bookingbetingelser","status":"publish","type":"page","link":"https:\/\/stufvenas.se\/da\/konference\/bookingbetingelser\/","title":{"rendered":"Bookingbetingelser"},"content":{"rendered":"\t\t<div data-elementor-type=\"wp-page\" data-elementor-id=\"25903\" class=\"elementor elementor-25903 elementor-16975\" data-elementor-post-type=\"page\">\n\t\t\t\t\t\t<section class=\"elementor-section elementor-top-section elementor-element elementor-element-19ad7a4d elementor-section-boxed elementor-section-height-default elementor-section-height-default\" data-id=\"19ad7a4d\" data-element_type=\"section\" data-e-type=\"section\">\n\t\t\t\t\t\t<div class=\"elementor-container elementor-column-gap-default\">\n\t\t\t\t\t<div class=\"elementor-column elementor-col-100 elementor-top-column elementor-element elementor-element-1fb7f3ea\" data-id=\"1fb7f3ea\" data-element_type=\"column\" data-e-type=\"column\">\n\t\t\t<div class=\"elementor-widget-wrap elementor-element-populated\">\n\t\t\t\t\t\t<div class=\"elementor-element elementor-element-4d10cb9 elementor-widget elementor-widget-spacer\" data-id=\"4d10cb9\" data-element_type=\"widget\" data-e-type=\"widget\" data-widget_type=\"spacer.default\">\n\t\t\t\t<div class=\"elementor-widget-container\">\n\t\t\t\t\t\t\t<div class=\"elementor-spacer\">\n\t\t\t<div class=\"elementor-spacer-inner\"><\/div>\n\t\t<\/div>\n\t\t\t\t\t\t<\/div>\n\t\t\t\t<\/div>\n\t\t\t\t<div class=\"elementor-element elementor-element-66e649b elementor-widget elementor-widget-text-editor\" data-id=\"66e649b\" data-element_type=\"widget\" data-e-type=\"widget\" data-widget_type=\"text-editor.default\">\n\t\t\t\t<div class=\"elementor-widget-container\">\n\t\t\t\t\t\t\t\t\t<p><strong>Her kan du l\u00e6se vores bookingbetingelser for konferencer og gruppebookinger.<\/strong><\/p><p><em>Bookingbetingelser<\/em><br \/>Vi f\u00f8lger Visitas anbefalede afbestillingsregler.<br \/><a href=\"https:\/\/stufvenas.se\/wp-content\/uploads\/2020\/03\/general-terms-for-conferences-group-bookings-and-other-events_nylogo.pdf\">Visita\u2019s general terms of conference group bookings and other events.<\/a><\/p><p><em>Afbestillingsregler for konferencer og andre gruppebookinger<\/em><br \/><strong>Op til 4 uger f\u00f8r ankomst:<\/strong> Ingen opkr\u00e6vning<br \/><strong>4-2 uger f\u00f8r ankomst:<\/strong> 75% af den aftalte pris<br \/><strong>Mindre end 2 uger f\u00f8r ankomst:<\/strong> Fuld opkr\u00e6vning<\/p><p><strong>Afbestillingen skal ske skriftligt til os.<\/strong><\/p><p><em>Afbestillingsregler for gruppebookinger af julbord<\/em><br \/><strong>Op til 4 uger f\u00f8r ankomst:<\/strong> Ingen opkr\u00e6vning<br \/><strong>4-2 uger f\u00f8r ankomst:<\/strong> 75% af den aftalte pris<br \/><strong>Mindre end 2 uger f\u00f8r ankomst:<\/strong> Fuld opkr\u00e6vning<br \/><strong>Justering af antal:<\/strong> Gratis op til 10% af antallet tre dage f\u00f8r.<\/p><p><em>Lejede tjenester<\/em><br \/>For lejede tjenester som f.eks. aktivitetsvirksomheder, kunstnere og transport g\u00e6lder ikke Stufven\u00e4s G\u00e4stgifveris afbestillingsregler, men underleverand\u00f8rens afbestillingsregler.<\/p><p>\u00a0<\/p>\t\t\t\t\t\t\t\t<\/div>\n\t\t\t\t<\/div>\n\t\t\t\t<div class=\"elementor-element elementor-element-601df65 elementor-widget elementor-widget-spacer\" data-id=\"601df65\" data-element_type=\"widget\" data-e-type=\"widget\" data-widget_type=\"spacer.default\">\n\t\t\t\t<div class=\"elementor-widget-container\">\n\t\t\t\t\t\t\t<div class=\"elementor-spacer\">\n\t\t\t<div class=\"elementor-spacer-inner\"><\/div>\n\t\t<\/div>\n\t\t\t\t\t\t<\/div>\n\t\t\t\t<\/div>\n\t\t\t\t\t<\/div>\n\t\t<\/div>\n\t\t\t\t\t<\/div>\n\t\t<\/section>\n\t\t\t\t<\/div>\n\t\t","protected":false},"excerpt":{"rendered":"<p>Her kan du l\u00e6se vores bookingbetingelser for konferencer og gruppebookinger. BookingbetingelserVi f\u00f8lger Visitas anbefalede afbestillingsregler.Visita\u2019s general terms of conference group bookings and other events. Afbestillingsregler for konferencer og andre gruppebookingerOp til 4 uger f\u00f8r ankomst: Ingen opkr\u00e6vning4-2 uger f\u00f8r ankomst: 75% af den aftalte prisMindre end 2 uger f\u00f8r ankomst: Fuld opkr\u00e6vning Afbestillingen skal ske [&hellip;]<\/p>\n","protected":false},"author":6,"featured_media":0,"parent":25901,"menu_order":0,"comment_status":"closed","ping_status":"closed","template":"elementor_header_footer","meta":{"_acf_changed":false,"content-type":"","footnotes":""},"class_list":["post-25903","page","type-page","status-publish","hentry"],"acf":[],"_links":{"self":[{"href":"https:\/\/stufvenas.se\/da\/wp-json\/wp\/v2\/pages\/25903","targetHints":{"allow":["GET"]}}],"collection":[{"href":"https:\/\/stufvenas.se\/da\/wp-json\/wp\/v2\/pages"}],"about":[{"href":"https:\/\/stufvenas.se\/da\/wp-json\/wp\/v2\/types\/page"}],"author":[{"embeddable":true,"href":"https:\/\/stufvenas.se\/da\/wp-json\/wp\/v2\/users\/6"}],"replies":[{"embeddable":true,"href":"https:\/\/stufvenas.se\/da\/wp-json\/wp\/v2\/comments?post=25903"}],"version-history":[{"count":0,"href":"https:\/\/stufvenas.se\/da\/wp-json\/wp\/v2\/pages\/25903\/revisions"}],"up":[{"embeddable":true,"href":"https:\/\/stufvenas.se\/da\/wp-json\/wp\/v2\/pages\/25901"}],"wp:attachment":[{"href":"https:\/\/stufvenas.se\/da\/wp-json\/wp\/v2\/media?parent=25903"}],"curies":[{"name":"wp","href":"https:\/\/api.w.org\/{rel}","templated":true}]}}