{"id":25889,"date":"2020-08-18T07:02:35","date_gmt":"2020-08-18T05:02:35","guid":{"rendered":"https:\/\/stufvenas.se\/restaurang\/julbord-ved-kalmarsund\/julemaden-historie\/"},"modified":"2024-06-20T10:48:31","modified_gmt":"2024-06-20T08:48:31","slug":"julemaden-historie","status":"publish","type":"page","link":"https:\/\/stufvenas.se\/da\/restaurang\/julbord-ved-kalmarsund\/julemaden-historie\/","title":{"rendered":"Julemaden historie"},"content":{"rendered":"\t\t<div data-elementor-type=\"wp-page\" data-elementor-id=\"25889\" class=\"elementor elementor-25889 elementor-6387\" data-elementor-post-type=\"page\">\n\t\t\t\t\t\t<section class=\"elementor-section elementor-top-section elementor-element elementor-element-be6f27f elementor-section-full_width elementor-section-height-min-height elementor-section-items-stretch elementor-section-height-default\" data-id=\"be6f27f\" data-element_type=\"section\" data-e-type=\"section\">\n\t\t\t\t\t\t<div class=\"elementor-container elementor-column-gap-default\">\n\t\t\t\t\t<div class=\"elementor-column elementor-col-100 elementor-top-column elementor-element elementor-element-a1aba4b\" data-id=\"a1aba4b\" data-element_type=\"column\" data-e-type=\"column\" data-settings=\"{&quot;background_background&quot;:&quot;classic&quot;}\">\n\t\t\t<div class=\"elementor-widget-wrap elementor-element-populated\">\n\t\t\t\t\t<div class=\"elementor-background-overlay\"><\/div>\n\t\t\t\t\t\t<section class=\"elementor-section elementor-inner-section elementor-element elementor-element-78c37ec elementor-section-full_width elementor-section-height-min-height elementor-section-height-default\" data-id=\"78c37ec\" data-element_type=\"section\" data-e-type=\"section\">\n\t\t\t\t\t\t<div class=\"elementor-container elementor-column-gap-default\">\n\t\t\t\t\t<div class=\"elementor-column elementor-col-50 elementor-inner-column elementor-element elementor-element-9882da8\" data-id=\"9882da8\" data-element_type=\"column\" data-e-type=\"column\">\n\t\t\t<div class=\"elementor-widget-wrap elementor-element-populated\">\n\t\t\t\t\t\t<div class=\"elementor-element elementor-element-059383c elementor-widget elementor-widget-heading\" data-id=\"059383c\" data-element_type=\"widget\" data-e-type=\"widget\" data-widget_type=\"heading.default\">\n\t\t\t\t<div class=\"elementor-widget-container\">\n\t\t\t\t\t<h1 class=\"elementor-heading-title elementor-size-default\">Klassisk julbord p\u00e5 Stufven\u00e4s G\u00e4stgifveri<\/h1>\t\t\t\t<\/div>\n\t\t\t\t<\/div>\n\t\t\t\t<div class=\"elementor-element elementor-element-99c92c0 elementor-widget elementor-widget-heading\" data-id=\"99c92c0\" data-element_type=\"widget\" data-e-type=\"widget\" data-widget_type=\"heading.default\">\n\t\t\t\t<div class=\"elementor-widget-container\">\n\t\t\t\t\t<h2 class=\"elementor-heading-title elementor-size-default\">Julemaden historie<\/h2>\t\t\t\t<\/div>\n\t\t\t\t<\/div>\n\t\t\t\t<div class=\"elementor-element elementor-element-bec91a4 elementor-widget elementor-widget-image\" data-id=\"bec91a4\" data-element_type=\"widget\" data-e-type=\"widget\" data-widget_type=\"image.default\">\n\t\t\t\t<div class=\"elementor-widget-container\">\n\t\t\t\t\t\t\t\t\t\t\t\t\t\t\t<img decoding=\"async\" width=\"26\" height=\"27\" src=\"https:\/\/stufvenas.se\/wp-content\/uploads\/2019\/06\/Stufvenas-Gastgifveri-UI-Pil.svg\" class=\"attachment-large size-large wp-image-184\" alt=\"\" \/>\t\t\t\t\t\t\t\t\t\t\t\t\t\t\t<\/div>\n\t\t\t\t<\/div>\n\t\t\t\t\t<\/div>\n\t\t<\/div>\n\t\t\t\t<div class=\"elementor-column elementor-col-50 elementor-inner-column elementor-element elementor-element-36207e2\" data-id=\"36207e2\" data-element_type=\"column\" data-e-type=\"column\">\n\t\t\t<div class=\"elementor-widget-wrap\">\n\t\t\t\t\t\t\t<\/div>\n\t\t<\/div>\n\t\t\t\t\t<\/div>\n\t\t<\/section>\n\t\t\t\t\t<\/div>\n\t\t<\/div>\n\t\t\t\t\t<\/div>\n\t\t<\/section>\n\t\t\t\t<section class=\"elementor-section elementor-top-section elementor-element elementor-element-7d3aa1b elementor-section-boxed elementor-section-height-default elementor-section-height-default\" data-id=\"7d3aa1b\" data-element_type=\"section\" data-e-type=\"section\">\n\t\t\t\t\t\t<div class=\"elementor-container elementor-column-gap-default\">\n\t\t\t\t\t<div class=\"elementor-column elementor-col-50 elementor-top-column elementor-element elementor-element-ca374ed\" data-id=\"ca374ed\" data-element_type=\"column\" data-e-type=\"column\">\n\t\t\t<div class=\"elementor-widget-wrap elementor-element-populated\">\n\t\t\t\t\t\t<div class=\"elementor-element elementor-element-a19d0a2 elementor-widget elementor-widget-heading\" data-id=\"a19d0a2\" data-element_type=\"widget\" data-e-type=\"widget\" data-widget_type=\"heading.default\">\n\t\t\t\t<div class=\"elementor-widget-container\">\n\t\t\t\t\t<h2 class=\"elementor-heading-title elementor-size-default\">Julemaden historie<\/h2>\t\t\t\t<\/div>\n\t\t\t\t<\/div>\n\t\t\t\t<div class=\"elementor-element elementor-element-49a6364 Underline-Link elementor-widget elementor-widget-text-editor\" data-id=\"49a6364\" data-element_type=\"widget\" data-e-type=\"widget\" data-widget_type=\"text-editor.default\">\n\t\t\t\t<div class=\"elementor-widget-container\">\n\t\t\t\t\t\t\t\t\t<p><strong>P\u00e5 Stufven\u00e4s G\u00e4stgifveris klassiske og smagfulde julbord fors\u00f8ger vi at bevare de sm\u00e5l\u00e4ndske og traditionelle julbordsretter. Nogle af retterne har aner langt tilbage i tiden, men der er ogs\u00e5 nogle, der har en mere moderne historie.<\/strong><\/p>\n\t\t\t\t\t\t\t\t<\/div>\n\t\t\t\t<\/div>\n\t\t\t\t<div class=\"elementor-element elementor-element-bca5eea elementor-widget elementor-widget-text-editor\" data-id=\"bca5eea\" data-element_type=\"widget\" data-e-type=\"widget\" data-widget_type=\"text-editor.default\">\n\t\t\t\t<div class=\"elementor-widget-container\">\n\t\t\t\t\t\t\t\t\t<p>Vi har skabt to forskellige kvalitetsm\u00e6rkninger for at du som g\u00e6st skal f\u00e5 den bedste m\u00e5ltidsoplevelse hos os.<\/p>\n<p>Lad dig vel smage!<\/p>\n\t\t\t\t\t\t\t\t<\/div>\n\t\t\t\t<\/div>\n\t\t\t\t\t<\/div>\n\t\t<\/div>\n\t\t\t\t<div class=\"elementor-column elementor-col-50 elementor-top-column elementor-element elementor-element-7e4ff0f\" data-id=\"7e4ff0f\" data-element_type=\"column\" data-e-type=\"column\">\n\t\t\t<div class=\"elementor-widget-wrap elementor-element-populated\">\n\t\t\t\t\t\t<section class=\"elementor-section elementor-inner-section elementor-element elementor-element-86092ee elementor-section-boxed elementor-section-height-default elementor-section-height-default\" data-id=\"86092ee\" data-element_type=\"section\" data-e-type=\"section\" data-settings=\"{&quot;background_background&quot;:&quot;classic&quot;}\">\n\t\t\t\t\t\t<div class=\"elementor-container elementor-column-gap-default\">\n\t\t\t\t\t<div class=\"elementor-column elementor-col-50 elementor-inner-column elementor-element elementor-element-653f5cb\" data-id=\"653f5cb\" data-element_type=\"column\" data-e-type=\"column\">\n\t\t\t<div class=\"elementor-widget-wrap elementor-element-populated\">\n\t\t\t\t\t\t<div class=\"elementor-element elementor-element-3bebd3b elementor-widget elementor-widget-image\" data-id=\"3bebd3b\" data-element_type=\"widget\" data-e-type=\"widget\" data-widget_type=\"image.default\">\n\t\t\t\t<div class=\"elementor-widget-container\">\n\t\t\t\t\t\t\t\t\t\t\t\t\t\t\t<img fetchpriority=\"high\" decoding=\"async\" width=\"1055\" height=\"1020\" src=\"https:\/\/stufvenas.se\/wp-content\/uploads\/2019\/09\/Stufvenas-Gastgifveri-Grafik-MadeBy-1.svg\" class=\"attachment-large size-large wp-image-3166\" alt=\"\" \/>\t\t\t\t\t\t\t\t\t\t\t\t\t\t\t<\/div>\n\t\t\t\t<\/div>\n\t\t\t\t\t<\/div>\n\t\t<\/div>\n\t\t\t\t<div class=\"elementor-column elementor-col-50 elementor-inner-column elementor-element elementor-element-e08a517\" data-id=\"e08a517\" data-element_type=\"column\" data-e-type=\"column\">\n\t\t\t<div class=\"elementor-widget-wrap elementor-element-populated\">\n\t\t\t\t\t\t<div class=\"elementor-element elementor-element-6a0b156 elementor-widget elementor-widget-text-editor\" data-id=\"6a0b156\" data-element_type=\"widget\" data-e-type=\"widget\" data-widget_type=\"text-editor.default\">\n\t\t\t\t<div class=\"elementor-widget-container\">\n\t\t\t\t\t\t\t\t\t<p>Made by Stufven\u00e4s er vores egen kvalitetsm\u00e6rkning, som viser, hvilken mad der er tilberedt fra bunden af n\u00f8je udvalgte r\u00e5varer i vores k\u00f8kken af vores dygtige k\u00f8kkenteam.<\/p>\n\t\t\t\t\t\t\t\t<\/div>\n\t\t\t\t<\/div>\n\t\t\t\t\t<\/div>\n\t\t<\/div>\n\t\t\t\t\t<\/div>\n\t\t<\/section>\n\t\t\t\t<section class=\"elementor-section elementor-inner-section elementor-element elementor-element-6b11f9c elementor-section-boxed elementor-section-height-default elementor-section-height-default\" data-id=\"6b11f9c\" data-element_type=\"section\" data-e-type=\"section\" data-settings=\"{&quot;background_background&quot;:&quot;classic&quot;}\">\n\t\t\t\t\t\t<div class=\"elementor-container elementor-column-gap-default\">\n\t\t\t\t\t<div class=\"elementor-column elementor-col-50 elementor-inner-column elementor-element elementor-element-1ee15c3\" data-id=\"1ee15c3\" data-element_type=\"column\" data-e-type=\"column\">\n\t\t\t<div class=\"elementor-widget-wrap elementor-element-populated\">\n\t\t\t\t\t\t<div class=\"elementor-element elementor-element-14cafcc elementor-widget elementor-widget-image\" data-id=\"14cafcc\" data-element_type=\"widget\" data-e-type=\"widget\" data-widget_type=\"image.default\">\n\t\t\t\t<div class=\"elementor-widget-container\">\n\t\t\t\t\t\t\t\t\t\t\t\t\t\t\t<img decoding=\"async\" width=\"472\" height=\"472\" src=\"https:\/\/stufvenas.se\/wp-content\/uploads\/2023\/12\/Closeby_logotyp.png\" class=\"attachment-large size-large wp-image-22842\" alt=\"\" srcset=\"https:\/\/stufvenas.se\/wp-content\/uploads\/2023\/12\/Closeby_logotyp.png 472w, https:\/\/stufvenas.se\/wp-content\/uploads\/2023\/12\/Closeby_logotyp-400x400.png 400w\" sizes=\"(max-width: 472px) 100vw, 472px\" \/>\t\t\t\t\t\t\t\t\t\t\t\t\t\t\t<\/div>\n\t\t\t\t<\/div>\n\t\t\t\t\t<\/div>\n\t\t<\/div>\n\t\t\t\t<div class=\"elementor-column elementor-col-50 elementor-inner-column elementor-element elementor-element-78b292e\" data-id=\"78b292e\" data-element_type=\"column\" data-e-type=\"column\">\n\t\t\t<div class=\"elementor-widget-wrap elementor-element-populated\">\n\t\t\t\t\t\t<div class=\"elementor-element elementor-element-8ccb9fc elementor-widget elementor-widget-text-editor\" data-id=\"8ccb9fc\" data-element_type=\"widget\" data-e-type=\"widget\" data-widget_type=\"text-editor.default\">\n\t\t\t\t<div class=\"elementor-widget-container\">\n\t\t\t\t\t\t\t\t\t<p>Close by Stufven\u00e4s er vores kvalitetsm\u00e6rkning af rigtig gode og n\u00f8je udvalgte lokalproducerede produkter og r\u00e5varer.<\/p>\n\t\t\t\t\t\t\t\t<\/div>\n\t\t\t\t<\/div>\n\t\t\t\t\t<\/div>\n\t\t<\/div>\n\t\t\t\t\t<\/div>\n\t\t<\/section>\n\t\t\t\t\t<\/div>\n\t\t<\/div>\n\t\t\t\t\t<\/div>\n\t\t<\/section>\n\t\t\t\t<section class=\"elementor-section elementor-top-section elementor-element elementor-element-e6f0e57 elementor-section-boxed elementor-section-height-default elementor-section-height-default\" data-id=\"e6f0e57\" data-element_type=\"section\" data-e-type=\"section\">\n\t\t\t\t\t\t<div class=\"elementor-container elementor-column-gap-default\">\n\t\t\t\t\t<div class=\"elementor-column elementor-col-50 elementor-top-column elementor-element elementor-element-757366e\" data-id=\"757366e\" data-element_type=\"column\" data-e-type=\"column\">\n\t\t\t<div class=\"elementor-widget-wrap elementor-element-populated\">\n\t\t\t\t\t\t<section class=\"elementor-section elementor-inner-section elementor-element elementor-element-2f817dc elementor-section-boxed elementor-section-height-default elementor-section-height-default\" data-id=\"2f817dc\" data-element_type=\"section\" data-e-type=\"section\" data-settings=\"{&quot;background_background&quot;:&quot;classic&quot;}\">\n\t\t\t\t\t\t<div class=\"elementor-container elementor-column-gap-default\">\n\t\t\t\t\t<div class=\"elementor-column elementor-col-100 elementor-inner-column elementor-element elementor-element-ad7383e\" data-id=\"ad7383e\" data-element_type=\"column\" data-e-type=\"column\">\n\t\t\t<div class=\"elementor-widget-wrap elementor-element-populated\">\n\t\t\t\t\t\t<div class=\"elementor-element elementor-element-449f0f8 Underline-Link elementor-widget elementor-widget-text-editor\" data-id=\"449f0f8\" data-element_type=\"widget\" data-e-type=\"widget\" data-widget_type=\"text-editor.default\">\n\t\t\t\t<div class=\"elementor-widget-container\">\n\t\t\t\t\t\t\t\t\t<h3><strong>Julebr\u00f8d<\/strong><br \/><\/h3>\n<p>Julebr\u00f8det adskilte sig v\u00e6sentligt fra det br\u00f8d, man spiste til hverdag. Frem for alt ved at det blev bagt som formbr\u00f8d. Desuden blev der brugt \u00f8lurt til dejv\u00e6sken, og hvis man havde det rigtig godt, tilsatte man t\u00f8rret frugt som \u00e6bler, figner og rosiner. Br\u00f8det blev ogs\u00e5 smagt til med sirup, nelliker, kanel og kardemomme.<\/p>\n<h3><strong>Dyp i gryden<\/strong><\/h3>\n<p>Nedt\u00e6llingen til julen kaldes for dagen f\u00f8r dyppe-dagen. Under juleforberedelserne var det praktisk hurtigt at dyppe lidt br\u00f8d i skinkevandet fra juleskinken, som ofte stod p\u00e5 komfuret. Oprindeligt var dyp i gryden ikke en typisk julemad, men noget man var n\u00f8dt til at g\u00f8re for at bl\u00f8dg\u00f8re gammelt, h\u00e5rdt br\u00f8d, s\u00e5 det kunne spises. N\u00e6sten som nutidens fondue.<\/p>\n<h3><strong>Gr\u00f8d<\/strong><\/h3>\n<p>Julegr\u00f8d var praktisk festmad, n\u00e5r familien skulle spise sammen. Gr\u00f8d var ikke kun en hovedret ved jul, men ogs\u00e5 ved h\u00f8stfester og skovbrugsfester. Men tidligere spiste man ikke risengr\u00f8d, men byggrynsgr\u00f8d.<\/p>\n<h3><strong>Syltet sild og str\u00f8mming<\/strong><\/h3>\n<p>Vores tids syltede sild stammer fra den salte sild, man spiste til hverdag tidligere. Saltet str\u00f8mming stod p\u00e5 bordet n\u00e6sten hver dag i de sm\u00e5l\u00e4ndske landsbyer f\u00f8r i tiden. Det spiste man betydeligt oftere end k\u00f8d. S\u00e5 en triviel hverdagsret er med hj\u00e6lp af krydderier, sauce og forskellige smagsstoffer blevet til en delikatesse i vores tid.<\/p>\n<h3><strong>Juledrikke<\/strong><\/h3>\n<p>Den \u00e6ldste skandinaviske betegnelse for julefejringen var at &#8220;drikke jul&#8221;. Jule\u00f8llen skulle v\u00e6re af bedste kvalitet. Som en forl\u00f8ber for vores tids julebordsbespisning p\u00e5 restaurant kan man se landsbyb\u00f8ndernes f\u00f8rjulsfest, hvor man gik rundt p\u00e5 g\u00e5rdene og smagte hinandens jule\u00f8l. Siden hjemmebrygningen oph\u00f8rte, er der opst\u00e5et forskellige blandede drikkevarer som mumma. Den mest kendte og elskede er Julmusten, som blev lanceret i 1910.<\/p>\n<p>Gl\u00f8gg har eksisteret siden middelalderen og blev skabt, fordi man var n\u00f8dt til at krydre vinen for at skjule dens d\u00e5rlige kvalitet. Derefter varmede man den for at dr\u00e6be skimmel og andet. Men det er f\u00f8rst i slutningen af 1800-tallet, at den n\u00e6vnes som en speciel juledrik. I dag er gl\u00f8gg en varmende hel\u00e5rsdrik.<\/p>\n<h3><strong>Juleslik<\/strong><\/h3>\n<p>Hasseln\u00f8dder og \u00e6bler har en lang tradition som juleslik i Sm\u00e5land. Eksotiske frugter som figner, dadler, rosiner, udenlandske n\u00f8dder samt chokolade- og marcipanfigurer kom, da kolonihandelen udviklede sig i l\u00f8bet af 1800-tallet.<\/p>\n\t\t\t\t\t\t\t\t<\/div>\n\t\t\t\t<\/div>\n\t\t\t\t\t<\/div>\n\t\t<\/div>\n\t\t\t\t\t<\/div>\n\t\t<\/section>\n\t\t\t\t\t<\/div>\n\t\t<\/div>\n\t\t\t\t<div class=\"elementor-column elementor-col-50 elementor-top-column elementor-element elementor-element-52cd1dc\" data-id=\"52cd1dc\" data-element_type=\"column\" data-e-type=\"column\">\n\t\t\t<div class=\"elementor-widget-wrap elementor-element-populated\">\n\t\t\t\t\t\t<section class=\"elementor-section elementor-inner-section elementor-element elementor-element-8d26b5a elementor-section-boxed elementor-section-height-default elementor-section-height-default\" data-id=\"8d26b5a\" data-element_type=\"section\" data-e-type=\"section\" data-settings=\"{&quot;background_background&quot;:&quot;classic&quot;}\">\n\t\t\t\t\t\t<div class=\"elementor-container elementor-column-gap-default\">\n\t\t\t\t\t<div class=\"elementor-column elementor-col-100 elementor-inner-column elementor-element elementor-element-4ef7972\" data-id=\"4ef7972\" data-element_type=\"column\" data-e-type=\"column\">\n\t\t\t<div class=\"elementor-widget-wrap elementor-element-populated\">\n\t\t\t\t\t\t<div class=\"elementor-element elementor-element-da05403 Underline-Link elementor-widget elementor-widget-text-editor\" data-id=\"da05403\" data-element_type=\"widget\" data-e-type=\"widget\" data-widget_type=\"text-editor.default\">\n\t\t\t\t<div class=\"elementor-widget-container\">\n\t\t\t\t\t\t\t\t\t<h3><strong>Juleskinke<\/strong><\/h3>\n<p>At vi spiser s\u00e5 meget svinek\u00f8d til jul skyldes, at man i selvforsyningstiden ikke spiste andet end saltet k\u00f8d resten af \u00e5ret. Men ved efter\u00e5rets storslagtning plejede man at gemme en eller to grise, som blev slagtet lige f\u00f8r jul og nydt frisk, hvilket blev anset som en stor delikatesse. Juleskinke h\u00f8rte dog ikke til p\u00e5 julebordet i bondesamfundet. Skinkerne blev som regel gemt til sommeren og sk\u00e5ret i mindre stykker. Det meste svinek\u00f8d blev kogt i gamle dage, og det fede kogevand blev brugt, for eksempel til dyp i gryden. Juleskinken stammer fra slutningen af 1600-tallet, men blev dengang prim\u00e6rt spist af de h\u00f8jere st\u00e6nder.<\/p>\n<h3><strong>Janssons fristelse<\/strong><\/h3>\n<p>If\u00f8lge visse kilder tilskrives retten operasangeren Per Adolf &#8220;Pelle&#8221; Janzon i 1800-tallet. Han blev kendt for at servere en seks-retters menu med \u00f8l, snaps og ansjovisgratin, hvilket skulle have givet anledning til navnet Janssons fristelse p\u00e5 denne type gratin. Han skulle have v\u00e6ret inspireret af ansjovisl\u00e5ger med lignende indhold. Dog blev rettens navn ikke almindeligt accepteret f\u00f8r 40 \u00e5r efter Janzons d\u00f8d, et stykke ind i 1900-tallet.<\/p>\n<h3><strong>K\u00f8dboller<\/strong><\/h3>\n<p>Vores mest svenske nationalret. Men k\u00f8dboller findes over hele verden under forskellige navne og i forskellige smagsvarianter. I dag er det mest almindeligt, at vi steger vores k\u00f8dboller, men i 1700- og 1800-tallet blev de kogt som frikadeller. Det er en forholdsvis moderne praksis at male k\u00f8d til fars. Men rigtig fintsk\u00e5ret k\u00f8d til p\u00f8lser og andet er historisk set en almindelig metode for at udnytte alle udsk\u00e6ringer og for at lette folks d\u00e5rlige tandhelse.<\/p>\n<h3><strong>Lutefisk<\/strong><\/h3>\n<p>Lutefisk kaldet stokfisk var en julemad i mange sm\u00e5l\u00e4ndske hjem. Fersk fisk var sv\u00e6r at f\u00e5 fat p\u00e5 om vinteren. Tidligere spiste man lutefisken som t\u00f8rfisk. Man skar tynde skiver, som blev banket for at blive lettere at tygge og dyppet i sm\u00f8r.<\/p>\n\t\t\t\t\t\t\t\t<\/div>\n\t\t\t\t<\/div>\n\t\t\t\t\t<\/div>\n\t\t<\/div>\n\t\t\t\t\t<\/div>\n\t\t<\/section>\n\t\t\t\t<div class=\"elementor-element elementor-element-1d89711 Underline-Link elementor-widget elementor-widget-text-editor\" data-id=\"1d89711\" data-element_type=\"widget\" data-e-type=\"widget\" data-widget_type=\"text-editor.default\">\n\t\t\t\t<div class=\"elementor-widget-container\">\n\t\t\t\t\t\t\t\t\t<p><em>Kilde: Smaken av \u00f6stra Sm\u00e5land &amp; \u00d6land, Nationalencyklopedin, Nordiska museet<\/em><\/p>\n\t\t\t\t\t\t\t\t<\/div>\n\t\t\t\t<\/div>\n\t\t\t\t\t<\/div>\n\t\t<\/div>\n\t\t\t\t\t<\/div>\n\t\t<\/section>\n\t\t\t\t<\/div>\n\t\t","protected":false},"excerpt":{"rendered":"<p>Klassisk julbord p\u00e5 Stufven\u00e4s G\u00e4stgifveri Julemaden historie Julemaden historie P\u00e5 Stufven\u00e4s G\u00e4stgifveris klassiske og smagfulde julbord fors\u00f8ger vi at bevare de sm\u00e5l\u00e4ndske og traditionelle julbordsretter. Nogle af retterne har aner langt tilbage i tiden, men der er ogs\u00e5 nogle, der har en mere moderne historie. Vi har skabt to forskellige kvalitetsm\u00e6rkninger for at du som [&hellip;]<\/p>\n","protected":false},"author":3,"featured_media":25890,"parent":25878,"menu_order":2,"comment_status":"closed","ping_status":"closed","template":"elementor_header_footer","meta":{"_acf_changed":false,"content-type":"","footnotes":""},"class_list":["post-25889","page","type-page","status-publish","has-post-thumbnail","hentry"],"acf":[],"_links":{"self":[{"href":"https:\/\/stufvenas.se\/da\/wp-json\/wp\/v2\/pages\/25889","targetHints":{"allow":["GET"]}}],"collection":[{"href":"https:\/\/stufvenas.se\/da\/wp-json\/wp\/v2\/pages"}],"about":[{"href":"https:\/\/stufvenas.se\/da\/wp-json\/wp\/v2\/types\/page"}],"author":[{"embeddable":true,"href":"https:\/\/stufvenas.se\/da\/wp-json\/wp\/v2\/users\/3"}],"replies":[{"embeddable":true,"href":"https:\/\/stufvenas.se\/da\/wp-json\/wp\/v2\/comments?post=25889"}],"version-history":[{"count":0,"href":"https:\/\/stufvenas.se\/da\/wp-json\/wp\/v2\/pages\/25889\/revisions"}],"up":[{"embeddable":true,"href":"https:\/\/stufvenas.se\/da\/wp-json\/wp\/v2\/pages\/25878"}],"wp:featuredmedia":[{"embeddable":true,"href":"https:\/\/stufvenas.se\/da\/wp-json\/wp\/v2\/media\/25890"}],"wp:attachment":[{"href":"https:\/\/stufvenas.se\/da\/wp-json\/wp\/v2\/media?parent=25889"}],"curies":[{"name":"wp","href":"https:\/\/api.w.org\/{rel}","templated":true}]}}