{"id":25884,"date":"2020-08-18T07:01:47","date_gmt":"2020-08-18T05:01:47","guid":{"rendered":"https:\/\/stufvenas.se\/restaurang\/julbord-ved-kalmarsund\/stufvenas-julbordsguide\/"},"modified":"2024-06-20T10:21:40","modified_gmt":"2024-06-20T08:21:40","slug":"stufvenas-julbordsguide","status":"publish","type":"page","link":"https:\/\/stufvenas.se\/da\/restaurang\/julbord-ved-kalmarsund\/stufvenas-julbordsguide\/","title":{"rendered":"Stufven\u00e4s julbordsguide"},"content":{"rendered":"\t\t<div data-elementor-type=\"wp-page\" data-elementor-id=\"25884\" class=\"elementor elementor-25884 elementor-6384\" data-elementor-post-type=\"page\">\n\t\t\t\t\t\t<section class=\"elementor-section elementor-top-section elementor-element elementor-element-c89a1e2 elementor-section-full_width elementor-section-height-min-height elementor-section-items-stretch elementor-section-height-default\" data-id=\"c89a1e2\" data-element_type=\"section\" data-e-type=\"section\">\n\t\t\t\t\t\t<div class=\"elementor-container elementor-column-gap-default\">\n\t\t\t\t\t<div class=\"elementor-column elementor-col-100 elementor-top-column elementor-element elementor-element-1b322ef\" data-id=\"1b322ef\" data-element_type=\"column\" data-e-type=\"column\" data-settings=\"{&quot;background_background&quot;:&quot;classic&quot;}\">\n\t\t\t<div class=\"elementor-widget-wrap elementor-element-populated\">\n\t\t\t\t\t<div class=\"elementor-background-overlay\"><\/div>\n\t\t\t\t\t\t<section class=\"elementor-section elementor-inner-section elementor-element elementor-element-4f99033 elementor-section-full_width elementor-section-height-min-height elementor-section-height-default\" data-id=\"4f99033\" data-element_type=\"section\" data-e-type=\"section\">\n\t\t\t\t\t\t<div class=\"elementor-container elementor-column-gap-default\">\n\t\t\t\t\t<div class=\"elementor-column elementor-col-50 elementor-inner-column elementor-element elementor-element-2d91eef\" data-id=\"2d91eef\" data-element_type=\"column\" data-e-type=\"column\">\n\t\t\t<div class=\"elementor-widget-wrap elementor-element-populated\">\n\t\t\t\t\t\t<div class=\"elementor-element elementor-element-edbfa31 elementor-widget elementor-widget-heading\" data-id=\"edbfa31\" data-element_type=\"widget\" data-e-type=\"widget\" data-widget_type=\"heading.default\">\n\t\t\t\t<div class=\"elementor-widget-container\">\n\t\t\t\t\t<h1 class=\"elementor-heading-title elementor-size-default\">Klassisk julbord p\u00e5 Stufven\u00e4s G\u00e4stgifveri<\/h1>\t\t\t\t<\/div>\n\t\t\t\t<\/div>\n\t\t\t\t<div class=\"elementor-element elementor-element-6c3dbf5 elementor-widget elementor-widget-heading\" data-id=\"6c3dbf5\" data-element_type=\"widget\" data-e-type=\"widget\" data-widget_type=\"heading.default\">\n\t\t\t\t<div class=\"elementor-widget-container\">\n\t\t\t\t\t<h2 class=\"elementor-heading-title elementor-size-default\">Stufven\u00e4s julbordsguide<\/h2>\t\t\t\t<\/div>\n\t\t\t\t<\/div>\n\t\t\t\t<div class=\"elementor-element elementor-element-3630616 elementor-widget elementor-widget-image\" data-id=\"3630616\" data-element_type=\"widget\" data-e-type=\"widget\" data-widget_type=\"image.default\">\n\t\t\t\t<div class=\"elementor-widget-container\">\n\t\t\t\t\t\t\t\t\t\t\t\t\t\t\t<img decoding=\"async\" width=\"26\" height=\"27\" src=\"https:\/\/stufvenas.se\/wp-content\/uploads\/2019\/06\/Stufvenas-Gastgifveri-UI-Pil.svg\" class=\"attachment-large size-large wp-image-184\" alt=\"\" \/>\t\t\t\t\t\t\t\t\t\t\t\t\t\t\t<\/div>\n\t\t\t\t<\/div>\n\t\t\t\t\t<\/div>\n\t\t<\/div>\n\t\t\t\t<div class=\"elementor-column elementor-col-50 elementor-inner-column elementor-element elementor-element-e19f1f7\" data-id=\"e19f1f7\" data-element_type=\"column\" data-e-type=\"column\">\n\t\t\t<div class=\"elementor-widget-wrap\">\n\t\t\t\t\t\t\t<\/div>\n\t\t<\/div>\n\t\t\t\t\t<\/div>\n\t\t<\/section>\n\t\t\t\t\t<\/div>\n\t\t<\/div>\n\t\t\t\t\t<\/div>\n\t\t<\/section>\n\t\t\t\t<section class=\"elementor-section elementor-top-section elementor-element elementor-element-31d8023 elementor-section-boxed elementor-section-height-default elementor-section-height-default\" data-id=\"31d8023\" data-element_type=\"section\" data-e-type=\"section\">\n\t\t\t\t\t\t<div class=\"elementor-container elementor-column-gap-default\">\n\t\t\t\t\t<div class=\"elementor-column elementor-col-50 elementor-top-column elementor-element elementor-element-685ec0f\" data-id=\"685ec0f\" data-element_type=\"column\" data-e-type=\"column\">\n\t\t\t<div class=\"elementor-widget-wrap elementor-element-populated\">\n\t\t\t\t\t\t<div class=\"elementor-element elementor-element-3b40345 elementor-widget elementor-widget-heading\" data-id=\"3b40345\" data-element_type=\"widget\" data-e-type=\"widget\" data-widget_type=\"heading.default\">\n\t\t\t\t<div class=\"elementor-widget-container\">\n\t\t\t\t\t<h2 class=\"elementor-heading-title elementor-size-default\">Vores julbordsguide<\/h2>\t\t\t\t<\/div>\n\t\t\t\t<\/div>\n\t\t\t\t<div class=\"elementor-element elementor-element-843cf0a Underline-Link elementor-widget elementor-widget-text-editor\" data-id=\"843cf0a\" data-element_type=\"widget\" data-e-type=\"widget\" data-widget_type=\"text-editor.default\">\n\t\t\t\t<div class=\"elementor-widget-container\">\n\t\t\t\t\t\t\t\t\t<p><strong>En klassisk og smagfuld julebuffet vil du kunne spise meget af og smage p\u00e5 alle de gode delikatesser. Men det kr\u00e6ver, at du spiser over lang tid og p\u00e5 den traditionelle m\u00e5de i syv forskellige trin. Her f\u00e5r du en guide til, hvordan du skal spise julbord p\u00e5 Stufven\u00e4s G\u00e4stgifveri for at f\u00e5 den bedste julbordsoplevelse.<\/strong><\/p>\n\t\t\t\t\t\t\t\t<\/div>\n\t\t\t\t<\/div>\n\t\t\t\t<div class=\"elementor-element elementor-element-185e027 elementor-widget elementor-widget-text-editor\" data-id=\"185e027\" data-element_type=\"widget\" data-e-type=\"widget\" data-widget_type=\"text-editor.default\">\n\t\t\t\t<div class=\"elementor-widget-container\">\n\t\t\t\t\t\t\t\t\t<p>Vi har skabt to forskellige kvalitetsm\u00e6rkninger for at du som g\u00e6st skal f\u00e5 den bedste m\u00e5ltidsoplevelse hos os.<\/p>\n<p>Lad dig vel smage!<\/p>\n\t\t\t\t\t\t\t\t<\/div>\n\t\t\t\t<\/div>\n\t\t\t\t<section class=\"elementor-section elementor-inner-section elementor-element elementor-element-28c7832 elementor-section-boxed elementor-section-height-default elementor-section-height-default\" data-id=\"28c7832\" data-element_type=\"section\" data-e-type=\"section\" data-settings=\"{&quot;background_background&quot;:&quot;classic&quot;}\">\n\t\t\t\t\t\t<div class=\"elementor-container elementor-column-gap-default\">\n\t\t\t\t\t<div class=\"elementor-column elementor-col-50 elementor-inner-column elementor-element elementor-element-14268ab\" data-id=\"14268ab\" data-element_type=\"column\" data-e-type=\"column\">\n\t\t\t<div class=\"elementor-widget-wrap elementor-element-populated\">\n\t\t\t\t\t\t<div class=\"elementor-element elementor-element-7bede88 elementor-widget elementor-widget-image\" data-id=\"7bede88\" data-element_type=\"widget\" data-e-type=\"widget\" data-widget_type=\"image.default\">\n\t\t\t\t<div class=\"elementor-widget-container\">\n\t\t\t\t\t\t\t\t\t\t\t\t\t\t\t<img fetchpriority=\"high\" decoding=\"async\" width=\"1055\" height=\"1020\" src=\"https:\/\/stufvenas.se\/wp-content\/uploads\/2019\/09\/Stufvenas-Gastgifveri-Grafik-MadeBy-1.svg\" class=\"attachment-large size-large wp-image-3166\" alt=\"\" \/>\t\t\t\t\t\t\t\t\t\t\t\t\t\t\t<\/div>\n\t\t\t\t<\/div>\n\t\t\t\t\t<\/div>\n\t\t<\/div>\n\t\t\t\t<div class=\"elementor-column elementor-col-50 elementor-inner-column elementor-element elementor-element-5d33be6\" data-id=\"5d33be6\" data-element_type=\"column\" data-e-type=\"column\">\n\t\t\t<div class=\"elementor-widget-wrap elementor-element-populated\">\n\t\t\t\t\t\t<div class=\"elementor-element elementor-element-4545f89 elementor-widget elementor-widget-text-editor\" data-id=\"4545f89\" data-element_type=\"widget\" data-e-type=\"widget\" data-widget_type=\"text-editor.default\">\n\t\t\t\t<div class=\"elementor-widget-container\">\n\t\t\t\t\t\t\t\t\t<p>Made by Stufven\u00e4s er vores egen kvalitetsm\u00e6rkning, som viser, hvilken mad der er tilberedt fra bunden af n\u00f8je udvalgte r\u00e5varer i vores k\u00f8kken af vores dygtige k\u00f8kkenteam.<\/p>\n\t\t\t\t\t\t\t\t<\/div>\n\t\t\t\t<\/div>\n\t\t\t\t\t<\/div>\n\t\t<\/div>\n\t\t\t\t\t<\/div>\n\t\t<\/section>\n\t\t\t\t<section class=\"elementor-section elementor-inner-section elementor-element elementor-element-6b9f84b elementor-section-boxed elementor-section-height-default elementor-section-height-default\" data-id=\"6b9f84b\" data-element_type=\"section\" data-e-type=\"section\" data-settings=\"{&quot;background_background&quot;:&quot;classic&quot;}\">\n\t\t\t\t\t\t<div class=\"elementor-container elementor-column-gap-default\">\n\t\t\t\t\t<div class=\"elementor-column elementor-col-50 elementor-inner-column elementor-element elementor-element-1176d84\" data-id=\"1176d84\" data-element_type=\"column\" data-e-type=\"column\">\n\t\t\t<div class=\"elementor-widget-wrap elementor-element-populated\">\n\t\t\t\t\t\t<div class=\"elementor-element elementor-element-1463ccb elementor-widget elementor-widget-image\" data-id=\"1463ccb\" data-element_type=\"widget\" data-e-type=\"widget\" data-widget_type=\"image.default\">\n\t\t\t\t<div class=\"elementor-widget-container\">\n\t\t\t\t\t\t\t\t\t\t\t\t\t\t\t<img decoding=\"async\" width=\"472\" height=\"472\" src=\"https:\/\/stufvenas.se\/wp-content\/uploads\/2023\/12\/Closeby_logotyp.png\" class=\"attachment-large size-large wp-image-22842\" alt=\"\" srcset=\"https:\/\/stufvenas.se\/wp-content\/uploads\/2023\/12\/Closeby_logotyp.png 472w, https:\/\/stufvenas.se\/wp-content\/uploads\/2023\/12\/Closeby_logotyp-400x400.png 400w\" sizes=\"(max-width: 472px) 100vw, 472px\" \/>\t\t\t\t\t\t\t\t\t\t\t\t\t\t\t<\/div>\n\t\t\t\t<\/div>\n\t\t\t\t\t<\/div>\n\t\t<\/div>\n\t\t\t\t<div class=\"elementor-column elementor-col-50 elementor-inner-column elementor-element elementor-element-6fde726\" data-id=\"6fde726\" data-element_type=\"column\" data-e-type=\"column\">\n\t\t\t<div class=\"elementor-widget-wrap elementor-element-populated\">\n\t\t\t\t\t\t<div class=\"elementor-element elementor-element-59c3c4b elementor-widget elementor-widget-text-editor\" data-id=\"59c3c4b\" data-element_type=\"widget\" data-e-type=\"widget\" data-widget_type=\"text-editor.default\">\n\t\t\t\t<div class=\"elementor-widget-container\">\n\t\t\t\t\t\t\t\t\t<p>Close by Stufven\u00e4s er vores kvalitetsm\u00e6rkning af rigtig gode og n\u00f8je udvalgte lokalproducerede produkter og r\u00e5varer.<\/p>\n\t\t\t\t\t\t\t\t<\/div>\n\t\t\t\t<\/div>\n\t\t\t\t\t<\/div>\n\t\t<\/div>\n\t\t\t\t\t<\/div>\n\t\t<\/section>\n\t\t\t\t\t<\/div>\n\t\t<\/div>\n\t\t\t\t<div class=\"elementor-column elementor-col-50 elementor-top-column elementor-element elementor-element-538895f\" data-id=\"538895f\" data-element_type=\"column\" data-e-type=\"column\" data-settings=\"{&quot;background_background&quot;:&quot;classic&quot;}\">\n\t\t\t<div class=\"elementor-widget-wrap elementor-element-populated\">\n\t\t\t\t\t\t<div class=\"elementor-element elementor-element-805c70a Underline-Link elementor-widget elementor-widget-text-editor\" data-id=\"805c70a\" data-element_type=\"widget\" data-e-type=\"widget\" data-widget_type=\"text-editor.default\">\n\t\t\t\t<div class=\"elementor-widget-container\">\n\t\t\t\t\t\t\t\t\t<h3>1.<\/h3>\n<p>N\u00e5r du kommer til os p\u00e5 Stufven\u00e4s G\u00e4stgifveri, viser hovmesteren jer til jeres bord. Der serverer vi gl\u00f8gg med traditionelle tilbeh\u00f8r. Mens I drikker gl\u00f8gg, tager vi jeres drikkebestilling.<\/p>\n\t\t\t\t\t\t\t\t<\/div>\n\t\t\t\t<\/div>\n\t\t\t\t<div class=\"elementor-element elementor-element-f28fac6 Underline-Link elementor-widget elementor-widget-text-editor\" data-id=\"f28fac6\" data-element_type=\"widget\" data-e-type=\"widget\" data-widget_type=\"text-editor.default\">\n\t\t\t\t<div class=\"elementor-widget-container\">\n\t\t\t\t\t\t\t\t\t<h3>2.<\/h3>\n<p>S\u00e5 er det tid til den f\u00f8rste tallerken. Tag sigte p\u00e5 sildebordet og tag for dig af silden med forskellige marinader, kogte kartofler, ost og kn\u00e6kbr\u00f8d. Hvis man kan lide snaps, kan det v\u00e6re en god id\u00e9 at tage den f\u00f8rste snaps nu for at f\u00e5 gang i festlighederne.<\/p>\n\t\t\t\t\t\t\t\t<\/div>\n\t\t\t\t<\/div>\n\t\t\t\t<div class=\"elementor-element elementor-element-4e38d47 Underline-Link elementor-widget elementor-widget-text-editor\" data-id=\"4e38d47\" data-element_type=\"widget\" data-e-type=\"widget\" data-widget_type=\"text-editor.default\">\n\t\t\t\t<div class=\"elementor-widget-container\">\n\t\t\t\t\t\t\t\t\t<h3>3.<\/h3>\n<p>P\u00e5 tallerken nummer to skal du have den kolde fisk. Koldr\u00f8get, varmr\u00f8get og gravad laks, skaldyr, makrel, tun, \u00e5l og pateer.<\/p>\n\t\t\t\t\t\t\t\t<\/div>\n\t\t\t\t<\/div>\n\t\t\t\t<div class=\"elementor-element elementor-element-487f79e Underline-Link elementor-widget elementor-widget-text-editor\" data-id=\"487f79e\" data-element_type=\"widget\" data-e-type=\"widget\" data-widget_type=\"text-editor.default\">\n\t\t\t\t<div class=\"elementor-widget-container\">\n\t\t\t\t\t\t\t\t\t<h3>4.<\/h3>\n<p>Tredje tallerken er det kolde k\u00f8d med vildt, r\u00f8gede p\u00f8lser, sylte og postejer. Glem ikke en skinkemad med en af vores gode hjemmelavede senneper.<\/p>\n\t\t\t\t\t\t\t\t<\/div>\n\t\t\t\t<\/div>\n\t\t\t\t<div class=\"elementor-element elementor-element-d68e47a Underline-Link elementor-widget elementor-widget-text-editor\" data-id=\"d68e47a\" data-element_type=\"widget\" data-e-type=\"widget\" data-widget_type=\"text-editor.default\">\n\t\t\t\t<div class=\"elementor-widget-container\">\n\t\t\t\t\t\t\t\t\t<h3>5.<\/h3>\n<p>Nu kan du g\u00e5 til angreb p\u00e5 de lune retter med hjemmelavede julefrikadeller, prinskorv, Janssons fristelse, brun k\u00e5l, r\u00f8dk\u00e5l, gr\u00f8nk\u00e5l, lutefisk, dop i gryden med mere.<\/p>\n\t\t\t\t\t\t\t\t<\/div>\n\t\t\t\t<\/div>\n\t\t\t\t<div class=\"elementor-element elementor-element-98d3ce0 Underline-Link elementor-widget elementor-widget-text-editor\" data-id=\"98d3ce0\" data-element_type=\"widget\" data-e-type=\"widget\" data-widget_type=\"text-editor.default\">\n\t\t\t\t<div class=\"elementor-widget-container\">\n\t\t\t\t\t\t\t\t\t<h3>6.<\/h3>\n<p>Dessert g\u00e5r altid ned. I vores dessertrum finder du risalamande, Stufven\u00e4s ostekage, citronfromage, panna cotta, chokoladepudding, frugtsalat og vores egen sm\u00e5l\u00e6ndske variant af marengs. Her er ogs\u00e5 ostebord og kiks.<\/p>\n\t\t\t\t\t\t\t\t<\/div>\n\t\t\t\t<\/div>\n\t\t\t\t<div class=\"elementor-element elementor-element-5e02a82 Underline-Link elementor-widget elementor-widget-text-editor\" data-id=\"5e02a82\" data-element_type=\"widget\" data-e-type=\"widget\" data-widget_type=\"text-editor.default\">\n\t\t\t\t<div class=\"elementor-widget-container\">\n\t\t\t\t\t\t\t\t\t<h3>7.<\/h3>\r\nSidst men ikke mindst er det tid til at afslutte middagen med kaffe, sm\u00e5kager og julegodter, som vi laver selv eller som er lokalt producerede.\t\t\t\t\t\t\t\t<\/div>\n\t\t\t\t<\/div>\n\t\t\t\t<div class=\"elementor-element elementor-element-54637d2 Underline-Link elementor-widget elementor-widget-text-editor\" data-id=\"54637d2\" data-element_type=\"widget\" data-e-type=\"widget\" data-widget_type=\"text-editor.default\">\n\t\t\t\t<div class=\"elementor-widget-container\">\n\t\t\t\t\t\t\t\t\t<p>Og forh\u00e5bentlig har I spist langsomt, nydt selskabet og f\u00e5et en rigtig dejlig julbordsoplevelse hos os p\u00e5 Stufven\u00e4s G\u00e4stgifveri, ved Kalmarsund.<\/p>\n\t\t\t\t\t\t\t\t<\/div>\n\t\t\t\t<\/div>\n\t\t\t\t\t<\/div>\n\t\t<\/div>\n\t\t\t\t\t<\/div>\n\t\t<\/section>\n\t\t\t\t<\/div>\n\t\t","protected":false},"excerpt":{"rendered":"<p>Klassisk julbord p\u00e5 Stufven\u00e4s G\u00e4stgifveri Stufven\u00e4s julbordsguide Vores julbordsguide En klassisk og smagfuld julebuffet vil du kunne spise meget af og smage p\u00e5 alle de gode delikatesser. Men det kr\u00e6ver, at du spiser over lang tid og p\u00e5 den traditionelle m\u00e5de i syv forskellige trin. Her f\u00e5r du en guide til, hvordan du skal spise [&hellip;]<\/p>\n","protected":false},"author":3,"featured_media":25885,"parent":25878,"menu_order":1,"comment_status":"closed","ping_status":"closed","template":"elementor_header_footer","meta":{"_acf_changed":false,"content-type":"","footnotes":""},"class_list":["post-25884","page","type-page","status-publish","has-post-thumbnail","hentry"],"acf":[],"_links":{"self":[{"href":"https:\/\/stufvenas.se\/da\/wp-json\/wp\/v2\/pages\/25884","targetHints":{"allow":["GET"]}}],"collection":[{"href":"https:\/\/stufvenas.se\/da\/wp-json\/wp\/v2\/pages"}],"about":[{"href":"https:\/\/stufvenas.se\/da\/wp-json\/wp\/v2\/types\/page"}],"author":[{"embeddable":true,"href":"https:\/\/stufvenas.se\/da\/wp-json\/wp\/v2\/users\/3"}],"replies":[{"embeddable":true,"href":"https:\/\/stufvenas.se\/da\/wp-json\/wp\/v2\/comments?post=25884"}],"version-history":[{"count":0,"href":"https:\/\/stufvenas.se\/da\/wp-json\/wp\/v2\/pages\/25884\/revisions"}],"up":[{"embeddable":true,"href":"https:\/\/stufvenas.se\/da\/wp-json\/wp\/v2\/pages\/25878"}],"wp:featuredmedia":[{"embeddable":true,"href":"https:\/\/stufvenas.se\/da\/wp-json\/wp\/v2\/media\/25885"}],"wp:attachment":[{"href":"https:\/\/stufvenas.se\/da\/wp-json\/wp\/v2\/media?parent=25884"}],"curies":[{"name":"wp","href":"https:\/\/api.w.org\/{rel}","templated":true}]}}