{"id":25789,"date":"2019-06-17T14:26:28","date_gmt":"2019-06-17T12:26:28","guid":{"rendered":"https:\/\/stufvenas.se\/restaurang\/frokost\/"},"modified":"2026-05-10T14:45:26","modified_gmt":"2026-05-10T12:45:26","slug":"frokost","status":"publish","type":"page","link":"https:\/\/stufvenas.se\/da\/restaurang\/frokost\/","title":{"rendered":"Frokost"},"content":{"rendered":"\t\t<div data-elementor-type=\"wp-post\" data-elementor-id=\"25789\" class=\"elementor elementor-25789 elementor-226\" data-elementor-post-type=\"page\">\n\t\t\t\t\t\t<section class=\"elementor-section elementor-top-section elementor-element elementor-element-b9a965e elementor-section-full_width elementor-section-height-min-height elementor-section-items-stretch elementor-section-height-default\" data-id=\"b9a965e\" data-element_type=\"section\" data-e-type=\"section\" data-settings=\"{&quot;background_background&quot;:&quot;classic&quot;}\">\n\t\t\t\t\t\t\t<div class=\"elementor-background-overlay\"><\/div>\n\t\t\t\t\t\t\t<div class=\"elementor-container elementor-column-gap-default\">\n\t\t\t\t\t<div class=\"elementor-column elementor-col-100 elementor-top-column elementor-element elementor-element-c4af70e\" data-id=\"c4af70e\" data-element_type=\"column\" data-e-type=\"column\">\n\t\t\t<div class=\"elementor-widget-wrap elementor-element-populated\">\n\t\t\t\t\t\t<section class=\"elementor-section elementor-inner-section elementor-element elementor-element-88e1bde elementor-section-full_width elementor-section-height-min-height elementor-section-height-default\" data-id=\"88e1bde\" data-element_type=\"section\" data-e-type=\"section\">\n\t\t\t\t\t\t<div class=\"elementor-container elementor-column-gap-default\">\n\t\t\t\t\t<div class=\"elementor-column elementor-col-50 elementor-inner-column elementor-element elementor-element-03698e9\" data-id=\"03698e9\" data-element_type=\"column\" data-e-type=\"column\">\n\t\t\t<div class=\"elementor-widget-wrap elementor-element-populated\">\n\t\t\t\t\t\t<div class=\"elementor-element elementor-element-f4bf18f elementor-widget elementor-widget-heading\" data-id=\"f4bf18f\" data-element_type=\"widget\" data-e-type=\"widget\" data-widget_type=\"heading.default\">\n\t\t\t\t<div class=\"elementor-widget-container\">\n\t\t\t\t\t<h1 class=\"elementor-heading-title elementor-size-default\">Velkommen til at nyde vores<\/h1>\t\t\t\t<\/div>\n\t\t\t\t<\/div>\n\t\t\t\t<div class=\"elementor-element elementor-element-853be8e elementor-widget elementor-widget-heading\" data-id=\"853be8e\" data-element_type=\"widget\" data-e-type=\"widget\" data-widget_type=\"heading.default\">\n\t\t\t\t<div class=\"elementor-widget-container\">\n\t\t\t\t\t<h2 class=\"elementor-heading-title elementor-size-default\">Frokost<\/h2>\t\t\t\t<\/div>\n\t\t\t\t<\/div>\n\t\t\t\t<div class=\"elementor-element elementor-element-1e0ae0d elementor-widget elementor-widget-image\" data-id=\"1e0ae0d\" data-element_type=\"widget\" data-e-type=\"widget\" data-widget_type=\"image.default\">\n\t\t\t\t<div class=\"elementor-widget-container\">\n\t\t\t\t\t\t\t\t\t\t\t\t\t\t\t<img decoding=\"async\" width=\"26\" height=\"27\" src=\"https:\/\/stufvenas.se\/wp-content\/uploads\/2019\/06\/Stufvenas-Gastgifveri-UI-Pil.svg\" class=\"attachment-large size-large wp-image-184\" alt=\"\" \/>\t\t\t\t\t\t\t\t\t\t\t\t\t\t\t<\/div>\n\t\t\t\t<\/div>\n\t\t\t\t\t<\/div>\n\t\t<\/div>\n\t\t\t\t<div class=\"elementor-column elementor-col-50 elementor-inner-column elementor-element elementor-element-42e51db\" data-id=\"42e51db\" data-element_type=\"column\" data-e-type=\"column\">\n\t\t\t<div class=\"elementor-widget-wrap\">\n\t\t\t\t\t\t\t<\/div>\n\t\t<\/div>\n\t\t\t\t\t<\/div>\n\t\t<\/section>\n\t\t\t\t\t<\/div>\n\t\t<\/div>\n\t\t\t\t\t<\/div>\n\t\t<\/section>\n\t\t\t\t<section class=\"elementor-section elementor-top-section elementor-element elementor-element-d7451ab elementor-section-height-min-height elementor-hidden-tablet elementor-hidden-mobile elementor-section-full_width elementor-section-height-default elementor-section-items-middle\" data-id=\"d7451ab\" data-element_type=\"section\" data-e-type=\"section\" data-settings=\"{&quot;background_background&quot;:&quot;classic&quot;}\">\n\t\t\t\t\t\t<div class=\"elementor-container elementor-column-gap-default\">\n\t\t\t\t\t<div class=\"elementor-column elementor-col-100 elementor-top-column elementor-element elementor-element-2afffa4\" data-id=\"2afffa4\" data-element_type=\"column\" data-e-type=\"column\">\n\t\t\t<div class=\"elementor-widget-wrap elementor-element-populated\">\n\t\t\t\t\t\t<div class=\"elementor-element elementor-element-66215f3 elementor-hidden-tablet elementor-hidden-mobile e--pointer-none ecs-nav-layout-horizontal elementor-nav-menu--dropdown-tablet elementor-nav-menu--toggle elementor-nav-menu--burger ecs-toggle-align-center elementor-widget elementor-widget-nav-menu\" data-id=\"66215f3\" data-element_type=\"widget\" data-e-type=\"widget\" data-settings=\"{&quot;layout&quot;:&quot;horizontal&quot;,&quot;submenu_icon&quot;:{&quot;value&quot;:&quot;&lt;i class=\\&quot;fas fa-caret-down\\&quot; aria-hidden=\\&quot;true\\&quot;&gt;&lt;\\\/i&gt;&quot;,&quot;library&quot;:&quot;fa-solid&quot;},&quot;toggle&quot;:&quot;burger&quot;}\" data-widget_type=\"nav-menu.default\">\n\t\t\t\t<div class=\"elementor-widget-container\">\n\t\t\t\t\t\t\t\t<nav aria-label=\"Meny\" class=\"elementor-nav-menu--main elementor-nav-menu__container elementor-nav-menu--layout-horizontal e--pointer-none\">\n\t\t\t\t<ul id=\"menu-1-66215f3\" class=\"elementor-nav-menu\"><li class=\"menu-item menu-item-type-post_type menu-item-object-page menu-item-274\"><a href=\"https:\/\/stufvenas.se\/restaurang\/frukost\/\" class=\"elementor-item\">Morgenmad<\/a><\/li>\n<li class=\"menu-item menu-item-type-post_type menu-item-object-page menu-item-275\"><a href=\"https:\/\/stufvenas.se\/restaurang\/lunch\/\" class=\"elementor-item\">Frokost<\/a><\/li>\n<li class=\"menu-item menu-item-type-post_type menu-item-object-page menu-item-276\"><a href=\"https:\/\/stufvenas.se\/restaurang\/a-la-carte\/\" class=\"elementor-item\">A la carte<\/a><\/li>\n<li class=\"menu-item menu-item-type-post_type menu-item-object-page menu-item-26248\"><a href=\"https:\/\/stufvenas.se\/restaurang\/cocktailloungen\/\" class=\"elementor-item\">Cocktailloungen<\/a><\/li>\n<li class=\"menu-item menu-item-type-post_type menu-item-object-page menu-item-277\"><a href=\"https:\/\/stufvenas.se\/restaurang\/vinkallare\/\" class=\"elementor-item\">Vink\u00e6lder<\/a><\/li>\n<li class=\"menu-item menu-item-type-post_type menu-item-object-page menu-item-9455\"><a href=\"https:\/\/stufvenas.se\/restaurang\/the-edible-country\/\" class=\"elementor-item\">The Edible Country<\/a><\/li>\n<li class=\"menu-item menu-item-type-post_type menu-item-object-page menu-item-278\"><a href=\"https:\/\/stufvenas.se\/restaurang\/cafe-brygghuset\/\" class=\"elementor-item\">Caf\u00e9 Brygghuset<\/a><\/li>\n<\/ul>\t\t\t<\/nav>\n\t\t\t\t\t<div class=\"elementor-menu-toggle\" role=\"button\" tabindex=\"0\" aria-label=\"Menuskift\" aria-expanded=\"false\">\n\t\t\t<i aria-hidden=\"true\" role=\"presentation\" class=\"elementor-menu-toggle__icon--open eicon-menu-bar\"><\/i><i aria-hidden=\"true\" role=\"presentation\" class=\"elementor-menu-toggle__icon--close eicon-close\"><\/i>\t\t<\/div>\n\t\t\t\t\t<nav class=\"elementor-nav-menu--dropdown elementor-nav-menu__container\" aria-hidden=\"true\">\n\t\t\t\t<ul id=\"menu-2-66215f3\" class=\"elementor-nav-menu\"><li class=\"menu-item menu-item-type-post_type menu-item-object-page menu-item-274\"><a href=\"https:\/\/stufvenas.se\/restaurang\/frukost\/\" class=\"elementor-item\" tabindex=\"-1\">Morgenmad<\/a><\/li>\n<li class=\"menu-item menu-item-type-post_type menu-item-object-page menu-item-275\"><a href=\"https:\/\/stufvenas.se\/restaurang\/lunch\/\" class=\"elementor-item\" tabindex=\"-1\">Frokost<\/a><\/li>\n<li class=\"menu-item menu-item-type-post_type menu-item-object-page menu-item-276\"><a href=\"https:\/\/stufvenas.se\/restaurang\/a-la-carte\/\" class=\"elementor-item\" tabindex=\"-1\">A la carte<\/a><\/li>\n<li class=\"menu-item menu-item-type-post_type menu-item-object-page menu-item-26248\"><a href=\"https:\/\/stufvenas.se\/restaurang\/cocktailloungen\/\" class=\"elementor-item\" tabindex=\"-1\">Cocktailloungen<\/a><\/li>\n<li class=\"menu-item menu-item-type-post_type menu-item-object-page menu-item-277\"><a href=\"https:\/\/stufvenas.se\/restaurang\/vinkallare\/\" class=\"elementor-item\" tabindex=\"-1\">Vink\u00e6lder<\/a><\/li>\n<li class=\"menu-item menu-item-type-post_type menu-item-object-page menu-item-9455\"><a href=\"https:\/\/stufvenas.se\/restaurang\/the-edible-country\/\" class=\"elementor-item\" tabindex=\"-1\">The Edible Country<\/a><\/li>\n<li class=\"menu-item menu-item-type-post_type menu-item-object-page menu-item-278\"><a href=\"https:\/\/stufvenas.se\/restaurang\/cafe-brygghuset\/\" class=\"elementor-item\" tabindex=\"-1\">Caf\u00e9 Brygghuset<\/a><\/li>\n<\/ul>\t\t\t<\/nav>\n\t\t\t\t\t\t<\/div>\n\t\t\t\t<\/div>\n\t\t\t\t\t<\/div>\n\t\t<\/div>\n\t\t\t\t\t<\/div>\n\t\t<\/section>\n\t\t\t\t<section class=\"elementor-section elementor-top-section elementor-element elementor-element-320e960 elementor-section-boxed elementor-section-height-default elementor-section-height-default\" data-id=\"320e960\" data-element_type=\"section\" data-e-type=\"section\">\n\t\t\t\t\t\t<div class=\"elementor-container elementor-column-gap-default\">\n\t\t\t\t\t<div class=\"elementor-column elementor-col-100 elementor-top-column elementor-element elementor-element-168db6f\" data-id=\"168db6f\" data-element_type=\"column\" data-e-type=\"column\">\n\t\t\t<div class=\"elementor-widget-wrap elementor-element-populated\">\n\t\t\t\t\t\t<div class=\"elementor-element elementor-element-b07af37 elementor-widget elementor-widget-global elementor-global-2966 elementor-widget-heading\" data-id=\"b07af37\" data-element_type=\"widget\" data-e-type=\"widget\" data-widget_type=\"heading.default\">\n\t\t\t\t<div class=\"elementor-widget-container\">\n\t\t\t\t\t<h3 class=\"elementor-heading-title elementor-size-default\">Restaurangen<\/h3>\t\t\t\t<\/div>\n\t\t\t\t<\/div>\n\t\t\t\t<div class=\"elementor-element elementor-element-015ff94 elementor-widget__width-initial elementor-widget elementor-widget-text-editor\" data-id=\"015ff94\" data-element_type=\"widget\" data-e-type=\"widget\" data-widget_type=\"text-editor.default\">\n\t\t\t\t<div class=\"elementor-widget-container\">\n\t\t\t\t\t\t\t\t\t<p>Velkommen til at nyde vores frokostbuffet mandag-fredag 11:30-14:00 og l\u00f8rdag-s\u00f8ndag 12:00-15:00.<\/p>\n<p>En l\u00e6kker g\u00e6stefrokost med salat, gr\u00f8ntsager, p\u00e5l\u00e6g, hjemmebagt br\u00f8d og kn\u00e6kbr\u00f8d, suppe, hovedret, vand, kaffe og hjemmebagt kage er inkluderet. L\u00f8rdage og s\u00f8ndage serveres dessert ogs\u00e5 til kaffen.<\/p>\n<p>Prisen for vores frokostbuffet er mandag-fredag 225:- pr. person og l\u00f8rdag-s\u00f8ndag 295:- pr. person. B\u00f8rn 3-12 \u00e5r halv pris.<\/p>\n<p>Ovenst\u00e5ende priser g\u00e6lder ikke p\u00e5 dage med s\u00e6rlige buffeter s\u00e5som Mors Dag, Fars Dag, P\u00e5ske, Sankt Hans Aften og Julebord.<\/p>\n<p>Vegetarisk eller vegansk? Der er altid en vegetarisk eller vegansk hovedret. Sp\u00f8rg personalet p\u00e5 stedet.<\/p>\n<p>Ring 0486-21900 for at bestille et bord!<\/p>\n\t\t\t\t\t\t\t\t<\/div>\n\t\t\t\t<\/div>\n\t\t\t\t<div class=\"elementor-element elementor-element-c063d0e elementor-widget elementor-widget-heading\" data-id=\"c063d0e\" data-element_type=\"widget\" data-e-type=\"widget\" data-widget_type=\"heading.default\">\n\t\t\t\t<div class=\"elementor-widget-container\">\n\t\t\t\t\t<h2 class=\"elementor-heading-title elementor-size-default\">Vores frokostmenu<\/h2>\t\t\t\t<\/div>\n\t\t\t\t<\/div>\n\t\t\t\t\t<\/div>\n\t\t<\/div>\n\t\t\t\t\t<\/div>\n\t\t<\/section>\n\t\t\t\t<section class=\"elementor-section elementor-top-section elementor-element elementor-element-b0882d8 elementor-section-boxed elementor-section-height-default elementor-section-height-default\" data-id=\"b0882d8\" data-element_type=\"section\" data-e-type=\"section\">\n\t\t\t\t\t\t<div class=\"elementor-container elementor-column-gap-default\">\n\t\t\t\t\t<div class=\"elementor-column elementor-col-100 elementor-top-column elementor-element elementor-element-321f095\" data-id=\"321f095\" data-element_type=\"column\" data-e-type=\"column\">\n\t\t\t<div class=\"elementor-widget-wrap elementor-element-populated\">\n\t\t\t\t\t\t<section class=\"elementor-section elementor-inner-section elementor-element elementor-element-ba05244 elementor-section-boxed elementor-section-height-default elementor-section-height-default\" data-id=\"ba05244\" data-element_type=\"section\" data-e-type=\"section\">\n\t\t\t\t\t\t<div class=\"elementor-container elementor-column-gap-default\">\n\t\t\t\t\t<div class=\"elementor-column elementor-col-100 elementor-inner-column elementor-element elementor-element-b37459f\" data-id=\"b37459f\" data-element_type=\"column\" data-e-type=\"column\">\n\t\t\t<div class=\"elementor-widget-wrap elementor-element-populated\">\n\t\t\t\t\t\t<div class=\"elementor-element elementor-element-6541e95 elementor-widget elementor-widget-heading\" data-id=\"6541e95\" data-element_type=\"widget\" data-e-type=\"widget\" data-widget_type=\"heading.default\">\n\t\t\t\t<div class=\"elementor-widget-container\">\n\t\t\t\t\t<h2 class=\"elementor-heading-title elementor-size-default\">Uge 20<\/h2>\t\t\t\t<\/div>\n\t\t\t\t<\/div>\n\t\t\t\t<div class=\"elementor-element elementor-element-fbd1989 elementor-widget-divider--view-line elementor-widget elementor-widget-divider\" data-id=\"fbd1989\" data-element_type=\"widget\" data-e-type=\"widget\" data-widget_type=\"divider.default\">\n\t\t\t\t<div class=\"elementor-widget-container\">\n\t\t\t\t\t\t\t<div class=\"elementor-divider\">\n\t\t\t<span class=\"elementor-divider-separator\">\n\t\t\t\t\t\t<\/span>\n\t\t<\/div>\n\t\t\t\t\t\t<\/div>\n\t\t\t\t<\/div>\n\t\t\t\t<div class=\"elementor-element elementor-element-ebf5882 elementor-widget elementor-widget-heading\" data-id=\"ebf5882\" data-element_type=\"widget\" data-e-type=\"widget\" data-widget_type=\"heading.default\">\n\t\t\t\t<div class=\"elementor-widget-container\">\n\t\t\t\t\t<h2 class=\"elementor-heading-title elementor-size-default\">Mandag 11\/5<\/h2>\t\t\t\t<\/div>\n\t\t\t\t<\/div>\n\t\t\t\t<div class=\"elementor-element elementor-element-6c046eb elementor-widget__width-initial elementor-widget elementor-widget-text-editor\" data-id=\"6c046eb\" data-element_type=\"widget\" data-e-type=\"widget\" data-widget_type=\"text-editor.default\">\n\t\t\t\t<div class=\"elementor-widget-container\">\n\t\t\t\t\t\t\t\t\t<p>Biff \u00e0 la Lindstr\u00f6m, kaperssky, syltet agurk, pisket persillesm\u00f8r og ristede kartofler<\/p>\n\t\t\t\t\t\t\t\t<\/div>\n\t\t\t\t<\/div>\n\t\t\t\t<div class=\"elementor-element elementor-element-a43e754 elementor-widget elementor-widget-heading\" data-id=\"a43e754\" data-element_type=\"widget\" data-e-type=\"widget\" data-widget_type=\"heading.default\">\n\t\t\t\t<div class=\"elementor-widget-container\">\n\t\t\t\t\t<h2 class=\"elementor-heading-title elementor-size-default\">Tirsdag 12\/5<\/h2>\t\t\t\t<\/div>\n\t\t\t\t<\/div>\n\t\t\t\t<div class=\"elementor-element elementor-element-4137bfe elementor-widget__width-initial elementor-widget elementor-widget-text-editor\" data-id=\"4137bfe\" data-element_type=\"widget\" data-e-type=\"widget\" data-widget_type=\"text-editor.default\">\n\t\t\t\t<div class=\"elementor-widget-container\">\n\t\t\t\t\t\t\t\t\t<p>Bryst, rodmos, peberrodscreme og sennep<\/p>\n\t\t\t\t\t\t\t\t<\/div>\n\t\t\t\t<\/div>\n\t\t\t\t<div class=\"elementor-element elementor-element-c24572b elementor-widget elementor-widget-heading\" data-id=\"c24572b\" data-element_type=\"widget\" data-e-type=\"widget\" data-widget_type=\"heading.default\">\n\t\t\t\t<div class=\"elementor-widget-container\">\n\t\t\t\t\t<h2 class=\"elementor-heading-title elementor-size-default\">Onsdag 13\/5<\/h2>\t\t\t\t<\/div>\n\t\t\t\t<\/div>\n\t\t\t\t<div class=\"elementor-element elementor-element-0b21b1e elementor-widget__width-initial elementor-widget elementor-widget-text-editor\" data-id=\"0b21b1e\" data-element_type=\"widget\" data-e-type=\"widget\" data-widget_type=\"text-editor.default\">\n\t\t\t\t<div class=\"elementor-widget-container\">\n\t\t\t\t\t\t\t\t\t<p>Stegt str\u00f8mming, brunet sm\u00f8r, kartoffelpur\u00e9, tytteb\u00e6r og citron<\/p>\n\t\t\t\t\t\t\t\t<\/div>\n\t\t\t\t<\/div>\n\t\t\t\t<div class=\"elementor-element elementor-element-72a8f45 elementor-widget elementor-widget-heading\" data-id=\"72a8f45\" data-element_type=\"widget\" data-e-type=\"widget\" data-widget_type=\"heading.default\">\n\t\t\t\t<div class=\"elementor-widget-container\">\n\t\t\t\t\t<h2 class=\"elementor-heading-title elementor-size-default\">Torsdag 14\/5<\/h2>\t\t\t\t<\/div>\n\t\t\t\t<\/div>\n\t\t\t\t<div class=\"elementor-element elementor-element-0144e6d elementor-widget elementor-widget-text-editor\" data-id=\"0144e6d\" data-element_type=\"widget\" data-e-type=\"widget\" data-widget_type=\"text-editor.default\">\n\t\t\t\t<div class=\"elementor-widget-container\">\n\t\t\t\t\t\t\t\t\t<p>Goulashgryde, syrnet fl\u00f8de og zucchini<\/p>\n\t\t\t\t\t\t\t\t<\/div>\n\t\t\t\t<\/div>\n\t\t\t\t<div class=\"elementor-element elementor-element-8f49a9f elementor-widget elementor-widget-heading\" data-id=\"8f49a9f\" data-element_type=\"widget\" data-e-type=\"widget\" data-widget_type=\"heading.default\">\n\t\t\t\t<div class=\"elementor-widget-container\">\n\t\t\t\t\t<h2 class=\"elementor-heading-title elementor-size-default\">Fredag 15\/5<\/h2>\t\t\t\t<\/div>\n\t\t\t\t<\/div>\n\t\t\t\t<div class=\"elementor-element elementor-element-31859ac elementor-widget elementor-widget-text-editor\" data-id=\"31859ac\" data-element_type=\"widget\" data-e-type=\"widget\" data-widget_type=\"text-editor.default\">\n\t\t\t\t<div class=\"elementor-widget-container\">\n\t\t\t\t\t\t\t\t\t<p>Kylling, tomat concass\u00e9, confiteret fl\u00e6sk og ris<\/p>\n\t\t\t\t\t\t\t\t<\/div>\n\t\t\t\t<\/div>\n\t\t\t\t<div class=\"elementor-element elementor-element-e16d2f8 elementor-widget elementor-widget-heading\" data-id=\"e16d2f8\" data-element_type=\"widget\" data-e-type=\"widget\" data-widget_type=\"heading.default\">\n\t\t\t\t<div class=\"elementor-widget-container\">\n\t\t\t\t\t<h2 class=\"elementor-heading-title elementor-size-default\">L\u00f8rdag 16\/5<\/h2>\t\t\t\t<\/div>\n\t\t\t\t<\/div>\n\t\t\t\t<div class=\"elementor-element elementor-element-d741d03 elementor-widget__width-initial elementor-widget elementor-widget-text-editor\" data-id=\"d741d03\" data-element_type=\"widget\" data-e-type=\"widget\" data-widget_type=\"text-editor.default\">\n\t\t\t\t<div class=\"elementor-widget-container\">\n\t\t\t\t\t\t\t\t\t<p>Svinem\u00f8rbrad, urtefl\u00f8desky, r\u00f8dk\u00e5l, kommen, r\u00e6ddike og kartoffelgratin<\/p>\n\t\t\t\t\t\t\t\t<\/div>\n\t\t\t\t<\/div>\n\t\t\t\t<div class=\"elementor-element elementor-element-94741b3 elementor-widget elementor-widget-heading\" data-id=\"94741b3\" data-element_type=\"widget\" data-e-type=\"widget\" data-widget_type=\"heading.default\">\n\t\t\t\t<div class=\"elementor-widget-container\">\n\t\t\t\t\t<h2 class=\"elementor-heading-title elementor-size-default\">S\u00f8ndag 17\/5<\/h2>\t\t\t\t<\/div>\n\t\t\t\t<\/div>\n\t\t\t\t<div class=\"elementor-element elementor-element-62781b4 elementor-widget__width-initial elementor-widget elementor-widget-text-editor\" data-id=\"62781b4\" data-element_type=\"widget\" data-e-type=\"widget\" data-widget_type=\"text-editor.default\">\n\t\t\t\t<div class=\"elementor-widget-container\">\n\t\t\t\t\t\t\t\t\t<p>Schnitzel, sky, citron, ansjoser, kapers og ristede kartofler<\/p>\n<p><span style=\"line-height: 21.4667px;\"><span style=\"font-size: 1em; letter-spacing: 0.2px; font-family: 'Mrs Eaves OT';\"><span style=\"font-size: 14pt; letter-spacing: 0.2px;\"><img decoding=\"async\" src=\"data:image\/jpeg;base64,\/9j\/4AAQSkZJRgABAQEAYABgAAD\/2wBDAAoHBwkHBgoJCAkLCwoMDxkQDw4ODx4WFxIZJCAmJSMgIyIoLTkwKCo2KyIjMkQyNjs9QEBAJjBGS0U+Sjk\/QD3\/2wBDAQsLCw8NDx0QEB09KSMpPT09PT09PT09PT09PT09PT09PT09PT09PT09PT09PT09PT09PT09PT09PT09PT09PT3\/wAARCAAiACIDASIAAhEBAxEB\/8QAHwAAAQUBAQEBAQEAAAAAAAAAAAECAwQFBgcICQoL\/8QAtRAAAgEDAwIEAwUFBAQAAAF9AQIDAAQRBRIhMUEGE1FhByJxFDKBkaEII0KxwRVS0fAkM2JyggkKFhcYGRolJicoKSo0NTY3ODk6Q0RFRkdISUpTVFVWV1hZWmNkZWZnaGlqc3R1dnd4eXqDhIWGh4iJipKTlJWWl5iZmqKjpKWmp6ipqrKztLW2t7i5usLDxMXGx8jJytLT1NXW19jZ2uHi4+Tl5ufo6erx8vP09fb3+Pn6\/8QAHwEAAwEBAQEBAQEBAQAAAAAAAAECAwQFBgcICQoL\/8QAtREAAgECBAQDBAcFBAQAAQJ3AAECAxEEBSExBhJBUQdhcRMiMoEIFEKRobHBCSMzUvAVYnLRChYkNOEl8RcYGRomJygpKjU2Nzg5OkNERUZHSElKU1RVVldYWVpjZGVmZ2hpanN0dXZ3eHl6goOEhYaHiImKkpOUlZaXmJmaoqOkpaanqKmqsrO0tba3uLm6wsPExcbHyMnK0tPU1dbX2Nna4uPk5ebn6Onq8vP09fb3+Pn6\/9oADAMBAAIRAxEAPwD2aorm6hs4GnuZUiiQZLMcAVkaffXA8V6nYXEpeMRpNACANq9CB+JrA8cO9zqOyd2SwtI1Zsf8tJGzhR74H4DJoM5TtG6Ld98RLSJmWxtZJ8dHc7FP9a5bVPFWqas67pvJVWDJHB8uG7c9Say4YJbubZawvIxPCRgsa7fwt4MktrhL7VVAdPmigznB9W\/wpHOpVKjsdjb+YbaLzv8AW7Bv+uOaKlopnYc5q3+heM9Iu+i3CPbN9eq\/qajnjTXfGYgkVZLTTY9zqRlWlbpn6D+VTeNI2GjR3kYzJZzxzD8Dg\/zpfB0D\/wBlSX8w\/fX8zTt9CeB\/n1pGNve5fmbkUMUC7YY0jX0RQBUlFFM2CiiigDN8RKG8OagGAI+zvwfpVjTFC6XaBQABCmAP90UUUEfbLVFFFBYUUUUAf\/\/Z\" width=\"34\" height=\"34\" \/><\/span><\/span><\/span><span style=\"letter-spacing: 0.2px; font-size: 14pt; line-height: 21.4667px; font-family: 'Mrs Eaves OT';\">\u00a0<\/span><span style=\"line-height: 21.4667px; font-size: 20.8px; letter-spacing: normal;\"><span style=\"font-family: adobe-garamond-pro, sans-serif;\">Veckans vegetariska<\/span><\/span><\/p>\n<p>Risotto, svampe, porrer, valn\u00f8dder og vendte prim\u00f8rer<\/p>\n<div><\/div>\n\t\t\t\t\t\t\t\t<\/div>\n\t\t\t\t<\/div>\n\t\t\t\t\t<\/div>\n\t\t<\/div>\n\t\t\t\t\t<\/div>\n\t\t<\/section>\n\t\t\t\t\t<\/div>\n\t\t<\/div>\n\t\t\t\t\t<\/div>\n\t\t<\/section>\n\t\t\t\t<\/div>\n\t\t","protected":false},"excerpt":{"rendered":"<p>Velkommen til at nyde vores Frokost Restaurangen Velkommen til at nyde vores frokostbuffet mandag-fredag 11:30-14:00 og l\u00f8rdag-s\u00f8ndag 12:00-15:00. En l\u00e6kker g\u00e6stefrokost med salat, gr\u00f8ntsager, p\u00e5l\u00e6g, hjemmebagt br\u00f8d og kn\u00e6kbr\u00f8d, suppe, hovedret, vand, kaffe og hjemmebagt kage er inkluderet. L\u00f8rdage og s\u00f8ndage serveres dessert ogs\u00e5 til kaffen. Prisen for vores frokostbuffet er mandag-fredag 225:- pr. person [&hellip;]<\/p>\n","protected":false},"author":6,"featured_media":0,"parent":25782,"menu_order":1,"comment_status":"closed","ping_status":"closed","template":"elementor_header_footer","meta":{"_acf_changed":false,"content-type":"","footnotes":""},"class_list":["post-25789","page","type-page","status-publish","hentry"],"acf":[],"_links":{"self":[{"href":"https:\/\/stufvenas.se\/da\/wp-json\/wp\/v2\/pages\/25789","targetHints":{"allow":["GET"]}}],"collection":[{"href":"https:\/\/stufvenas.se\/da\/wp-json\/wp\/v2\/pages"}],"about":[{"href":"https:\/\/stufvenas.se\/da\/wp-json\/wp\/v2\/types\/page"}],"author":[{"embeddable":true,"href":"https:\/\/stufvenas.se\/da\/wp-json\/wp\/v2\/users\/6"}],"replies":[{"embeddable":true,"href":"https:\/\/stufvenas.se\/da\/wp-json\/wp\/v2\/comments?post=25789"}],"version-history":[{"count":7,"href":"https:\/\/stufvenas.se\/da\/wp-json\/wp\/v2\/pages\/25789\/revisions"}],"predecessor-version":[{"id":34096,"href":"https:\/\/stufvenas.se\/da\/wp-json\/wp\/v2\/pages\/25789\/revisions\/34096"}],"up":[{"embeddable":true,"href":"https:\/\/stufvenas.se\/da\/wp-json\/wp\/v2\/pages\/25782"}],"wp:attachment":[{"href":"https:\/\/stufvenas.se\/da\/wp-json\/wp\/v2\/media?parent=25789"}],"curies":[{"name":"wp","href":"https:\/\/api.w.org\/{rel}","templated":true}]}}