{"id":25768,"date":"2019-07-03T10:10:39","date_gmt":"2019-07-03T08:10:39","guid":{"rendered":"https:\/\/stufvenas.se\/spa\/dags-spa\/"},"modified":"2025-10-01T16:33:04","modified_gmt":"2025-10-01T14:33:04","slug":"dags-spa","status":"publish","type":"page","link":"https:\/\/stufvenas.se\/da\/spa\/dags-spa\/","title":{"rendered":"Dags-spa"},"content":{"rendered":"\t\t<div data-elementor-type=\"wp-post\" data-elementor-id=\"25768\" class=\"elementor elementor-25768 elementor-1598\" data-elementor-post-type=\"page\">\n\t\t\t\t\t\t<section class=\"elementor-section elementor-top-section elementor-element elementor-element-0d44d51 elementor-section-full_width elementor-section-height-min-height elementor-section-items-stretch elementor-section-height-default\" data-id=\"0d44d51\" data-element_type=\"section\" data-e-type=\"section\" data-settings=\"{&quot;background_background&quot;:&quot;classic&quot;}\">\n\t\t\t\t\t\t\t<div class=\"elementor-background-overlay\"><\/div>\n\t\t\t\t\t\t\t<div class=\"elementor-container elementor-column-gap-default\">\n\t\t\t\t\t<div class=\"elementor-column elementor-col-100 elementor-top-column elementor-element elementor-element-9881343\" data-id=\"9881343\" data-element_type=\"column\" data-e-type=\"column\">\n\t\t\t<div class=\"elementor-widget-wrap elementor-element-populated\">\n\t\t\t\t\t\t<section class=\"elementor-section elementor-inner-section elementor-element elementor-element-6debe5f elementor-section-full_width elementor-section-height-min-height elementor-section-height-default\" data-id=\"6debe5f\" data-element_type=\"section\" data-e-type=\"section\">\n\t\t\t\t\t\t<div class=\"elementor-container elementor-column-gap-default\">\n\t\t\t\t\t<div class=\"elementor-column elementor-col-50 elementor-inner-column elementor-element elementor-element-61640d2\" data-id=\"61640d2\" data-element_type=\"column\" data-e-type=\"column\">\n\t\t\t<div class=\"elementor-widget-wrap elementor-element-populated\">\n\t\t\t\t\t\t<div class=\"elementor-element elementor-element-4b50668 elementor-widget elementor-widget-heading\" data-id=\"4b50668\" data-element_type=\"widget\" data-e-type=\"widget\" data-widget_type=\"heading.default\">\n\t\t\t\t<div class=\"elementor-widget-container\">\n\t\t\t\t\t<h1 class=\"elementor-heading-title elementor-size-default\">NATURN\u00c6R AFSLAPNING I KALMAR. HVER DAG.<\/h1>\t\t\t\t<\/div>\n\t\t\t\t<\/div>\n\t\t\t\t<div class=\"elementor-element elementor-element-da2437e elementor-widget elementor-widget-heading\" data-id=\"da2437e\" data-element_type=\"widget\" data-e-type=\"widget\" data-widget_type=\"heading.default\">\n\t\t\t\t<div class=\"elementor-widget-container\">\n\t\t\t\t\t<h2 class=\"elementor-heading-title elementor-size-default\">Dags-spa p\u00e5 Stufven\u00e4s<\/h2>\t\t\t\t<\/div>\n\t\t\t\t<\/div>\n\t\t\t\t<div class=\"elementor-element elementor-element-de28669 elementor-widget elementor-widget-image\" data-id=\"de28669\" data-element_type=\"widget\" data-e-type=\"widget\" data-widget_type=\"image.default\">\n\t\t\t\t<div class=\"elementor-widget-container\">\n\t\t\t\t\t\t\t\t\t\t\t\t\t\t\t<img decoding=\"async\" width=\"26\" height=\"27\" src=\"https:\/\/stufvenas.se\/wp-content\/uploads\/2019\/06\/Stufvenas-Gastgifveri-UI-Pil.svg\" class=\"attachment-large size-large wp-image-184\" alt=\"\" \/>\t\t\t\t\t\t\t\t\t\t\t\t\t\t\t<\/div>\n\t\t\t\t<\/div>\n\t\t\t\t\t<\/div>\n\t\t<\/div>\n\t\t\t\t<div class=\"elementor-column elementor-col-50 elementor-inner-column elementor-element elementor-element-3465fa6\" data-id=\"3465fa6\" data-element_type=\"column\" data-e-type=\"column\">\n\t\t\t<div class=\"elementor-widget-wrap\">\n\t\t\t\t\t\t\t<\/div>\n\t\t<\/div>\n\t\t\t\t\t<\/div>\n\t\t<\/section>\n\t\t\t\t\t<\/div>\n\t\t<\/div>\n\t\t\t\t\t<\/div>\n\t\t<\/section>\n\t\t\t\t<section class=\"elementor-section elementor-top-section elementor-element elementor-element-903faac elementor-section-height-min-height elementor-hidden-tablet elementor-hidden-mobile elementor-section-boxed elementor-section-height-default elementor-section-items-middle\" data-id=\"903faac\" data-element_type=\"section\" data-e-type=\"section\" data-settings=\"{&quot;background_background&quot;:&quot;classic&quot;}\">\n\t\t\t\t\t\t<div class=\"elementor-container elementor-column-gap-default\">\n\t\t\t\t\t<div class=\"elementor-column elementor-col-100 elementor-top-column elementor-element elementor-element-28a711d\" data-id=\"28a711d\" data-element_type=\"column\" data-e-type=\"column\">\n\t\t\t<div class=\"elementor-widget-wrap elementor-element-populated\">\n\t\t\t\t\t\t<div class=\"elementor-element elementor-element-3927210 elementor-nav-menu__align-center elementor-nav-menu--dropdown-tablet elementor-nav-menu__text-align-aside elementor-widget elementor-widget-nav-menu\" data-id=\"3927210\" data-element_type=\"widget\" data-e-type=\"widget\" data-settings=\"{&quot;layout&quot;:&quot;horizontal&quot;,&quot;submenu_icon&quot;:{&quot;value&quot;:&quot;&lt;i class=\\&quot;fas fa-caret-down\\&quot; aria-hidden=\\&quot;true\\&quot;&gt;&lt;\\\/i&gt;&quot;,&quot;library&quot;:&quot;fa-solid&quot;}}\" data-widget_type=\"nav-menu.default\">\n\t\t\t\t<div class=\"elementor-widget-container\">\n\t\t\t\t\t\t\t\t<nav aria-label=\"Meny\" class=\"elementor-nav-menu--main elementor-nav-menu__container elementor-nav-menu--layout-horizontal e--pointer-none\">\n\t\t\t\t<ul id=\"menu-1-3927210\" class=\"elementor-nav-menu\"><li class=\"menu-item menu-item-type-post_type menu-item-object-page menu-item-280\"><a href=\"https:\/\/stufvenas.se\/spa\/behandlingar\/\" class=\"elementor-item\">Behandlinger<\/a><\/li>\n<li class=\"menu-item menu-item-type-post_type menu-item-object-page menu-item-1735\"><a href=\"https:\/\/stufvenas.se\/spa\/dagspa\/\" class=\"elementor-item\">Dags-spa<\/a><\/li>\n<li class=\"menu-item menu-item-type-post_type menu-item-object-page menu-item-3973\"><a href=\"https:\/\/stufvenas.se\/spa\/spapaket\/\" class=\"elementor-item\">Spapakker<\/a><\/li>\n<li class=\"menu-item menu-item-type-post_type menu-item-object-page menu-item-282\"><a href=\"https:\/\/stufvenas.se\/spa\/mat-dryck\/\" class=\"elementor-item\">Mat &#038; drikke<\/a><\/li>\n<li class=\"menu-item menu-item-type-post_type menu-item-object-page menu-item-283\"><a href=\"https:\/\/stufvenas.se\/spa\/babysim\/\" class=\"elementor-item\">Babysv\u00f8mning<\/a><\/li>\n<li class=\"menu-item menu-item-type-post_type menu-item-object-page menu-item-21756\"><a href=\"https:\/\/stufvenas.se\/spa\/traning\/\" class=\"elementor-item\">Tr\u00e6ning<\/a><\/li>\n<\/ul>\t\t\t<\/nav>\n\t\t\t\t\t\t<nav class=\"elementor-nav-menu--dropdown elementor-nav-menu__container\" aria-hidden=\"true\">\n\t\t\t\t<ul id=\"menu-2-3927210\" class=\"elementor-nav-menu\"><li class=\"menu-item menu-item-type-post_type menu-item-object-page menu-item-280\"><a href=\"https:\/\/stufvenas.se\/spa\/behandlingar\/\" class=\"elementor-item\" tabindex=\"-1\">Behandlinger<\/a><\/li>\n<li class=\"menu-item menu-item-type-post_type menu-item-object-page menu-item-1735\"><a href=\"https:\/\/stufvenas.se\/spa\/dagspa\/\" class=\"elementor-item\" tabindex=\"-1\">Dags-spa<\/a><\/li>\n<li class=\"menu-item menu-item-type-post_type menu-item-object-page menu-item-3973\"><a href=\"https:\/\/stufvenas.se\/spa\/spapaket\/\" class=\"elementor-item\" tabindex=\"-1\">Spapakker<\/a><\/li>\n<li class=\"menu-item menu-item-type-post_type menu-item-object-page menu-item-282\"><a href=\"https:\/\/stufvenas.se\/spa\/mat-dryck\/\" class=\"elementor-item\" tabindex=\"-1\">Mat &#038; drikke<\/a><\/li>\n<li class=\"menu-item menu-item-type-post_type menu-item-object-page menu-item-283\"><a href=\"https:\/\/stufvenas.se\/spa\/babysim\/\" class=\"elementor-item\" tabindex=\"-1\">Babysv\u00f8mning<\/a><\/li>\n<li class=\"menu-item menu-item-type-post_type menu-item-object-page menu-item-21756\"><a href=\"https:\/\/stufvenas.se\/spa\/traning\/\" class=\"elementor-item\" tabindex=\"-1\">Tr\u00e6ning<\/a><\/li>\n<\/ul>\t\t\t<\/nav>\n\t\t\t\t\t\t<\/div>\n\t\t\t\t<\/div>\n\t\t\t\t\t<\/div>\n\t\t<\/div>\n\t\t\t\t\t<\/div>\n\t\t<\/section>\n\t\t\t\t<section class=\"elementor-section elementor-top-section elementor-element elementor-element-072638a elementor-section-boxed elementor-section-height-default elementor-section-height-default\" data-id=\"072638a\" data-element_type=\"section\" data-e-type=\"section\">\n\t\t\t\t\t\t<div class=\"elementor-container elementor-column-gap-default\">\n\t\t\t\t\t<div class=\"elementor-column elementor-col-100 elementor-top-column elementor-element elementor-element-42aa71a\" data-id=\"42aa71a\" data-element_type=\"column\" data-e-type=\"column\">\n\t\t\t<div class=\"elementor-widget-wrap elementor-element-populated\">\n\t\t\t\t\t\t<div class=\"elementor-element elementor-element-1190b64 elementor-widget elementor-widget-heading\" data-id=\"1190b64\" data-element_type=\"widget\" data-e-type=\"widget\" data-widget_type=\"heading.default\">\n\t\t\t\t<div class=\"elementor-widget-container\">\n\t\t\t\t\t<h2 class=\"elementor-heading-title elementor-size-default\">Tag dig tid til dig selv med en dagspa p\u00e5 Stufven\u00e4s. Find ro - vores spa venter.<\/h2>\t\t\t\t<\/div>\n\t\t\t\t<\/div>\n\t\t\t\t<div class=\"elementor-element elementor-element-9ac4a1f elementor-widget elementor-widget-text-editor\" data-id=\"9ac4a1f\" data-element_type=\"widget\" data-e-type=\"widget\" data-widget_type=\"text-editor.default\">\n\t\t\t\t<div class=\"elementor-widget-container\">\n\t\t\t\t\t\t\t\t\t<p>Oplev en helt unik spaoplevelse i Kalmarsund. En oase af afslapning, der giver dig det bedste fra vores spa-faciliteter. Selv hvis du ikke overnatter. Med n\u00e6rheden til Kalmar, Blekinge, Sm\u00e5land og \u00d6land er en dag med behandlinger, ro og omsorg for dig selv aldrig langt v\u00e6k.<\/p>\n<p>Stufven\u00e4s Spa har normalt en aldersgr\u00e6nse p\u00e5 13 \u00e5r for at bevare den ro, du fortjener, selv under et kort bes\u00f8g. I skoleferierne er der dog mulighed for at booke en familiespa, hvor hele familien kan slappe af en formiddag.<\/p>\n\t\t\t\t\t\t\t\t<\/div>\n\t\t\t\t<\/div>\n\t\t\t\t<div class=\"elementor-element elementor-element-2d26193 elementor-widget elementor-widget-heading\" data-id=\"2d26193\" data-element_type=\"widget\" data-e-type=\"widget\" data-widget_type=\"heading.default\">\n\t\t\t\t<div class=\"elementor-widget-container\">\n\t\t\t\t\t<h2 class=\"elementor-heading-title elementor-size-default\">Book spa-entr\u00e9 med b\u00e5de dagspa og aftenspa.<\/h2>\t\t\t\t<\/div>\n\t\t\t\t<\/div>\n\t\t\t\t<div class=\"elementor-element elementor-element-d13aa85 elementor-widget elementor-widget-text-editor\" data-id=\"d13aa85\" data-element_type=\"widget\" data-e-type=\"widget\" data-widget_type=\"text-editor.default\">\n\t\t\t\t<div class=\"elementor-widget-container\">\n\t\t\t\t\t\t\t\t\t<p>V\u00e6lg en dagspapakke, der passer til dig &#8211; der er kombinationer med b\u00e5de morgenmad, frokost og aftensmad. Alt sammen for at du kan finde tid til at komme v\u00e6k og give dig selv det \u00f8jeblik af ro, du har brug for.<\/p>\n<p>Har du lyst til en stille morgenmad med udsigt over Kalmarsund? Vil du ankomme lidt senere og spise \u00f8stkystens bedste frokostbuffet med lokale r\u00e5varer? M\u00e5ske bare komme v\u00e6k en l\u00f8rdag med en, du holder af?<\/p>\n<p>Vi har pakkerne, der giver dig den dagspaoplevelse, du har forestillet dig og l\u00e6ngtes efter.<\/p>\n<p>Om torsdagen har vi ogs\u00e5 Njuta 60+, hvor vi reserverer vores spa-faciliteter til dem, der er over tres. Du f\u00e5r adgang til vores spa, frokost med kaffe bagefter og meget mere &#8211; alt hvad du beh\u00f8ver for et afslappende ophold.<\/p>\n\t\t\t\t\t\t\t\t<\/div>\n\t\t\t\t<\/div>\n\t\t\t\t<div class=\"elementor-element elementor-element-69ecbaf elementor-grid-1 elementor-grid-tablet-1 elementor-posts--thumbnail-top elementor-grid-mobile-1 elementor-widget elementor-widget-posts\" data-id=\"69ecbaf\" data-element_type=\"widget\" data-e-type=\"widget\" data-settings=\"{&quot;custom_columns&quot;:&quot;1&quot;,&quot;custom_columns_tablet&quot;:&quot;1&quot;,&quot;custom_columns_mobile&quot;:&quot;1&quot;,&quot;custom_row_gap&quot;:{&quot;unit&quot;:&quot;px&quot;,&quot;size&quot;:35,&quot;sizes&quot;:[]},&quot;custom_row_gap_tablet&quot;:{&quot;unit&quot;:&quot;px&quot;,&quot;size&quot;:&quot;&quot;,&quot;sizes&quot;:[]},&quot;custom_row_gap_mobile&quot;:{&quot;unit&quot;:&quot;px&quot;,&quot;size&quot;:&quot;&quot;,&quot;sizes&quot;:[]}}\" data-widget_type=\"posts.custom\">\n\t\t\t\t<div class=\"elementor-widget-container\">\n\t\t\t\t\t      <div class=\"ecs-posts elementor-posts-container elementor-posts   elementor-grid elementor-posts--skin-custom\" data-settings=\"{&quot;current_page&quot;:1,&quot;max_num_pages&quot;:0,&quot;load_method&quot;:&quot;&quot;,&quot;widget_id&quot;:&quot;69ecbaf&quot;,&quot;post_id&quot;:25768,&quot;theme_id&quot;:25768,&quot;change_url&quot;:false,&quot;reinit_js&quot;:false}\">\n      <div class=\"elementor-posts-nothing-found\"><\/div>\t\t<\/div>\n\t\t\t\t\t\t<\/div>\n\t\t\t\t<\/div>\n\t\t\t\t<div class=\"elementor-element elementor-element-748ebce elementor-widget elementor-widget-spacer\" data-id=\"748ebce\" data-element_type=\"widget\" data-e-type=\"widget\" data-widget_type=\"spacer.default\">\n\t\t\t\t<div class=\"elementor-widget-container\">\n\t\t\t\t\t\t\t<div class=\"elementor-spacer\">\n\t\t\t<div class=\"elementor-spacer-inner\"><\/div>\n\t\t<\/div>\n\t\t\t\t\t\t<\/div>\n\t\t\t\t<\/div>\n\t\t\t\t<div class=\"elementor-element elementor-element-94b101c elementor-widget elementor-widget-heading\" data-id=\"94b101c\" data-element_type=\"widget\" data-e-type=\"widget\" data-widget_type=\"heading.default\">\n\t\t\t\t<div class=\"elementor-widget-container\">\n\t\t\t\t\t<h2 class=\"elementor-heading-title elementor-size-default\">\u00c5bningstider<\/h2>\t\t\t\t<\/div>\n\t\t\t\t<\/div>\n\t\t\t\t<section class=\"elementor-section elementor-inner-section elementor-element elementor-element-dcb8f3b elementor-section-full_width elementor-section-height-default elementor-section-height-default\" data-id=\"dcb8f3b\" data-element_type=\"section\" data-e-type=\"section\">\n\t\t\t\t\t\t<div class=\"elementor-container elementor-column-gap-no\">\n\t\t\t\t\t<div class=\"elementor-column elementor-col-100 elementor-inner-column elementor-element elementor-element-def37d2\" data-id=\"def37d2\" data-element_type=\"column\" data-e-type=\"column\">\n\t\t\t<div class=\"elementor-widget-wrap elementor-element-populated\">\n\t\t\t\t\t\t<div class=\"elementor-element elementor-element-672144c elementor-widget elementor-widget-template\" data-id=\"672144c\" data-element_type=\"widget\" data-e-type=\"widget\" data-widget_type=\"template.default\">\n\t\t\t\t<div class=\"elementor-widget-container\">\n\t\t\t\t\t\t\t<div class=\"elementor-template\">\n\t\t\t\t\t<div data-elementor-type=\"section\" data-elementor-id=\"31075\" class=\"elementor elementor-31075 elementor-1197 elementor-1197\" data-elementor-post-type=\"elementor_library\">\n\t\t\t\t\t<section class=\"elementor-section elementor-inner-section elementor-element elementor-element-c5c90b4 elementor-section-boxed elementor-section-height-default elementor-section-height-default\" data-id=\"c5c90b4\" data-element_type=\"section\" data-e-type=\"section\">\n\t\t\t\t\t\t<div class=\"elementor-container elementor-column-gap-default\">\n\t\t\t\t\t<div class=\"elementor-column elementor-col-50 elementor-inner-column elementor-element elementor-element-76686aa\" data-id=\"76686aa\" data-element_type=\"column\" data-e-type=\"column\">\n\t\t\t<div class=\"elementor-widget-wrap elementor-element-populated\">\n\t\t\t\t\t\t<div class=\"elementor-element elementor-element-0b29faf elementor-widget elementor-widget-heading\" data-id=\"0b29faf\" data-element_type=\"widget\" data-e-type=\"widget\" data-widget_type=\"heading.default\">\n\t\t\t\t<div class=\"elementor-widget-container\">\n\t\t\t\t\t<h2 class=\"elementor-heading-title elementor-size-default\">Spa<\/h2>\t\t\t\t<\/div>\n\t\t\t\t<\/div>\n\t\t\t\t<div class=\"elementor-element elementor-element-7ce6bec elementor-widget elementor-widget-uael-business-hours\" data-id=\"7ce6bec\" data-element_type=\"widget\" data-e-type=\"widget\" data-settings=\"{&quot;section_bs_list_padding&quot;:{&quot;unit&quot;:&quot;px&quot;,&quot;top&quot;:&quot;5&quot;,&quot;right&quot;:&quot;0&quot;,&quot;bottom&quot;:&quot;5&quot;,&quot;left&quot;:&quot;0&quot;,&quot;isLinked&quot;:false},&quot;section_bs_list_padding_tablet&quot;:{&quot;unit&quot;:&quot;px&quot;,&quot;top&quot;:&quot;&quot;,&quot;right&quot;:&quot;&quot;,&quot;bottom&quot;:&quot;&quot;,&quot;left&quot;:&quot;&quot;,&quot;isLinked&quot;:true},&quot;section_bs_list_padding_mobile&quot;:{&quot;unit&quot;:&quot;px&quot;,&quot;top&quot;:&quot;&quot;,&quot;right&quot;:&quot;&quot;,&quot;bottom&quot;:&quot;&quot;,&quot;left&quot;:&quot;&quot;,&quot;isLinked&quot;:true}}\" data-widget_type=\"uael-business-hours.default\">\n\t\t\t\t<div class=\"elementor-widget-container\">\n\t\t\t\t\t\t<div class=\"uael-business-scheduler-box-wrapper\">\n\t\t\t<div class=\"uael-days\">\n\t\t\t\t\t\t\t<!-- CURRENT_ITEM div -->\n\t\t\t\t<div class=\"elementor-repeater-item-a25dec7 top-border-divider bs-background\">\n\t\t\t\t\t<div class=\"uael-inner\">\n\t\t\t\t\t\t<span class=\"heading-date uael-business-day\">\n\t\t\t\t\t\t\t<span>Mandag - Torsdag<\/span>\n\t\t\t\t\t\t<\/span>\n\n\t\t\t\t\t\t<span class=\"heading-time uael-business-time\">\n\t\t\t\t\t\t\t<span class=\"inner-heading-time\">\n\t\t\t\t\t\t\t\t<span>09.00 - 20.00<\/span>\n\t\t\t\t\t\t\t<\/span>\n\t\t\t\t\t\t<\/span>\n\t\t\t\t\t<\/div>\n\t\t\t\t<\/div>\n\t\t\t\t\t\t\t\t<!-- CURRENT_ITEM div -->\n\t\t\t\t<div class=\"elementor-repeater-item-7b833ea top-border-divider bs-background\">\n\t\t\t\t\t<div class=\"uael-inner uael-inner\">\n\t\t\t\t\t\t<span class=\"heading-date uael-business-day\">\n\t\t\t\t\t\t\t<span>Fredag - S\u00f8ndag<\/span>\n\t\t\t\t\t\t<\/span>\n\n\t\t\t\t\t\t<span class=\"heading-time uael-business-time\">\n\t\t\t\t\t\t\t<span class=\"inner-heading-time inner-heading-time\">\n\t\t\t\t\t\t\t\t<span>09.00 - 23.00<\/span>\n\t\t\t\t\t\t\t<\/span>\n\t\t\t\t\t\t<\/span>\n\t\t\t\t\t<\/div>\n\t\t\t\t<\/div>\n\t\t\t\t\t\t<\/div>\n\t\t<\/div>\n\t\t\t\t\t<\/div>\n\t\t\t\t<\/div>\n\t\t\t\t\t<\/div>\n\t\t<\/div>\n\t\t\t\t<div class=\"elementor-column elementor-col-50 elementor-inner-column elementor-element elementor-element-7023fd5\" data-id=\"7023fd5\" data-element_type=\"column\" data-e-type=\"column\">\n\t\t\t<div class=\"elementor-widget-wrap elementor-element-populated\">\n\t\t\t\t\t\t<div class=\"elementor-element elementor-element-2d3188e elementor-widget elementor-widget-heading\" data-id=\"2d3188e\" data-element_type=\"widget\" data-e-type=\"widget\" data-widget_type=\"heading.default\">\n\t\t\t\t<div class=\"elementor-widget-container\">\n\t\t\t\t\t<h2 class=\"elementor-heading-title elementor-size-default\">Babysim<\/h2>\t\t\t\t<\/div>\n\t\t\t\t<\/div>\n\t\t\t\t<div class=\"elementor-element elementor-element-036f50b elementor-widget elementor-widget-uael-business-hours\" data-id=\"036f50b\" data-element_type=\"widget\" data-e-type=\"widget\" data-settings=\"{&quot;section_bs_list_padding&quot;:{&quot;unit&quot;:&quot;px&quot;,&quot;top&quot;:&quot;5&quot;,&quot;right&quot;:&quot;0&quot;,&quot;bottom&quot;:&quot;5&quot;,&quot;left&quot;:&quot;0&quot;,&quot;isLinked&quot;:false},&quot;section_bs_list_padding_tablet&quot;:{&quot;unit&quot;:&quot;px&quot;,&quot;top&quot;:&quot;&quot;,&quot;right&quot;:&quot;&quot;,&quot;bottom&quot;:&quot;&quot;,&quot;left&quot;:&quot;&quot;,&quot;isLinked&quot;:true},&quot;section_bs_list_padding_mobile&quot;:{&quot;unit&quot;:&quot;px&quot;,&quot;top&quot;:&quot;&quot;,&quot;right&quot;:&quot;&quot;,&quot;bottom&quot;:&quot;&quot;,&quot;left&quot;:&quot;&quot;,&quot;isLinked&quot;:true}}\" data-widget_type=\"uael-business-hours.default\">\n\t\t\t\t<div class=\"elementor-widget-container\">\n\t\t\t\t\t\t<div class=\"uael-business-scheduler-box-wrapper\">\n\t\t\t<div class=\"uael-days\">\n\t\t\t\t\t\t\t<!-- CURRENT_ITEM div -->\n\t\t\t\t<div class=\"elementor-repeater-item-b9e79d7 top-border-divider bs-background\">\n\t\t\t\t\t<div class=\"uael-inner\">\n\t\t\t\t\t\t<span class=\"heading-date uael-business-day\">\n\t\t\t\t\t\t\t<span>Mandag - Onsdag<\/span>\n\t\t\t\t\t\t<\/span>\n\n\t\t\t\t\t\t<span class=\"heading-time uael-business-time\">\n\t\t\t\t\t\t\t<span class=\"inner-heading-time\">\n\t\t\t\t\t\t\t\t<span>09.00 - 12.00<\/span>\n\t\t\t\t\t\t\t<\/span>\n\t\t\t\t\t\t<\/span>\n\t\t\t\t\t<\/div>\n\t\t\t\t<\/div>\n\t\t\t\t\t\t<\/div>\n\t\t<\/div>\n\t\t\t\t\t<\/div>\n\t\t\t\t<\/div>\n\t\t\t\t\t<\/div>\n\t\t<\/div>\n\t\t\t\t\t<\/div>\n\t\t<\/section>\n\t\t\t\t<\/div>\n\t\t\t\t<\/div>\n\t\t\t\t\t\t<\/div>\n\t\t\t\t<\/div>\n\t\t\t\t\t<\/div>\n\t\t<\/div>\n\t\t\t\t\t<\/div>\n\t\t<\/section>\n\t\t\t\t\t<\/div>\n\t\t<\/div>\n\t\t\t\t\t<\/div>\n\t\t<\/section>\n\t\t\t\t<\/div>\n\t\t","protected":false},"excerpt":{"rendered":"<p>NATURN\u00c6R AFSLAPNING I KALMAR. HVER DAG. Dags-spa p\u00e5 Stufven\u00e4s Tag dig tid til dig selv med en dagspa p\u00e5 Stufven\u00e4s. Find ro &#8211; vores spa venter. Oplev en helt unik spaoplevelse i Kalmarsund. En oase af afslapning, der giver dig det bedste fra vores spa-faciliteter. Selv hvis du ikke overnatter. Med n\u00e6rheden til Kalmar, Blekinge, [&hellip;]<\/p>\n","protected":false},"author":6,"featured_media":0,"parent":25722,"menu_order":5,"comment_status":"closed","ping_status":"closed","template":"elementor_header_footer","meta":{"_acf_changed":false,"content-type":"","footnotes":""},"class_list":["post-25768","page","type-page","status-publish","hentry"],"acf":[],"_links":{"self":[{"href":"https:\/\/stufvenas.se\/da\/wp-json\/wp\/v2\/pages\/25768","targetHints":{"allow":["GET"]}}],"collection":[{"href":"https:\/\/stufvenas.se\/da\/wp-json\/wp\/v2\/pages"}],"about":[{"href":"https:\/\/stufvenas.se\/da\/wp-json\/wp\/v2\/types\/page"}],"author":[{"embeddable":true,"href":"https:\/\/stufvenas.se\/da\/wp-json\/wp\/v2\/users\/6"}],"replies":[{"embeddable":true,"href":"https:\/\/stufvenas.se\/da\/wp-json\/wp\/v2\/comments?post=25768"}],"version-history":[{"count":0,"href":"https:\/\/stufvenas.se\/da\/wp-json\/wp\/v2\/pages\/25768\/revisions"}],"up":[{"embeddable":true,"href":"https:\/\/stufvenas.se\/da\/wp-json\/wp\/v2\/pages\/25722"}],"wp:attachment":[{"href":"https:\/\/stufvenas.se\/da\/wp-json\/wp\/v2\/media?parent=25768"}],"curies":[{"name":"wp","href":"https:\/\/api.w.org\/{rel}","templated":true}]}}